{"id":380,"date":"2025-03-31T21:11:22","date_gmt":"2025-03-31T19:11:22","guid":{"rendered":"https:\/\/de-vv.com\/inris\/?page_id=380"},"modified":"2025-03-31T21:21:30","modified_gmt":"2025-03-31T19:21:30","slug":"vehicules","status":"publish","type":"page","link":"https:\/\/de-vv.com\/inris\/vehicules\/","title":{"rendered":"V\u00e9hicules"},"content":{"rendered":"[vc_row type=\u00a0\u00bbfull_width_background\u00a0\u00bb full_screen_row_position=\u00a0\u00bbmiddle\u00a0\u00bb column_margin=\u00a0\u00bbdefault\u00a0\u00bb bg_image=\u00a0\u00bb340&Prime; bg_position=\u00a0\u00bbcenter center\u00a0\u00bb bg_repeat=\u00a0\u00bbno-repeat\u00a0\u00bb scene_position=\u00a0\u00bbcenter\u00a0\u00bb text_color=\u00a0\u00bblight\u00a0\u00bb text_align=\u00a0\u00bbleft\u00a0\u00bb enable_gradient=\u00a0\u00bbtrue\u00a0\u00bb color_overlay=\u00a0\u00bb#281b59&Prime; color_overlay_2=\u00a0\u00bb#c10058&Prime; gradient_direction=\u00a0\u00bbleft_to_right\u00a0\u00bb overlay_strength=\u00a0\u00bb1&Prime; shape_divider_position=\u00a0\u00bbbottom\u00a0\u00bb bg_image_animation=\u00a0\u00bbnone\u00a0\u00bb shape_type=\u00a0\u00bb\u00a0\u00bb][vc_column column_padding=\u00a0\u00bbpadding-2-percent\u00a0\u00bb column_padding_position=\u00a0\u00bball\u00a0\u00bb background_color_opacity=\u00a0\u00bb1&Prime; background_hover_color_opacity=\u00a0\u00bb1&Prime; column_link_target=\u00a0\u00bb_self\u00a0\u00bb column_shadow=\u00a0\u00bbnone\u00a0\u00bb column_border_radius=\u00a0\u00bbnone\u00a0\u00bb width=\u00a0\u00bb1\/1&Prime; tablet_width_inherit=\u00a0\u00bbdefault\u00a0\u00bb tablet_text_alignment=\u00a0\u00bbdefault\u00a0\u00bb phone_text_alignment=\u00a0\u00bbdefault\u00a0\u00bb overlay_strength=\u00a0\u00bb0.3&Prime; column_border_width=\u00a0\u00bbnone\u00a0\u00bb column_border_style=\u00a0\u00bbsolid\u00a0\u00bb bg_image_animation=\u00a0\u00bbnone\u00a0\u00bb][vc_column_text]\n<h1>Nos v\u00e9hicules<\/h1>\n<p class=\"uni-sans\">Pour votre confort et votre s\u00e9curit\u00e9, l&rsquo;Auto-\u00e9cole INRI&rsquo;S La Courneuve vous forme sur des v\u00e9hicules modernes. Retrouvez ci-dessous les v\u00e9hicules composant notre flotte de voitures et de moto.<\/p>\n[\/vc_column_text][\/vc_column][\/vc_row][vc_row type=\u00a0\u00bbfull_width_background\u00a0\u00bb full_screen_row_position=\u00a0\u00bbmiddle\u00a0\u00bb column_margin=\u00a0\u00bbdefault\u00a0\u00bb scene_position=\u00a0\u00bbcenter\u00a0\u00bb text_color=\u00a0\u00bbdark\u00a0\u00bb text_align=\u00a0\u00bbleft\u00a0\u00bb top_padding=\u00a0\u00bb30&Prime; bottom_padding=\u00a0\u00bb30&Prime; overlay_strength=\u00a0\u00bb0.3&Prime; shape_divider_position=\u00a0\u00bbbottom\u00a0\u00bb bg_image_animation=\u00a0\u00bbnone\u00a0\u00bb shape_type=\u00a0\u00bb\u00a0\u00bb][vc_column column_padding=\u00a0\u00bbpadding-2-percent\u00a0\u00bb column_padding_position=\u00a0\u00bball\u00a0\u00bb background_color_opacity=\u00a0\u00bb1&Prime; background_hover_color_opacity=\u00a0\u00bb1&Prime; column_link_target=\u00a0\u00bb_blank\u00a0\u00bb column_shadow=\u00a0\u00bbnone\u00a0\u00bb column_border_radius=\u00a0\u00bbnone\u00a0\u00bb width=\u00a0\u00bb1\/1&Prime; tablet_width_inherit=\u00a0\u00bbdefault\u00a0\u00bb tablet_text_alignment=\u00a0\u00bbdefault\u00a0\u00bb phone_text_alignment=\u00a0\u00bbdefault\u00a0\u00bb overlay_strength=\u00a0\u00bb0.3&Prime; column_border_width=\u00a0\u00bbnone\u00a0\u00bb column_border_style=\u00a0\u00bbsolid\u00a0\u00bb bg_image_animation=\u00a0\u00bbnone\u00a0\u00bb][vc_column_text]\n<h3>Nos voitures<\/h3>\n[\/vc_column_text][carousel script=\u00a0\u00bbcarouFredSel\u00a0\u00bb autorotate=\u00a0\u00bbtrue\u00a0\u00bb easing=\u00a0\u00bblinear\u00a0\u00bb scroll_speed=\u00a0\u00bb800&Prime;][item id=\u00a0\u00bb1743448851122-1&Prime; tab_id=\u00a0\u00bb1743448851123-7&Prime; title=\u00a0\u00bb\u00c9l\u00e9ment\u00a0\u00bb][image_with_animation image_url=\u00a0\u00bb383&Prime; alignment=\u00a0\u00bbcenter\u00a0\u00bb animation=\u00a0\u00bbFade In\u00a0\u00bb hover_animation=\u00a0\u00bbnone\u00a0\u00bb border_radius=\u00a0\u00bbnone\u00a0\u00bb box_shadow=\u00a0\u00bbnone\u00a0\u00bb image_loading=\u00a0\u00bblazy-load\u00a0\u00bb max_width=\u00a0\u00bb75%\u00a0\u00bb max_width_mobile=\u00a0\u00bbdefault\u00a0\u00bb][vc_column_text]\n<p style=\"text-align: center;\">CLIO <mark style=\"background-color: #c10058!important;\">5<\/mark><\/p>\n[\/vc_column_text][\/item][item id=\u00a0\u00bb1743448851150-3&Prime; tab_id=\u00a0\u00bb1743448851150-6&Prime; title=\u00a0\u00bb\u00c9l\u00e9ment\u00a0\u00bb][image_with_animation image_url=\u00a0\u00bb384&Prime; alignment=\u00a0\u00bbcenter\u00a0\u00bb animation=\u00a0\u00bbFade In\u00a0\u00bb hover_animation=\u00a0\u00bbnone\u00a0\u00bb border_radius=\u00a0\u00bbnone\u00a0\u00bb box_shadow=\u00a0\u00bbnone\u00a0\u00bb image_loading=\u00a0\u00bblazy-load\u00a0\u00bb max_width=\u00a0\u00bb75%\u00a0\u00bb max_width_mobile=\u00a0\u00bbdefault\u00a0\u00bb][vc_column_text]\n<p style=\"text-align: center;\">Toyota <mark style=\"background-color: #c10058!important;\">Yaris<\/mark><\/p>\n[\/vc_column_text][\/item][item title=\u00a0\u00bb\u00c9l\u00e9ment\u00a0\u00bb id=\u00a0\u00bb1743448851171-4&Prime; tab_id=\u00a0\u00bb1743448851172-6&Prime;][vc_column_text][\/vc_column_text][\/item][\/carousel][\/vc_column][\/vc_row][vc_row type=\u00a0\u00bbfull_width_background\u00a0\u00bb full_screen_row_position=\u00a0\u00bbmiddle\u00a0\u00bb column_margin=\u00a0\u00bbdefault\u00a0\u00bb scene_position=\u00a0\u00bbcenter\u00a0\u00bb text_color=\u00a0\u00bbdark\u00a0\u00bb text_align=\u00a0\u00bbleft\u00a0\u00bb top_padding=\u00a0\u00bb30&Prime; bottom_padding=\u00a0\u00bb30&Prime; overlay_strength=\u00a0\u00bb0.3&Prime; shape_divider_position=\u00a0\u00bbbottom\u00a0\u00bb bg_image_animation=\u00a0\u00bbnone\u00a0\u00bb shape_type=\u00a0\u00bb\u00a0\u00bb][vc_column column_padding=\u00a0\u00bbpadding-2-percent\u00a0\u00bb column_padding_position=\u00a0\u00bball\u00a0\u00bb background_color_opacity=\u00a0\u00bb1&Prime; background_hover_color_opacity=\u00a0\u00bb1&Prime; column_link_target=\u00a0\u00bb_blank\u00a0\u00bb column_shadow=\u00a0\u00bbnone\u00a0\u00bb column_border_radius=\u00a0\u00bbnone\u00a0\u00bb width=\u00a0\u00bb1\/1&Prime; tablet_width_inherit=\u00a0\u00bbdefault\u00a0\u00bb tablet_text_alignment=\u00a0\u00bbdefault\u00a0\u00bb phone_text_alignment=\u00a0\u00bbdefault\u00a0\u00bb overlay_strength=\u00a0\u00bb0.3&Prime; column_border_width=\u00a0\u00bbnone\u00a0\u00bb column_border_style=\u00a0\u00bbsolid\u00a0\u00bb bg_image_animation=\u00a0\u00bbnone\u00a0\u00bb][vc_column_text]\n<h3>Nos motos<\/h3>\n[\/vc_column_text][carousel script=\u00a0\u00bbcarouFredSel\u00a0\u00bb autorotate=\u00a0\u00bbtrue\u00a0\u00bb easing=\u00a0\u00bblinear\u00a0\u00bb scroll_speed=\u00a0\u00bb800&Prime;][item id=\u00a0\u00bb1743448851202-9&Prime; tab_id=\u00a0\u00bb1743448851202-0&Prime; title=\u00a0\u00bb\u00c9l\u00e9ment\u00a0\u00bb][image_with_animation image_url=\u00a0\u00bb395&Prime; alignment=\u00a0\u00bbcenter\u00a0\u00bb animation=\u00a0\u00bbFade In\u00a0\u00bb hover_animation=\u00a0\u00bbnone\u00a0\u00bb border_radius=\u00a0\u00bbnone\u00a0\u00bb box_shadow=\u00a0\u00bbnone\u00a0\u00bb image_loading=\u00a0\u00bbdefault\u00a0\u00bb max_width=\u00a0\u00bb100%\u00a0\u00bb max_width_mobile=\u00a0\u00bbdefault\u00a0\u00bb][vc_column_text]\n<p style=\"text-align: center;\">Yamaha <mark style=\"background-color: #c10058!important;\">MT-07<\/mark><\/p>\n[\/vc_column_text][\/item][item id=\u00a0\u00bb1743448851218-3&Prime; tab_id=\u00a0\u00bb1743448851218-3&Prime; title=\u00a0\u00bb\u00c9l\u00e9ment\u00a0\u00bb][image_with_animation image_url=\u00a0\u00bb394&Prime; alignment=\u00a0\u00bbcenter\u00a0\u00bb animation=\u00a0\u00bbFade In\u00a0\u00bb hover_animation=\u00a0\u00bbnone\u00a0\u00bb border_radius=\u00a0\u00bbnone\u00a0\u00bb box_shadow=\u00a0\u00bbnone\u00a0\u00bb image_loading=\u00a0\u00bblazy-load\u00a0\u00bb max_width=\u00a0\u00bb100%\u00a0\u00bb max_width_mobile=\u00a0\u00bbdefault\u00a0\u00bb][vc_column_text]\n<p style=\"text-align: center;\">Kawazaki <mark style=\"background-color: #c10058!important;\">Z750<\/mark><\/p>\n[\/vc_column_text][\/item][item id=\u00a0\u00bb1743448851246-0&Prime; tab_id=\u00a0\u00bb1743448851246-6&Prime; title=\u00a0\u00bb\u00c9l\u00e9ment\u00a0\u00bb][vc_column_text][\/vc_column_text][\/item][\/carousel][\/vc_column][\/vc_row][vc_row type=\u00a0\u00bbfull_width_background\u00a0\u00bb full_screen_row_position=\u00a0\u00bbmiddle\u00a0\u00bb column_margin=\u00a0\u00bbdefault\u00a0\u00bb bg_color=\u00a0\u00bb#c10058&Prime; scene_position=\u00a0\u00bbcenter\u00a0\u00bb text_color=\u00a0\u00bblight\u00a0\u00bb text_align=\u00a0\u00bbleft\u00a0\u00bb overlay_strength=\u00a0\u00bb0.3&Prime; shape_divider_position=\u00a0\u00bbbottom\u00a0\u00bb bg_image_animation=\u00a0\u00bbnone\u00a0\u00bb shape_type=\u00a0\u00bb\u00a0\u00bb][vc_column centered_text=\u00a0\u00bbtrue\u00a0\u00bb column_padding=\u00a0\u00bbpadding-2-percent\u00a0\u00bb column_padding_position=\u00a0\u00bball\u00a0\u00bb background_color_opacity=\u00a0\u00bb1&Prime; background_hover_color_opacity=\u00a0\u00bb1&Prime; column_link_target=\u00a0\u00bb_self\u00a0\u00bb column_shadow=\u00a0\u00bbnone\u00a0\u00bb column_border_radius=\u00a0\u00bbnone\u00a0\u00bb width=\u00a0\u00bb1\/1&Prime; tablet_width_inherit=\u00a0\u00bbdefault\u00a0\u00bb tablet_text_alignment=\u00a0\u00bbdefault\u00a0\u00bb phone_text_alignment=\u00a0\u00bbdefault\u00a0\u00bb overlay_strength=\u00a0\u00bb0.3&Prime; column_border_width=\u00a0\u00bbnone\u00a0\u00bb column_border_style=\u00a0\u00bbsolid\u00a0\u00bb bg_image_animation=\u00a0\u00bbnone\u00a0\u00bb][vc_column_text css=\u00a0\u00bb.vc_custom_1717918424102{padding-bottom: 12px !important;}\u00a0\u00bb]\n<h2>Une question ? Contactez-nous !<\/h2>\n<p>Notre \u00e9quipe se tient \u00e0 votre disposition pour r\u00e9pondre \u00e0 toutes vos demandes de renseignements.[\/vc_column_text][nectar_btn size=\u00a0\u00bblarge\u00a0\u00bb button_style=\u00a0\u00bbregular\u00a0\u00bb button_color_2=\u00a0\u00bbExtra-Color-2&Prime; solid_text_color_override=\u00a0\u00bb#c10058&Prime; icon_family=\u00a0\u00bbdefault_arrow\u00a0\u00bb url=\u00a0\u00bbhttps:\/\/de-vv.com\/inris\/contact\/\u00a0\u00bb text=\u00a0\u00bbContactez nous\u00a0\u00bb margin_top=\u00a0\u00bb5&Prime; margin_right=\u00a0\u00bb5&Prime; margin_bottom=\u00a0\u00bb5&Prime;][nectar_btn size=\u00a0\u00bblarge\u00a0\u00bb button_style=\u00a0\u00bbregular\u00a0\u00bb button_color_2=\u00a0\u00bbExtra-Color-1&Prime; solid_text_color_override=\u00a0\u00bb#ffffff\u00a0\u00bb icon_family=\u00a0\u00bbdefault_arrow\u00a0\u00bb url=\u00a0\u00bbtel:01.48.36.43.51&Prime; text=\u00a0\u00bb01 48 36 43 51&Prime; margin_top=\u00a0\u00bb5&Prime; margin_right=\u00a0\u00bb5&Prime; margin_bottom=\u00a0\u00bb5&Prime;][\/vc_column][\/vc_row]\n","protected":false},"excerpt":{"rendered":"<p>[vc_row type=\u00a0\u00bbfull_width_background\u00a0\u00bb full_screen_row_position=\u00a0\u00bbmiddle\u00a0\u00bb column_margin=\u00a0\u00bbdefault\u00a0\u00bb bg_image=\u00a0\u00bb340&Prime; bg_position=\u00a0\u00bbcenter center\u00a0\u00bb bg_repeat=\u00a0\u00bbno-repeat\u00a0\u00bb scene_position=\u00a0\u00bbcenter\u00a0\u00bb text_color=\u00a0\u00bblight\u00a0\u00bb text_align=\u00a0\u00bbleft\u00a0\u00bb enable_gradient=\u00a0\u00bbtrue\u00a0\u00bb color_overlay=\u00a0\u00bb#281b59&Prime; color_overlay_2=\u00a0\u00bb#c10058&Prime; gradient_direction=\u00a0\u00bbleft_to_right\u00a0\u00bb overlay_strength=\u00a0\u00bb1&Prime; shape_divider_position=\u00a0\u00bbbottom\u00a0\u00bb bg_image_animation=\u00a0\u00bbnone\u00a0\u00bb shape_type=\u00a0\u00bb\u00a0\u00bb][vc_column column_padding=\u00a0\u00bbpadding-2-percent\u00a0\u00bb column_padding_position=\u00a0\u00bball\u00a0\u00bb background_color_opacity=\u00a0\u00bb1&Prime; background_hover_color_opacity=\u00a0\u00bb1&Prime; column_link_target=\u00a0\u00bb_self\u00a0\u00bb column_shadow=\u00a0\u00bbnone\u00a0\u00bb column_border_radius=\u00a0\u00bbnone\u00a0\u00bb width=\u00a0\u00bb1\/1&Prime; tablet_width_inherit=\u00a0\u00bbdefault\u00a0\u00bb tablet_text_alignment=\u00a0\u00bbdefault\u00a0\u00bb phone_text_alignment=\u00a0\u00bbdefault\u00a0\u00bb&#8230;<\/p>\n","protected":false},"author":1,"featured_media":27,"parent":0,"menu_order":0,"comment_status":"closed","ping_status":"closed","template":"","meta":{"_joinchat":[],"footnotes":""},"class_list":["post-380","page","type-page","status-publish","has-post-thumbnail"],"yoast_head":"<!-- This site is optimized with the Yoast SEO plugin v26.8 - https:\/\/yoast.com\/product\/yoast-seo-wordpress\/ -->\n<title>V\u00e9hicules - Auto-\u00e9cole INRI&#039;S La Courneuve<\/title>\n<meta name=\"description\" content=\"D\u00e9couvrez les v\u00e9hicules utilis\u00e9s pour votre formation au permis auto et moto au sein de l&#039;Auto-\u00e9cole INRI&#039;S La Courneuve.\" \/>\n<meta name=\"robots\" content=\"noindex, follow, max-snippet:-1, max-image-preview:large, max-video-preview:-1\" \/>\n<meta property=\"og:locale\" content=\"fr_FR\" \/>\n<meta property=\"og:type\" content=\"article\" \/>\n<meta property=\"og:title\" content=\"V\u00e9hicules - Auto-\u00e9cole INRI&#039;S La Courneuve\" \/>\n<meta property=\"og:description\" content=\"D\u00e9couvrez les v\u00e9hicules utilis\u00e9s pour votre formation au permis auto et moto au sein de l&#039;Auto-\u00e9cole INRI&#039;S La Courneuve.\" \/>\n<meta property=\"og:url\" content=\"https:\/\/de-vv.com\/inris\/vehicules\/\" \/>\n<meta property=\"og:site_name\" content=\"INRI&#039;S La Courneuve\" \/>\n<meta property=\"article:modified_time\" content=\"2025-03-31T19:21:30+00:00\" \/>\n<meta property=\"og:image\" content=\"https:\/\/de-vv.com\/inris\/wp-content\/uploads\/2025\/02\/favicon_inris_formation.png\" \/>\n\t<meta property=\"og:image:width\" content=\"512\" \/>\n\t<meta property=\"og:image:height\" content=\"512\" \/>\n\t<meta property=\"og:image:type\" content=\"image\/png\" \/>\n<meta name=\"twitter:card\" content=\"summary_large_image\" \/>\n<meta name=\"twitter:label1\" content=\"Dur\u00e9e de lecture estim\u00e9e\" \/>\n\t<meta name=\"twitter:data1\" content=\"2 minutes\" \/>\n<script type=\"application\/ld+json\" class=\"yoast-schema-graph\">{\"@context\":\"https:\/\/schema.org\",\"@graph\":[{\"@type\":\"WebPage\",\"@id\":\"https:\/\/de-vv.com\/inris\/vehicules\/\",\"url\":\"https:\/\/de-vv.com\/inris\/vehicules\/\",\"name\":\"V\u00e9hicules - Auto-\u00e9cole INRI&#039;S La Courneuve\",\"isPartOf\":{\"@id\":\"https:\/\/de-vv.com\/inris\/#website\"},\"primaryImageOfPage\":{\"@id\":\"https:\/\/de-vv.com\/inris\/vehicules\/#primaryimage\"},\"image\":{\"@id\":\"https:\/\/de-vv.com\/inris\/vehicules\/#primaryimage\"},\"thumbnailUrl\":\"https:\/\/de-vv.com\/inris\/wp-content\/uploads\/2025\/02\/favicon_inris_formation.png\",\"datePublished\":\"2025-03-31T19:11:22+00:00\",\"dateModified\":\"2025-03-31T19:21:30+00:00\",\"description\":\"D\u00e9couvrez les v\u00e9hicules utilis\u00e9s pour votre formation au permis auto et moto au sein de l'Auto-\u00e9cole INRI'S La Courneuve.\",\"breadcrumb\":{\"@id\":\"https:\/\/de-vv.com\/inris\/vehicules\/#breadcrumb\"},\"inLanguage\":\"fr-FR\",\"potentialAction\":[{\"@type\":\"ReadAction\",\"target\":[\"https:\/\/de-vv.com\/inris\/vehicules\/\"]}]},{\"@type\":\"ImageObject\",\"inLanguage\":\"fr-FR\",\"@id\":\"https:\/\/de-vv.com\/inris\/vehicules\/#primaryimage\",\"url\":\"https:\/\/de-vv.com\/inris\/wp-content\/uploads\/2025\/02\/favicon_inris_formation.png\",\"contentUrl\":\"https:\/\/de-vv.com\/inris\/wp-content\/uploads\/2025\/02\/favicon_inris_formation.png\",\"width\":512,\"height\":512,\"caption\":\"Favicon INRI'S Formation\"},{\"@type\":\"BreadcrumbList\",\"@id\":\"https:\/\/de-vv.com\/inris\/vehicules\/#breadcrumb\",\"itemListElement\":[{\"@type\":\"ListItem\",\"position\":1,\"name\":\"Accueil\",\"item\":\"https:\/\/de-vv.com\/inris\/\"},{\"@type\":\"ListItem\",\"position\":2,\"name\":\"V\u00e9hicules\"}]},{\"@type\":\"WebSite\",\"@id\":\"https:\/\/de-vv.com\/inris\/#website\",\"url\":\"https:\/\/de-vv.com\/inris\/\",\"name\":\"INRI&#039;S La Courneuve\",\"description\":\"Permis auto, moto et poids-lourd \u00e0 La Courneuve\",\"potentialAction\":[{\"@type\":\"SearchAction\",\"target\":{\"@type\":\"EntryPoint\",\"urlTemplate\":\"https:\/\/de-vv.com\/inris\/?s={search_term_string}\"},\"query-input\":{\"@type\":\"PropertyValueSpecification\",\"valueRequired\":true,\"valueName\":\"search_term_string\"}}],\"inLanguage\":\"fr-FR\"}]}<\/script>\n<!-- \/ Yoast SEO plugin. -->","yoast_head_json":{"title":"V\u00e9hicules - Auto-\u00e9cole INRI&#039;S La Courneuve","description":"D\u00e9couvrez les v\u00e9hicules utilis\u00e9s pour votre formation au permis auto et moto au sein de l'Auto-\u00e9cole INRI'S La Courneuve.","robots":{"index":"noindex","follow":"follow","max-snippet":"max-snippet:-1","max-image-preview":"max-image-preview:large","max-video-preview":"max-video-preview:-1"},"og_locale":"fr_FR","og_type":"article","og_title":"V\u00e9hicules - Auto-\u00e9cole INRI&#039;S La Courneuve","og_description":"D\u00e9couvrez les v\u00e9hicules utilis\u00e9s pour votre formation au permis auto et moto au sein de l'Auto-\u00e9cole INRI'S La Courneuve.","og_url":"https:\/\/de-vv.com\/inris\/vehicules\/","og_site_name":"INRI&#039;S La Courneuve","article_modified_time":"2025-03-31T19:21:30+00:00","og_image":[{"width":512,"height":512,"url":"https:\/\/de-vv.com\/inris\/wp-content\/uploads\/2025\/02\/favicon_inris_formation.png","type":"image\/png"}],"twitter_card":"summary_large_image","twitter_misc":{"Dur\u00e9e de lecture estim\u00e9e":"2 minutes"},"schema":{"@context":"https:\/\/schema.org","@graph":[{"@type":"WebPage","@id":"https:\/\/de-vv.com\/inris\/vehicules\/","url":"https:\/\/de-vv.com\/inris\/vehicules\/","name":"V\u00e9hicules - Auto-\u00e9cole INRI&#039;S La Courneuve","isPartOf":{"@id":"https:\/\/de-vv.com\/inris\/#website"},"primaryImageOfPage":{"@id":"https:\/\/de-vv.com\/inris\/vehicules\/#primaryimage"},"image":{"@id":"https:\/\/de-vv.com\/inris\/vehicules\/#primaryimage"},"thumbnailUrl":"https:\/\/de-vv.com\/inris\/wp-content\/uploads\/2025\/02\/favicon_inris_formation.png","datePublished":"2025-03-31T19:11:22+00:00","dateModified":"2025-03-31T19:21:30+00:00","description":"D\u00e9couvrez les v\u00e9hicules utilis\u00e9s pour votre formation au permis auto et moto au sein de l'Auto-\u00e9cole INRI'S La Courneuve.","breadcrumb":{"@id":"https:\/\/de-vv.com\/inris\/vehicules\/#breadcrumb"},"inLanguage":"fr-FR","potentialAction":[{"@type":"ReadAction","target":["https:\/\/de-vv.com\/inris\/vehicules\/"]}]},{"@type":"ImageObject","inLanguage":"fr-FR","@id":"https:\/\/de-vv.com\/inris\/vehicules\/#primaryimage","url":"https:\/\/de-vv.com\/inris\/wp-content\/uploads\/2025\/02\/favicon_inris_formation.png","contentUrl":"https:\/\/de-vv.com\/inris\/wp-content\/uploads\/2025\/02\/favicon_inris_formation.png","width":512,"height":512,"caption":"Favicon INRI'S Formation"},{"@type":"BreadcrumbList","@id":"https:\/\/de-vv.com\/inris\/vehicules\/#breadcrumb","itemListElement":[{"@type":"ListItem","position":1,"name":"Accueil","item":"https:\/\/de-vv.com\/inris\/"},{"@type":"ListItem","position":2,"name":"V\u00e9hicules"}]},{"@type":"WebSite","@id":"https:\/\/de-vv.com\/inris\/#website","url":"https:\/\/de-vv.com\/inris\/","name":"INRI&#039;S La Courneuve","description":"Permis auto, moto et poids-lourd \u00e0 La Courneuve","potentialAction":[{"@type":"SearchAction","target":{"@type":"EntryPoint","urlTemplate":"https:\/\/de-vv.com\/inris\/?s={search_term_string}"},"query-input":{"@type":"PropertyValueSpecification","valueRequired":true,"valueName":"search_term_string"}}],"inLanguage":"fr-FR"}]}},"_links":{"self":[{"href":"https:\/\/de-vv.com\/inris\/wp-json\/wp\/v2\/pages\/380","targetHints":{"allow":["GET"]}}],"collection":[{"href":"https:\/\/de-vv.com\/inris\/wp-json\/wp\/v2\/pages"}],"about":[{"href":"https:\/\/de-vv.com\/inris\/wp-json\/wp\/v2\/types\/page"}],"author":[{"embeddable":true,"href":"https:\/\/de-vv.com\/inris\/wp-json\/wp\/v2\/users\/1"}],"replies":[{"embeddable":true,"href":"https:\/\/de-vv.com\/inris\/wp-json\/wp\/v2\/comments?post=380"}],"version-history":[{"count":13,"href":"https:\/\/de-vv.com\/inris\/wp-json\/wp\/v2\/pages\/380\/revisions"}],"predecessor-version":[{"id":397,"href":"https:\/\/de-vv.com\/inris\/wp-json\/wp\/v2\/pages\/380\/revisions\/397"}],"wp:featuredmedia":[{"embeddable":true,"href":"https:\/\/de-vv.com\/inris\/wp-json\/wp\/v2\/media\/27"}],"wp:attachment":[{"href":"https:\/\/de-vv.com\/inris\/wp-json\/wp\/v2\/media?parent=380"}],"curies":[{"name":"wp","href":"https:\/\/api.w.org\/{rel}","templated":true}]}}