{"id":47,"date":"2025-03-08T09:54:00","date_gmt":"2025-03-08T08:54:00","guid":{"rendered":"https:\/\/de-vv.com\/inris\/?page_id=47"},"modified":"2025-03-09T11:31:40","modified_gmt":"2025-03-09T10:31:40","slug":"mentions-legales","status":"publish","type":"page","link":"https:\/\/de-vv.com\/inris\/mentions-legales\/","title":{"rendered":"Mentions l\u00e9gales"},"content":{"rendered":"[vc_row type=\u00a0\u00bbfull_width_background\u00a0\u00bb full_screen_row_position=\u00a0\u00bbmiddle\u00a0\u00bb column_margin=\u00a0\u00bbdefault\u00a0\u00bb bg_color=\u00a0\u00bb#ffd7e5&Prime; scene_position=\u00a0\u00bbcenter\u00a0\u00bb text_color=\u00a0\u00bbcustom\u00a0\u00bb text_align=\u00a0\u00bbleft\u00a0\u00bb overlay_strength=\u00a0\u00bb0.3&Prime; shape_divider_position=\u00a0\u00bbbottom\u00a0\u00bb bg_image_animation=\u00a0\u00bbnone\u00a0\u00bb shape_type=\u00a0\u00bb\u00a0\u00bb][vc_column centered_text=\u00a0\u00bbtrue\u00a0\u00bb column_padding=\u00a0\u00bbpadding-2-percent\u00a0\u00bb column_padding_position=\u00a0\u00bball\u00a0\u00bb background_color_opacity=\u00a0\u00bb1&Prime; background_hover_color_opacity=\u00a0\u00bb1&Prime; font_color=\u00a0\u00bb#005a8c\u00a0\u00bb column_link_target=\u00a0\u00bb_self\u00a0\u00bb column_shadow=\u00a0\u00bbnone\u00a0\u00bb column_border_radius=\u00a0\u00bbnone\u00a0\u00bb width=\u00a0\u00bb1\/1&Prime; tablet_width_inherit=\u00a0\u00bbdefault\u00a0\u00bb tablet_text_alignment=\u00a0\u00bbdefault\u00a0\u00bb phone_text_alignment=\u00a0\u00bbdefault\u00a0\u00bb overlay_strength=\u00a0\u00bb0.3&Prime; column_border_width=\u00a0\u00bbnone\u00a0\u00bb column_border_style=\u00a0\u00bbsolid\u00a0\u00bb bg_image_animation=\u00a0\u00bbnone\u00a0\u00bb][vc_column_text]\n<h1 style=\"text-align: center; color: #c10045;\">Mentions l\u00e9gales<\/h1>\n[\/vc_column_text][vc_column_text]\n<p style=\"text-align: center; color: #333333;\">Retrouvez ci-dessous les mentions l\u00e9gales de l&rsquo;Auto-\u00e9cole INRI&rsquo;S La Courneuve.<\/p>\n[\/vc_column_text][\/vc_column][\/vc_row][vc_row type=\u00a0\u00bbin_container\u00a0\u00bb full_screen_row_position=\u00a0\u00bbmiddle\u00a0\u00bb column_margin=\u00a0\u00bbdefault\u00a0\u00bb scene_position=\u00a0\u00bbcenter\u00a0\u00bb text_color=\u00a0\u00bbdark\u00a0\u00bb text_align=\u00a0\u00bbleft\u00a0\u00bb overlay_strength=\u00a0\u00bb0.3&Prime; shape_divider_position=\u00a0\u00bbbottom\u00a0\u00bb bg_image_animation=\u00a0\u00bbnone\u00a0\u00bb][vc_column column_padding=\u00a0\u00bbno-extra-padding\u00a0\u00bb column_padding_position=\u00a0\u00bball\u00a0\u00bb background_color_opacity=\u00a0\u00bb1&Prime; background_hover_color_opacity=\u00a0\u00bb1&Prime; column_link_target=\u00a0\u00bb_self\u00a0\u00bb column_shadow=\u00a0\u00bbnone\u00a0\u00bb column_border_radius=\u00a0\u00bbnone\u00a0\u00bb width=\u00a0\u00bb1\/4&Prime; tablet_width_inherit=\u00a0\u00bbdefault\u00a0\u00bb tablet_text_alignment=\u00a0\u00bbdefault\u00a0\u00bb phone_text_alignment=\u00a0\u00bbdefault\u00a0\u00bb overlay_strength=\u00a0\u00bb0.3&Prime; column_border_width=\u00a0\u00bbnone\u00a0\u00bb column_border_style=\u00a0\u00bbsolid\u00a0\u00bb bg_image_animation=\u00a0\u00bbnone\u00a0\u00bb offset=\u00a0\u00bbvc_hidden-sm vc_hidden-xs\u00a0\u00bb][\/vc_column][vc_column column_padding=\u00a0\u00bbpadding-2-percent\u00a0\u00bb column_padding_position=\u00a0\u00bball\u00a0\u00bb background_color_opacity=\u00a0\u00bb1&Prime; background_hover_color_opacity=\u00a0\u00bb1&Prime; column_link_target=\u00a0\u00bb_self\u00a0\u00bb column_shadow=\u00a0\u00bbnone\u00a0\u00bb column_border_radius=\u00a0\u00bbnone\u00a0\u00bb width=\u00a0\u00bb1\/2&Prime; tablet_width_inherit=\u00a0\u00bbdefault\u00a0\u00bb tablet_text_alignment=\u00a0\u00bbdefault\u00a0\u00bb phone_text_alignment=\u00a0\u00bbdefault\u00a0\u00bb overlay_strength=\u00a0\u00bb0.3&Prime; column_border_width=\u00a0\u00bbnone\u00a0\u00bb column_border_style=\u00a0\u00bbsolid\u00a0\u00bb bg_image_animation=\u00a0\u00bbnone\u00a0\u00bb][vc_column_text]\n<h4>AUTO MOTO ECOLE INRI&rsquo;S LA COURNEUVE<\/h4>\n<p>AUTO ECOLE GTA<br \/>\nSAS au capital de 1 000\u20ac<br \/>\nImmatricul\u00e9e au RCS de Bobigny sous le num\u00e9ro SIREN : 828 268 623<\/p>\n<p><strong>Si\u00e8ge social :<\/strong> 15 avenue L\u00e9nine 93120 La Courneuve<\/p>\n<p><strong>T\u00e9l\u00e9phone :<\/strong> 01 48 36 43 51<\/p>\n<p><strong>Adresse \u00e9lectronique :<\/strong> lacourneuve@autoecole-inris.com<\/p>\n<p><strong>TVA intracommunautaire :<\/strong> FR46828268623<\/p>\n<p><strong>Agr\u00e9ment<\/strong> n\u00b0E18 093 0010 0, d\u00e9livr\u00e9 par la pr\u00e9fecture de Seine-Saint-Denis (99), 1 esplanade Jean Moulin, 93007 Bobigny.<\/p>\n<p><strong>NDA:<\/strong> 11930816193[\/vc_column_text][\/vc_column][vc_column column_padding=\u00a0\u00bbno-extra-padding\u00a0\u00bb column_padding_position=\u00a0\u00bball\u00a0\u00bb background_color_opacity=\u00a0\u00bb1&Prime; background_hover_color_opacity=\u00a0\u00bb1&Prime; column_link_target=\u00a0\u00bb_self\u00a0\u00bb column_shadow=\u00a0\u00bbnone\u00a0\u00bb column_border_radius=\u00a0\u00bbnone\u00a0\u00bb width=\u00a0\u00bb1\/4&Prime; tablet_width_inherit=\u00a0\u00bbdefault\u00a0\u00bb tablet_text_alignment=\u00a0\u00bbdefault\u00a0\u00bb phone_text_alignment=\u00a0\u00bbdefault\u00a0\u00bb overlay_strength=\u00a0\u00bb0.3&Prime; column_border_width=\u00a0\u00bbnone\u00a0\u00bb column_border_style=\u00a0\u00bbsolid\u00a0\u00bb bg_image_animation=\u00a0\u00bbnone\u00a0\u00bb offset=\u00a0\u00bbvc_hidden-sm vc_hidden-xs\u00a0\u00bb][\/vc_column][\/vc_row][vc_row type=\u00a0\u00bbfull_width_background\u00a0\u00bb full_screen_row_position=\u00a0\u00bbmiddle\u00a0\u00bb column_margin=\u00a0\u00bbdefault\u00a0\u00bb bg_color=\u00a0\u00bb#ffd7e5&Prime; scene_position=\u00a0\u00bbcenter\u00a0\u00bb text_color=\u00a0\u00bbdark\u00a0\u00bb text_align=\u00a0\u00bbleft\u00a0\u00bb overlay_strength=\u00a0\u00bb0.3&Prime; shape_divider_position=\u00a0\u00bbbottom\u00a0\u00bb bg_image_animation=\u00a0\u00bbnone\u00a0\u00bb shape_type=\u00a0\u00bb\u00a0\u00bb][vc_column centered_text=\u00a0\u00bbtrue\u00a0\u00bb column_padding=\u00a0\u00bbpadding-1-percent\u00a0\u00bb column_padding_position=\u00a0\u00bball\u00a0\u00bb background_color_opacity=\u00a0\u00bb1&Prime; background_hover_color_opacity=\u00a0\u00bb1&Prime; column_link_target=\u00a0\u00bb_self\u00a0\u00bb column_shadow=\u00a0\u00bbnone\u00a0\u00bb column_border_radius=\u00a0\u00bbnone\u00a0\u00bb width=\u00a0\u00bb1\/1&Prime; tablet_width_inherit=\u00a0\u00bbdefault\u00a0\u00bb tablet_text_alignment=\u00a0\u00bbdefault\u00a0\u00bb phone_text_alignment=\u00a0\u00bbdefault\u00a0\u00bb overlay_strength=\u00a0\u00bb0.3&Prime; column_border_width=\u00a0\u00bbnone\u00a0\u00bb column_border_style=\u00a0\u00bbsolid\u00a0\u00bb bg_image_animation=\u00a0\u00bbnone\u00a0\u00bb][vc_column_text]\n<p style=\"text-align: center;\">Vous pouvez \u00e9galement consulter notre <a href=\"https:\/\/de-vv.com\/inris\/donnees-personnelles\/\" target=\"_blank\" rel=\"noopener\">Politique de gestion des donn\u00e9es personnelles<\/a> ou les coordonn\u00e9es de <a href=\"https:\/\/de-vv.com\/inris\/mediateur\/\">M\u00e9diateur de la consommation<\/a>.<\/p>\n[\/vc_column_text][\/vc_column][\/vc_row]\n","protected":false},"excerpt":{"rendered":"<p>[vc_row type=\u00a0\u00bbfull_width_background\u00a0\u00bb full_screen_row_position=\u00a0\u00bbmiddle\u00a0\u00bb column_margin=\u00a0\u00bbdefault\u00a0\u00bb bg_color=\u00a0\u00bb#ffd7e5&Prime; scene_position=\u00a0\u00bbcenter\u00a0\u00bb text_color=\u00a0\u00bbcustom\u00a0\u00bb text_align=\u00a0\u00bbleft\u00a0\u00bb overlay_strength=\u00a0\u00bb0.3&Prime; shape_divider_position=\u00a0\u00bbbottom\u00a0\u00bb bg_image_animation=\u00a0\u00bbnone\u00a0\u00bb shape_type=\u00a0\u00bb\u00a0\u00bb][vc_column centered_text=\u00a0\u00bbtrue\u00a0\u00bb column_padding=\u00a0\u00bbpadding-2-percent\u00a0\u00bb column_padding_position=\u00a0\u00bball\u00a0\u00bb background_color_opacity=\u00a0\u00bb1&Prime; background_hover_color_opacity=\u00a0\u00bb1&Prime; font_color=\u00a0\u00bb#005a8c\u00a0\u00bb column_link_target=\u00a0\u00bb_self\u00a0\u00bb column_shadow=\u00a0\u00bbnone\u00a0\u00bb column_border_radius=\u00a0\u00bbnone\u00a0\u00bb width=\u00a0\u00bb1\/1&Prime; tablet_width_inherit=\u00a0\u00bbdefault\u00a0\u00bb tablet_text_alignment=\u00a0\u00bbdefault\u00a0\u00bb phone_text_alignment=\u00a0\u00bbdefault\u00a0\u00bb overlay_strength=\u00a0\u00bb0.3&Prime; column_border_width=\u00a0\u00bbnone\u00a0\u00bb column_border_style=\u00a0\u00bbsolid\u00a0\u00bb bg_image_animation=\u00a0\u00bbnone\u00a0\u00bb][vc_column_text] Mentions&#8230;<\/p>\n","protected":false},"author":1,"featured_media":27,"parent":0,"menu_order":0,"comment_status":"closed","ping_status":"closed","template":"","meta":{"_joinchat":[],"footnotes":""},"class_list":["post-47","page","type-page","status-publish","has-post-thumbnail"],"yoast_head":"<!-- This site is optimized with the Yoast SEO plugin v26.8 - https:\/\/yoast.com\/product\/yoast-seo-wordpress\/ -->\n<title>Mentions l\u00e9gales - INRI&#039;S La Courneuve<\/title>\n<meta name=\"description\" content=\"Consultez les mentions l\u00e9gales de l&#039;Auto-\u00e9cole INRI&#039;S La Courneuve \/ Auto-\u00e9coles GTA. Contactez nous pour plus d&#039;informations sur nos permis.\" \/>\n<meta name=\"robots\" content=\"noindex, follow, max-snippet:-1, max-image-preview:large, max-video-preview:-1\" \/>\n<meta property=\"og:locale\" content=\"fr_FR\" \/>\n<meta property=\"og:type\" content=\"article\" \/>\n<meta property=\"og:title\" content=\"Mentions l\u00e9gales - INRI&#039;S La Courneuve\" \/>\n<meta property=\"og:description\" content=\"Consultez les mentions l\u00e9gales de l&#039;Auto-\u00e9cole INRI&#039;S La Courneuve \/ Auto-\u00e9coles GTA. Contactez nous pour plus d&#039;informations sur nos permis.\" \/>\n<meta property=\"og:url\" content=\"https:\/\/de-vv.com\/inris\/mentions-legales\/\" \/>\n<meta property=\"og:site_name\" content=\"INRI&#039;S La Courneuve\" \/>\n<meta property=\"article:modified_time\" content=\"2025-03-09T10:31:40+00:00\" \/>\n<meta property=\"og:image\" content=\"https:\/\/de-vv.com\/inris\/wp-content\/uploads\/2025\/02\/favicon_inris_formation.png\" \/>\n\t<meta property=\"og:image:width\" content=\"512\" \/>\n\t<meta property=\"og:image:height\" content=\"512\" \/>\n\t<meta property=\"og:image:type\" content=\"image\/png\" \/>\n<meta name=\"twitter:card\" content=\"summary_large_image\" \/>\n<meta name=\"twitter:label1\" content=\"Dur\u00e9e de lecture estim\u00e9e\" \/>\n\t<meta name=\"twitter:data1\" content=\"2 minutes\" \/>\n<script type=\"application\/ld+json\" class=\"yoast-schema-graph\">{\"@context\":\"https:\/\/schema.org\",\"@graph\":[{\"@type\":\"WebPage\",\"@id\":\"https:\/\/de-vv.com\/inris\/mentions-legales\/\",\"url\":\"https:\/\/de-vv.com\/inris\/mentions-legales\/\",\"name\":\"Mentions l\u00e9gales - INRI&#039;S La Courneuve\",\"isPartOf\":{\"@id\":\"https:\/\/de-vv.com\/inris\/#website\"},\"primaryImageOfPage\":{\"@id\":\"https:\/\/de-vv.com\/inris\/mentions-legales\/#primaryimage\"},\"image\":{\"@id\":\"https:\/\/de-vv.com\/inris\/mentions-legales\/#primaryimage\"},\"thumbnailUrl\":\"https:\/\/de-vv.com\/inris\/wp-content\/uploads\/2025\/02\/favicon_inris_formation.png\",\"datePublished\":\"2025-03-08T08:54:00+00:00\",\"dateModified\":\"2025-03-09T10:31:40+00:00\",\"description\":\"Consultez les mentions l\u00e9gales de l'Auto-\u00e9cole INRI'S La Courneuve \/ Auto-\u00e9coles GTA. Contactez nous pour plus d'informations sur nos permis.\",\"breadcrumb\":{\"@id\":\"https:\/\/de-vv.com\/inris\/mentions-legales\/#breadcrumb\"},\"inLanguage\":\"fr-FR\",\"potentialAction\":[{\"@type\":\"ReadAction\",\"target\":[\"https:\/\/de-vv.com\/inris\/mentions-legales\/\"]}]},{\"@type\":\"ImageObject\",\"inLanguage\":\"fr-FR\",\"@id\":\"https:\/\/de-vv.com\/inris\/mentions-legales\/#primaryimage\",\"url\":\"https:\/\/de-vv.com\/inris\/wp-content\/uploads\/2025\/02\/favicon_inris_formation.png\",\"contentUrl\":\"https:\/\/de-vv.com\/inris\/wp-content\/uploads\/2025\/02\/favicon_inris_formation.png\",\"width\":512,\"height\":512,\"caption\":\"Favicon INRI'S Formation\"},{\"@type\":\"BreadcrumbList\",\"@id\":\"https:\/\/de-vv.com\/inris\/mentions-legales\/#breadcrumb\",\"itemListElement\":[{\"@type\":\"ListItem\",\"position\":1,\"name\":\"Accueil\",\"item\":\"https:\/\/de-vv.com\/inris\/\"},{\"@type\":\"ListItem\",\"position\":2,\"name\":\"Mentions l\u00e9gales\"}]},{\"@type\":\"WebSite\",\"@id\":\"https:\/\/de-vv.com\/inris\/#website\",\"url\":\"https:\/\/de-vv.com\/inris\/\",\"name\":\"INRI&#039;S La Courneuve\",\"description\":\"Permis auto, moto et poids-lourd \u00e0 La Courneuve\",\"potentialAction\":[{\"@type\":\"SearchAction\",\"target\":{\"@type\":\"EntryPoint\",\"urlTemplate\":\"https:\/\/de-vv.com\/inris\/?s={search_term_string}\"},\"query-input\":{\"@type\":\"PropertyValueSpecification\",\"valueRequired\":true,\"valueName\":\"search_term_string\"}}],\"inLanguage\":\"fr-FR\"}]}<\/script>\n<!-- \/ Yoast SEO plugin. -->","yoast_head_json":{"title":"Mentions l\u00e9gales - INRI&#039;S La Courneuve","description":"Consultez les mentions l\u00e9gales de l'Auto-\u00e9cole INRI'S La Courneuve \/ Auto-\u00e9coles GTA. Contactez nous pour plus d'informations sur nos permis.","robots":{"index":"noindex","follow":"follow","max-snippet":"max-snippet:-1","max-image-preview":"max-image-preview:large","max-video-preview":"max-video-preview:-1"},"og_locale":"fr_FR","og_type":"article","og_title":"Mentions l\u00e9gales - INRI&#039;S La Courneuve","og_description":"Consultez les mentions l\u00e9gales de l'Auto-\u00e9cole INRI'S La Courneuve \/ Auto-\u00e9coles GTA. Contactez nous pour plus d'informations sur nos permis.","og_url":"https:\/\/de-vv.com\/inris\/mentions-legales\/","og_site_name":"INRI&#039;S La Courneuve","article_modified_time":"2025-03-09T10:31:40+00:00","og_image":[{"width":512,"height":512,"url":"https:\/\/de-vv.com\/inris\/wp-content\/uploads\/2025\/02\/favicon_inris_formation.png","type":"image\/png"}],"twitter_card":"summary_large_image","twitter_misc":{"Dur\u00e9e de lecture estim\u00e9e":"2 minutes"},"schema":{"@context":"https:\/\/schema.org","@graph":[{"@type":"WebPage","@id":"https:\/\/de-vv.com\/inris\/mentions-legales\/","url":"https:\/\/de-vv.com\/inris\/mentions-legales\/","name":"Mentions l\u00e9gales - INRI&#039;S La Courneuve","isPartOf":{"@id":"https:\/\/de-vv.com\/inris\/#website"},"primaryImageOfPage":{"@id":"https:\/\/de-vv.com\/inris\/mentions-legales\/#primaryimage"},"image":{"@id":"https:\/\/de-vv.com\/inris\/mentions-legales\/#primaryimage"},"thumbnailUrl":"https:\/\/de-vv.com\/inris\/wp-content\/uploads\/2025\/02\/favicon_inris_formation.png","datePublished":"2025-03-08T08:54:00+00:00","dateModified":"2025-03-09T10:31:40+00:00","description":"Consultez les mentions l\u00e9gales de l'Auto-\u00e9cole INRI'S La Courneuve \/ Auto-\u00e9coles GTA. Contactez nous pour plus d'informations sur nos permis.","breadcrumb":{"@id":"https:\/\/de-vv.com\/inris\/mentions-legales\/#breadcrumb"},"inLanguage":"fr-FR","potentialAction":[{"@type":"ReadAction","target":["https:\/\/de-vv.com\/inris\/mentions-legales\/"]}]},{"@type":"ImageObject","inLanguage":"fr-FR","@id":"https:\/\/de-vv.com\/inris\/mentions-legales\/#primaryimage","url":"https:\/\/de-vv.com\/inris\/wp-content\/uploads\/2025\/02\/favicon_inris_formation.png","contentUrl":"https:\/\/de-vv.com\/inris\/wp-content\/uploads\/2025\/02\/favicon_inris_formation.png","width":512,"height":512,"caption":"Favicon INRI'S Formation"},{"@type":"BreadcrumbList","@id":"https:\/\/de-vv.com\/inris\/mentions-legales\/#breadcrumb","itemListElement":[{"@type":"ListItem","position":1,"name":"Accueil","item":"https:\/\/de-vv.com\/inris\/"},{"@type":"ListItem","position":2,"name":"Mentions l\u00e9gales"}]},{"@type":"WebSite","@id":"https:\/\/de-vv.com\/inris\/#website","url":"https:\/\/de-vv.com\/inris\/","name":"INRI&#039;S La Courneuve","description":"Permis auto, moto et poids-lourd \u00e0 La Courneuve","potentialAction":[{"@type":"SearchAction","target":{"@type":"EntryPoint","urlTemplate":"https:\/\/de-vv.com\/inris\/?s={search_term_string}"},"query-input":{"@type":"PropertyValueSpecification","valueRequired":true,"valueName":"search_term_string"}}],"inLanguage":"fr-FR"}]}},"_links":{"self":[{"href":"https:\/\/de-vv.com\/inris\/wp-json\/wp\/v2\/pages\/47","targetHints":{"allow":["GET"]}}],"collection":[{"href":"https:\/\/de-vv.com\/inris\/wp-json\/wp\/v2\/pages"}],"about":[{"href":"https:\/\/de-vv.com\/inris\/wp-json\/wp\/v2\/types\/page"}],"author":[{"embeddable":true,"href":"https:\/\/de-vv.com\/inris\/wp-json\/wp\/v2\/users\/1"}],"replies":[{"embeddable":true,"href":"https:\/\/de-vv.com\/inris\/wp-json\/wp\/v2\/comments?post=47"}],"version-history":[{"count":6,"href":"https:\/\/de-vv.com\/inris\/wp-json\/wp\/v2\/pages\/47\/revisions"}],"predecessor-version":[{"id":233,"href":"https:\/\/de-vv.com\/inris\/wp-json\/wp\/v2\/pages\/47\/revisions\/233"}],"wp:featuredmedia":[{"embeddable":true,"href":"https:\/\/de-vv.com\/inris\/wp-json\/wp\/v2\/media\/27"}],"wp:attachment":[{"href":"https:\/\/de-vv.com\/inris\/wp-json\/wp\/v2\/media?parent=47"}],"curies":[{"name":"wp","href":"https:\/\/api.w.org\/{rel}","templated":true}]}}