{"id":49,"date":"2025-03-08T09:56:11","date_gmt":"2025-03-08T08:56:11","guid":{"rendered":"https:\/\/de-vv.com\/inris\/?page_id=49"},"modified":"2025-03-31T21:45:25","modified_gmt":"2025-03-31T19:45:25","slug":"documents-a-fournir","status":"publish","type":"page","link":"https:\/\/de-vv.com\/inris\/documents-a-fournir\/","title":{"rendered":"Documents \u00e0 fournir"},"content":{"rendered":"[vc_row type=\u00a0\u00bbfull_width_content\u00a0\u00bb full_screen_row_position=\u00a0\u00bbmiddle\u00a0\u00bb equal_height=\u00a0\u00bbyes\u00a0\u00bb column_margin=\u00a0\u00bbnone\u00a0\u00bb bg_color=\u00a0\u00bb#ffffff\u00a0\u00bb scene_position=\u00a0\u00bbcenter\u00a0\u00bb text_color=\u00a0\u00bbdark\u00a0\u00bb text_align=\u00a0\u00bbleft\u00a0\u00bb class=\u00a0\u00bbmargin-form\u00a0\u00bb overlay_strength=\u00a0\u00bb1&Prime; shape_divider_position=\u00a0\u00bbbottom\u00a0\u00bb bg_image_animation=\u00a0\u00bbnone\u00a0\u00bb shape_type=\u00a0\u00bb\u00a0\u00bb][vc_column column_padding=\u00a0\u00bbpadding-4-percent\u00a0\u00bb column_padding_position=\u00a0\u00bball\u00a0\u00bb background_color=\u00a0\u00bb#ffffff\u00a0\u00bb background_color_opacity=\u00a0\u00bb1&Prime; background_hover_color_opacity=\u00a0\u00bb1&Prime; font_color=\u00a0\u00bb#040404&Prime; column_link_target=\u00a0\u00bb_self\u00a0\u00bb column_shadow=\u00a0\u00bbnone\u00a0\u00bb column_border_radius=\u00a0\u00bbnone\u00a0\u00bb width=\u00a0\u00bb2\/3&Prime; tablet_width_inherit=\u00a0\u00bbdefault\u00a0\u00bb tablet_text_alignment=\u00a0\u00bbdefault\u00a0\u00bb phone_text_alignment=\u00a0\u00bbdefault\u00a0\u00bb overlay_strength=\u00a0\u00bb0.3&Prime; column_border_width=\u00a0\u00bbnone\u00a0\u00bb column_border_style=\u00a0\u00bbsolid\u00a0\u00bb bg_image_animation=\u00a0\u00bbnone\u00a0\u00bb][vc_column_text css=\u00a0\u00bb.vc_custom_1741425139906{border-left-width: 2% !important;padding-right: 2% !important;}\u00a0\u00bb]\n<h1>Documents \u00e0 fournir<\/h1>\n[\/vc_column_text][divider line_type=\u00a0\u00bbSmall Line\u00a0\u00bb line_alignment=\u00a0\u00bbdefault\u00a0\u00bb line_thickness=\u00a0\u00bb2&Prime; divider_color=\u00a0\u00bbaccent-color\u00a0\u00bb animate=\u00a0\u00bbyes\u00a0\u00bb custom_height=\u00a0\u00bb20&Prime;][divider line_type=\u00a0\u00bbNo Line\u00a0\u00bb custom_height=\u00a0\u00bb20&Prime;][vc_column_text css=\u00a0\u00bb.vc_custom_1741424759186{border-left-width: 2% !important;padding-right: 2% !important;}\u00a0\u00bb]Retrouvez ci-dessous la liste des documents \u00e0 nous fournir \u00e0 l\u2019inscription. Ces documents sont n\u00e9cessaires pour la constitution de votre dossier et son\u00a0<a href=\"https:\/\/permisdeconduire.ants.gouv.fr\/\" target=\"_blank\" rel=\"noopener\">enregistrement aupr\u00e8s de France Titres<\/a>.[\/vc_column_text][nectar_food_menu_item style=\u00a0\u00bbdefault\u00a0\u00bb item_name_heading_tag=\u00a0\u00bbh4&Prime; item_name=\u00a0\u00bb1 photocopie de la pi\u00e8ce d&rsquo;identit\u00e9 en cours de validit\u00e9 (recto\/verso)\u00a0\u00bb][nectar_food_menu_item style=\u00a0\u00bbdefault\u00a0\u00bb item_name_heading_tag=\u00a0\u00bbh4&Prime; item_name=\u00a0\u00bb1 photocopie de la pi\u00e8ce d&rsquo;identit\u00e9 du responsable l\u00e9gal (recto\/verso)\u00a0\u00bb item_description=\u00a0\u00bbsi vous \u00eates mineur\u00a0\u00bb][nectar_food_menu_item style=\u00a0\u00bbdefault\u00a0\u00bb item_name_heading_tag=\u00a0\u00bbh4&Prime; item_name=\u00a0\u00bb1 photocopie du justificatif de domicile de moins de 3 mois\u00a0\u00bb item_description=\u00a0\u00bbSi h\u00e9berg\u00e9 : attestation d&rsquo;h\u00e9bergement et photocopie de la pi\u00e8ce d&rsquo;identit\u00e9 de l&rsquo;h\u00e9bergeant (en cours de validit\u00e9).\u00a0\u00bb][nectar_food_menu_item style=\u00a0\u00bbdefault\u00a0\u00bb item_name_heading_tag=\u00a0\u00bbh4&Prime; item_name=\u00a0\u00bbASSR 2&Prime;][nectar_food_menu_item style=\u00a0\u00bbdefault\u00a0\u00bb item_name_heading_tag=\u00a0\u00bbh4&Prime; item_name=\u00a0\u00bb1 photocopie de l&rsquo;attestation de participation \u00e0 la JDC\u00a0\u00bb item_description=\u00a0\u00bbsi moins de 25 ans\u00a0\u00bb][nectar_food_menu_item style=\u00a0\u00bbdefault\u00a0\u00bb item_name_heading_tag=\u00a0\u00bbh4&Prime; item_name=\u00a0\u00bb1 plaquette de E-photos agr\u00e9\u00e9es ANTS (service en ligne)\u00a0\u00bb][nectar_food_menu_item style=\u00a0\u00bbdefault\u00a0\u00bb item_name_heading_tag=\u00a0\u00bbh4&Prime; item_name=\u00a0\u00bbPhotocopie recto\/verso du permis d\u00e9j\u00e0 obtenu (le cas \u00e9ch\u00e9ant)\u00a0\u00bb][nectar_food_menu_item style=\u00a0\u00bbdefault\u00a0\u00bb item_name_heading_tag=\u00a0\u00bbh4&Prime; item_name=\u00a0\u00bbAncien dossier CERFA 02 si pr\u00e9c\u00e9demment inscrit\u00a0\u00bb][nectar_food_menu_item style=\u00a0\u00bbdefault\u00a0\u00bb item_name_heading_tag=\u00a0\u00bbh4&Prime; item_name=\u00a0\u00bb1 enveloppe Lettre Suivie 50 gr.\u00a0\u00bb][nectar_food_menu_item style=\u00a0\u00bbdefault\u00a0\u00bb item_name_heading_tag=\u00a0\u00bbh4&Prime; item_name=\u00a0\u00bbAttestation de r\u00e9ussite \u00e0 l&rsquo;examen du code (le cas \u00e9ch\u00e9ant)\u00a0\u00bb][\/vc_column][vc_column column_padding=\u00a0\u00bbpadding-4-percent\u00a0\u00bb column_padding_position=\u00a0\u00bball\u00a0\u00bb background_color_opacity=\u00a0\u00bb1&Prime; background_hover_color_opacity=\u00a0\u00bb1&Prime; column_link_target=\u00a0\u00bb_self\u00a0\u00bb column_shadow=\u00a0\u00bbnone\u00a0\u00bb column_border_radius=\u00a0\u00bbnone\u00a0\u00bb width=\u00a0\u00bb1\/3&Prime; tablet_width_inherit=\u00a0\u00bbdefault\u00a0\u00bb tablet_text_alignment=\u00a0\u00bbdefault\u00a0\u00bb phone_text_alignment=\u00a0\u00bbdefault\u00a0\u00bb enable_gradient=\u00a0\u00bbtrue\u00a0\u00bb color_overlay=\u00a0\u00bb#281b59&Prime; color_overlay_2=\u00a0\u00bb#c10058&Prime; gradient_direction=\u00a0\u00bbleft_to_right\u00a0\u00bb overlay_strength=\u00a0\u00bb1&Prime; column_border_width=\u00a0\u00bbnone\u00a0\u00bb column_border_style=\u00a0\u00bbsolid\u00a0\u00bb bg_image_animation=\u00a0\u00bbnone\u00a0\u00bb][vc_row_inner column_margin=\u00a0\u00bbdefault\u00a0\u00bb bottom_padding=\u00a0\u00bb30&Prime; text_align=\u00a0\u00bbleft\u00a0\u00bb][vc_column_inner column_padding=\u00a0\u00bbno-extra-padding\u00a0\u00bb column_padding_position=\u00a0\u00bball\u00a0\u00bb background_color_opacity=\u00a0\u00bb1&Prime; background_hover_color_opacity=\u00a0\u00bb1&Prime; font_color=\u00a0\u00bb#ffffff\u00a0\u00bb column_shadow=\u00a0\u00bbnone\u00a0\u00bb column_border_radius=\u00a0\u00bbnone\u00a0\u00bb column_link_target=\u00a0\u00bb_self\u00a0\u00bb width=\u00a0\u00bb1\/1&Prime; tablet_width_inherit=\u00a0\u00bbdefault\u00a0\u00bb overlay_strength=\u00a0\u00bb0.3&Prime; column_border_width=\u00a0\u00bbnone\u00a0\u00bb column_border_style=\u00a0\u00bbsolid\u00a0\u00bb bg_image_animation=\u00a0\u00bbnone\u00a0\u00bb][vc_column_text]\n<h4><i class=\"fa fa-map-signs\" style=\"color: #00e5ac!important;\"><\/i> O\u00f9 sommes-nous ?<\/h4>\n<p>Venez nous rencontrer au :<br \/>\n15 avenue L\u00e9nine<br \/>\n93120 La Courneuve<br \/>\n<a style=\"color: #00e5ac!important;\" href=\"https:\/\/www.google.com\/maps\/dir\/\/15+Av.+L\u00e9nine,+93120+La+Courneuve\/@48.9201305,2.4122286,15z\/data=!4m18!1m8!3m7!1s0x47e66c6156f0cb41:0x5d21a3426aead916!2s15+Av.+L\u00e9nine,+93120+La+Courneuve!3b1!8m2!3d48.9201401!4d2.4122571!16s%2Fg%2F11cnddnwlk!4m8!1m0!1m5!1m1!1s0x47e66c6156f0cb41:0x5d21a3426aead916!2m2!1d2.4122571!2d48.9201401!3e3?entry=ttu&amp;g_ep=EgoyMDI1MDMwNC4wIKXMDSoJLDEwMjExNDU1SAFQAw%3D%3D\" target=\"_blank\" rel=\"noopener\">Plan d&rsquo;acc\u00e8s<\/a><\/p>\n<p>M\u00e9tro <span class=\"metro ligne7\">7<\/span> La Courneuve &#8211; 8 Mai 1945<br \/>\nTram <span class=\"bus_rer ligneT1\">T1<\/span> Maurice Lach\u00e2tre[\/vc_column_text][\/vc_column_inner][\/vc_row_inner][vc_row_inner column_margin=\u00a0\u00bbdefault\u00a0\u00bb bottom_padding=\u00a0\u00bb30&Prime; text_align=\u00a0\u00bbleft\u00a0\u00bb][vc_column_inner column_padding=\u00a0\u00bbno-extra-padding\u00a0\u00bb column_padding_position=\u00a0\u00bball\u00a0\u00bb background_color_opacity=\u00a0\u00bb1&Prime; background_hover_color_opacity=\u00a0\u00bb1&Prime; font_color=\u00a0\u00bb#ffffff\u00a0\u00bb column_shadow=\u00a0\u00bbnone\u00a0\u00bb column_border_radius=\u00a0\u00bbnone\u00a0\u00bb bottom_margin=\u00a0\u00bb30&Prime; column_link_target=\u00a0\u00bb_self\u00a0\u00bb width=\u00a0\u00bb1\/1&Prime; tablet_width_inherit=\u00a0\u00bbdefault\u00a0\u00bb overlay_strength=\u00a0\u00bb0.3&Prime; column_border_width=\u00a0\u00bbnone\u00a0\u00bb column_border_style=\u00a0\u00bbsolid\u00a0\u00bb bg_image_animation=\u00a0\u00bbnone\u00a0\u00bb][vc_column_text]\n<h4><i class=\"fa fa-comments\" style=\"color: #00e5ac!important;\"><\/i> Nos coordonn\u00e9es<\/h4>\n<p><a class=\"phone\" href=\"tel:01.48.36.43.51\">01 48 36 43 51<\/a><br \/>\n<a class=\"phone\" href=\"mailto:lacourneuve@autoecole-inris.com\">Envoyer un mail<\/a>[\/vc_column_text][\/vc_column_inner][\/vc_row_inner][vc_row_inner column_margin=\u00a0\u00bbdefault\u00a0\u00bb bottom_padding=\u00a0\u00bb30&Prime; text_align=\u00a0\u00bbleft\u00a0\u00bb][vc_column_inner column_padding=\u00a0\u00bbno-extra-padding\u00a0\u00bb column_padding_position=\u00a0\u00bball\u00a0\u00bb background_color_opacity=\u00a0\u00bb1&Prime; background_hover_color_opacity=\u00a0\u00bb1&Prime; font_color=\u00a0\u00bb#ffffff\u00a0\u00bb column_shadow=\u00a0\u00bbnone\u00a0\u00bb column_border_radius=\u00a0\u00bbnone\u00a0\u00bb column_link_target=\u00a0\u00bb_self\u00a0\u00bb width=\u00a0\u00bb1\/1&Prime; tablet_width_inherit=\u00a0\u00bbdefault\u00a0\u00bb overlay_strength=\u00a0\u00bb0.3&Prime; column_border_width=\u00a0\u00bbnone\u00a0\u00bb column_border_style=\u00a0\u00bbsolid\u00a0\u00bb bg_image_animation=\u00a0\u00bbnone\u00a0\u00bb][vc_column_text]\n<h4><i class=\"fa fa-clock\" style=\"color: #00e5ac!important;\"><\/i> Nos horaires<\/h4>\n<p>Notre agence est ouverte :<\/p>\n<ul>\n<li>lundi : 15h-19h<\/li>\n<li>mardi et vendredi : 10h-19h.<\/li>\n<li>samedi : 10h-16h.<\/li>\n<\/ul>\n[\/vc_column_text][\/vc_column_inner][\/vc_row_inner][\/vc_column][\/vc_row]\n","protected":false},"excerpt":{"rendered":"<p>[vc_row type=\u00a0\u00bbfull_width_content\u00a0\u00bb full_screen_row_position=\u00a0\u00bbmiddle\u00a0\u00bb equal_height=\u00a0\u00bbyes\u00a0\u00bb column_margin=\u00a0\u00bbnone\u00a0\u00bb bg_color=\u00a0\u00bb#ffffff\u00a0\u00bb scene_position=\u00a0\u00bbcenter\u00a0\u00bb text_color=\u00a0\u00bbdark\u00a0\u00bb text_align=\u00a0\u00bbleft\u00a0\u00bb class=\u00a0\u00bbmargin-form\u00a0\u00bb overlay_strength=\u00a0\u00bb1&Prime; shape_divider_position=\u00a0\u00bbbottom\u00a0\u00bb bg_image_animation=\u00a0\u00bbnone\u00a0\u00bb shape_type=\u00a0\u00bb\u00a0\u00bb][vc_column column_padding=\u00a0\u00bbpadding-4-percent\u00a0\u00bb column_padding_position=\u00a0\u00bball\u00a0\u00bb background_color=\u00a0\u00bb#ffffff\u00a0\u00bb background_color_opacity=\u00a0\u00bb1&Prime; background_hover_color_opacity=\u00a0\u00bb1&Prime; font_color=\u00a0\u00bb#040404&Prime; column_link_target=\u00a0\u00bb_self\u00a0\u00bb column_shadow=\u00a0\u00bbnone\u00a0\u00bb column_border_radius=\u00a0\u00bbnone\u00a0\u00bb width=\u00a0\u00bb2\/3&Prime; tablet_width_inherit=\u00a0\u00bbdefault\u00a0\u00bb tablet_text_alignment=\u00a0\u00bbdefault\u00a0\u00bb phone_text_alignment=\u00a0\u00bbdefault\u00a0\u00bb overlay_strength=\u00a0\u00bb0.3&Prime; column_border_width=\u00a0\u00bbnone\u00a0\u00bb column_border_style=\u00a0\u00bbsolid\u00a0\u00bb&#8230;<\/p>\n","protected":false},"author":1,"featured_media":27,"parent":0,"menu_order":0,"comment_status":"closed","ping_status":"closed","template":"","meta":{"_joinchat":[],"footnotes":""},"class_list":["post-49","page","type-page","status-publish","has-post-thumbnail"],"yoast_head":"<!-- This site is optimized with the Yoast SEO plugin v26.8 - https:\/\/yoast.com\/product\/yoast-seo-wordpress\/ -->\n<title>Documents \u00e0 fournir pour l&#039;inscription au permis de conduire - INRI&#039;S La Courneuve<\/title>\n<meta name=\"description\" content=\"Retrouvez la liste des documents \u00e0 fournir pour l&#039;inscription au permis de conduire au sein de l&#039;Auto-\u00e9cole INRI&#039;S La Courneuve (93).\" \/>\n<meta name=\"robots\" content=\"noindex, follow, max-snippet:-1, max-image-preview:large, max-video-preview:-1\" \/>\n<meta property=\"og:locale\" content=\"fr_FR\" \/>\n<meta property=\"og:type\" content=\"article\" \/>\n<meta property=\"og:title\" content=\"Documents \u00e0 fournir pour l&#039;inscription au permis de conduire - INRI&#039;S La Courneuve\" \/>\n<meta property=\"og:description\" content=\"Retrouvez la liste des documents \u00e0 fournir pour l&#039;inscription au permis de conduire au sein de l&#039;Auto-\u00e9cole INRI&#039;S La Courneuve (93).\" \/>\n<meta property=\"og:url\" content=\"https:\/\/de-vv.com\/inris\/documents-a-fournir\/\" \/>\n<meta property=\"og:site_name\" content=\"INRI&#039;S La Courneuve\" \/>\n<meta property=\"article:modified_time\" content=\"2025-03-31T19:45:25+00:00\" \/>\n<meta property=\"og:image\" content=\"https:\/\/de-vv.com\/inris\/wp-content\/uploads\/2025\/02\/favicon_inris_formation.png\" \/>\n\t<meta property=\"og:image:width\" content=\"512\" \/>\n\t<meta property=\"og:image:height\" content=\"512\" \/>\n\t<meta property=\"og:image:type\" content=\"image\/png\" \/>\n<meta name=\"twitter:card\" content=\"summary_large_image\" \/>\n<meta name=\"twitter:label1\" content=\"Dur\u00e9e de lecture estim\u00e9e\" \/>\n\t<meta name=\"twitter:data1\" content=\"2 minutes\" \/>\n<script type=\"application\/ld+json\" class=\"yoast-schema-graph\">{\"@context\":\"https:\/\/schema.org\",\"@graph\":[{\"@type\":\"WebPage\",\"@id\":\"https:\/\/de-vv.com\/inris\/documents-a-fournir\/\",\"url\":\"https:\/\/de-vv.com\/inris\/documents-a-fournir\/\",\"name\":\"Documents \u00e0 fournir pour l'inscription au permis de conduire - INRI&#039;S La Courneuve\",\"isPartOf\":{\"@id\":\"https:\/\/de-vv.com\/inris\/#website\"},\"primaryImageOfPage\":{\"@id\":\"https:\/\/de-vv.com\/inris\/documents-a-fournir\/#primaryimage\"},\"image\":{\"@id\":\"https:\/\/de-vv.com\/inris\/documents-a-fournir\/#primaryimage\"},\"thumbnailUrl\":\"https:\/\/de-vv.com\/inris\/wp-content\/uploads\/2025\/02\/favicon_inris_formation.png\",\"datePublished\":\"2025-03-08T08:56:11+00:00\",\"dateModified\":\"2025-03-31T19:45:25+00:00\",\"description\":\"Retrouvez la liste des documents \u00e0 fournir pour l'inscription au permis de conduire au sein de l'Auto-\u00e9cole INRI'S La Courneuve (93).\",\"breadcrumb\":{\"@id\":\"https:\/\/de-vv.com\/inris\/documents-a-fournir\/#breadcrumb\"},\"inLanguage\":\"fr-FR\",\"potentialAction\":[{\"@type\":\"ReadAction\",\"target\":[\"https:\/\/de-vv.com\/inris\/documents-a-fournir\/\"]}]},{\"@type\":\"ImageObject\",\"inLanguage\":\"fr-FR\",\"@id\":\"https:\/\/de-vv.com\/inris\/documents-a-fournir\/#primaryimage\",\"url\":\"https:\/\/de-vv.com\/inris\/wp-content\/uploads\/2025\/02\/favicon_inris_formation.png\",\"contentUrl\":\"https:\/\/de-vv.com\/inris\/wp-content\/uploads\/2025\/02\/favicon_inris_formation.png\",\"width\":512,\"height\":512,\"caption\":\"Favicon INRI'S Formation\"},{\"@type\":\"BreadcrumbList\",\"@id\":\"https:\/\/de-vv.com\/inris\/documents-a-fournir\/#breadcrumb\",\"itemListElement\":[{\"@type\":\"ListItem\",\"position\":1,\"name\":\"Accueil\",\"item\":\"https:\/\/de-vv.com\/inris\/\"},{\"@type\":\"ListItem\",\"position\":2,\"name\":\"Documents \u00e0 fournir\"}]},{\"@type\":\"WebSite\",\"@id\":\"https:\/\/de-vv.com\/inris\/#website\",\"url\":\"https:\/\/de-vv.com\/inris\/\",\"name\":\"INRI&#039;S La Courneuve\",\"description\":\"Permis auto, moto et poids-lourd \u00e0 La Courneuve\",\"potentialAction\":[{\"@type\":\"SearchAction\",\"target\":{\"@type\":\"EntryPoint\",\"urlTemplate\":\"https:\/\/de-vv.com\/inris\/?s={search_term_string}\"},\"query-input\":{\"@type\":\"PropertyValueSpecification\",\"valueRequired\":true,\"valueName\":\"search_term_string\"}}],\"inLanguage\":\"fr-FR\"}]}<\/script>\n<!-- \/ Yoast SEO plugin. -->","yoast_head_json":{"title":"Documents \u00e0 fournir pour l'inscription au permis de conduire - INRI&#039;S La Courneuve","description":"Retrouvez la liste des documents \u00e0 fournir pour l'inscription au permis de conduire au sein de l'Auto-\u00e9cole INRI'S La Courneuve (93).","robots":{"index":"noindex","follow":"follow","max-snippet":"max-snippet:-1","max-image-preview":"max-image-preview:large","max-video-preview":"max-video-preview:-1"},"og_locale":"fr_FR","og_type":"article","og_title":"Documents \u00e0 fournir pour l'inscription au permis de conduire - INRI&#039;S La Courneuve","og_description":"Retrouvez la liste des documents \u00e0 fournir pour l'inscription au permis de conduire au sein de l'Auto-\u00e9cole INRI'S La Courneuve (93).","og_url":"https:\/\/de-vv.com\/inris\/documents-a-fournir\/","og_site_name":"INRI&#039;S La Courneuve","article_modified_time":"2025-03-31T19:45:25+00:00","og_image":[{"width":512,"height":512,"url":"https:\/\/de-vv.com\/inris\/wp-content\/uploads\/2025\/02\/favicon_inris_formation.png","type":"image\/png"}],"twitter_card":"summary_large_image","twitter_misc":{"Dur\u00e9e de lecture estim\u00e9e":"2 minutes"},"schema":{"@context":"https:\/\/schema.org","@graph":[{"@type":"WebPage","@id":"https:\/\/de-vv.com\/inris\/documents-a-fournir\/","url":"https:\/\/de-vv.com\/inris\/documents-a-fournir\/","name":"Documents \u00e0 fournir pour l'inscription au permis de conduire - INRI&#039;S La Courneuve","isPartOf":{"@id":"https:\/\/de-vv.com\/inris\/#website"},"primaryImageOfPage":{"@id":"https:\/\/de-vv.com\/inris\/documents-a-fournir\/#primaryimage"},"image":{"@id":"https:\/\/de-vv.com\/inris\/documents-a-fournir\/#primaryimage"},"thumbnailUrl":"https:\/\/de-vv.com\/inris\/wp-content\/uploads\/2025\/02\/favicon_inris_formation.png","datePublished":"2025-03-08T08:56:11+00:00","dateModified":"2025-03-31T19:45:25+00:00","description":"Retrouvez la liste des documents \u00e0 fournir pour l'inscription au permis de conduire au sein de l'Auto-\u00e9cole INRI'S La Courneuve (93).","breadcrumb":{"@id":"https:\/\/de-vv.com\/inris\/documents-a-fournir\/#breadcrumb"},"inLanguage":"fr-FR","potentialAction":[{"@type":"ReadAction","target":["https:\/\/de-vv.com\/inris\/documents-a-fournir\/"]}]},{"@type":"ImageObject","inLanguage":"fr-FR","@id":"https:\/\/de-vv.com\/inris\/documents-a-fournir\/#primaryimage","url":"https:\/\/de-vv.com\/inris\/wp-content\/uploads\/2025\/02\/favicon_inris_formation.png","contentUrl":"https:\/\/de-vv.com\/inris\/wp-content\/uploads\/2025\/02\/favicon_inris_formation.png","width":512,"height":512,"caption":"Favicon INRI'S Formation"},{"@type":"BreadcrumbList","@id":"https:\/\/de-vv.com\/inris\/documents-a-fournir\/#breadcrumb","itemListElement":[{"@type":"ListItem","position":1,"name":"Accueil","item":"https:\/\/de-vv.com\/inris\/"},{"@type":"ListItem","position":2,"name":"Documents \u00e0 fournir"}]},{"@type":"WebSite","@id":"https:\/\/de-vv.com\/inris\/#website","url":"https:\/\/de-vv.com\/inris\/","name":"INRI&#039;S La Courneuve","description":"Permis auto, moto et poids-lourd \u00e0 La Courneuve","potentialAction":[{"@type":"SearchAction","target":{"@type":"EntryPoint","urlTemplate":"https:\/\/de-vv.com\/inris\/?s={search_term_string}"},"query-input":{"@type":"PropertyValueSpecification","valueRequired":true,"valueName":"search_term_string"}}],"inLanguage":"fr-FR"}]}},"_links":{"self":[{"href":"https:\/\/de-vv.com\/inris\/wp-json\/wp\/v2\/pages\/49","targetHints":{"allow":["GET"]}}],"collection":[{"href":"https:\/\/de-vv.com\/inris\/wp-json\/wp\/v2\/pages"}],"about":[{"href":"https:\/\/de-vv.com\/inris\/wp-json\/wp\/v2\/types\/page"}],"author":[{"embeddable":true,"href":"https:\/\/de-vv.com\/inris\/wp-json\/wp\/v2\/users\/1"}],"replies":[{"embeddable":true,"href":"https:\/\/de-vv.com\/inris\/wp-json\/wp\/v2\/comments?post=49"}],"version-history":[{"count":4,"href":"https:\/\/de-vv.com\/inris\/wp-json\/wp\/v2\/pages\/49\/revisions"}],"predecessor-version":[{"id":409,"href":"https:\/\/de-vv.com\/inris\/wp-json\/wp\/v2\/pages\/49\/revisions\/409"}],"wp:featuredmedia":[{"embeddable":true,"href":"https:\/\/de-vv.com\/inris\/wp-json\/wp\/v2\/media\/27"}],"wp:attachment":[{"href":"https:\/\/de-vv.com\/inris\/wp-json\/wp\/v2\/media?parent=49"}],"curies":[{"name":"wp","href":"https:\/\/api.w.org\/{rel}","templated":true}]}}