{"id":11,"date":"2025-02-12T17:06:26","date_gmt":"2025-02-12T16:06:26","guid":{"rendered":"https:\/\/de-vv.com\/jeremie\/?page_id=11"},"modified":"2025-02-15T16:01:41","modified_gmt":"2025-02-15T15:01:41","slug":"contact","status":"publish","type":"page","link":"https:\/\/de-vv.com\/jeremie\/contact\/","title":{"rendered":"Contact"},"content":{"rendered":"[vc_row type=\u00a0\u00bbfull_width_content\u00a0\u00bb full_screen_row_position=\u00a0\u00bbmiddle\u00a0\u00bb equal_height=\u00a0\u00bbyes\u00a0\u00bb column_margin=\u00a0\u00bbnone\u00a0\u00bb bg_color=\u00a0\u00bb#ffffff\u00a0\u00bb scene_position=\u00a0\u00bbcenter\u00a0\u00bb text_color=\u00a0\u00bbdark\u00a0\u00bb text_align=\u00a0\u00bbleft\u00a0\u00bb class=\u00a0\u00bbmargin-form\u00a0\u00bb overlay_strength=\u00a0\u00bb1&Prime; shape_divider_position=\u00a0\u00bbbottom\u00a0\u00bb bg_image_animation=\u00a0\u00bbnone\u00a0\u00bb shape_type=\u00a0\u00bb\u00a0\u00bb][vc_column column_padding=\u00a0\u00bbpadding-4-percent\u00a0\u00bb column_padding_position=\u00a0\u00bball\u00a0\u00bb background_color=\u00a0\u00bb#ffffff\u00a0\u00bb background_color_opacity=\u00a0\u00bb1&Prime; background_hover_color_opacity=\u00a0\u00bb1&Prime; font_color=\u00a0\u00bb#040404&Prime; column_link_target=\u00a0\u00bb_self\u00a0\u00bb column_shadow=\u00a0\u00bbnone\u00a0\u00bb column_border_radius=\u00a0\u00bbnone\u00a0\u00bb width=\u00a0\u00bb2\/3&Prime; tablet_width_inherit=\u00a0\u00bbdefault\u00a0\u00bb tablet_text_alignment=\u00a0\u00bbdefault\u00a0\u00bb phone_text_alignment=\u00a0\u00bbdefault\u00a0\u00bb overlay_strength=\u00a0\u00bb0.3&Prime; column_border_width=\u00a0\u00bbnone\u00a0\u00bb column_border_style=\u00a0\u00bbsolid\u00a0\u00bb bg_image_animation=\u00a0\u00bbnone\u00a0\u00bb][vc_column_text css=\u00a0\u00bb.vc_custom_1738944688963{border-left-width: 2% !important;padding-right: 2% !important;}\u00a0\u00bb]\n<h1>Contactez nous<\/h1>\n[\/vc_column_text][divider line_type=\u00a0\u00bbSmall Line\u00a0\u00bb line_alignment=\u00a0\u00bbdefault\u00a0\u00bb line_thickness=\u00a0\u00bb2&Prime; divider_color=\u00a0\u00bbaccent-color\u00a0\u00bb animate=\u00a0\u00bbyes\u00a0\u00bb custom_height=\u00a0\u00bb20&Prime;][divider line_type=\u00a0\u00bbNo Line\u00a0\u00bb custom_height=\u00a0\u00bb20&Prime;][vc_column_text css=\u00a0\u00bb.vc_custom_1738944683275{border-left-width: 2% !important;padding-right: 2% !important;}\u00a0\u00bb]Vous avez une question sur nos formations ? Vous souhaitez conna\u00eetre la d\u00e9marche \u00e0 suivre pour vous inscrire ? Envoyez nous un message avec vos coordonn\u00e9es, nous vous recontacterons au plus vite.[\/vc_column_text][vc_raw_html]JTNDaWZyYW1lJTIwc2FuZGJveCUzRCUyN2FsbG93LXNjcmlwdHMlMjBhbGxvdy1mb3JtcyUyMGFsbG93LXNhbWUtb3JpZ2luJTIwYWxsb3ctcG9wdXBzJTI3JTIwc3JjJTNEJTI3aHR0cHMlM0ElMkYlMkZ3d3cudnJvb212cm9vbS5mciUyRm1lZXRpbmdzLWNvbnRhY3QlM0ZzY2hvb2xfaWQlM0Q1MjQ2ZTNiNjI0YTAzOTAwMDIwMDBhODYlMjZmcyUzRGV5SnRaV1YwYVc1blUzVmlhbVZqZEhNaU9sdDdJbTVoYldVaU9pSlFaWEp0YVhNZ1FpRGlnSk1nWW0lMkZEcm5SbElHMWhiblZsYkd4bEluMHNleUp1WVcxbElqb2lRMjlrWlNCMWJtbHhkV1Z0Wlc1MEluMHNleUp1WVcxbElqb2lWVzVsSUdGMWRISmxJR1p2Y20xaGRHbHZiaUo5TEhzaWJtRnRaU0k2SWtOdmJtUjFhWFJsSUdGalkyOXRjR0ZuYnNPcFpTSjlMSHNpYm1GdFpTSTZJa1p2Y20xaGRHbHZiaUJ3YjNOMExYQmxjbTFwY3lKOVhTd2ljMk5vYjI5c2N5STZXM3NpYVdRaU9pSTFNalEyWlROaU5qSTBZVEF6T1RBd01ESXdNREJoT0RZaUxDSjBhWFJzWlNJNklrRjFkRzh0dzZsamIyeGxJRXJEcVhMRHFXMXBaU0lzSW5OMGNtVmxkQ0k2SWpJeUlISjFaU0JrWlNCc1lTQk5iM0pwYm1uRHFISmxJaXdpWTJsMGVTSTZJa1JwWlhCd1pTSXNJbnBwY0dOdlpHVWlPaUkzTmpJd01DSjlYU3dpYzJWamRHbHZibk1pT2x0N0ltbGtJam94TENKdVlXMWxJam9pVUhMRHFXNXZiU0lzSW1GeVpXRWlPaUptYVhKemRHNWhiV1VpTENKcGMwTm9aV05yWldRaU9uUnlkV1VzSW1selJISnZjR1J2ZDI0aU9tWmhiSE5sTENKd2JHRmpaV2h2YkdSbGNpSTZJazFoY25ScGJpSjlMSHNpYVdRaU9qSXNJbTVoYldVaU9pSk9iMjBpTENKaGNtVmhJam9pYkdGemRHNWhiV1VpTENKcGMwTm9aV05yWldRaU9uUnlkV1VzSW1selJISnZjR1J2ZDI0aU9tWmhiSE5sTENKd2JHRmpaV2h2YkdSbGNpSTZJa1IxY0c5dWRDSjlMSHNpYVdRaU9qTXNJbTVoYldVaU9pSlV3NmxzdzZsd2FHOXVaU0lzSW1GeVpXRWlPaUp3YUc5dVpTSXNJbWx6UTJobFkydGxaQ0k2ZEhKMVpTd2lhWE5FY205d1pHOTNiaUk2Wm1Gc2MyVXNJbkJzWVdObGFHOXNaR1Z5SWpvaUt6TXpJRE1nTXpNZ016TWdNek1nTXpNaWZTeDdJbWxrSWpvMExDSnVZVzFsSWpvaVJXMWhhV3dpTENKaGNtVmhJam9pWlcxaGFXd2lMQ0pwYzBOb1pXTnJaV1FpT25SeWRXVXNJbWx6UkhKdmNHUnZkMjRpT21aaGJITmxMQ0p3YkdGalpXaHZiR1JsY2lJNkltVjRaVzF3YkdWQVpYaGxiWEJzWlM1amIyMGlmU3g3SW1sa0lqbzFMQ0p1WVcxbElqb2lSbTl5YldGMGFXOXVJSE52ZFdoaGFYVERxV1VpTENKaGNtVmhJam9pWm05eWJXRjBhVzl1SWl3aWFYTkRhR1ZqYTJWa0lqcDBjblZsTENKcGMwUnliM0JrYjNkdUlqcDBjblZsTENKd2JHRmpaV2h2YkdSbGNpSTZJbFBEcVd4bFkzUnBiMjV1WlhvZ2RXNWxJR1p2Y20xaGRHbHZiaUo5TEhzaWFXUWlPallzSW01aGJXVWlPaUpRWlhKdFpYUjBjbVVndzZBZ2JPS0FtY09wYk1Pb2RtVWdaR1VnYzhPcGJHVmpkR2x2Ym01bGNpQjFibVVnWVdkbGJtTmxJaXdpWVhKbFlTSTZJbUZuWlc1amVTSXNJbWx6UTJobFkydGxaQ0k2Wm1Gc2MyVXNJbWx6UkhKdmNHUnZkMjRpT25SeWRXVXNJbkJzWVdObGFHOXNaR1Z5SWpvaVU4T3BiR1ZqZEdsdmJtNWxlaUIxYm1VZ1lXZGxibU5sSW4wc2V5SnBaQ0k2Tnl3aWJtRnRaU0k2SWsxbGMzTmhaMlVnY0dWeWMyOXVibUZzYVhQRHFTSXNJbUZ5WldFaU9pSnRaWE56WVdkbElpd2lhWE5EYUdWamEyVmtJanAwY25WbExDSnBjMFJ5YjNCa2IzZHVJanBtWVd4elpTd2ljR3hoWTJWb2IyeGtaWElpT2lJaWZWMHNJbVp2Y20xRGIyeHZjbk1pT2x0N0ltbGtJam94TENKdVlXMWxJam9pUVhKeWFjT29jbVVnY0d4aGJpSXNJbUZ5WldFaU9pSmlZV05yWjNKdmRXNWtRMjlzYjNJaUxDSmpiMnh2Y2lJNklpTm1abVptWm1ZaWZTeDdJbWxrSWpveUxDSnVZVzFsSWpvaVEyaGhiWEJ6SWl3aVlYSmxZU0k2SW1acFpXeGtjME52Ykc5eUlpd2lZMjlzYjNJaU9pSWpSamRHTjBZM0luMHNleUpwWkNJNk15d2libUZ0WlNJNklsUmxlSFJsSUNqRHFYUnBjWFZsZEhSbGN5a2lMQ0poY21WaElqb2liR0ZpWld4elEyOXNiM0lpTENKamIyeHZjaUk2SWlNek16TXpNek1pZlN4N0ltbGtJam8wTENKdVlXMWxJam9pVkdWNGRHVWdLR05vWVcxd2N5a2lMQ0poY21WaElqb2labWxsYkdSelZHVjRkRU52Ykc5eUlpd2lZMjlzYjNJaU9pSWpNek16TXpNekluMHNleUpwWkNJNk5Td2libUZ0WlNJNklrSnZkWFJ2YmlJc0ltRnlaV0VpT2lKaWRYUjBiMjVEYjJ4dmNpSXNJbU52Ykc5eUlqb2lJMlptTVRZeE55SjlMSHNpYVdRaU9qWXNJbTVoYldVaU9pSlVaWGgwWlNBb1ltOTFkRzl1S1NJc0ltRnlaV0VpT2lKaWRYUjBiMjVVWlhoMFEyOXNiM0lpTENKamIyeHZjaUk2SWlOR1JrWkdSa1lpZlYwc0luTmphRzl2YkVsa0lqb2lOVEkwTm1VellqWXlOR0V3TXprd01EQXlNREF3WVRnMkluMCUzRCUyNyUyMHdpZHRoJTNEJTI3MTAwJTI1JTI3JTIwc2Nyb2xsaW5nJTNEJTI3bm8lMjclMjBhbGxvd2Z1bGxzY3JlZW4lMjBpZCUzRCUyN2luaWZyYW1lJTI3JTIwc3R5bGUlM0QlMjdib3JkZXItc3R5bGUlM0ElMjBub25lJTNCJTIwb3ZlcmZsb3clM0ElMjBzY3JvbGwlM0IlMjBvdmVyZmxvdy14JTNBJTIwaGlkZGVuJTNCJTIwaGVpZ2h0JTNBJTIwMTIwdmglM0IlMjclM0UlM0MlMkZpZnJhbWUlM0U=[\/vc_raw_html][\/vc_column][vc_column column_padding=\u00a0\u00bbpadding-4-percent\u00a0\u00bb column_padding_position=\u00a0\u00bball\u00a0\u00bb background_color=\u00a0\u00bb#ff1617&Prime; background_color_opacity=\u00a0\u00bb1&Prime; background_hover_color_opacity=\u00a0\u00bb1&Prime; column_link_target=\u00a0\u00bb_self\u00a0\u00bb column_shadow=\u00a0\u00bbnone\u00a0\u00bb column_border_radius=\u00a0\u00bbnone\u00a0\u00bb width=\u00a0\u00bb1\/3&Prime; tablet_width_inherit=\u00a0\u00bbdefault\u00a0\u00bb tablet_text_alignment=\u00a0\u00bbdefault\u00a0\u00bb phone_text_alignment=\u00a0\u00bbdefault\u00a0\u00bb overlay_strength=\u00a0\u00bb0.3&Prime; column_border_width=\u00a0\u00bbnone\u00a0\u00bb column_border_style=\u00a0\u00bbsolid\u00a0\u00bb bg_image_animation=\u00a0\u00bbnone\u00a0\u00bb][vc_row_inner column_margin=\u00a0\u00bbdefault\u00a0\u00bb bottom_padding=\u00a0\u00bb30&Prime; text_align=\u00a0\u00bbleft\u00a0\u00bb][vc_column_inner column_padding=\u00a0\u00bbno-extra-padding\u00a0\u00bb column_padding_position=\u00a0\u00bball\u00a0\u00bb background_color_opacity=\u00a0\u00bb1&Prime; background_hover_color_opacity=\u00a0\u00bb1&Prime; font_color=\u00a0\u00bb#ffffff\u00a0\u00bb column_shadow=\u00a0\u00bbnone\u00a0\u00bb column_border_radius=\u00a0\u00bbnone\u00a0\u00bb column_link_target=\u00a0\u00bb_self\u00a0\u00bb width=\u00a0\u00bb1\/1&Prime; tablet_width_inherit=\u00a0\u00bbdefault\u00a0\u00bb overlay_strength=\u00a0\u00bb0.3&Prime; column_border_width=\u00a0\u00bbnone\u00a0\u00bb column_border_style=\u00a0\u00bbsolid\u00a0\u00bb bg_image_animation=\u00a0\u00bbnone\u00a0\u00bb][vc_column_text]\n<h4 style=\"color: #1d1d1b;\"><i class=\"fa fa-map-signs\" style=\"color: #fff;\"><\/i> O\u00f9 sommes-nous ?<\/h4>\n<p>Venez nous rencontrer dans notre agence de Dieppe :<br \/>\n22 Rue de la Morini\u00e8re<br \/>\n76200 Dieppe<br \/>\n<a style=\"color: #1d1d1b;\" href=\"https:\/\/www.google.com\/maps\/dir\/\/Auto+Ecole+JEREMIE,+Rue+de+la+Morini\u00e8re,+Dieppe\/@49.9260061,1.0724343,1379m\/data=!3m1!1e3!4m9!4m8!1m0!1m5!1m1!1s0x47e098a98d6cdab1:0xc01cc72570e7893b!2m2!1d1.0753385!2d49.9258494!3e2?entry=ttu&amp;g_ep=EgoyMDI1MDIxMi4wIKXMDSoJLDEwMjExNDU1SAFQAw%3D%3D\" target=\"_blank\" rel=\"noopener\">Plan d&rsquo;acc\u00e8s<\/a>[\/vc_column_text][\/vc_column_inner][\/vc_row_inner][vc_row_inner column_margin=\u00a0\u00bbdefault\u00a0\u00bb bottom_padding=\u00a0\u00bb30&Prime; text_align=\u00a0\u00bbleft\u00a0\u00bb][vc_column_inner column_padding=\u00a0\u00bbno-extra-padding\u00a0\u00bb column_padding_position=\u00a0\u00bball\u00a0\u00bb background_color_opacity=\u00a0\u00bb1&Prime; background_hover_color_opacity=\u00a0\u00bb1&Prime; font_color=\u00a0\u00bb#ffffff\u00a0\u00bb column_shadow=\u00a0\u00bbnone\u00a0\u00bb column_border_radius=\u00a0\u00bbnone\u00a0\u00bb bottom_margin=\u00a0\u00bb30&Prime; column_link_target=\u00a0\u00bb_self\u00a0\u00bb width=\u00a0\u00bb1\/1&Prime; tablet_width_inherit=\u00a0\u00bbdefault\u00a0\u00bb overlay_strength=\u00a0\u00bb0.3&Prime; column_border_width=\u00a0\u00bbnone\u00a0\u00bb column_border_style=\u00a0\u00bbsolid\u00a0\u00bb bg_image_animation=\u00a0\u00bbnone\u00a0\u00bb][vc_column_text]\n<h4 style=\"color: #1d1d1b;\"><i class=\"fa fa-comments\" style=\"color: #fff;\"><\/i> Nos coordonn\u00e9es<\/h4>\n<p><a class=\"phone\" href=\"tel:02.35.40.41.77\">02 35 40 41 77<\/a><br \/>\n<a class=\"phone\" href=\"mailto:aejeremie76@gmail.com\">Envoyer un mail<\/a>[\/vc_column_text][\/vc_column_inner][\/vc_row_inner][vc_row_inner column_margin=\u00a0\u00bbdefault\u00a0\u00bb bottom_padding=\u00a0\u00bb30&Prime; text_align=\u00a0\u00bbleft\u00a0\u00bb][vc_column_inner column_padding=\u00a0\u00bbno-extra-padding\u00a0\u00bb column_padding_position=\u00a0\u00bball\u00a0\u00bb background_color_opacity=\u00a0\u00bb1&Prime; background_hover_color_opacity=\u00a0\u00bb1&Prime; font_color=\u00a0\u00bb#ffffff\u00a0\u00bb column_shadow=\u00a0\u00bbnone\u00a0\u00bb column_border_radius=\u00a0\u00bbnone\u00a0\u00bb column_link_target=\u00a0\u00bb_self\u00a0\u00bb width=\u00a0\u00bb1\/1&Prime; tablet_width_inherit=\u00a0\u00bbdefault\u00a0\u00bb overlay_strength=\u00a0\u00bb0.3&Prime; column_border_width=\u00a0\u00bbnone\u00a0\u00bb column_border_style=\u00a0\u00bbsolid\u00a0\u00bb bg_image_animation=\u00a0\u00bbnone\u00a0\u00bb][vc_column_text]\n<h4 style=\"color: #1d1d1b;\"><i class=\"fa fa-clock\" style=\"color: #fff;\"><\/i> Nos horaires<\/h4>\n<p>Notre agence est ouverte :<\/p>\n<ul>\n<li>mardi : 15h-17h<\/li>\n<li>mercredi et vendredi : 17h-19h.<\/li>\n<li>samedi : 13h-15h.<\/li>\n<\/ul>\n[\/vc_column_text][\/vc_column_inner][\/vc_row_inner][\/vc_column][\/vc_row]\n","protected":false},"excerpt":{"rendered":"<p>[vc_row type=\u00a0\u00bbfull_width_content\u00a0\u00bb full_screen_row_position=\u00a0\u00bbmiddle\u00a0\u00bb equal_height=\u00a0\u00bbyes\u00a0\u00bb column_margin=\u00a0\u00bbnone\u00a0\u00bb bg_color=\u00a0\u00bb#ffffff\u00a0\u00bb scene_position=\u00a0\u00bbcenter\u00a0\u00bb text_color=\u00a0\u00bbdark\u00a0\u00bb text_align=\u00a0\u00bbleft\u00a0\u00bb class=\u00a0\u00bbmargin-form\u00a0\u00bb overlay_strength=\u00a0\u00bb1&Prime; shape_divider_position=\u00a0\u00bbbottom\u00a0\u00bb bg_image_animation=\u00a0\u00bbnone\u00a0\u00bb shape_type=\u00a0\u00bb\u00a0\u00bb][vc_column column_padding=\u00a0\u00bbpadding-4-percent\u00a0\u00bb column_padding_position=\u00a0\u00bball\u00a0\u00bb background_color=\u00a0\u00bb#ffffff\u00a0\u00bb background_color_opacity=\u00a0\u00bb1&Prime; background_hover_color_opacity=\u00a0\u00bb1&Prime; font_color=\u00a0\u00bb#040404&Prime; column_link_target=\u00a0\u00bb_self\u00a0\u00bb column_shadow=\u00a0\u00bbnone\u00a0\u00bb column_border_radius=\u00a0\u00bbnone\u00a0\u00bb width=\u00a0\u00bb2\/3&Prime; tablet_width_inherit=\u00a0\u00bbdefault\u00a0\u00bb tablet_text_alignment=\u00a0\u00bbdefault\u00a0\u00bb phone_text_alignment=\u00a0\u00bbdefault\u00a0\u00bb overlay_strength=\u00a0\u00bb0.3&Prime; column_border_width=\u00a0\u00bbnone\u00a0\u00bb column_border_style=\u00a0\u00bbsolid\u00a0\u00bb&#8230;<\/p>\n","protected":false},"author":1,"featured_media":17,"parent":0,"menu_order":0,"comment_status":"closed","ping_status":"closed","template":"","meta":{"footnotes":""},"class_list":["post-11","page","type-page","status-publish","has-post-thumbnail"],"yoast_head":"<!-- This site is optimized with the Yoast SEO plugin v26.8 - https:\/\/yoast.com\/product\/yoast-seo-wordpress\/ -->\n<title>Contactez nous - Auto-\u00e9cole J\u00e9r\u00e9mie \u00e0 Dieppe (76)<\/title>\n<meta name=\"description\" content=\"Contactez l&#039;Auto-\u00e9cole J\u00e9r\u00e9mie \u00e0 Dieppe (76), par t\u00e9l\u00e9phone, par email ou prendre rendez-vous en agence aux horaires d&#039;ouverture.\" \/>\n<meta name=\"robots\" content=\"noindex, follow, max-snippet:-1, max-image-preview:large, max-video-preview:-1\" \/>\n<meta property=\"og:locale\" content=\"fr_FR\" \/>\n<meta property=\"og:type\" content=\"article\" \/>\n<meta property=\"og:title\" content=\"Contactez nous - Auto-\u00e9cole J\u00e9r\u00e9mie \u00e0 Dieppe (76)\" \/>\n<meta property=\"og:description\" content=\"Contactez l&#039;Auto-\u00e9cole J\u00e9r\u00e9mie \u00e0 Dieppe (76), par t\u00e9l\u00e9phone, par email ou prendre rendez-vous en agence aux horaires d&#039;ouverture.\" \/>\n<meta property=\"og:url\" content=\"https:\/\/de-vv.com\/jeremie\/contact\/\" \/>\n<meta property=\"og:site_name\" content=\"Auto-\u00e9cole J\u00e9r\u00e9mie\" \/>\n<meta property=\"article:modified_time\" content=\"2025-02-15T15:01:41+00:00\" \/>\n<meta property=\"og:image\" content=\"https:\/\/de-vv.com\/jeremie\/wp-content\/uploads\/2025\/02\/Auto-ecole-Jeremie-logo-noir.png\" \/>\n\t<meta property=\"og:image:width\" content=\"837\" \/>\n\t<meta property=\"og:image:height\" content=\"298\" \/>\n\t<meta property=\"og:image:type\" content=\"image\/png\" \/>\n<meta name=\"twitter:card\" content=\"summary_large_image\" \/>\n<meta name=\"twitter:label1\" content=\"Dur\u00e9e de lecture estim\u00e9e\" \/>\n\t<meta name=\"twitter:data1\" content=\"2 minutes\" \/>\n<script type=\"application\/ld+json\" class=\"yoast-schema-graph\">{\"@context\":\"https:\/\/schema.org\",\"@graph\":[{\"@type\":\"WebPage\",\"@id\":\"https:\/\/de-vv.com\/jeremie\/contact\/\",\"url\":\"https:\/\/de-vv.com\/jeremie\/contact\/\",\"name\":\"Contactez nous - Auto-\u00e9cole J\u00e9r\u00e9mie \u00e0 Dieppe (76)\",\"isPartOf\":{\"@id\":\"https:\/\/de-vv.com\/jeremie\/#website\"},\"primaryImageOfPage\":{\"@id\":\"https:\/\/de-vv.com\/jeremie\/contact\/#primaryimage\"},\"image\":{\"@id\":\"https:\/\/de-vv.com\/jeremie\/contact\/#primaryimage\"},\"thumbnailUrl\":\"https:\/\/de-vv.com\/jeremie\/wp-content\/uploads\/2025\/02\/Auto-ecole-Jeremie-logo-noir.png\",\"datePublished\":\"2025-02-12T16:06:26+00:00\",\"dateModified\":\"2025-02-15T15:01:41+00:00\",\"description\":\"Contactez l'Auto-\u00e9cole J\u00e9r\u00e9mie \u00e0 Dieppe (76), par t\u00e9l\u00e9phone, par email ou prendre rendez-vous en agence aux horaires d'ouverture.\",\"breadcrumb\":{\"@id\":\"https:\/\/de-vv.com\/jeremie\/contact\/#breadcrumb\"},\"inLanguage\":\"fr-FR\",\"potentialAction\":[{\"@type\":\"ReadAction\",\"target\":[\"https:\/\/de-vv.com\/jeremie\/contact\/\"]}]},{\"@type\":\"ImageObject\",\"inLanguage\":\"fr-FR\",\"@id\":\"https:\/\/de-vv.com\/jeremie\/contact\/#primaryimage\",\"url\":\"https:\/\/de-vv.com\/jeremie\/wp-content\/uploads\/2025\/02\/Auto-ecole-Jeremie-logo-noir.png\",\"contentUrl\":\"https:\/\/de-vv.com\/jeremie\/wp-content\/uploads\/2025\/02\/Auto-ecole-Jeremie-logo-noir.png\",\"width\":837,\"height\":298,\"caption\":\"Auto-\u00e9cole J\u00e9r\u00e9mie - logo noir\"},{\"@type\":\"BreadcrumbList\",\"@id\":\"https:\/\/de-vv.com\/jeremie\/contact\/#breadcrumb\",\"itemListElement\":[{\"@type\":\"ListItem\",\"position\":1,\"name\":\"Accueil\",\"item\":\"https:\/\/de-vv.com\/jeremie\/\"},{\"@type\":\"ListItem\",\"position\":2,\"name\":\"Contact\"}]},{\"@type\":\"WebSite\",\"@id\":\"https:\/\/de-vv.com\/jeremie\/#website\",\"url\":\"https:\/\/de-vv.com\/jeremie\/\",\"name\":\"Auto-\u00e9cole J\u00e9r\u00e9mie\",\"description\":\"Votre auto-\u00e9cole \u00e0 Dieppe\",\"potentialAction\":[{\"@type\":\"SearchAction\",\"target\":{\"@type\":\"EntryPoint\",\"urlTemplate\":\"https:\/\/de-vv.com\/jeremie\/?s={search_term_string}\"},\"query-input\":{\"@type\":\"PropertyValueSpecification\",\"valueRequired\":true,\"valueName\":\"search_term_string\"}}],\"inLanguage\":\"fr-FR\"}]}<\/script>\n<!-- \/ Yoast SEO plugin. -->","yoast_head_json":{"title":"Contactez nous - Auto-\u00e9cole J\u00e9r\u00e9mie \u00e0 Dieppe (76)","description":"Contactez l'Auto-\u00e9cole J\u00e9r\u00e9mie \u00e0 Dieppe (76), par t\u00e9l\u00e9phone, par email ou prendre rendez-vous en agence aux horaires d'ouverture.","robots":{"index":"noindex","follow":"follow","max-snippet":"max-snippet:-1","max-image-preview":"max-image-preview:large","max-video-preview":"max-video-preview:-1"},"og_locale":"fr_FR","og_type":"article","og_title":"Contactez nous - Auto-\u00e9cole J\u00e9r\u00e9mie \u00e0 Dieppe (76)","og_description":"Contactez l'Auto-\u00e9cole J\u00e9r\u00e9mie \u00e0 Dieppe (76), par t\u00e9l\u00e9phone, par email ou prendre rendez-vous en agence aux horaires d'ouverture.","og_url":"https:\/\/de-vv.com\/jeremie\/contact\/","og_site_name":"Auto-\u00e9cole J\u00e9r\u00e9mie","article_modified_time":"2025-02-15T15:01:41+00:00","og_image":[{"width":837,"height":298,"url":"https:\/\/de-vv.com\/jeremie\/wp-content\/uploads\/2025\/02\/Auto-ecole-Jeremie-logo-noir.png","type":"image\/png"}],"twitter_card":"summary_large_image","twitter_misc":{"Dur\u00e9e de lecture estim\u00e9e":"2 minutes"},"schema":{"@context":"https:\/\/schema.org","@graph":[{"@type":"WebPage","@id":"https:\/\/de-vv.com\/jeremie\/contact\/","url":"https:\/\/de-vv.com\/jeremie\/contact\/","name":"Contactez nous - Auto-\u00e9cole J\u00e9r\u00e9mie \u00e0 Dieppe (76)","isPartOf":{"@id":"https:\/\/de-vv.com\/jeremie\/#website"},"primaryImageOfPage":{"@id":"https:\/\/de-vv.com\/jeremie\/contact\/#primaryimage"},"image":{"@id":"https:\/\/de-vv.com\/jeremie\/contact\/#primaryimage"},"thumbnailUrl":"https:\/\/de-vv.com\/jeremie\/wp-content\/uploads\/2025\/02\/Auto-ecole-Jeremie-logo-noir.png","datePublished":"2025-02-12T16:06:26+00:00","dateModified":"2025-02-15T15:01:41+00:00","description":"Contactez l'Auto-\u00e9cole J\u00e9r\u00e9mie \u00e0 Dieppe (76), par t\u00e9l\u00e9phone, par email ou prendre rendez-vous en agence aux horaires d'ouverture.","breadcrumb":{"@id":"https:\/\/de-vv.com\/jeremie\/contact\/#breadcrumb"},"inLanguage":"fr-FR","potentialAction":[{"@type":"ReadAction","target":["https:\/\/de-vv.com\/jeremie\/contact\/"]}]},{"@type":"ImageObject","inLanguage":"fr-FR","@id":"https:\/\/de-vv.com\/jeremie\/contact\/#primaryimage","url":"https:\/\/de-vv.com\/jeremie\/wp-content\/uploads\/2025\/02\/Auto-ecole-Jeremie-logo-noir.png","contentUrl":"https:\/\/de-vv.com\/jeremie\/wp-content\/uploads\/2025\/02\/Auto-ecole-Jeremie-logo-noir.png","width":837,"height":298,"caption":"Auto-\u00e9cole J\u00e9r\u00e9mie - logo noir"},{"@type":"BreadcrumbList","@id":"https:\/\/de-vv.com\/jeremie\/contact\/#breadcrumb","itemListElement":[{"@type":"ListItem","position":1,"name":"Accueil","item":"https:\/\/de-vv.com\/jeremie\/"},{"@type":"ListItem","position":2,"name":"Contact"}]},{"@type":"WebSite","@id":"https:\/\/de-vv.com\/jeremie\/#website","url":"https:\/\/de-vv.com\/jeremie\/","name":"Auto-\u00e9cole J\u00e9r\u00e9mie","description":"Votre auto-\u00e9cole \u00e0 Dieppe","potentialAction":[{"@type":"SearchAction","target":{"@type":"EntryPoint","urlTemplate":"https:\/\/de-vv.com\/jeremie\/?s={search_term_string}"},"query-input":{"@type":"PropertyValueSpecification","valueRequired":true,"valueName":"search_term_string"}}],"inLanguage":"fr-FR"}]}},"_links":{"self":[{"href":"https:\/\/de-vv.com\/jeremie\/wp-json\/wp\/v2\/pages\/11","targetHints":{"allow":["GET"]}}],"collection":[{"href":"https:\/\/de-vv.com\/jeremie\/wp-json\/wp\/v2\/pages"}],"about":[{"href":"https:\/\/de-vv.com\/jeremie\/wp-json\/wp\/v2\/types\/page"}],"author":[{"embeddable":true,"href":"https:\/\/de-vv.com\/jeremie\/wp-json\/wp\/v2\/users\/1"}],"replies":[{"embeddable":true,"href":"https:\/\/de-vv.com\/jeremie\/wp-json\/wp\/v2\/comments?post=11"}],"version-history":[{"count":4,"href":"https:\/\/de-vv.com\/jeremie\/wp-json\/wp\/v2\/pages\/11\/revisions"}],"predecessor-version":[{"id":114,"href":"https:\/\/de-vv.com\/jeremie\/wp-json\/wp\/v2\/pages\/11\/revisions\/114"}],"wp:featuredmedia":[{"embeddable":true,"href":"https:\/\/de-vv.com\/jeremie\/wp-json\/wp\/v2\/media\/17"}],"wp:attachment":[{"href":"https:\/\/de-vv.com\/jeremie\/wp-json\/wp\/v2\/media?parent=11"}],"curies":[{"name":"wp","href":"https:\/\/api.w.org\/{rel}","templated":true}]}}