{"id":44,"date":"2025-02-14T20:04:59","date_gmt":"2025-02-14T19:04:59","guid":{"rendered":"https:\/\/de-vv.com\/jeremie\/?page_id=44"},"modified":"2025-02-15T16:02:42","modified_gmt":"2025-02-15T15:02:42","slug":"documents-a-fournir","status":"publish","type":"page","link":"https:\/\/de-vv.com\/jeremie\/documents-a-fournir\/","title":{"rendered":"Documents \u00e0 fournir"},"content":{"rendered":"[vc_row type=\u00a0\u00bbfull_width_content\u00a0\u00bb full_screen_row_position=\u00a0\u00bbmiddle\u00a0\u00bb equal_height=\u00a0\u00bbyes\u00a0\u00bb column_margin=\u00a0\u00bbnone\u00a0\u00bb bg_color=\u00a0\u00bb#ffffff\u00a0\u00bb scene_position=\u00a0\u00bbcenter\u00a0\u00bb text_color=\u00a0\u00bbdark\u00a0\u00bb text_align=\u00a0\u00bbleft\u00a0\u00bb class=\u00a0\u00bbmargin-form\u00a0\u00bb overlay_strength=\u00a0\u00bb1&Prime; shape_divider_position=\u00a0\u00bbbottom\u00a0\u00bb bg_image_animation=\u00a0\u00bbnone\u00a0\u00bb shape_type=\u00a0\u00bb\u00a0\u00bb][vc_column column_padding=\u00a0\u00bbpadding-4-percent\u00a0\u00bb column_padding_position=\u00a0\u00bball\u00a0\u00bb background_color=\u00a0\u00bb#ffffff\u00a0\u00bb background_color_opacity=\u00a0\u00bb1&Prime; background_hover_color_opacity=\u00a0\u00bb1&Prime; font_color=\u00a0\u00bb#040404&Prime; column_link_target=\u00a0\u00bb_self\u00a0\u00bb column_shadow=\u00a0\u00bbnone\u00a0\u00bb column_border_radius=\u00a0\u00bbnone\u00a0\u00bb width=\u00a0\u00bb2\/3&Prime; tablet_width_inherit=\u00a0\u00bbdefault\u00a0\u00bb tablet_text_alignment=\u00a0\u00bbdefault\u00a0\u00bb phone_text_alignment=\u00a0\u00bbdefault\u00a0\u00bb overlay_strength=\u00a0\u00bb0.3&Prime; column_border_width=\u00a0\u00bbnone\u00a0\u00bb column_border_style=\u00a0\u00bbsolid\u00a0\u00bb bg_image_animation=\u00a0\u00bbnone\u00a0\u00bb][vc_column_text css=\u00a0\u00bb.vc_custom_1739604617776{border-left-width: 2% !important;padding-right: 2% !important;}\u00a0\u00bb]\n<h1>Documents \u00e0 founir<\/h1>\n[\/vc_column_text][divider line_type=\u00a0\u00bbSmall Line\u00a0\u00bb line_alignment=\u00a0\u00bbdefault\u00a0\u00bb line_thickness=\u00a0\u00bb2&Prime; divider_color=\u00a0\u00bbaccent-color\u00a0\u00bb animate=\u00a0\u00bbyes\u00a0\u00bb custom_height=\u00a0\u00bb20&Prime;][divider line_type=\u00a0\u00bbNo Line\u00a0\u00bb custom_height=\u00a0\u00bb20&Prime;][vc_column_text css=\u00a0\u00bb.vc_custom_1738944802245{padding-bottom: 20px !important;}\u00a0\u00bb]Retrouvez ci-dessous la liste des documents \u00e0 nous fournir \u00e0 l\u2019inscription. Ces documents sont n\u00e9cessaires pour la constitution de votre dossier et son\u00a0<a href=\"https:\/\/permisdeconduire.ants.gouv.fr\/\" target=\"_blank\" rel=\"noopener\">enregistrement aupr\u00e8s de France Titres<\/a>.[\/vc_column_text][nectar_food_menu_item style=\u00a0\u00bbdefault\u00a0\u00bb item_name_heading_tag=\u00a0\u00bbh4&Prime; item_name=\u00a0\u00bbPi\u00e8ce d&rsquo;identit\u00e9 \/ carte de s\u00e9jour en cours de validit\u00e9\u00a0\u00bb item_description=\u00a0\u00bb+ photocopie de la pi\u00e8ce d&rsquo;identit\u00e9 d&rsquo;un repr\u00e9sentant l\u00e9gal si l&rsquo;\u00e9l\u00e8ve est mineur.\u00a0\u00bb][nectar_food_menu_item style=\u00a0\u00bbdefault\u00a0\u00bb item_name_heading_tag=\u00a0\u00bbh4&Prime; item_name=\u00a0\u00bbE-photo d&rsquo;identit\u00e9 agr\u00e9es ANTS\u00a0\u00bb][nectar_food_menu_item style=\u00a0\u00bbdefault\u00a0\u00bb item_name_heading_tag=\u00a0\u00bbh4&Prime; item_name=\u00a0\u00bbJustificatif de domicile de moins de 3 mois\u00a0\u00bb item_description=\u00a0\u00bbSi vous \u00eates h\u00e9berg\u00e9 : attestation d&rsquo;h\u00e9bergement + photocopie de la pi\u00e8ce d&rsquo;identit\u00e9 de l&rsquo;h\u00e9bergeant\u00a0\u00bb][nectar_food_menu_item style=\u00a0\u00bbdefault\u00a0\u00bb item_name_heading_tag=\u00a0\u00bbh4&Prime; item_name=\u00a0\u00bbAttestation de participation \u00e0 la Journ\u00e9e D\u00e9fense et Citoyennet\u00e9 (JDC)\u00a0\u00bb item_description=\u00a0\u00bbPour les \u00e9l\u00e8ves \u00e2g\u00e9s de 17 \u00e0 25 ans.\u00a0\u00bb][\/vc_column][vc_column column_padding=\u00a0\u00bbpadding-4-percent\u00a0\u00bb column_padding_position=\u00a0\u00bball\u00a0\u00bb background_color=\u00a0\u00bb#ff1617&Prime; background_color_opacity=\u00a0\u00bb1&Prime; background_hover_color_opacity=\u00a0\u00bb1&Prime; column_link_target=\u00a0\u00bb_self\u00a0\u00bb column_shadow=\u00a0\u00bbnone\u00a0\u00bb column_border_radius=\u00a0\u00bbnone\u00a0\u00bb width=\u00a0\u00bb1\/3&Prime; tablet_width_inherit=\u00a0\u00bbdefault\u00a0\u00bb tablet_text_alignment=\u00a0\u00bbdefault\u00a0\u00bb phone_text_alignment=\u00a0\u00bbdefault\u00a0\u00bb overlay_strength=\u00a0\u00bb0.3&Prime; column_border_width=\u00a0\u00bbnone\u00a0\u00bb column_border_style=\u00a0\u00bbsolid\u00a0\u00bb bg_image_animation=\u00a0\u00bbnone\u00a0\u00bb][vc_row_inner column_margin=\u00a0\u00bbdefault\u00a0\u00bb bottom_padding=\u00a0\u00bb30&Prime; text_align=\u00a0\u00bbleft\u00a0\u00bb][vc_column_inner column_padding=\u00a0\u00bbno-extra-padding\u00a0\u00bb column_padding_position=\u00a0\u00bball\u00a0\u00bb background_color_opacity=\u00a0\u00bb1&Prime; background_hover_color_opacity=\u00a0\u00bb1&Prime; font_color=\u00a0\u00bb#ffffff\u00a0\u00bb column_shadow=\u00a0\u00bbnone\u00a0\u00bb column_border_radius=\u00a0\u00bbnone\u00a0\u00bb column_link_target=\u00a0\u00bb_self\u00a0\u00bb width=\u00a0\u00bb1\/1&Prime; tablet_width_inherit=\u00a0\u00bbdefault\u00a0\u00bb overlay_strength=\u00a0\u00bb0.3&Prime; column_border_width=\u00a0\u00bbnone\u00a0\u00bb column_border_style=\u00a0\u00bbsolid\u00a0\u00bb bg_image_animation=\u00a0\u00bbnone\u00a0\u00bb][vc_column_text]\n<h4 style=\"color: #1d1d1b;\"><i class=\"fa fa-map-signs\" style=\"color: #fff;\"><\/i> O\u00f9 sommes-nous ?<\/h4>\n<p>Venez nous rencontrer dans notre agence de Dieppe :<br \/>\n22 Rue de la Morini\u00e8re<br \/>\n76200 Dieppe<br \/>\n<a style=\"color: #1d1d1b;\" href=\"https:\/\/www.google.com\/maps\/dir\/\/Auto+Ecole+JEREMIE,+Rue+de+la+Morini\u00e8re,+Dieppe\/@49.9260061,1.0724343,1379m\/data=!3m1!1e3!4m9!4m8!1m0!1m5!1m1!1s0x47e098a98d6cdab1:0xc01cc72570e7893b!2m2!1d1.0753385!2d49.9258494!3e2?entry=ttu&amp;g_ep=EgoyMDI1MDIxMi4wIKXMDSoJLDEwMjExNDU1SAFQAw%3D%3D\" target=\"_blank\" rel=\"noopener\">Plan d&rsquo;acc\u00e8s<\/a>[\/vc_column_text][\/vc_column_inner][\/vc_row_inner][vc_row_inner column_margin=\u00a0\u00bbdefault\u00a0\u00bb bottom_padding=\u00a0\u00bb30&Prime; text_align=\u00a0\u00bbleft\u00a0\u00bb][vc_column_inner column_padding=\u00a0\u00bbno-extra-padding\u00a0\u00bb column_padding_position=\u00a0\u00bball\u00a0\u00bb background_color_opacity=\u00a0\u00bb1&Prime; background_hover_color_opacity=\u00a0\u00bb1&Prime; font_color=\u00a0\u00bb#ffffff\u00a0\u00bb column_shadow=\u00a0\u00bbnone\u00a0\u00bb column_border_radius=\u00a0\u00bbnone\u00a0\u00bb bottom_margin=\u00a0\u00bb30&Prime; column_link_target=\u00a0\u00bb_self\u00a0\u00bb width=\u00a0\u00bb1\/1&Prime; tablet_width_inherit=\u00a0\u00bbdefault\u00a0\u00bb overlay_strength=\u00a0\u00bb0.3&Prime; column_border_width=\u00a0\u00bbnone\u00a0\u00bb column_border_style=\u00a0\u00bbsolid\u00a0\u00bb bg_image_animation=\u00a0\u00bbnone\u00a0\u00bb][vc_column_text]\n<h4 style=\"color: #1d1d1b;\"><i class=\"fa fa-comments\" style=\"color: #fff;\"><\/i> Nos coordonn\u00e9es<\/h4>\n<p><a class=\"phone\" href=\"tel:02.35.40.41.77\">02 35 40 41 77<\/a><br \/>\n<a class=\"phone\" href=\"mailto:aejeremie76@gmail.com\">Envoyer un mail<\/a>[\/vc_column_text][\/vc_column_inner][\/vc_row_inner][vc_row_inner column_margin=\u00a0\u00bbdefault\u00a0\u00bb bottom_padding=\u00a0\u00bb30&Prime; text_align=\u00a0\u00bbleft\u00a0\u00bb][vc_column_inner column_padding=\u00a0\u00bbno-extra-padding\u00a0\u00bb column_padding_position=\u00a0\u00bball\u00a0\u00bb background_color_opacity=\u00a0\u00bb1&Prime; background_hover_color_opacity=\u00a0\u00bb1&Prime; font_color=\u00a0\u00bb#ffffff\u00a0\u00bb column_shadow=\u00a0\u00bbnone\u00a0\u00bb column_border_radius=\u00a0\u00bbnone\u00a0\u00bb column_link_target=\u00a0\u00bb_self\u00a0\u00bb width=\u00a0\u00bb1\/1&Prime; tablet_width_inherit=\u00a0\u00bbdefault\u00a0\u00bb overlay_strength=\u00a0\u00bb0.3&Prime; column_border_width=\u00a0\u00bbnone\u00a0\u00bb column_border_style=\u00a0\u00bbsolid\u00a0\u00bb bg_image_animation=\u00a0\u00bbnone\u00a0\u00bb][vc_column_text]\n<h4 style=\"color: #1d1d1b;\"><i class=\"fa fa-clock\" style=\"color: #fff;\"><\/i> Nos horaires<\/h4>\n<p>Notre agence est ouverte :<\/p>\n<ul>\n<li>mardi : 15h-17h<\/li>\n<li>mercredi et vendredi : 17h-19h.<\/li>\n<li>samedi : 13h-15h.<\/li>\n<\/ul>\n[\/vc_column_text][\/vc_column_inner][\/vc_row_inner][\/vc_column][\/vc_row]\n","protected":false},"excerpt":{"rendered":"<p>[vc_row type=\u00a0\u00bbfull_width_content\u00a0\u00bb full_screen_row_position=\u00a0\u00bbmiddle\u00a0\u00bb equal_height=\u00a0\u00bbyes\u00a0\u00bb column_margin=\u00a0\u00bbnone\u00a0\u00bb bg_color=\u00a0\u00bb#ffffff\u00a0\u00bb scene_position=\u00a0\u00bbcenter\u00a0\u00bb text_color=\u00a0\u00bbdark\u00a0\u00bb text_align=\u00a0\u00bbleft\u00a0\u00bb class=\u00a0\u00bbmargin-form\u00a0\u00bb overlay_strength=\u00a0\u00bb1&Prime; shape_divider_position=\u00a0\u00bbbottom\u00a0\u00bb bg_image_animation=\u00a0\u00bbnone\u00a0\u00bb shape_type=\u00a0\u00bb\u00a0\u00bb][vc_column column_padding=\u00a0\u00bbpadding-4-percent\u00a0\u00bb column_padding_position=\u00a0\u00bball\u00a0\u00bb background_color=\u00a0\u00bb#ffffff\u00a0\u00bb background_color_opacity=\u00a0\u00bb1&Prime; background_hover_color_opacity=\u00a0\u00bb1&Prime; font_color=\u00a0\u00bb#040404&Prime; column_link_target=\u00a0\u00bb_self\u00a0\u00bb column_shadow=\u00a0\u00bbnone\u00a0\u00bb column_border_radius=\u00a0\u00bbnone\u00a0\u00bb width=\u00a0\u00bb2\/3&Prime; tablet_width_inherit=\u00a0\u00bbdefault\u00a0\u00bb tablet_text_alignment=\u00a0\u00bbdefault\u00a0\u00bb phone_text_alignment=\u00a0\u00bbdefault\u00a0\u00bb overlay_strength=\u00a0\u00bb0.3&Prime; column_border_width=\u00a0\u00bbnone\u00a0\u00bb column_border_style=\u00a0\u00bbsolid\u00a0\u00bb&#8230;<\/p>\n","protected":false},"author":1,"featured_media":17,"parent":0,"menu_order":0,"comment_status":"closed","ping_status":"closed","template":"","meta":{"footnotes":""},"class_list":["post-44","page","type-page","status-publish","has-post-thumbnail"],"yoast_head":"<!-- This site is optimized with the Yoast SEO plugin v26.8 - https:\/\/yoast.com\/product\/yoast-seo-wordpress\/ -->\n<title>Documents \u00e0 fournir pour l&#039;inscription au permis de conduire - Auto-\u00e9cole J\u00e9r\u00e9mie<\/title>\n<meta name=\"description\" content=\"Retrouvez la liste des documents \u00e0 fournir pour l&#039;inscription au permis de conduire au sein de l&#039;Auto-\u00e9cole J\u00e9r\u00e9mie \u00e0 Dieppe (76).\" \/>\n<meta name=\"robots\" content=\"noindex, follow, max-snippet:-1, max-image-preview:large, max-video-preview:-1\" \/>\n<meta property=\"og:locale\" content=\"fr_FR\" \/>\n<meta property=\"og:type\" content=\"article\" \/>\n<meta property=\"og:title\" content=\"Documents \u00e0 fournir pour l&#039;inscription au permis de conduire - Auto-\u00e9cole J\u00e9r\u00e9mie\" \/>\n<meta property=\"og:description\" content=\"Retrouvez la liste des documents \u00e0 fournir pour l&#039;inscription au permis de conduire au sein de l&#039;Auto-\u00e9cole J\u00e9r\u00e9mie \u00e0 Dieppe (76).\" \/>\n<meta property=\"og:url\" content=\"https:\/\/de-vv.com\/jeremie\/documents-a-fournir\/\" \/>\n<meta property=\"og:site_name\" content=\"Auto-\u00e9cole J\u00e9r\u00e9mie\" \/>\n<meta property=\"article:modified_time\" content=\"2025-02-15T15:02:42+00:00\" \/>\n<meta property=\"og:image\" content=\"https:\/\/de-vv.com\/jeremie\/wp-content\/uploads\/2025\/02\/Auto-ecole-Jeremie-logo-noir.png\" \/>\n\t<meta property=\"og:image:width\" content=\"837\" \/>\n\t<meta property=\"og:image:height\" content=\"298\" \/>\n\t<meta property=\"og:image:type\" content=\"image\/png\" \/>\n<meta name=\"twitter:card\" content=\"summary_large_image\" \/>\n<meta name=\"twitter:label1\" content=\"Dur\u00e9e de lecture estim\u00e9e\" \/>\n\t<meta name=\"twitter:data1\" content=\"2 minutes\" \/>\n<script type=\"application\/ld+json\" class=\"yoast-schema-graph\">{\"@context\":\"https:\/\/schema.org\",\"@graph\":[{\"@type\":\"WebPage\",\"@id\":\"https:\/\/de-vv.com\/jeremie\/documents-a-fournir\/\",\"url\":\"https:\/\/de-vv.com\/jeremie\/documents-a-fournir\/\",\"name\":\"Documents \u00e0 fournir pour l'inscription au permis de conduire - Auto-\u00e9cole J\u00e9r\u00e9mie\",\"isPartOf\":{\"@id\":\"https:\/\/de-vv.com\/jeremie\/#website\"},\"primaryImageOfPage\":{\"@id\":\"https:\/\/de-vv.com\/jeremie\/documents-a-fournir\/#primaryimage\"},\"image\":{\"@id\":\"https:\/\/de-vv.com\/jeremie\/documents-a-fournir\/#primaryimage\"},\"thumbnailUrl\":\"https:\/\/de-vv.com\/jeremie\/wp-content\/uploads\/2025\/02\/Auto-ecole-Jeremie-logo-noir.png\",\"datePublished\":\"2025-02-14T19:04:59+00:00\",\"dateModified\":\"2025-02-15T15:02:42+00:00\",\"description\":\"Retrouvez la liste des documents \u00e0 fournir pour l'inscription au permis de conduire au sein de l'Auto-\u00e9cole J\u00e9r\u00e9mie \u00e0 Dieppe (76).\",\"breadcrumb\":{\"@id\":\"https:\/\/de-vv.com\/jeremie\/documents-a-fournir\/#breadcrumb\"},\"inLanguage\":\"fr-FR\",\"potentialAction\":[{\"@type\":\"ReadAction\",\"target\":[\"https:\/\/de-vv.com\/jeremie\/documents-a-fournir\/\"]}]},{\"@type\":\"ImageObject\",\"inLanguage\":\"fr-FR\",\"@id\":\"https:\/\/de-vv.com\/jeremie\/documents-a-fournir\/#primaryimage\",\"url\":\"https:\/\/de-vv.com\/jeremie\/wp-content\/uploads\/2025\/02\/Auto-ecole-Jeremie-logo-noir.png\",\"contentUrl\":\"https:\/\/de-vv.com\/jeremie\/wp-content\/uploads\/2025\/02\/Auto-ecole-Jeremie-logo-noir.png\",\"width\":837,\"height\":298,\"caption\":\"Auto-\u00e9cole J\u00e9r\u00e9mie - logo noir\"},{\"@type\":\"BreadcrumbList\",\"@id\":\"https:\/\/de-vv.com\/jeremie\/documents-a-fournir\/#breadcrumb\",\"itemListElement\":[{\"@type\":\"ListItem\",\"position\":1,\"name\":\"Accueil\",\"item\":\"https:\/\/de-vv.com\/jeremie\/\"},{\"@type\":\"ListItem\",\"position\":2,\"name\":\"Documents \u00e0 fournir\"}]},{\"@type\":\"WebSite\",\"@id\":\"https:\/\/de-vv.com\/jeremie\/#website\",\"url\":\"https:\/\/de-vv.com\/jeremie\/\",\"name\":\"Auto-\u00e9cole J\u00e9r\u00e9mie\",\"description\":\"Votre auto-\u00e9cole \u00e0 Dieppe\",\"potentialAction\":[{\"@type\":\"SearchAction\",\"target\":{\"@type\":\"EntryPoint\",\"urlTemplate\":\"https:\/\/de-vv.com\/jeremie\/?s={search_term_string}\"},\"query-input\":{\"@type\":\"PropertyValueSpecification\",\"valueRequired\":true,\"valueName\":\"search_term_string\"}}],\"inLanguage\":\"fr-FR\"}]}<\/script>\n<!-- \/ Yoast SEO plugin. -->","yoast_head_json":{"title":"Documents \u00e0 fournir pour l'inscription au permis de conduire - Auto-\u00e9cole J\u00e9r\u00e9mie","description":"Retrouvez la liste des documents \u00e0 fournir pour l'inscription au permis de conduire au sein de l'Auto-\u00e9cole J\u00e9r\u00e9mie \u00e0 Dieppe (76).","robots":{"index":"noindex","follow":"follow","max-snippet":"max-snippet:-1","max-image-preview":"max-image-preview:large","max-video-preview":"max-video-preview:-1"},"og_locale":"fr_FR","og_type":"article","og_title":"Documents \u00e0 fournir pour l'inscription au permis de conduire - Auto-\u00e9cole J\u00e9r\u00e9mie","og_description":"Retrouvez la liste des documents \u00e0 fournir pour l'inscription au permis de conduire au sein de l'Auto-\u00e9cole J\u00e9r\u00e9mie \u00e0 Dieppe (76).","og_url":"https:\/\/de-vv.com\/jeremie\/documents-a-fournir\/","og_site_name":"Auto-\u00e9cole J\u00e9r\u00e9mie","article_modified_time":"2025-02-15T15:02:42+00:00","og_image":[{"width":837,"height":298,"url":"https:\/\/de-vv.com\/jeremie\/wp-content\/uploads\/2025\/02\/Auto-ecole-Jeremie-logo-noir.png","type":"image\/png"}],"twitter_card":"summary_large_image","twitter_misc":{"Dur\u00e9e de lecture estim\u00e9e":"2 minutes"},"schema":{"@context":"https:\/\/schema.org","@graph":[{"@type":"WebPage","@id":"https:\/\/de-vv.com\/jeremie\/documents-a-fournir\/","url":"https:\/\/de-vv.com\/jeremie\/documents-a-fournir\/","name":"Documents \u00e0 fournir pour l'inscription au permis de conduire - Auto-\u00e9cole J\u00e9r\u00e9mie","isPartOf":{"@id":"https:\/\/de-vv.com\/jeremie\/#website"},"primaryImageOfPage":{"@id":"https:\/\/de-vv.com\/jeremie\/documents-a-fournir\/#primaryimage"},"image":{"@id":"https:\/\/de-vv.com\/jeremie\/documents-a-fournir\/#primaryimage"},"thumbnailUrl":"https:\/\/de-vv.com\/jeremie\/wp-content\/uploads\/2025\/02\/Auto-ecole-Jeremie-logo-noir.png","datePublished":"2025-02-14T19:04:59+00:00","dateModified":"2025-02-15T15:02:42+00:00","description":"Retrouvez la liste des documents \u00e0 fournir pour l'inscription au permis de conduire au sein de l'Auto-\u00e9cole J\u00e9r\u00e9mie \u00e0 Dieppe (76).","breadcrumb":{"@id":"https:\/\/de-vv.com\/jeremie\/documents-a-fournir\/#breadcrumb"},"inLanguage":"fr-FR","potentialAction":[{"@type":"ReadAction","target":["https:\/\/de-vv.com\/jeremie\/documents-a-fournir\/"]}]},{"@type":"ImageObject","inLanguage":"fr-FR","@id":"https:\/\/de-vv.com\/jeremie\/documents-a-fournir\/#primaryimage","url":"https:\/\/de-vv.com\/jeremie\/wp-content\/uploads\/2025\/02\/Auto-ecole-Jeremie-logo-noir.png","contentUrl":"https:\/\/de-vv.com\/jeremie\/wp-content\/uploads\/2025\/02\/Auto-ecole-Jeremie-logo-noir.png","width":837,"height":298,"caption":"Auto-\u00e9cole J\u00e9r\u00e9mie - logo noir"},{"@type":"BreadcrumbList","@id":"https:\/\/de-vv.com\/jeremie\/documents-a-fournir\/#breadcrumb","itemListElement":[{"@type":"ListItem","position":1,"name":"Accueil","item":"https:\/\/de-vv.com\/jeremie\/"},{"@type":"ListItem","position":2,"name":"Documents \u00e0 fournir"}]},{"@type":"WebSite","@id":"https:\/\/de-vv.com\/jeremie\/#website","url":"https:\/\/de-vv.com\/jeremie\/","name":"Auto-\u00e9cole J\u00e9r\u00e9mie","description":"Votre auto-\u00e9cole \u00e0 Dieppe","potentialAction":[{"@type":"SearchAction","target":{"@type":"EntryPoint","urlTemplate":"https:\/\/de-vv.com\/jeremie\/?s={search_term_string}"},"query-input":{"@type":"PropertyValueSpecification","valueRequired":true,"valueName":"search_term_string"}}],"inLanguage":"fr-FR"}]}},"_links":{"self":[{"href":"https:\/\/de-vv.com\/jeremie\/wp-json\/wp\/v2\/pages\/44","targetHints":{"allow":["GET"]}}],"collection":[{"href":"https:\/\/de-vv.com\/jeremie\/wp-json\/wp\/v2\/pages"}],"about":[{"href":"https:\/\/de-vv.com\/jeremie\/wp-json\/wp\/v2\/types\/page"}],"author":[{"embeddable":true,"href":"https:\/\/de-vv.com\/jeremie\/wp-json\/wp\/v2\/users\/1"}],"replies":[{"embeddable":true,"href":"https:\/\/de-vv.com\/jeremie\/wp-json\/wp\/v2\/comments?post=44"}],"version-history":[{"count":5,"href":"https:\/\/de-vv.com\/jeremie\/wp-json\/wp\/v2\/pages\/44\/revisions"}],"predecessor-version":[{"id":115,"href":"https:\/\/de-vv.com\/jeremie\/wp-json\/wp\/v2\/pages\/44\/revisions\/115"}],"wp:featuredmedia":[{"embeddable":true,"href":"https:\/\/de-vv.com\/jeremie\/wp-json\/wp\/v2\/media\/17"}],"wp:attachment":[{"href":"https:\/\/de-vv.com\/jeremie\/wp-json\/wp\/v2\/media?parent=44"}],"curies":[{"name":"wp","href":"https:\/\/api.w.org\/{rel}","templated":true}]}}