{"id":192,"date":"2022-01-22T21:23:29","date_gmt":"2022-01-22T20:23:29","guid":{"rendered":"https:\/\/de-vv.com\/laser\/?page_id=192"},"modified":"2022-01-22T21:44:13","modified_gmt":"2022-01-22T20:44:13","slug":"permis-premier-coup","status":"publish","type":"page","link":"https:\/\/de-vv.com\/laser\/permis-premier-coup\/","title":{"rendered":"Permis premier coup"},"content":{"rendered":"[vc_row type=\u00a0\u00bbin_container\u00a0\u00bb full_screen_row_position=\u00a0\u00bbmiddle\u00a0\u00bb column_margin=\u00a0\u00bbdefault\u00a0\u00bb scene_position=\u00a0\u00bbcenter\u00a0\u00bb text_color=\u00a0\u00bbdark\u00a0\u00bb text_align=\u00a0\u00bbleft\u00a0\u00bb overlay_strength=\u00a0\u00bb0.3&Prime; shape_divider_position=\u00a0\u00bbbottom\u00a0\u00bb bg_image_animation=\u00a0\u00bbnone\u00a0\u00bb][vc_column column_padding=\u00a0\u00bbno-extra-padding\u00a0\u00bb column_padding_position=\u00a0\u00bball\u00a0\u00bb background_color_opacity=\u00a0\u00bb1&Prime; background_hover_color_opacity=\u00a0\u00bb1&Prime; column_link_target=\u00a0\u00bb_self\u00a0\u00bb column_shadow=\u00a0\u00bbnone\u00a0\u00bb column_border_radius=\u00a0\u00bbnone\u00a0\u00bb width=\u00a0\u00bb1\/1&Prime; tablet_width_inherit=\u00a0\u00bbdefault\u00a0\u00bb tablet_text_alignment=\u00a0\u00bbdefault\u00a0\u00bb phone_text_alignment=\u00a0\u00bbdefault\u00a0\u00bb overlay_strength=\u00a0\u00bb0.3&Prime; column_border_width=\u00a0\u00bbnone\u00a0\u00bb column_border_style=\u00a0\u00bbsolid\u00a0\u00bb bg_image_animation=\u00a0\u00bbnone\u00a0\u00bb][vc_column_text]\n<h1>Obtenir son permis du premier coup<\/h1>\n[\/vc_column_text][vc_column_text]\n<h3 class=\"intro\">Notre objectif : la r\u00e9ussite au 1<sup>er<\/sup>\u00a0passage<\/h3>\n<p>Avec notre\u00a0<strong>m\u00e9thode<\/strong>, des milliers de permis obtenus lors du 1<sup>er<\/sup> passage depuis 1994.<\/p>\n<p>En effet, contrairement \u00e0 ce que l&rsquo;on pourrait penser, il vaut mieux effectuer quelques heures suppl\u00e9mentaires afin de mieux se pr\u00e9parer aux examens pratique plut\u00f4t que de risquer b\u00eatement l&rsquo;\u00e9chec.<\/p>\n<p>Un \u00e9chec qui se traduit souvent par une longue p\u00e9riode d&rsquo;attente ( 2 \u00e0 6 mois selon les d\u00e9partements).<\/p>\n<ul>\n<li>Perte d&rsquo;un emploi puisque pas de permis<\/li>\n<li>Co\u00fbt des le\u00e7ons suppl\u00e9mentaires (Progesser et maintenir le niveau)<\/li>\n<li>Examen suppl\u00e9mentaire (Souvent plus onereux suivant les \u00e9tablissement)<\/li>\n<li>D\u00e9motivation du \u00e0 tous ces probl\u00e8mes<\/li>\n<\/ul>\n<p>Alors que tout ceci aurait pu \u00eatre \u00e9vit\u00e9 avec notre m\u00e9thode (la r\u00e9ussite au 1<sup>er<\/sup>\u00a0passage).<\/p>\n<h3 class=\"titre\">Pensez y avant de vous inscrire ?<\/h3>\n<p>Quel est le candidat au Permis de conduire qui \u00e0 payer le\u00a0<strong>moins cher \u00e0 la sortie<\/strong>\u00a0(Permis en poche)<\/p>\n<ul>\n<li>Celui qui a effectu\u00e9 un peu plus d&rsquo;heures et a obtenu le permis de conduire du 1<sup>er<\/sup>\u00a0coup<\/li>\n<li>Celui qui a pass\u00e9 (2, 3, 4, 5 et parfois plus) sachant que ces passages de conduite ont des intervalles pouvant aller de 1 \u00e0 6 mois, voir plus certaines fois et que les pr\u00e9sentations aux examens (2<sup>\u00e8me<\/sup>, 3\u00a0<sup>\u00e8me<\/sup>,&#8230;) sont souvent plus ch\u00e8res (dans certains \u00e9tablissement).<\/li>\n<\/ul>\n[\/vc_column_text][\/vc_column][\/vc_row]\n","protected":false},"excerpt":{"rendered":"<p>[vc_row type=\u00a0\u00bbin_container\u00a0\u00bb full_screen_row_position=\u00a0\u00bbmiddle\u00a0\u00bb column_margin=\u00a0\u00bbdefault\u00a0\u00bb scene_position=\u00a0\u00bbcenter\u00a0\u00bb text_color=\u00a0\u00bbdark\u00a0\u00bb text_align=\u00a0\u00bbleft\u00a0\u00bb overlay_strength=\u00a0\u00bb0.3&Prime; shape_divider_position=\u00a0\u00bbbottom\u00a0\u00bb bg_image_animation=\u00a0\u00bbnone\u00a0\u00bb][vc_column column_padding=\u00a0\u00bbno-extra-padding\u00a0\u00bb column_padding_position=\u00a0\u00bball\u00a0\u00bb background_color_opacity=\u00a0\u00bb1&Prime; background_hover_color_opacity=\u00a0\u00bb1&Prime; column_link_target=\u00a0\u00bb_self\u00a0\u00bb column_shadow=\u00a0\u00bbnone\u00a0\u00bb column_border_radius=\u00a0\u00bbnone\u00a0\u00bb width=\u00a0\u00bb1\/1&Prime; tablet_width_inherit=\u00a0\u00bbdefault\u00a0\u00bb tablet_text_alignment=\u00a0\u00bbdefault\u00a0\u00bb phone_text_alignment=\u00a0\u00bbdefault\u00a0\u00bb overlay_strength=\u00a0\u00bb0.3&Prime; column_border_width=\u00a0\u00bbnone\u00a0\u00bb column_border_style=\u00a0\u00bbsolid\u00a0\u00bb bg_image_animation=\u00a0\u00bbnone\u00a0\u00bb][vc_column_text] Obtenir son permis du premier&#8230;<\/p>\n","protected":false},"author":1,"featured_media":0,"parent":0,"menu_order":0,"comment_status":"closed","ping_status":"closed","template":"page-sidebar.php","meta":[],"yoast_head":"<!-- This site is optimized with the Yoast SEO plugin v18.0 - https:\/\/yoast.com\/wordpress\/plugins\/seo\/ -->\n<title>Obtenir le permis du premier coup - Auto-\u00e9cole Laser<\/title>\n<meta name=\"robots\" content=\"noindex, follow, max-snippet:-1, max-image-preview:large, max-video-preview:-1\" \/>\n<meta property=\"og:locale\" content=\"fr_FR\" \/>\n<meta property=\"og:type\" content=\"article\" \/>\n<meta property=\"og:title\" content=\"Obtenir le permis du premier coup - Auto-\u00e9cole Laser\" \/>\n<meta property=\"og:description\" content=\"[vc_row type=\u00a0\u00bbin_container\u00a0\u00bb full_screen_row_position=\u00a0\u00bbmiddle\u00a0\u00bb column_margin=\u00a0\u00bbdefault\u00a0\u00bb scene_position=\u00a0\u00bbcenter\u00a0\u00bb text_color=\u00a0\u00bbdark\u00a0\u00bb text_align=\u00a0\u00bbleft\u00a0\u00bb overlay_strength=\u00a0\u00bb0.3&Prime; shape_divider_position=\u00a0\u00bbbottom\u00a0\u00bb bg_image_animation=\u00a0\u00bbnone\u00a0\u00bb][vc_column column_padding=\u00a0\u00bbno-extra-padding\u00a0\u00bb column_padding_position=\u00a0\u00bball\u00a0\u00bb background_color_opacity=\u00a0\u00bb1&Prime; background_hover_color_opacity=\u00a0\u00bb1&Prime; column_link_target=\u00a0\u00bb_self\u00a0\u00bb column_shadow=\u00a0\u00bbnone\u00a0\u00bb column_border_radius=\u00a0\u00bbnone\u00a0\u00bb width=\u00a0\u00bb1\/1&Prime; tablet_width_inherit=\u00a0\u00bbdefault\u00a0\u00bb tablet_text_alignment=\u00a0\u00bbdefault\u00a0\u00bb phone_text_alignment=\u00a0\u00bbdefault\u00a0\u00bb overlay_strength=\u00a0\u00bb0.3&Prime; column_border_width=\u00a0\u00bbnone\u00a0\u00bb column_border_style=\u00a0\u00bbsolid\u00a0\u00bb bg_image_animation=\u00a0\u00bbnone\u00a0\u00bb][vc_column_text] Obtenir son permis du premier...\" \/>\n<meta property=\"og:url\" content=\"https:\/\/de-vv.com\/laser\/permis-premier-coup\/\" \/>\n<meta property=\"og:site_name\" content=\"Auto-\u00e9cole Laser\" \/>\n<meta property=\"article:modified_time\" content=\"2022-01-22T20:44:13+00:00\" \/>\n<meta name=\"twitter:card\" content=\"summary_large_image\" \/>\n<meta name=\"twitter:label1\" content=\"Dur\u00e9e de lecture estim\u00e9e\" \/>\n\t<meta name=\"twitter:data1\" content=\"2 minutes\" \/>\n<script type=\"application\/ld+json\" class=\"yoast-schema-graph\">{\"@context\":\"https:\/\/schema.org\",\"@graph\":[{\"@type\":\"WebSite\",\"@id\":\"https:\/\/de-vv.com\/laser\/#website\",\"url\":\"https:\/\/de-vv.com\/laser\/\",\"name\":\"Auto-\u00e9cole Laser\",\"description\":\"Votre auto-moto-\u00e9cole \u00e0 Pont-de-Ch\u00e9ruy (38230)\",\"potentialAction\":[{\"@type\":\"SearchAction\",\"target\":{\"@type\":\"EntryPoint\",\"urlTemplate\":\"https:\/\/de-vv.com\/laser\/?s={search_term_string}\"},\"query-input\":\"required name=search_term_string\"}],\"inLanguage\":\"fr-FR\"},{\"@type\":\"WebPage\",\"@id\":\"https:\/\/de-vv.com\/laser\/permis-premier-coup\/#webpage\",\"url\":\"https:\/\/de-vv.com\/laser\/permis-premier-coup\/\",\"name\":\"Obtenir le permis du premier coup - Auto-\u00e9cole Laser\",\"isPartOf\":{\"@id\":\"https:\/\/de-vv.com\/laser\/#website\"},\"datePublished\":\"2022-01-22T20:23:29+00:00\",\"dateModified\":\"2022-01-22T20:44:13+00:00\",\"breadcrumb\":{\"@id\":\"https:\/\/de-vv.com\/laser\/permis-premier-coup\/#breadcrumb\"},\"inLanguage\":\"fr-FR\",\"potentialAction\":[{\"@type\":\"ReadAction\",\"target\":[\"https:\/\/de-vv.com\/laser\/permis-premier-coup\/\"]}]},{\"@type\":\"BreadcrumbList\",\"@id\":\"https:\/\/de-vv.com\/laser\/permis-premier-coup\/#breadcrumb\",\"itemListElement\":[{\"@type\":\"ListItem\",\"position\":1,\"name\":\"Accueil\",\"item\":\"https:\/\/de-vv.com\/laser\/\"},{\"@type\":\"ListItem\",\"position\":2,\"name\":\"Permis premier coup\"}]}]}<\/script>\n<!-- \/ Yoast SEO plugin. -->","yoast_head_json":{"title":"Obtenir le permis du premier coup - Auto-\u00e9cole Laser","robots":{"index":"noindex","follow":"follow","max-snippet":"max-snippet:-1","max-image-preview":"max-image-preview:large","max-video-preview":"max-video-preview:-1"},"og_locale":"fr_FR","og_type":"article","og_title":"Obtenir le permis du premier coup - Auto-\u00e9cole Laser","og_description":"[vc_row type=\u00a0\u00bbin_container\u00a0\u00bb full_screen_row_position=\u00a0\u00bbmiddle\u00a0\u00bb column_margin=\u00a0\u00bbdefault\u00a0\u00bb scene_position=\u00a0\u00bbcenter\u00a0\u00bb text_color=\u00a0\u00bbdark\u00a0\u00bb text_align=\u00a0\u00bbleft\u00a0\u00bb overlay_strength=\u00a0\u00bb0.3&Prime; shape_divider_position=\u00a0\u00bbbottom\u00a0\u00bb bg_image_animation=\u00a0\u00bbnone\u00a0\u00bb][vc_column column_padding=\u00a0\u00bbno-extra-padding\u00a0\u00bb column_padding_position=\u00a0\u00bball\u00a0\u00bb background_color_opacity=\u00a0\u00bb1&Prime; background_hover_color_opacity=\u00a0\u00bb1&Prime; column_link_target=\u00a0\u00bb_self\u00a0\u00bb column_shadow=\u00a0\u00bbnone\u00a0\u00bb column_border_radius=\u00a0\u00bbnone\u00a0\u00bb width=\u00a0\u00bb1\/1&Prime; tablet_width_inherit=\u00a0\u00bbdefault\u00a0\u00bb tablet_text_alignment=\u00a0\u00bbdefault\u00a0\u00bb phone_text_alignment=\u00a0\u00bbdefault\u00a0\u00bb overlay_strength=\u00a0\u00bb0.3&Prime; column_border_width=\u00a0\u00bbnone\u00a0\u00bb column_border_style=\u00a0\u00bbsolid\u00a0\u00bb bg_image_animation=\u00a0\u00bbnone\u00a0\u00bb][vc_column_text] Obtenir son permis du premier...","og_url":"https:\/\/de-vv.com\/laser\/permis-premier-coup\/","og_site_name":"Auto-\u00e9cole Laser","article_modified_time":"2022-01-22T20:44:13+00:00","twitter_card":"summary_large_image","twitter_misc":{"Dur\u00e9e de lecture estim\u00e9e":"2 minutes"},"schema":{"@context":"https:\/\/schema.org","@graph":[{"@type":"WebSite","@id":"https:\/\/de-vv.com\/laser\/#website","url":"https:\/\/de-vv.com\/laser\/","name":"Auto-\u00e9cole Laser","description":"Votre auto-moto-\u00e9cole \u00e0 Pont-de-Ch\u00e9ruy (38230)","potentialAction":[{"@type":"SearchAction","target":{"@type":"EntryPoint","urlTemplate":"https:\/\/de-vv.com\/laser\/?s={search_term_string}"},"query-input":"required name=search_term_string"}],"inLanguage":"fr-FR"},{"@type":"WebPage","@id":"https:\/\/de-vv.com\/laser\/permis-premier-coup\/#webpage","url":"https:\/\/de-vv.com\/laser\/permis-premier-coup\/","name":"Obtenir le permis du premier coup - Auto-\u00e9cole Laser","isPartOf":{"@id":"https:\/\/de-vv.com\/laser\/#website"},"datePublished":"2022-01-22T20:23:29+00:00","dateModified":"2022-01-22T20:44:13+00:00","breadcrumb":{"@id":"https:\/\/de-vv.com\/laser\/permis-premier-coup\/#breadcrumb"},"inLanguage":"fr-FR","potentialAction":[{"@type":"ReadAction","target":["https:\/\/de-vv.com\/laser\/permis-premier-coup\/"]}]},{"@type":"BreadcrumbList","@id":"https:\/\/de-vv.com\/laser\/permis-premier-coup\/#breadcrumb","itemListElement":[{"@type":"ListItem","position":1,"name":"Accueil","item":"https:\/\/de-vv.com\/laser\/"},{"@type":"ListItem","position":2,"name":"Permis premier coup"}]}]}},"_links":{"self":[{"href":"https:\/\/de-vv.com\/laser\/wp-json\/wp\/v2\/pages\/192"}],"collection":[{"href":"https:\/\/de-vv.com\/laser\/wp-json\/wp\/v2\/pages"}],"about":[{"href":"https:\/\/de-vv.com\/laser\/wp-json\/wp\/v2\/types\/page"}],"author":[{"embeddable":true,"href":"https:\/\/de-vv.com\/laser\/wp-json\/wp\/v2\/users\/1"}],"replies":[{"embeddable":true,"href":"https:\/\/de-vv.com\/laser\/wp-json\/wp\/v2\/comments?post=192"}],"version-history":[{"count":3,"href":"https:\/\/de-vv.com\/laser\/wp-json\/wp\/v2\/pages\/192\/revisions"}],"predecessor-version":[{"id":196,"href":"https:\/\/de-vv.com\/laser\/wp-json\/wp\/v2\/pages\/192\/revisions\/196"}],"wp:attachment":[{"href":"https:\/\/de-vv.com\/laser\/wp-json\/wp\/v2\/media?parent=192"}],"curies":[{"name":"wp","href":"https:\/\/api.w.org\/{rel}","templated":true}]}}