{"id":8,"date":"2022-01-22T10:23:21","date_gmt":"2022-01-22T09:23:21","guid":{"rendered":"https:\/\/de-vv.com\/laser\/?page_id=8"},"modified":"2022-01-22T11:19:53","modified_gmt":"2022-01-22T10:19:53","slug":"avis","status":"publish","type":"page","link":"https:\/\/de-vv.com\/laser\/avis\/","title":{"rendered":"Avis"},"content":{"rendered":"[vc_row type=\u00a0\u00bbin_container\u00a0\u00bb full_screen_row_position=\u00a0\u00bbmiddle\u00a0\u00bb column_margin=\u00a0\u00bbdefault\u00a0\u00bb scene_position=\u00a0\u00bbcenter\u00a0\u00bb text_color=\u00a0\u00bbdark\u00a0\u00bb text_align=\u00a0\u00bbleft\u00a0\u00bb overlay_strength=\u00a0\u00bb0.3&Prime; shape_divider_position=\u00a0\u00bbbottom\u00a0\u00bb bg_image_animation=\u00a0\u00bbnone\u00a0\u00bb][vc_column column_padding=\u00a0\u00bbno-extra-padding\u00a0\u00bb column_padding_position=\u00a0\u00bball\u00a0\u00bb background_color_opacity=\u00a0\u00bb1&Prime; background_hover_color_opacity=\u00a0\u00bb1&Prime; column_link_target=\u00a0\u00bb_self\u00a0\u00bb column_shadow=\u00a0\u00bbnone\u00a0\u00bb column_border_radius=\u00a0\u00bbnone\u00a0\u00bb width=\u00a0\u00bb1\/1&Prime; tablet_width_inherit=\u00a0\u00bbdefault\u00a0\u00bb tablet_text_alignment=\u00a0\u00bbdefault\u00a0\u00bb phone_text_alignment=\u00a0\u00bbdefault\u00a0\u00bb overlay_strength=\u00a0\u00bb0.3&Prime; column_border_width=\u00a0\u00bbnone\u00a0\u00bb column_border_style=\u00a0\u00bbsolid\u00a0\u00bb bg_image_animation=\u00a0\u00bbnone\u00a0\u00bb][vc_column_text]\n<h1 style=\"text-align: center;\">Avis de nos anciens \u00e9l\u00e8ves<\/h1>\n<p>Nos anciens \u00e9l\u00e8ves sont satisfaits de leur formation, et ils le font savoir ! Consultez leurs t\u00e9moignages ci-dessous afin de vous faire une id\u00e9e. Vous pouvez \u00e9galement consulter les avis laiss\u00e9s sur notre\u00a0<a href=\"https:\/\/www.facebook.com\/pg\/Autoecolelaser\/\" target=\"_blank\" rel=\"noopener\">page Facebook<\/a>\u00a0\u00a0ou\u00a0sur <a href=\"https:\/\/www.instagram.com\/autoecolelaser\/\" target=\"_blank\" rel=\"noopener\">Instagram<\/a>.<\/p>\n<p>Vous avez une question, une h\u00e9sitation?\u00a0<a href=\"https:\/\/de-vv.com\/laser\/contact\/\" target=\"_blank\" rel=\"noopener noreferrer\">Contactez-nous<\/a>\u00a0![\/vc_column_text][\/vc_column][\/vc_row][vc_row type=\u00a0\u00bbin_container\u00a0\u00bb full_screen_row_position=\u00a0\u00bbmiddle\u00a0\u00bb column_margin=\u00a0\u00bbdefault\u00a0\u00bb scene_position=\u00a0\u00bbcenter\u00a0\u00bb text_color=\u00a0\u00bbdark\u00a0\u00bb text_align=\u00a0\u00bbleft\u00a0\u00bb overlay_strength=\u00a0\u00bb0.3&Prime; shape_divider_position=\u00a0\u00bbbottom\u00a0\u00bb bg_image_animation=\u00a0\u00bbnone\u00a0\u00bb][vc_column column_padding=\u00a0\u00bbno-extra-padding\u00a0\u00bb column_padding_position=\u00a0\u00bball\u00a0\u00bb background_color_opacity=\u00a0\u00bb1&Prime; background_hover_color_opacity=\u00a0\u00bb1&Prime; column_link_target=\u00a0\u00bb_self\u00a0\u00bb column_shadow=\u00a0\u00bbnone\u00a0\u00bb column_border_radius=\u00a0\u00bbnone\u00a0\u00bb width=\u00a0\u00bb1\/1&Prime; tablet_width_inherit=\u00a0\u00bbdefault\u00a0\u00bb tablet_text_alignment=\u00a0\u00bbdefault\u00a0\u00bb phone_text_alignment=\u00a0\u00bbdefault\u00a0\u00bb overlay_strength=\u00a0\u00bb0.3&Prime; column_border_width=\u00a0\u00bbnone\u00a0\u00bb column_border_style=\u00a0\u00bbsolid\u00a0\u00bb bg_image_animation=\u00a0\u00bbnone\u00a0\u00bb offset=\u00a0\u00bbvc_hidden-sm vc_hidden-xs\u00a0\u00bb][vc_raw_html]JTNDaWZyYW1lJTIwc2FuZGJveCUzRCUyN2FsbG93LXNjcmlwdHMlMjBhbGxvdy1mb3JtcyUyMGFsbG93LXNhbWUtb3JpZ2luJTI3JTIwc3JjJTNEJTI3aHR0cHMlM0ElMkYlMkZ3d3cudnJvb212cm9vbS5mciUyRnJhdGluZ3MlMkZhbGwlM0Z1c2VyX2lkJTNENjEzZmYzOGIzOWRjNTAwOTM0NDM1NjljJTI2cG9zaXRpdmUlM0R0cnVlJTI3JTIwd2lkdGglM0QlMjcxMDAlMjUlMjclMjBoZWlnaHQlM0QlMjcxMDAwcHglMjclMjBpZCUzRCUyN2luaWZyYW1lJTI3JTIwc3R5bGUlM0QlMjdib3JkZXItc3R5bGUlM0ElMjBub25lJTNCJTIwb3ZlcmZsb3clM0ElMjBzY3JvbGwlMjclMjBhbGxvd2Z1bGxzY3JlZW4lM0UlM0MlMkZpZnJhbWUlM0UlM0NiciUyRiUzRSUzQ2JyJTJGJTNFJTNDYSUyMGhyZWYlM0QlMjdodHRwcyUzQSUyRiUyRnZyb29tdnJvb20uZnIlMkZhdXRvLWVjb2xlcyUyRmlzZXJlJTJGcG9udC1kZS1jaGVydXklMkZhdXRvLWVjb2xlLWxhc2VyJTI3JTIwdGFyZ2V0JTNEJTI3X2JsYW5rJTI3JTIwcmVsJTNEJTI3bm9vcGVuZXIlMjBub3JlZmVycmVyJTI3JTNFRCVDMyVBOWNvdXZyZXolMjBub3RyZSUyMHBhZ2UlMjBzdXIlMjBWcm9vbVZyb29tLmZyJTNDJTJGYSUzRQ==[\/vc_raw_html][\/vc_column][\/vc_row][vc_row type=\u00a0\u00bbfull_width_content\u00a0\u00bb full_screen_row_position=\u00a0\u00bbmiddle\u00a0\u00bb column_margin=\u00a0\u00bbdefault\u00a0\u00bb scene_position=\u00a0\u00bbcenter\u00a0\u00bb text_color=\u00a0\u00bbdark\u00a0\u00bb text_align=\u00a0\u00bbleft\u00a0\u00bb overlay_strength=\u00a0\u00bb0.3&Prime; shape_divider_position=\u00a0\u00bbbottom\u00a0\u00bb bg_image_animation=\u00a0\u00bbnone\u00a0\u00bb shape_type=\u00a0\u00bb\u00a0\u00bb][vc_column column_padding=\u00a0\u00bbno-extra-padding\u00a0\u00bb column_padding_position=\u00a0\u00bball\u00a0\u00bb background_color_opacity=\u00a0\u00bb1&Prime; background_hover_color_opacity=\u00a0\u00bb1&Prime; column_link_target=\u00a0\u00bb_self\u00a0\u00bb column_shadow=\u00a0\u00bbnone\u00a0\u00bb column_border_radius=\u00a0\u00bbnone\u00a0\u00bb width=\u00a0\u00bb1\/1&Prime; tablet_width_inherit=\u00a0\u00bbdefault\u00a0\u00bb tablet_text_alignment=\u00a0\u00bbdefault\u00a0\u00bb phone_text_alignment=\u00a0\u00bbdefault\u00a0\u00bb overlay_strength=\u00a0\u00bb0.3&Prime; column_border_width=\u00a0\u00bbnone\u00a0\u00bb column_border_style=\u00a0\u00bbsolid\u00a0\u00bb bg_image_animation=\u00a0\u00bbnone\u00a0\u00bb offset=\u00a0\u00bbvc_hidden-lg vc_hidden-md\u00a0\u00bb][vc_raw_html]JTNDaWZyYW1lJTIwc2FuZGJveCUzRCUyN2FsbG93LXNjcmlwdHMlMjBhbGxvdy1mb3JtcyUyMGFsbG93LXNhbWUtb3JpZ2luJTI3JTIwc3JjJTNEJTI3aHR0cHMlM0ElMkYlMkZ3d3cudnJvb212cm9vbS5mciUyRnJhdGluZ3MlMkZhbGwlM0Z1c2VyX2lkJTNENjEzZmYzOGIzOWRjNTAwOTM0NDM1NjljJTI2cG9zaXRpdmUlM0R0cnVlJTI3JTIwd2lkdGglM0QlMjcxMDAlMjUlMjclMjBoZWlnaHQlM0QlMjcxMDAwcHglMjclMjBpZCUzRCUyN2luaWZyYW1lJTI3JTIwc3R5bGUlM0QlMjdib3JkZXItc3R5bGUlM0ElMjBub25lJTNCJTIwb3ZlcmZsb3clM0ElMjBzY3JvbGwlMjclMjBhbGxvd2Z1bGxzY3JlZW4lM0UlM0MlMkZpZnJhbWUlM0UlM0NiciUyRiUzRSUzQ2JyJTJGJTNFJTNDYSUyMGhyZWYlM0QlMjdodHRwcyUzQSUyRiUyRnZyb29tdnJvb20uZnIlMkZhdXRvLWVjb2xlcyUyRmlzZXJlJTJGcG9udC1kZS1jaGVydXklMkZhdXRvLWVjb2xlLWxhc2VyJTI3JTIwdGFyZ2V0JTNEJTI3X2JsYW5rJTI3JTIwcmVsJTNEJTI3bm9vcGVuZXIlMjBub3JlZmVycmVyJTI3JTNFRCVDMyVBOWNvdXZyZXolMjBub3RyZSUyMHBhZ2UlMjBzdXIlMjBWcm9vbVZyb29tLmZyJTNDJTJGYSUzRQ==[\/vc_raw_html][\/vc_column][\/vc_row]\n","protected":false},"excerpt":{"rendered":"<p>[vc_row type=\u00a0\u00bbin_container\u00a0\u00bb full_screen_row_position=\u00a0\u00bbmiddle\u00a0\u00bb column_margin=\u00a0\u00bbdefault\u00a0\u00bb scene_position=\u00a0\u00bbcenter\u00a0\u00bb text_color=\u00a0\u00bbdark\u00a0\u00bb text_align=\u00a0\u00bbleft\u00a0\u00bb overlay_strength=\u00a0\u00bb0.3&Prime; shape_divider_position=\u00a0\u00bbbottom\u00a0\u00bb bg_image_animation=\u00a0\u00bbnone\u00a0\u00bb][vc_column column_padding=\u00a0\u00bbno-extra-padding\u00a0\u00bb column_padding_position=\u00a0\u00bball\u00a0\u00bb background_color_opacity=\u00a0\u00bb1&Prime; background_hover_color_opacity=\u00a0\u00bb1&Prime; column_link_target=\u00a0\u00bb_self\u00a0\u00bb column_shadow=\u00a0\u00bbnone\u00a0\u00bb column_border_radius=\u00a0\u00bbnone\u00a0\u00bb width=\u00a0\u00bb1\/1&Prime; tablet_width_inherit=\u00a0\u00bbdefault\u00a0\u00bb tablet_text_alignment=\u00a0\u00bbdefault\u00a0\u00bb phone_text_alignment=\u00a0\u00bbdefault\u00a0\u00bb overlay_strength=\u00a0\u00bb0.3&Prime; column_border_width=\u00a0\u00bbnone\u00a0\u00bb column_border_style=\u00a0\u00bbsolid\u00a0\u00bb bg_image_animation=\u00a0\u00bbnone\u00a0\u00bb][vc_column_text] Avis de nos anciens \u00e9l\u00e8ves&#8230;<\/p>\n","protected":false},"author":1,"featured_media":0,"parent":0,"menu_order":0,"comment_status":"closed","ping_status":"closed","template":"","meta":[],"yoast_head":"<!-- This site is optimized with the Yoast SEO plugin v18.0 - https:\/\/yoast.com\/wordpress\/plugins\/seo\/ -->\n<title>Avis de nos \u00e9l\u00e8ves - Auto-\u00e9cole Laser<\/title>\n<meta name=\"description\" content=\"Consultez les avis sur l&#039;auto-\u00e9cole Laser de Pont-de-Ch\u00e9ruy et sur Flash Permis Loyettes. Avis v\u00e9rifi\u00e9s par VroomVroom, site d&#039;avis v\u00e9rifi\u00e9s.\" \/>\n<meta name=\"robots\" content=\"noindex, follow, max-snippet:-1, max-image-preview:large, max-video-preview:-1\" \/>\n<meta property=\"og:locale\" content=\"fr_FR\" \/>\n<meta property=\"og:type\" content=\"article\" \/>\n<meta property=\"og:title\" content=\"Avis de nos \u00e9l\u00e8ves - Auto-\u00e9cole Laser\" \/>\n<meta property=\"og:description\" content=\"Consultez les avis sur l&#039;auto-\u00e9cole Laser de Pont-de-Ch\u00e9ruy et sur Flash Permis Loyettes. Avis v\u00e9rifi\u00e9s par VroomVroom, site d&#039;avis v\u00e9rifi\u00e9s.\" \/>\n<meta property=\"og:url\" content=\"https:\/\/de-vv.com\/laser\/avis\/\" \/>\n<meta property=\"og:site_name\" content=\"Auto-\u00e9cole Laser\" \/>\n<meta property=\"article:modified_time\" content=\"2022-01-22T10:19:53+00:00\" \/>\n<meta name=\"twitter:card\" content=\"summary_large_image\" \/>\n<meta name=\"twitter:label1\" content=\"Dur\u00e9e de lecture estim\u00e9e\" \/>\n\t<meta name=\"twitter:data1\" content=\"1 minute\" \/>\n<script type=\"application\/ld+json\" class=\"yoast-schema-graph\">{\"@context\":\"https:\/\/schema.org\",\"@graph\":[{\"@type\":\"WebSite\",\"@id\":\"https:\/\/de-vv.com\/laser\/#website\",\"url\":\"https:\/\/de-vv.com\/laser\/\",\"name\":\"Auto-\u00e9cole Laser\",\"description\":\"Votre auto-moto-\u00e9cole \u00e0 Pont-de-Ch\u00e9ruy (38230)\",\"potentialAction\":[{\"@type\":\"SearchAction\",\"target\":{\"@type\":\"EntryPoint\",\"urlTemplate\":\"https:\/\/de-vv.com\/laser\/?s={search_term_string}\"},\"query-input\":\"required name=search_term_string\"}],\"inLanguage\":\"fr-FR\"},{\"@type\":\"WebPage\",\"@id\":\"https:\/\/de-vv.com\/laser\/avis\/#webpage\",\"url\":\"https:\/\/de-vv.com\/laser\/avis\/\",\"name\":\"Avis de nos \u00e9l\u00e8ves - Auto-\u00e9cole Laser\",\"isPartOf\":{\"@id\":\"https:\/\/de-vv.com\/laser\/#website\"},\"datePublished\":\"2022-01-22T09:23:21+00:00\",\"dateModified\":\"2022-01-22T10:19:53+00:00\",\"description\":\"Consultez les avis sur l'auto-\u00e9cole Laser de Pont-de-Ch\u00e9ruy et sur Flash Permis Loyettes. Avis v\u00e9rifi\u00e9s par VroomVroom, site d'avis v\u00e9rifi\u00e9s.\",\"breadcrumb\":{\"@id\":\"https:\/\/de-vv.com\/laser\/avis\/#breadcrumb\"},\"inLanguage\":\"fr-FR\",\"potentialAction\":[{\"@type\":\"ReadAction\",\"target\":[\"https:\/\/de-vv.com\/laser\/avis\/\"]}]},{\"@type\":\"BreadcrumbList\",\"@id\":\"https:\/\/de-vv.com\/laser\/avis\/#breadcrumb\",\"itemListElement\":[{\"@type\":\"ListItem\",\"position\":1,\"name\":\"Accueil\",\"item\":\"https:\/\/de-vv.com\/laser\/\"},{\"@type\":\"ListItem\",\"position\":2,\"name\":\"Avis\"}]}]}<\/script>\n<!-- \/ Yoast SEO plugin. -->","yoast_head_json":{"title":"Avis de nos \u00e9l\u00e8ves - Auto-\u00e9cole Laser","description":"Consultez les avis sur l'auto-\u00e9cole Laser de Pont-de-Ch\u00e9ruy et sur Flash Permis Loyettes. Avis v\u00e9rifi\u00e9s par VroomVroom, site d'avis v\u00e9rifi\u00e9s.","robots":{"index":"noindex","follow":"follow","max-snippet":"max-snippet:-1","max-image-preview":"max-image-preview:large","max-video-preview":"max-video-preview:-1"},"og_locale":"fr_FR","og_type":"article","og_title":"Avis de nos \u00e9l\u00e8ves - Auto-\u00e9cole Laser","og_description":"Consultez les avis sur l'auto-\u00e9cole Laser de Pont-de-Ch\u00e9ruy et sur Flash Permis Loyettes. Avis v\u00e9rifi\u00e9s par VroomVroom, site d'avis v\u00e9rifi\u00e9s.","og_url":"https:\/\/de-vv.com\/laser\/avis\/","og_site_name":"Auto-\u00e9cole Laser","article_modified_time":"2022-01-22T10:19:53+00:00","twitter_card":"summary_large_image","twitter_misc":{"Dur\u00e9e de lecture estim\u00e9e":"1 minute"},"schema":{"@context":"https:\/\/schema.org","@graph":[{"@type":"WebSite","@id":"https:\/\/de-vv.com\/laser\/#website","url":"https:\/\/de-vv.com\/laser\/","name":"Auto-\u00e9cole Laser","description":"Votre auto-moto-\u00e9cole \u00e0 Pont-de-Ch\u00e9ruy (38230)","potentialAction":[{"@type":"SearchAction","target":{"@type":"EntryPoint","urlTemplate":"https:\/\/de-vv.com\/laser\/?s={search_term_string}"},"query-input":"required name=search_term_string"}],"inLanguage":"fr-FR"},{"@type":"WebPage","@id":"https:\/\/de-vv.com\/laser\/avis\/#webpage","url":"https:\/\/de-vv.com\/laser\/avis\/","name":"Avis de nos \u00e9l\u00e8ves - Auto-\u00e9cole Laser","isPartOf":{"@id":"https:\/\/de-vv.com\/laser\/#website"},"datePublished":"2022-01-22T09:23:21+00:00","dateModified":"2022-01-22T10:19:53+00:00","description":"Consultez les avis sur l'auto-\u00e9cole Laser de Pont-de-Ch\u00e9ruy et sur Flash Permis Loyettes. Avis v\u00e9rifi\u00e9s par VroomVroom, site d'avis v\u00e9rifi\u00e9s.","breadcrumb":{"@id":"https:\/\/de-vv.com\/laser\/avis\/#breadcrumb"},"inLanguage":"fr-FR","potentialAction":[{"@type":"ReadAction","target":["https:\/\/de-vv.com\/laser\/avis\/"]}]},{"@type":"BreadcrumbList","@id":"https:\/\/de-vv.com\/laser\/avis\/#breadcrumb","itemListElement":[{"@type":"ListItem","position":1,"name":"Accueil","item":"https:\/\/de-vv.com\/laser\/"},{"@type":"ListItem","position":2,"name":"Avis"}]}]}},"_links":{"self":[{"href":"https:\/\/de-vv.com\/laser\/wp-json\/wp\/v2\/pages\/8"}],"collection":[{"href":"https:\/\/de-vv.com\/laser\/wp-json\/wp\/v2\/pages"}],"about":[{"href":"https:\/\/de-vv.com\/laser\/wp-json\/wp\/v2\/types\/page"}],"author":[{"embeddable":true,"href":"https:\/\/de-vv.com\/laser\/wp-json\/wp\/v2\/users\/1"}],"replies":[{"embeddable":true,"href":"https:\/\/de-vv.com\/laser\/wp-json\/wp\/v2\/comments?post=8"}],"version-history":[{"count":4,"href":"https:\/\/de-vv.com\/laser\/wp-json\/wp\/v2\/pages\/8\/revisions"}],"predecessor-version":[{"id":117,"href":"https:\/\/de-vv.com\/laser\/wp-json\/wp\/v2\/pages\/8\/revisions\/117"}],"wp:attachment":[{"href":"https:\/\/de-vv.com\/laser\/wp-json\/wp\/v2\/media?parent=8"}],"curies":[{"name":"wp","href":"https:\/\/api.w.org\/{rel}","templated":true}]}}