{"id":25,"date":"2025-11-16T19:50:22","date_gmt":"2025-11-16T18:50:22","guid":{"rendered":"https:\/\/de-vv.com\/meslay\/?page_id=25"},"modified":"2025-12-16T22:15:27","modified_gmt":"2025-12-16T21:15:27","slug":"financement-cpf","status":"publish","type":"page","link":"https:\/\/de-vv.com\/meslay\/financement-cpf\/","title":{"rendered":"Financement CPF"},"content":{"rendered":"[vc_row type=\u00a0\u00bbfull_width_background\u00a0\u00bb full_screen_row_position=\u00a0\u00bbmiddle\u00a0\u00bb column_margin=\u00a0\u00bbdefault\u00a0\u00bb column_direction=\u00a0\u00bbdefault\u00a0\u00bb column_direction_tablet=\u00a0\u00bbdefault\u00a0\u00bb column_direction_phone=\u00a0\u00bbdefault\u00a0\u00bb bg_image=\u00a0\u00bb131&Prime; bg_position=\u00a0\u00bbleft top\u00a0\u00bb background_image_loading=\u00a0\u00bbdefault\u00a0\u00bb bg_repeat=\u00a0\u00bbno-repeat\u00a0\u00bb full_height=\u00a0\u00bbyes\u00a0\u00bb scene_position=\u00a0\u00bbcenter\u00a0\u00bb text_color=\u00a0\u00bbdark\u00a0\u00bb text_align=\u00a0\u00bbleft\u00a0\u00bb row_border_radius=\u00a0\u00bbnone\u00a0\u00bb row_border_radius_applies=\u00a0\u00bbbg\u00a0\u00bb overflow=\u00a0\u00bbvisible\u00a0\u00bb overlay_strength=\u00a0\u00bb0.3&Prime; gradient_direction=\u00a0\u00bbleft_to_right\u00a0\u00bb shape_divider_position=\u00a0\u00bbbottom\u00a0\u00bb bg_image_animation=\u00a0\u00bbnone\u00a0\u00bb gradient_type=\u00a0\u00bbdefault\u00a0\u00bb shape_type=\u00a0\u00bb\u00a0\u00bb][vc_column column_padding=\u00a0\u00bbpadding-2-percent\u00a0\u00bb column_padding_tablet=\u00a0\u00bbinherit\u00a0\u00bb column_padding_phone=\u00a0\u00bbinherit\u00a0\u00bb column_padding_position=\u00a0\u00bball\u00a0\u00bb column_element_direction_desktop=\u00a0\u00bbdefault\u00a0\u00bb column_element_spacing=\u00a0\u00bbdefault\u00a0\u00bb centered_text=\u00a0\u00bbtrue\u00a0\u00bb desktop_text_alignment=\u00a0\u00bbdefault\u00a0\u00bb tablet_text_alignment=\u00a0\u00bbdefault\u00a0\u00bb phone_text_alignment=\u00a0\u00bbdefault\u00a0\u00bb background_color_opacity=\u00a0\u00bb1&Prime; background_hover_color_opacity=\u00a0\u00bb1&Prime; column_backdrop_filter=\u00a0\u00bbnone\u00a0\u00bb column_shadow=\u00a0\u00bbnone\u00a0\u00bb column_border_radius=\u00a0\u00bbnone\u00a0\u00bb column_link_target=\u00a0\u00bb_self\u00a0\u00bb column_position=\u00a0\u00bbdefault\u00a0\u00bb gradient_direction=\u00a0\u00bbleft_to_right\u00a0\u00bb overlay_strength=\u00a0\u00bb0.3&Prime; width=\u00a0\u00bb1\/1&Prime; tablet_width_inherit=\u00a0\u00bbdefault\u00a0\u00bb animation_type=\u00a0\u00bbdefault\u00a0\u00bb bg_image_animation=\u00a0\u00bbnone\u00a0\u00bb border_type=\u00a0\u00bbsimple\u00a0\u00bb column_border_width=\u00a0\u00bbnone\u00a0\u00bb column_border_style=\u00a0\u00bbsolid\u00a0\u00bb column_padding_type=\u00a0\u00bbdefault\u00a0\u00bb gradient_type=\u00a0\u00bbdefault\u00a0\u00bb][vc_column_text css=\u00a0\u00bb.vc_custom_1765919515489{padding-bottom: 2% !important;}\u00a0\u00bb text_direction=\u00a0\u00bbdefault\u00a0\u00bb]\n<h1 style=\"text-align: center;\">Financement CPF<\/h1>\n<p style=\"text-align: center;\">Prochainement disponible \u00e0 l&rsquo;Auto-\u00e9cole Meslay<\/p>\n[\/vc_column_text][nectar_btn size=\u00a0\u00bbmedium\u00a0\u00bb button_style=\u00a0\u00bbregular\u00a0\u00bb button_color_2=\u00a0\u00bbAccent-Color\u00a0\u00bb icon_family=\u00a0\u00bbfontawesome\u00a0\u00bb text=\u00a0\u00bbContactez nous\u00a0\u00bb url=\u00a0\u00bbhttps:\/\/de-vv.com\/meslay\/contact\u00a0\u00bb icon_fontawesome=\u00a0\u00bbfa fa-envelope-open-o\u00a0\u00bb][\/vc_column][\/vc_row]\n","protected":false},"excerpt":{"rendered":"<p>[vc_row type=\u00a0\u00bbfull_width_background\u00a0\u00bb full_screen_row_position=\u00a0\u00bbmiddle\u00a0\u00bb column_margin=\u00a0\u00bbdefault\u00a0\u00bb column_direction=\u00a0\u00bbdefault\u00a0\u00bb column_direction_tablet=\u00a0\u00bbdefault\u00a0\u00bb column_direction_phone=\u00a0\u00bbdefault\u00a0\u00bb bg_image=\u00a0\u00bb131&Prime; bg_position=\u00a0\u00bbleft top\u00a0\u00bb background_image_loading=\u00a0\u00bbdefault\u00a0\u00bb bg_repeat=\u00a0\u00bbno-repeat\u00a0\u00bb full_height=\u00a0\u00bbyes\u00a0\u00bb scene_position=\u00a0\u00bbcenter\u00a0\u00bb text_color=\u00a0\u00bbdark\u00a0\u00bb text_align=\u00a0\u00bbleft\u00a0\u00bb row_border_radius=\u00a0\u00bbnone\u00a0\u00bb row_border_radius_applies=\u00a0\u00bbbg\u00a0\u00bb overflow=\u00a0\u00bbvisible\u00a0\u00bb overlay_strength=\u00a0\u00bb0.3&Prime; gradient_direction=\u00a0\u00bbleft_to_right\u00a0\u00bb shape_divider_position=\u00a0\u00bbbottom\u00a0\u00bb bg_image_animation=\u00a0\u00bbnone\u00a0\u00bb gradient_type=\u00a0\u00bbdefault\u00a0\u00bb shape_type=\u00a0\u00bb\u00a0\u00bb][vc_column column_padding=\u00a0\u00bbpadding-2-percent\u00a0\u00bb column_padding_tablet=\u00a0\u00bbinherit\u00a0\u00bb column_padding_phone=\u00a0\u00bbinherit\u00a0\u00bb column_padding_position=\u00a0\u00bball\u00a0\u00bb column_element_direction_desktop=\u00a0\u00bbdefault\u00a0\u00bb&#8230;<\/p>\n","protected":false},"author":1,"featured_media":88,"parent":0,"menu_order":0,"comment_status":"closed","ping_status":"closed","template":"","meta":{"footnotes":""},"class_list":["post-25","page","type-page","status-publish","has-post-thumbnail"],"yoast_head":"<!-- This site is optimized with the Yoast SEO plugin v27.3 - https:\/\/yoast.com\/product\/yoast-seo-wordpress\/ -->\n<title>Financement CPF - Auto-\u00e9cole Meslay<\/title>\n<meta name=\"description\" content=\"Comment payer son permis gr\u00e2ce au CPF \u00e0 Paris 3\u00e8me arrondissement ? L&#039;Auto-\u00e9cole Meslay permet d&#039;utiliser son compte personnel de formation.\" \/>\n<meta name=\"robots\" content=\"noindex, follow, max-snippet:-1, max-image-preview:large, max-video-preview:-1\" \/>\n<meta property=\"og:locale\" content=\"fr_FR\" \/>\n<meta property=\"og:type\" content=\"article\" \/>\n<meta property=\"og:title\" content=\"Financement CPF - Auto-\u00e9cole Meslay\" \/>\n<meta property=\"og:description\" content=\"Comment payer son permis gr\u00e2ce au CPF \u00e0 Paris 3\u00e8me arrondissement ? L&#039;Auto-\u00e9cole Meslay permet d&#039;utiliser son compte personnel de formation.\" \/>\n<meta property=\"og:url\" content=\"https:\/\/de-vv.com\/meslay\/financement-cpf\/\" \/>\n<meta property=\"og:site_name\" content=\"Auto-\u00e9cole Meslay\" \/>\n<meta property=\"article:modified_time\" content=\"2025-12-16T21:15:27+00:00\" \/>\n<meta property=\"og:image\" content=\"https:\/\/de-vv.com\/meslay\/wp-content\/uploads\/2025\/12\/Financement-CPF-Auto-ecole-Meslay.png\" \/>\n\t<meta property=\"og:image:width\" content=\"768\" \/>\n\t<meta property=\"og:image:height\" content=\"480\" \/>\n\t<meta property=\"og:image:type\" content=\"image\/png\" \/>\n<meta name=\"twitter:card\" content=\"summary_large_image\" \/>\n<meta name=\"twitter:label1\" content=\"Dur\u00e9e de lecture estim\u00e9e\" \/>\n\t<meta name=\"twitter:data1\" content=\"1 minute\" \/>\n<script type=\"application\/ld+json\" class=\"yoast-schema-graph\">{\"@context\":\"https:\\\/\\\/schema.org\",\"@graph\":[{\"@type\":\"WebPage\",\"@id\":\"https:\\\/\\\/de-vv.com\\\/meslay\\\/financement-cpf\\\/\",\"url\":\"https:\\\/\\\/de-vv.com\\\/meslay\\\/financement-cpf\\\/\",\"name\":\"Financement CPF - Auto-\u00e9cole Meslay\",\"isPartOf\":{\"@id\":\"https:\\\/\\\/de-vv.com\\\/meslay\\\/#website\"},\"primaryImageOfPage\":{\"@id\":\"https:\\\/\\\/de-vv.com\\\/meslay\\\/financement-cpf\\\/#primaryimage\"},\"image\":{\"@id\":\"https:\\\/\\\/de-vv.com\\\/meslay\\\/financement-cpf\\\/#primaryimage\"},\"thumbnailUrl\":\"https:\\\/\\\/de-vv.com\\\/meslay\\\/wp-content\\\/uploads\\\/2025\\\/12\\\/Financement-CPF-Auto-ecole-Meslay.png\",\"datePublished\":\"2025-11-16T18:50:22+00:00\",\"dateModified\":\"2025-12-16T21:15:27+00:00\",\"description\":\"Comment payer son permis gr\u00e2ce au CPF \u00e0 Paris 3\u00e8me arrondissement ? L'Auto-\u00e9cole Meslay permet d'utiliser son compte personnel de formation.\",\"breadcrumb\":{\"@id\":\"https:\\\/\\\/de-vv.com\\\/meslay\\\/financement-cpf\\\/#breadcrumb\"},\"inLanguage\":\"fr-FR\",\"potentialAction\":[{\"@type\":\"ReadAction\",\"target\":[\"https:\\\/\\\/de-vv.com\\\/meslay\\\/financement-cpf\\\/\"]}]},{\"@type\":\"ImageObject\",\"inLanguage\":\"fr-FR\",\"@id\":\"https:\\\/\\\/de-vv.com\\\/meslay\\\/financement-cpf\\\/#primaryimage\",\"url\":\"https:\\\/\\\/de-vv.com\\\/meslay\\\/wp-content\\\/uploads\\\/2025\\\/12\\\/Financement-CPF-Auto-ecole-Meslay.png\",\"contentUrl\":\"https:\\\/\\\/de-vv.com\\\/meslay\\\/wp-content\\\/uploads\\\/2025\\\/12\\\/Financement-CPF-Auto-ecole-Meslay.png\",\"width\":768,\"height\":480,\"caption\":\"Financement CPF - Auto-\u00e9cole Meslay\"},{\"@type\":\"BreadcrumbList\",\"@id\":\"https:\\\/\\\/de-vv.com\\\/meslay\\\/financement-cpf\\\/#breadcrumb\",\"itemListElement\":[{\"@type\":\"ListItem\",\"position\":1,\"name\":\"Accueil\",\"item\":\"https:\\\/\\\/de-vv.com\\\/meslay\\\/\"},{\"@type\":\"ListItem\",\"position\":2,\"name\":\"Financement CPF\"}]},{\"@type\":\"WebSite\",\"@id\":\"https:\\\/\\\/de-vv.com\\\/meslay\\\/#website\",\"url\":\"https:\\\/\\\/de-vv.com\\\/meslay\\\/\",\"name\":\"Auto-\u00e9cole Meslay\",\"description\":\"3\u00e8me arrondissement de Paris\",\"potentialAction\":[{\"@type\":\"SearchAction\",\"target\":{\"@type\":\"EntryPoint\",\"urlTemplate\":\"https:\\\/\\\/de-vv.com\\\/meslay\\\/?s={search_term_string}\"},\"query-input\":{\"@type\":\"PropertyValueSpecification\",\"valueRequired\":true,\"valueName\":\"search_term_string\"}}],\"inLanguage\":\"fr-FR\"}]}<\/script>\n<!-- \/ Yoast SEO plugin. -->","yoast_head_json":{"title":"Financement CPF - Auto-\u00e9cole Meslay","description":"Comment payer son permis gr\u00e2ce au CPF \u00e0 Paris 3\u00e8me arrondissement ? L'Auto-\u00e9cole Meslay permet d'utiliser son compte personnel de formation.","robots":{"index":"noindex","follow":"follow","max-snippet":"max-snippet:-1","max-image-preview":"max-image-preview:large","max-video-preview":"max-video-preview:-1"},"og_locale":"fr_FR","og_type":"article","og_title":"Financement CPF - Auto-\u00e9cole Meslay","og_description":"Comment payer son permis gr\u00e2ce au CPF \u00e0 Paris 3\u00e8me arrondissement ? L'Auto-\u00e9cole Meslay permet d'utiliser son compte personnel de formation.","og_url":"https:\/\/de-vv.com\/meslay\/financement-cpf\/","og_site_name":"Auto-\u00e9cole Meslay","article_modified_time":"2025-12-16T21:15:27+00:00","og_image":[{"width":768,"height":480,"url":"https:\/\/de-vv.com\/meslay\/wp-content\/uploads\/2025\/12\/Financement-CPF-Auto-ecole-Meslay.png","type":"image\/png"}],"twitter_card":"summary_large_image","twitter_misc":{"Dur\u00e9e de lecture estim\u00e9e":"1 minute"},"schema":{"@context":"https:\/\/schema.org","@graph":[{"@type":"WebPage","@id":"https:\/\/de-vv.com\/meslay\/financement-cpf\/","url":"https:\/\/de-vv.com\/meslay\/financement-cpf\/","name":"Financement CPF - Auto-\u00e9cole Meslay","isPartOf":{"@id":"https:\/\/de-vv.com\/meslay\/#website"},"primaryImageOfPage":{"@id":"https:\/\/de-vv.com\/meslay\/financement-cpf\/#primaryimage"},"image":{"@id":"https:\/\/de-vv.com\/meslay\/financement-cpf\/#primaryimage"},"thumbnailUrl":"https:\/\/de-vv.com\/meslay\/wp-content\/uploads\/2025\/12\/Financement-CPF-Auto-ecole-Meslay.png","datePublished":"2025-11-16T18:50:22+00:00","dateModified":"2025-12-16T21:15:27+00:00","description":"Comment payer son permis gr\u00e2ce au CPF \u00e0 Paris 3\u00e8me arrondissement ? L'Auto-\u00e9cole Meslay permet d'utiliser son compte personnel de formation.","breadcrumb":{"@id":"https:\/\/de-vv.com\/meslay\/financement-cpf\/#breadcrumb"},"inLanguage":"fr-FR","potentialAction":[{"@type":"ReadAction","target":["https:\/\/de-vv.com\/meslay\/financement-cpf\/"]}]},{"@type":"ImageObject","inLanguage":"fr-FR","@id":"https:\/\/de-vv.com\/meslay\/financement-cpf\/#primaryimage","url":"https:\/\/de-vv.com\/meslay\/wp-content\/uploads\/2025\/12\/Financement-CPF-Auto-ecole-Meslay.png","contentUrl":"https:\/\/de-vv.com\/meslay\/wp-content\/uploads\/2025\/12\/Financement-CPF-Auto-ecole-Meslay.png","width":768,"height":480,"caption":"Financement CPF - Auto-\u00e9cole Meslay"},{"@type":"BreadcrumbList","@id":"https:\/\/de-vv.com\/meslay\/financement-cpf\/#breadcrumb","itemListElement":[{"@type":"ListItem","position":1,"name":"Accueil","item":"https:\/\/de-vv.com\/meslay\/"},{"@type":"ListItem","position":2,"name":"Financement CPF"}]},{"@type":"WebSite","@id":"https:\/\/de-vv.com\/meslay\/#website","url":"https:\/\/de-vv.com\/meslay\/","name":"Auto-\u00e9cole Meslay","description":"3\u00e8me arrondissement de Paris","potentialAction":[{"@type":"SearchAction","target":{"@type":"EntryPoint","urlTemplate":"https:\/\/de-vv.com\/meslay\/?s={search_term_string}"},"query-input":{"@type":"PropertyValueSpecification","valueRequired":true,"valueName":"search_term_string"}}],"inLanguage":"fr-FR"}]}},"_links":{"self":[{"href":"https:\/\/de-vv.com\/meslay\/wp-json\/wp\/v2\/pages\/25","targetHints":{"allow":["GET"]}}],"collection":[{"href":"https:\/\/de-vv.com\/meslay\/wp-json\/wp\/v2\/pages"}],"about":[{"href":"https:\/\/de-vv.com\/meslay\/wp-json\/wp\/v2\/types\/page"}],"author":[{"embeddable":true,"href":"https:\/\/de-vv.com\/meslay\/wp-json\/wp\/v2\/users\/1"}],"replies":[{"embeddable":true,"href":"https:\/\/de-vv.com\/meslay\/wp-json\/wp\/v2\/comments?post=25"}],"version-history":[{"count":3,"href":"https:\/\/de-vv.com\/meslay\/wp-json\/wp\/v2\/pages\/25\/revisions"}],"predecessor-version":[{"id":126,"href":"https:\/\/de-vv.com\/meslay\/wp-json\/wp\/v2\/pages\/25\/revisions\/126"}],"wp:featuredmedia":[{"embeddable":true,"href":"https:\/\/de-vv.com\/meslay\/wp-json\/wp\/v2\/media\/88"}],"wp:attachment":[{"href":"https:\/\/de-vv.com\/meslay\/wp-json\/wp\/v2\/media?parent=25"}],"curies":[{"name":"wp","href":"https:\/\/api.w.org\/{rel}","templated":true}]}}