{"id":114,"date":"2025-09-12T15:25:48","date_gmt":"2025-09-12T13:25:48","guid":{"rendered":"https:\/\/de-vv.com\/moniteur\/?page_id=114"},"modified":"2025-09-14T18:26:29","modified_gmt":"2025-09-14T16:26:29","slug":"contact","status":"publish","type":"page","link":"https:\/\/de-vv.com\/moniteur\/contact\/","title":{"rendered":"Contact"},"content":{"rendered":"[vc_row type=\u00a0\u00bbfull_width_background\u00a0\u00bb full_screen_row_position=\u00a0\u00bbmiddle\u00a0\u00bb column_margin=\u00a0\u00bbdefault\u00a0\u00bb column_direction=\u00a0\u00bbdefault\u00a0\u00bb column_direction_tablet=\u00a0\u00bbdefault\u00a0\u00bb column_direction_phone=\u00a0\u00bbdefault\u00a0\u00bb bg_image=\u00a0\u00bb21&Prime; bg_position=\u00a0\u00bbleft top\u00a0\u00bb background_image_loading=\u00a0\u00bblazy-load\u00a0\u00bb bg_repeat=\u00a0\u00bbrepeat\u00a0\u00bb full_height=\u00a0\u00bbyes\u00a0\u00bb scene_position=\u00a0\u00bbcenter\u00a0\u00bb top_padding=\u00a0\u00bb40&Prime; top_padding_tablet=\u00a0\u00bb30&Prime; text_color=\u00a0\u00bbdark\u00a0\u00bb text_align=\u00a0\u00bbleft\u00a0\u00bb row_border_radius=\u00a0\u00bbnone\u00a0\u00bb row_border_radius_applies=\u00a0\u00bbbg\u00a0\u00bb overflow=\u00a0\u00bbvisible\u00a0\u00bb overlay_strength=\u00a0\u00bb0.3&Prime; gradient_direction=\u00a0\u00bbleft_to_right\u00a0\u00bb shape_divider_position=\u00a0\u00bbbottom\u00a0\u00bb bg_image_animation=\u00a0\u00bbnone\u00a0\u00bb gradient_type=\u00a0\u00bbdefault\u00a0\u00bb shape_type=\u00a0\u00bb\u00a0\u00bb][vc_column column_padding=\u00a0\u00bbno-extra-padding\u00a0\u00bb column_padding_tablet=\u00a0\u00bbinherit\u00a0\u00bb column_padding_phone=\u00a0\u00bbinherit\u00a0\u00bb column_padding_position=\u00a0\u00bball\u00a0\u00bb column_element_direction_desktop=\u00a0\u00bbdefault\u00a0\u00bb column_element_spacing=\u00a0\u00bbdefault\u00a0\u00bb desktop_text_alignment=\u00a0\u00bbdefault\u00a0\u00bb tablet_text_alignment=\u00a0\u00bbdefault\u00a0\u00bb phone_text_alignment=\u00a0\u00bbdefault\u00a0\u00bb background_color_opacity=\u00a0\u00bb1&Prime; background_hover_color_opacity=\u00a0\u00bb1&Prime; column_backdrop_filter=\u00a0\u00bbnone\u00a0\u00bb column_shadow=\u00a0\u00bbnone\u00a0\u00bb column_border_radius=\u00a0\u00bbnone\u00a0\u00bb column_link_target=\u00a0\u00bb_self\u00a0\u00bb column_position=\u00a0\u00bbdefault\u00a0\u00bb gradient_direction=\u00a0\u00bbleft_to_right\u00a0\u00bb overlay_strength=\u00a0\u00bb0.3&Prime; width=\u00a0\u00bb1\/1&Prime; tablet_width_inherit=\u00a0\u00bbdefault\u00a0\u00bb animation_type=\u00a0\u00bbdefault\u00a0\u00bb bg_image_animation=\u00a0\u00bbnone\u00a0\u00bb border_type=\u00a0\u00bbsimple\u00a0\u00bb column_border_width=\u00a0\u00bbnone\u00a0\u00bb column_border_style=\u00a0\u00bbsolid\u00a0\u00bb][vc_column_text css=\u00a0\u00bb.vc_custom_1757787047202{padding-top: 40px !important;padding-bottom: 12px !important;}\u00a0\u00bb text_direction=\u00a0\u00bbdefault\u00a0\u00bb]\n<h1 style=\"text-align: center; color: #f9f9f9;\">Nos centres de formation<\/h1>\n[\/vc_column_text][vc_column_text css=\u00a0\u00bb.vc_custom_1757780431077{padding-bottom: 20px !important;}\u00a0\u00bb text_direction=\u00a0\u00bbdefault\u00a0\u00bb]\n<p style=\"text-align: center; color: #f9f9f9;\">French Academy dispose de deux centres de formation en \u00cele-de-France.<\/p>\n[\/vc_column_text][vc_row_inner column_margin=\u00a0\u00bbdefault\u00a0\u00bb column_direction=\u00a0\u00bbdefault\u00a0\u00bb column_direction_tablet=\u00a0\u00bbdefault\u00a0\u00bb column_direction_phone=\u00a0\u00bbdefault\u00a0\u00bb text_align=\u00a0\u00bbleft\u00a0\u00bb row_position=\u00a0\u00bbdefault\u00a0\u00bb row_position_tablet=\u00a0\u00bbinherit\u00a0\u00bb row_position_phone=\u00a0\u00bbinherit\u00a0\u00bb overflow=\u00a0\u00bbvisible\u00a0\u00bb pointer_events=\u00a0\u00bball\u00a0\u00bb][vc_column_inner column_padding=\u00a0\u00bbno-extra-padding\u00a0\u00bb column_padding_tablet=\u00a0\u00bbinherit\u00a0\u00bb column_padding_phone=\u00a0\u00bbinherit\u00a0\u00bb column_padding_position=\u00a0\u00bball\u00a0\u00bb column_element_direction_desktop=\u00a0\u00bbdefault\u00a0\u00bb column_element_spacing=\u00a0\u00bbdefault\u00a0\u00bb desktop_text_alignment=\u00a0\u00bbdefault\u00a0\u00bb tablet_text_alignment=\u00a0\u00bbdefault\u00a0\u00bb phone_text_alignment=\u00a0\u00bbdefault\u00a0\u00bb background_color_opacity=\u00a0\u00bb1&Prime; background_hover_color_opacity=\u00a0\u00bb1&Prime; column_backdrop_filter=\u00a0\u00bbnone\u00a0\u00bb column_shadow=\u00a0\u00bbnone\u00a0\u00bb column_border_radius=\u00a0\u00bbnone\u00a0\u00bb column_link_target=\u00a0\u00bb_self\u00a0\u00bb overflow=\u00a0\u00bbvisible\u00a0\u00bb gradient_direction=\u00a0\u00bbleft_to_right\u00a0\u00bb overlay_strength=\u00a0\u00bb0.3&Prime; width=\u00a0\u00bb1\/6&Prime; tablet_width_inherit=\u00a0\u00bbdefault\u00a0\u00bb animation_type=\u00a0\u00bbdefault\u00a0\u00bb bg_image_animation=\u00a0\u00bbnone\u00a0\u00bb border_type=\u00a0\u00bbsimple\u00a0\u00bb column_border_width=\u00a0\u00bbnone\u00a0\u00bb column_border_style=\u00a0\u00bbsolid\u00a0\u00bb][\/vc_column_inner][vc_column_inner column_padding=\u00a0\u00bbpadding-2-percent\u00a0\u00bb column_padding_tablet=\u00a0\u00bbinherit\u00a0\u00bb column_padding_phone=\u00a0\u00bbinherit\u00a0\u00bb column_padding_position=\u00a0\u00bball\u00a0\u00bb column_element_direction_desktop=\u00a0\u00bbdefault\u00a0\u00bb column_element_spacing=\u00a0\u00bbdefault\u00a0\u00bb desktop_text_alignment=\u00a0\u00bbdefault\u00a0\u00bb tablet_text_alignment=\u00a0\u00bbdefault\u00a0\u00bb phone_text_alignment=\u00a0\u00bbdefault\u00a0\u00bb background_color=\u00a0\u00bb#ffffff\u00a0\u00bb background_color_opacity=\u00a0\u00bb1&Prime; background_hover_color_opacity=\u00a0\u00bb1&Prime; column_backdrop_filter=\u00a0\u00bbnone\u00a0\u00bb column_shadow=\u00a0\u00bbnone\u00a0\u00bb column_border_radius=\u00a0\u00bbnone\u00a0\u00bb column_link_target=\u00a0\u00bb_self\u00a0\u00bb overflow=\u00a0\u00bbvisible\u00a0\u00bb gradient_direction=\u00a0\u00bbleft_to_right\u00a0\u00bb overlay_strength=\u00a0\u00bb0.3&Prime; width=\u00a0\u00bb1\/3&Prime; tablet_width_inherit=\u00a0\u00bbdefault\u00a0\u00bb animation_type=\u00a0\u00bbdefault\u00a0\u00bb bg_image_animation=\u00a0\u00bbnone\u00a0\u00bb border_type=\u00a0\u00bbsimple\u00a0\u00bb column_border_width=\u00a0\u00bbnone\u00a0\u00bb column_border_style=\u00a0\u00bbsolid\u00a0\u00bb column_padding_type=\u00a0\u00bbdefault\u00a0\u00bb gradient_type=\u00a0\u00bbdefault\u00a0\u00bb]<div class=\"iwithtext\"><div class=\"iwt-icon\"> <img decoding=\"async\" src=\"https:\/\/de-vv.com\/moniteur\/wp-content\/uploads\/2025\/08\/cropped-Financement-300x300.png\" alt=\"\" \/> <\/div><div class=\"iwt-text\"> \n<h3>Les Lilas<\/h3>\n <\/div><div class=\"clear\"><\/div><\/div>[vc_column_text css=\u00a0\u00bb.vc_custom_1757782139182{padding-top: 12px !important;padding-bottom: 20px !important;}\u00a0\u00bb text_direction=\u00a0\u00bbdefault\u00a0\u00bb]74 Rue de Paris<br \/>\n93260 Les Lilas<br \/>\n<a href=\"https:\/\/de-vv.com\/moniteur\/centres\/les-lilas\" target=\"_blank\" rel=\"noopener\">+ d&rsquo;informations sur ce centre<\/a>[\/vc_column_text][nectar_btn size=\u00a0\u00bbsmall\u00a0\u00bb button_style=\u00a0\u00bbregular\u00a0\u00bb button_color_2=\u00a0\u00bbExtra-Color-1&Prime; icon_family=\u00a0\u00bbfontawesome\u00a0\u00bb text=\u00a0\u00bb06 52 15 52 18&Prime; url=\u00a0\u00bbtel:06.52.15.52.18&Prime; icon_fontawesome=\u00a0\u00bbfa fa-mobile\u00a0\u00bb margin_right=\u00a0\u00bb8&Prime;][nectar_btn size=\u00a0\u00bbsmall\u00a0\u00bb button_style=\u00a0\u00bbregular\u00a0\u00bb button_color_2=\u00a0\u00bbAccent-Color\u00a0\u00bb icon_family=\u00a0\u00bbfontawesome\u00a0\u00bb text=\u00a0\u00bbEnvoyer un message\u00a0\u00bb url=\u00a0\u00bbhttps:\/\/de-vv.com\/moniteur\/contact\/les-lilas\u00a0\u00bb icon_fontawesome=\u00a0\u00bbfa fa-envelope-open-o\u00a0\u00bb][\/vc_column_inner][vc_column_inner column_padding=\u00a0\u00bbpadding-2-percent\u00a0\u00bb column_padding_tablet=\u00a0\u00bbinherit\u00a0\u00bb column_padding_phone=\u00a0\u00bbinherit\u00a0\u00bb column_padding_position=\u00a0\u00bball\u00a0\u00bb column_element_direction_desktop=\u00a0\u00bbdefault\u00a0\u00bb column_element_spacing=\u00a0\u00bbdefault\u00a0\u00bb desktop_text_alignment=\u00a0\u00bbdefault\u00a0\u00bb tablet_text_alignment=\u00a0\u00bbdefault\u00a0\u00bb phone_text_alignment=\u00a0\u00bbdefault\u00a0\u00bb background_color=\u00a0\u00bb#ffffff\u00a0\u00bb background_color_opacity=\u00a0\u00bb1&Prime; background_hover_color_opacity=\u00a0\u00bb1&Prime; column_backdrop_filter=\u00a0\u00bbnone\u00a0\u00bb column_shadow=\u00a0\u00bbnone\u00a0\u00bb column_border_radius=\u00a0\u00bbnone\u00a0\u00bb column_link_target=\u00a0\u00bb_self\u00a0\u00bb overflow=\u00a0\u00bbvisible\u00a0\u00bb gradient_direction=\u00a0\u00bbleft_to_right\u00a0\u00bb overlay_strength=\u00a0\u00bb0.3&Prime; width=\u00a0\u00bb1\/3&Prime; tablet_width_inherit=\u00a0\u00bbdefault\u00a0\u00bb animation_type=\u00a0\u00bbdefault\u00a0\u00bb bg_image_animation=\u00a0\u00bbnone\u00a0\u00bb border_type=\u00a0\u00bbsimple\u00a0\u00bb column_border_width=\u00a0\u00bbnone\u00a0\u00bb column_border_style=\u00a0\u00bbsolid\u00a0\u00bb column_padding_type=\u00a0\u00bbdefault\u00a0\u00bb gradient_type=\u00a0\u00bbdefault\u00a0\u00bb]<div class=\"iwithtext\"><div class=\"iwt-icon\"> <img decoding=\"async\" src=\"https:\/\/de-vv.com\/moniteur\/wp-content\/uploads\/2025\/08\/cropped-Financement-300x300.png\" alt=\"\" \/> <\/div><div class=\"iwt-text\"> \n<h3>Ivry-sur-Seine<\/h3>\n <\/div><div class=\"clear\"><\/div><\/div>[vc_column_text css=\u00a0\u00bb.vc_custom_1757782132186{padding-top: 12px !important;padding-bottom: 20px !important;}\u00a0\u00bb text_direction=\u00a0\u00bbdefault\u00a0\u00bb]2B Rue de la R\u00e9volution<br \/>\n94200 Ivry-sur-Seine<br \/>\n<a href=\"https:\/\/de-vv.com\/moniteur\/centres\/ivry-sur-seine\" target=\"_blank\" rel=\"noopener\">+ d&rsquo;informations sur ce centre<\/a>[\/vc_column_text][nectar_btn size=\u00a0\u00bbsmall\u00a0\u00bb button_style=\u00a0\u00bbregular\u00a0\u00bb button_color_2=\u00a0\u00bbExtra-Color-1&Prime; icon_family=\u00a0\u00bbfontawesome\u00a0\u00bb text=\u00a0\u00bb09 70 70 16 30&Prime; url=\u00a0\u00bbtel:09.70.70.16.30&Prime; icon_fontawesome=\u00a0\u00bbfa fa-mobile\u00a0\u00bb margin_right=\u00a0\u00bb8&Prime;][nectar_btn size=\u00a0\u00bbsmall\u00a0\u00bb button_style=\u00a0\u00bbregular\u00a0\u00bb button_color_2=\u00a0\u00bbAccent-Color\u00a0\u00bb icon_family=\u00a0\u00bbfontawesome\u00a0\u00bb text=\u00a0\u00bbEnvoyer un message\u00a0\u00bb url=\u00a0\u00bbhttps:\/\/de-vv.com\/moniteur\/contact\/ivry-sur-seine\u00a0\u00bb icon_fontawesome=\u00a0\u00bbfa fa-envelope-open-o\u00a0\u00bb][\/vc_column_inner][vc_column_inner column_padding=\u00a0\u00bbno-extra-padding\u00a0\u00bb column_padding_tablet=\u00a0\u00bbinherit\u00a0\u00bb column_padding_phone=\u00a0\u00bbinherit\u00a0\u00bb column_padding_position=\u00a0\u00bball\u00a0\u00bb column_element_direction_desktop=\u00a0\u00bbdefault\u00a0\u00bb column_element_spacing=\u00a0\u00bbdefault\u00a0\u00bb desktop_text_alignment=\u00a0\u00bbdefault\u00a0\u00bb tablet_text_alignment=\u00a0\u00bbdefault\u00a0\u00bb phone_text_alignment=\u00a0\u00bbdefault\u00a0\u00bb background_color_opacity=\u00a0\u00bb1&Prime; background_hover_color_opacity=\u00a0\u00bb1&Prime; column_backdrop_filter=\u00a0\u00bbnone\u00a0\u00bb column_shadow=\u00a0\u00bbnone\u00a0\u00bb column_border_radius=\u00a0\u00bbnone\u00a0\u00bb column_link_target=\u00a0\u00bb_self\u00a0\u00bb overflow=\u00a0\u00bbvisible\u00a0\u00bb gradient_direction=\u00a0\u00bbleft_to_right\u00a0\u00bb overlay_strength=\u00a0\u00bb0.3&Prime; width=\u00a0\u00bb1\/6&Prime; tablet_width_inherit=\u00a0\u00bbdefault\u00a0\u00bb animation_type=\u00a0\u00bbdefault\u00a0\u00bb bg_image_animation=\u00a0\u00bbnone\u00a0\u00bb border_type=\u00a0\u00bbsimple\u00a0\u00bb column_border_width=\u00a0\u00bbnone\u00a0\u00bb column_border_style=\u00a0\u00bbsolid\u00a0\u00bb][\/vc_column_inner][\/vc_row_inner][vc_column_text css=\u00a0\u00bb.vc_custom_1757780483942{padding-bottom: 20px !important;}\u00a0\u00bb text_direction=\u00a0\u00bbdefault\u00a0\u00bb]\n<p style=\"text-align: center; color: #f9f9f9;\">Vous cherchez une auto-\u00e9cole ? Retrouvez nos <a href=\"https:\/\/www.frenchpermis.fr\/auto-ecole\/\" target=\"_blank\" rel=\"noopener\">16 agences French Permis<\/a>.<\/p>\n[\/vc_column_text][\/vc_column][\/vc_row]\n","protected":false},"excerpt":{"rendered":"<p>[vc_row type=\u00a0\u00bbfull_width_background\u00a0\u00bb full_screen_row_position=\u00a0\u00bbmiddle\u00a0\u00bb column_margin=\u00a0\u00bbdefault\u00a0\u00bb column_direction=\u00a0\u00bbdefault\u00a0\u00bb column_direction_tablet=\u00a0\u00bbdefault\u00a0\u00bb column_direction_phone=\u00a0\u00bbdefault\u00a0\u00bb bg_image=\u00a0\u00bb21&Prime; bg_position=\u00a0\u00bbleft top\u00a0\u00bb background_image_loading=\u00a0\u00bblazy-load\u00a0\u00bb bg_repeat=\u00a0\u00bbrepeat\u00a0\u00bb full_height=\u00a0\u00bbyes\u00a0\u00bb scene_position=\u00a0\u00bbcenter\u00a0\u00bb top_padding=\u00a0\u00bb40&Prime; top_padding_tablet=\u00a0\u00bb30&Prime; text_color=\u00a0\u00bbdark\u00a0\u00bb text_align=\u00a0\u00bbleft\u00a0\u00bb row_border_radius=\u00a0\u00bbnone\u00a0\u00bb row_border_radius_applies=\u00a0\u00bbbg\u00a0\u00bb overflow=\u00a0\u00bbvisible\u00a0\u00bb overlay_strength=\u00a0\u00bb0.3&Prime; gradient_direction=\u00a0\u00bbleft_to_right\u00a0\u00bb shape_divider_position=\u00a0\u00bbbottom\u00a0\u00bb bg_image_animation=\u00a0\u00bbnone\u00a0\u00bb gradient_type=\u00a0\u00bbdefault\u00a0\u00bb shape_type=\u00a0\u00bb\u00a0\u00bb][vc_column column_padding=\u00a0\u00bbno-extra-padding\u00a0\u00bb column_padding_tablet=\u00a0\u00bbinherit\u00a0\u00bb column_padding_phone=\u00a0\u00bbinherit\u00a0\u00bb&#8230;<\/p>\n","protected":false},"author":1,"featured_media":79,"parent":0,"menu_order":0,"comment_status":"closed","ping_status":"closed","template":"","meta":{"_joinchat":[],"footnotes":""},"class_list":["post-114","page","type-page","status-publish","has-post-thumbnail"],"yoast_head":"<!-- This site is optimized with the Yoast SEO plugin v27.4 - https:\/\/yoast.com\/product\/yoast-seo-wordpress\/ -->\n<title>Contact par t\u00e9l\u00e9phone ou email - French Academy<\/title>\n<meta name=\"description\" content=\"Contactez French Academy - centre de formation de moniteur auto-\u00e9cole. Renseignements par t\u00e9l\u00e9phone ou par email &amp; Horaires.\" \/>\n<meta name=\"robots\" content=\"noindex, follow, max-snippet:-1, max-image-preview:large, max-video-preview:-1\" \/>\n<meta property=\"og:locale\" content=\"fr_FR\" \/>\n<meta property=\"og:type\" content=\"article\" \/>\n<meta property=\"og:title\" content=\"Contact par t\u00e9l\u00e9phone ou email - French Academy\" \/>\n<meta property=\"og:description\" content=\"Contactez French Academy - centre de formation de moniteur auto-\u00e9cole. Renseignements par t\u00e9l\u00e9phone ou par email &amp; Horaires.\" \/>\n<meta property=\"og:url\" content=\"https:\/\/de-vv.com\/moniteur\/contact\/\" \/>\n<meta property=\"og:site_name\" content=\"French Academy\" \/>\n<meta property=\"article:modified_time\" content=\"2025-09-14T16:26:29+00:00\" \/>\n<meta property=\"og:image\" content=\"https:\/\/de-vv.com\/moniteur\/wp-content\/uploads\/2025\/09\/Logo-French-Academy-HD.png\" \/>\n\t<meta property=\"og:image:width\" content=\"1864\" \/>\n\t<meta property=\"og:image:height\" content=\"1125\" \/>\n\t<meta property=\"og:image:type\" content=\"image\/png\" \/>\n<meta name=\"twitter:card\" content=\"summary_large_image\" \/>\n<meta name=\"twitter:label1\" content=\"Dur\u00e9e de lecture estim\u00e9e\" \/>\n\t<meta name=\"twitter:data1\" content=\"2 minutes\" \/>\n<script type=\"application\/ld+json\" class=\"yoast-schema-graph\">{\"@context\":\"https:\\\/\\\/schema.org\",\"@graph\":[{\"@type\":\"WebPage\",\"@id\":\"https:\\\/\\\/de-vv.com\\\/moniteur\\\/contact\\\/\",\"url\":\"https:\\\/\\\/de-vv.com\\\/moniteur\\\/contact\\\/\",\"name\":\"Contact par t\u00e9l\u00e9phone ou email - French Academy\",\"isPartOf\":{\"@id\":\"https:\\\/\\\/de-vv.com\\\/moniteur\\\/#website\"},\"primaryImageOfPage\":{\"@id\":\"https:\\\/\\\/de-vv.com\\\/moniteur\\\/contact\\\/#primaryimage\"},\"image\":{\"@id\":\"https:\\\/\\\/de-vv.com\\\/moniteur\\\/contact\\\/#primaryimage\"},\"thumbnailUrl\":\"https:\\\/\\\/de-vv.com\\\/moniteur\\\/wp-content\\\/uploads\\\/2025\\\/09\\\/Logo-French-Academy-HD.png\",\"datePublished\":\"2025-09-12T13:25:48+00:00\",\"dateModified\":\"2025-09-14T16:26:29+00:00\",\"description\":\"Contactez French Academy - centre de formation de moniteur auto-\u00e9cole. Renseignements par t\u00e9l\u00e9phone ou par email & Horaires.\",\"breadcrumb\":{\"@id\":\"https:\\\/\\\/de-vv.com\\\/moniteur\\\/contact\\\/#breadcrumb\"},\"inLanguage\":\"fr-FR\",\"potentialAction\":[{\"@type\":\"ReadAction\",\"target\":[\"https:\\\/\\\/de-vv.com\\\/moniteur\\\/contact\\\/\"]}]},{\"@type\":\"ImageObject\",\"inLanguage\":\"fr-FR\",\"@id\":\"https:\\\/\\\/de-vv.com\\\/moniteur\\\/contact\\\/#primaryimage\",\"url\":\"https:\\\/\\\/de-vv.com\\\/moniteur\\\/wp-content\\\/uploads\\\/2025\\\/09\\\/Logo-French-Academy-HD.png\",\"contentUrl\":\"https:\\\/\\\/de-vv.com\\\/moniteur\\\/wp-content\\\/uploads\\\/2025\\\/09\\\/Logo-French-Academy-HD.png\",\"width\":1864,\"height\":1125,\"caption\":\"Logo French Academy HD\"},{\"@type\":\"BreadcrumbList\",\"@id\":\"https:\\\/\\\/de-vv.com\\\/moniteur\\\/contact\\\/#breadcrumb\",\"itemListElement\":[{\"@type\":\"ListItem\",\"position\":1,\"name\":\"Accueil\",\"item\":\"https:\\\/\\\/de-vv.com\\\/moniteur\\\/\"},{\"@type\":\"ListItem\",\"position\":2,\"name\":\"Contact\"}]},{\"@type\":\"WebSite\",\"@id\":\"https:\\\/\\\/de-vv.com\\\/moniteur\\\/#website\",\"url\":\"https:\\\/\\\/de-vv.com\\\/moniteur\\\/\",\"name\":\"French Academy\",\"description\":\"Centre de formation moniteur auto-\u00e9cole\",\"potentialAction\":[{\"@type\":\"SearchAction\",\"target\":{\"@type\":\"EntryPoint\",\"urlTemplate\":\"https:\\\/\\\/de-vv.com\\\/moniteur\\\/?s={search_term_string}\"},\"query-input\":{\"@type\":\"PropertyValueSpecification\",\"valueRequired\":true,\"valueName\":\"search_term_string\"}}],\"inLanguage\":\"fr-FR\"}]}<\/script>\n<!-- \/ Yoast SEO plugin. -->","yoast_head_json":{"title":"Contact par t\u00e9l\u00e9phone ou email - French Academy","description":"Contactez French Academy - centre de formation de moniteur auto-\u00e9cole. Renseignements par t\u00e9l\u00e9phone ou par email & Horaires.","robots":{"index":"noindex","follow":"follow","max-snippet":"max-snippet:-1","max-image-preview":"max-image-preview:large","max-video-preview":"max-video-preview:-1"},"og_locale":"fr_FR","og_type":"article","og_title":"Contact par t\u00e9l\u00e9phone ou email - French Academy","og_description":"Contactez French Academy - centre de formation de moniteur auto-\u00e9cole. Renseignements par t\u00e9l\u00e9phone ou par email & Horaires.","og_url":"https:\/\/de-vv.com\/moniteur\/contact\/","og_site_name":"French Academy","article_modified_time":"2025-09-14T16:26:29+00:00","og_image":[{"width":1864,"height":1125,"url":"https:\/\/de-vv.com\/moniteur\/wp-content\/uploads\/2025\/09\/Logo-French-Academy-HD.png","type":"image\/png"}],"twitter_card":"summary_large_image","twitter_misc":{"Dur\u00e9e de lecture estim\u00e9e":"2 minutes"},"schema":{"@context":"https:\/\/schema.org","@graph":[{"@type":"WebPage","@id":"https:\/\/de-vv.com\/moniteur\/contact\/","url":"https:\/\/de-vv.com\/moniteur\/contact\/","name":"Contact par t\u00e9l\u00e9phone ou email - French Academy","isPartOf":{"@id":"https:\/\/de-vv.com\/moniteur\/#website"},"primaryImageOfPage":{"@id":"https:\/\/de-vv.com\/moniteur\/contact\/#primaryimage"},"image":{"@id":"https:\/\/de-vv.com\/moniteur\/contact\/#primaryimage"},"thumbnailUrl":"https:\/\/de-vv.com\/moniteur\/wp-content\/uploads\/2025\/09\/Logo-French-Academy-HD.png","datePublished":"2025-09-12T13:25:48+00:00","dateModified":"2025-09-14T16:26:29+00:00","description":"Contactez French Academy - centre de formation de moniteur auto-\u00e9cole. Renseignements par t\u00e9l\u00e9phone ou par email & Horaires.","breadcrumb":{"@id":"https:\/\/de-vv.com\/moniteur\/contact\/#breadcrumb"},"inLanguage":"fr-FR","potentialAction":[{"@type":"ReadAction","target":["https:\/\/de-vv.com\/moniteur\/contact\/"]}]},{"@type":"ImageObject","inLanguage":"fr-FR","@id":"https:\/\/de-vv.com\/moniteur\/contact\/#primaryimage","url":"https:\/\/de-vv.com\/moniteur\/wp-content\/uploads\/2025\/09\/Logo-French-Academy-HD.png","contentUrl":"https:\/\/de-vv.com\/moniteur\/wp-content\/uploads\/2025\/09\/Logo-French-Academy-HD.png","width":1864,"height":1125,"caption":"Logo French Academy HD"},{"@type":"BreadcrumbList","@id":"https:\/\/de-vv.com\/moniteur\/contact\/#breadcrumb","itemListElement":[{"@type":"ListItem","position":1,"name":"Accueil","item":"https:\/\/de-vv.com\/moniteur\/"},{"@type":"ListItem","position":2,"name":"Contact"}]},{"@type":"WebSite","@id":"https:\/\/de-vv.com\/moniteur\/#website","url":"https:\/\/de-vv.com\/moniteur\/","name":"French Academy","description":"Centre de formation moniteur auto-\u00e9cole","potentialAction":[{"@type":"SearchAction","target":{"@type":"EntryPoint","urlTemplate":"https:\/\/de-vv.com\/moniteur\/?s={search_term_string}"},"query-input":{"@type":"PropertyValueSpecification","valueRequired":true,"valueName":"search_term_string"}}],"inLanguage":"fr-FR"}]}},"_links":{"self":[{"href":"https:\/\/de-vv.com\/moniteur\/wp-json\/wp\/v2\/pages\/114","targetHints":{"allow":["GET"]}}],"collection":[{"href":"https:\/\/de-vv.com\/moniteur\/wp-json\/wp\/v2\/pages"}],"about":[{"href":"https:\/\/de-vv.com\/moniteur\/wp-json\/wp\/v2\/types\/page"}],"author":[{"embeddable":true,"href":"https:\/\/de-vv.com\/moniteur\/wp-json\/wp\/v2\/users\/1"}],"replies":[{"embeddable":true,"href":"https:\/\/de-vv.com\/moniteur\/wp-json\/wp\/v2\/comments?post=114"}],"version-history":[{"count":13,"href":"https:\/\/de-vv.com\/moniteur\/wp-json\/wp\/v2\/pages\/114\/revisions"}],"predecessor-version":[{"id":165,"href":"https:\/\/de-vv.com\/moniteur\/wp-json\/wp\/v2\/pages\/114\/revisions\/165"}],"wp:featuredmedia":[{"embeddable":true,"href":"https:\/\/de-vv.com\/moniteur\/wp-json\/wp\/v2\/media\/79"}],"wp:attachment":[{"href":"https:\/\/de-vv.com\/moniteur\/wp-json\/wp\/v2\/media?parent=114"}],"curies":[{"name":"wp","href":"https:\/\/api.w.org\/{rel}","templated":true}]}}