{"id":59,"date":"2025-08-17T15:34:31","date_gmt":"2025-08-17T13:34:31","guid":{"rendered":"https:\/\/de-vv.com\/moniteur\/?page_id=59"},"modified":"2025-09-16T11:19:51","modified_gmt":"2025-09-16T09:19:51","slug":"mentions-legales","status":"publish","type":"page","link":"https:\/\/de-vv.com\/moniteur\/mentions-legales\/","title":{"rendered":"Mentions l\u00e9gales"},"content":{"rendered":"[vc_row type=\u00a0\u00bbfull_width_background\u00a0\u00bb full_screen_row_position=\u00a0\u00bbmiddle\u00a0\u00bb column_margin=\u00a0\u00bbdefault\u00a0\u00bb column_direction=\u00a0\u00bbdefault\u00a0\u00bb column_direction_tablet=\u00a0\u00bbdefault\u00a0\u00bb column_direction_phone=\u00a0\u00bbdefault\u00a0\u00bb scene_position=\u00a0\u00bbcenter\u00a0\u00bb text_color=\u00a0\u00bbdark\u00a0\u00bb text_align=\u00a0\u00bbleft\u00a0\u00bb row_border_radius=\u00a0\u00bbnone\u00a0\u00bb row_border_radius_applies=\u00a0\u00bbbg\u00a0\u00bb overflow=\u00a0\u00bbvisible\u00a0\u00bb overlay_strength=\u00a0\u00bb0.3&Prime; gradient_direction=\u00a0\u00bbleft_to_right\u00a0\u00bb shape_divider_position=\u00a0\u00bbbottom\u00a0\u00bb bg_image_animation=\u00a0\u00bbnone\u00a0\u00bb shape_type=\u00a0\u00bb\u00a0\u00bb gradient_type=\u00a0\u00bbdefault\u00a0\u00bb][vc_column column_padding=\u00a0\u00bbpadding-2-percent\u00a0\u00bb column_padding_tablet=\u00a0\u00bbinherit\u00a0\u00bb column_padding_phone=\u00a0\u00bbinherit\u00a0\u00bb column_padding_position=\u00a0\u00bball\u00a0\u00bb column_element_direction_desktop=\u00a0\u00bbdefault\u00a0\u00bb column_element_spacing=\u00a0\u00bbdefault\u00a0\u00bb centered_text=\u00a0\u00bbtrue\u00a0\u00bb desktop_text_alignment=\u00a0\u00bbdefault\u00a0\u00bb tablet_text_alignment=\u00a0\u00bbdefault\u00a0\u00bb phone_text_alignment=\u00a0\u00bbdefault\u00a0\u00bb background_color_opacity=\u00a0\u00bb1&Prime; background_hover_color_opacity=\u00a0\u00bb1&Prime; column_backdrop_filter=\u00a0\u00bbnone\u00a0\u00bb column_shadow=\u00a0\u00bbnone\u00a0\u00bb column_border_radius=\u00a0\u00bbnone\u00a0\u00bb column_link_target=\u00a0\u00bb_self\u00a0\u00bb column_position=\u00a0\u00bbdefault\u00a0\u00bb gradient_direction=\u00a0\u00bbleft_to_right\u00a0\u00bb overlay_strength=\u00a0\u00bb0.3&Prime; width=\u00a0\u00bb1\/1&Prime; tablet_width_inherit=\u00a0\u00bbdefault\u00a0\u00bb animation_type=\u00a0\u00bbdefault\u00a0\u00bb bg_image_animation=\u00a0\u00bbnone\u00a0\u00bb border_type=\u00a0\u00bbsimple\u00a0\u00bb column_border_width=\u00a0\u00bbnone\u00a0\u00bb column_border_style=\u00a0\u00bbsolid\u00a0\u00bb column_padding_type=\u00a0\u00bbdefault\u00a0\u00bb gradient_type=\u00a0\u00bbdefault\u00a0\u00bb][vc_column_text css=\u00a0\u00bb\u00a0\u00bb text_direction=\u00a0\u00bbdefault\u00a0\u00bb]\n<h1 style=\"text-align: center;\">Mentions l\u00e9gales<\/h1>\n[\/vc_column_text][vc_column_text css=\u00a0\u00bb\u00a0\u00bb text_direction=\u00a0\u00bbdefault\u00a0\u00bb]\n<p style=\"text-align: center;\">Retrouvez ci-dessous les mentions l\u00e9gales de nos centres de formation de moniteurs.<\/p>\n[\/vc_column_text][\/vc_column][\/vc_row][vc_row type=\u00a0\u00bbin_container\u00a0\u00bb full_screen_row_position=\u00a0\u00bbmiddle\u00a0\u00bb column_margin=\u00a0\u00bbdefault\u00a0\u00bb column_direction=\u00a0\u00bbdefault\u00a0\u00bb column_direction_tablet=\u00a0\u00bbdefault\u00a0\u00bb column_direction_phone=\u00a0\u00bbdefault\u00a0\u00bb scene_position=\u00a0\u00bbcenter\u00a0\u00bb text_color=\u00a0\u00bbdark\u00a0\u00bb text_align=\u00a0\u00bbleft\u00a0\u00bb row_border_radius=\u00a0\u00bbnone\u00a0\u00bb row_border_radius_applies=\u00a0\u00bbbg\u00a0\u00bb overflow=\u00a0\u00bbvisible\u00a0\u00bb overlay_strength=\u00a0\u00bb0.3&Prime; gradient_direction=\u00a0\u00bbleft_to_right\u00a0\u00bb shape_divider_position=\u00a0\u00bbbottom\u00a0\u00bb bg_image_animation=\u00a0\u00bbnone\u00a0\u00bb][vc_column column_padding=\u00a0\u00bbno-extra-padding\u00a0\u00bb column_padding_tablet=\u00a0\u00bbinherit\u00a0\u00bb column_padding_phone=\u00a0\u00bbinherit\u00a0\u00bb column_padding_position=\u00a0\u00bball\u00a0\u00bb column_element_direction_desktop=\u00a0\u00bbdefault\u00a0\u00bb column_element_spacing=\u00a0\u00bbdefault\u00a0\u00bb desktop_text_alignment=\u00a0\u00bbdefault\u00a0\u00bb tablet_text_alignment=\u00a0\u00bbdefault\u00a0\u00bb phone_text_alignment=\u00a0\u00bbdefault\u00a0\u00bb background_color_opacity=\u00a0\u00bb1&Prime; background_hover_color_opacity=\u00a0\u00bb1&Prime; column_backdrop_filter=\u00a0\u00bbnone\u00a0\u00bb column_shadow=\u00a0\u00bbnone\u00a0\u00bb column_border_radius=\u00a0\u00bbnone\u00a0\u00bb column_link_target=\u00a0\u00bb_self\u00a0\u00bb column_position=\u00a0\u00bbdefault\u00a0\u00bb gradient_direction=\u00a0\u00bbleft_to_right\u00a0\u00bb overlay_strength=\u00a0\u00bb0.3&Prime; width=\u00a0\u00bb1\/6&Prime; tablet_width_inherit=\u00a0\u00bbdefault\u00a0\u00bb animation_type=\u00a0\u00bbdefault\u00a0\u00bb bg_image_animation=\u00a0\u00bbnone\u00a0\u00bb border_type=\u00a0\u00bbsimple\u00a0\u00bb column_border_width=\u00a0\u00bbnone\u00a0\u00bb column_border_style=\u00a0\u00bbsolid\u00a0\u00bb column_padding_type=\u00a0\u00bbdefault\u00a0\u00bb gradient_type=\u00a0\u00bbdefault\u00a0\u00bb offset=\u00a0\u00bbvc_hidden-sm vc_hidden-xs\u00a0\u00bb][\/vc_column][vc_column column_padding=\u00a0\u00bbno-extra-padding\u00a0\u00bb column_padding_tablet=\u00a0\u00bbinherit\u00a0\u00bb column_padding_phone=\u00a0\u00bbinherit\u00a0\u00bb column_padding_position=\u00a0\u00bball\u00a0\u00bb column_element_direction_desktop=\u00a0\u00bbdefault\u00a0\u00bb column_element_spacing=\u00a0\u00bbdefault\u00a0\u00bb desktop_text_alignment=\u00a0\u00bbdefault\u00a0\u00bb tablet_text_alignment=\u00a0\u00bbdefault\u00a0\u00bb phone_text_alignment=\u00a0\u00bbdefault\u00a0\u00bb background_color_opacity=\u00a0\u00bb1&Prime; background_hover_color_opacity=\u00a0\u00bb1&Prime; column_backdrop_filter=\u00a0\u00bbnone\u00a0\u00bb column_shadow=\u00a0\u00bbnone\u00a0\u00bb column_border_radius=\u00a0\u00bbnone\u00a0\u00bb column_link_target=\u00a0\u00bb_self\u00a0\u00bb column_position=\u00a0\u00bbdefault\u00a0\u00bb gradient_direction=\u00a0\u00bbleft_to_right\u00a0\u00bb overlay_strength=\u00a0\u00bb0.3&Prime; width=\u00a0\u00bb2\/3&Prime; tablet_width_inherit=\u00a0\u00bbdefault\u00a0\u00bb animation_type=\u00a0\u00bbdefault\u00a0\u00bb bg_image_animation=\u00a0\u00bbnone\u00a0\u00bb border_type=\u00a0\u00bbsimple\u00a0\u00bb column_border_width=\u00a0\u00bbnone\u00a0\u00bb column_border_style=\u00a0\u00bbsolid\u00a0\u00bb][tabbed_section style=\u00a0\u00bbminimal_flexible\u00a0\u00bb tab_color=\u00a0\u00bbAccent-Color\u00a0\u00bb vs_content_animation=\u00a0\u00bbfade\u00a0\u00bb vs_link_animation=\u00a0\u00bbopacity\u00a0\u00bb vs_navigation_alignment=\u00a0\u00bbleft\u00a0\u00bb vs_navigation_width_2=\u00a0\u00bb25%\u00a0\u00bb vs_navigation_func=\u00a0\u00bbdefault\u00a0\u00bb vs_navigation_width=\u00a0\u00bbregular\u00a0\u00bb vs_navigation_spacing=\u00a0\u00bb15px\u00a0\u00bb vs_navigation_mobile_display=\u00a0\u00bbvisible\u00a0\u00bb vs_tab_spacing=\u00a0\u00bb5%\u00a0\u00bb icon_size=\u00a0\u00bb24&Prime;][tab icon_family=\u00a0\u00bbnone\u00a0\u00bb title=\u00a0\u00bbFrench Academy Les Lilas\u00a0\u00bb id=\u00a0\u00bb1758014354243-3&Prime; tab_id=\u00a0\u00bb1758014354244-4&Prime;][vc_column_text css=\u00a0\u00bb\u00a0\u00bb text_direction=\u00a0\u00bbdefault\u00a0\u00bb]\n<h4>AUTO ECOLE LES LILAS<\/h4>\n<p>SASU au capital social de 30 000\u20ac, immatricul\u00e9e au RCS de Bobigny le 24\/06\/2024, sous le num\u00e9ro SIREN : 930 855 564.<\/p>\n<p><strong>Si\u00e8ge social :<\/strong> 74 rue de Paris 93260 Les Lilas<\/p>\n<p><strong>T\u00e9l\u00e9phone :<\/strong> 06 52 15 52 18<\/p>\n<p><strong>Adresse \u00e9lectronique : <\/strong>frenchpermis[.]leslilas[a]gmail[.]com<strong><br \/>\n<\/strong><\/p>\n<p><strong>TVA intracommunautaire :<\/strong> FR45930855564<\/p>\n<p><strong>Agr\u00e9ment<\/strong> <strong>: <\/strong>F2509300030, d\u00e9livr\u00e9 par la pr\u00e9fecture de Seine-Saint-Denis, 1 esplanade Jean Moulin 93007 Bobigny<\/p>\n<p><strong>NDA :<\/strong> 11931181093<\/p>\n<p><strong>Directeur de la publication :<\/strong> Nabile RABIA[\/vc_column_text][\/tab][tab icon_family=\u00a0\u00bbnone\u00a0\u00bb title=\u00a0\u00bbFrench Academy Ivry-sur-Seine\u00a0\u00bb id=\u00a0\u00bb1758014354257-10&Prime; tab_id=\u00a0\u00bb1758014354258-0&Prime;][vc_column_text css=\u00a0\u00bb\u00a0\u00bb text_direction=\u00a0\u00bbdefault\u00a0\u00bb]\n<h4>FORMAQUALI<\/h4>\n<p>SASU au capital social de 500\u20ac, immatricul\u00e9e au RCS de Cr\u00e9teil le 17\/05\/2023, sous le num\u00e9ro SIREN : 953 065 059.<\/p>\n<p><strong>Si\u00e8ge social :<\/strong> 2 B rue de la R\u00e9volution 94200 Ivry-sur-Seine<\/p>\n<p><strong>T\u00e9l\u00e9phone :\u00a0<\/strong>0970701630<\/p>\n<p><strong>Adresse \u00e9lectronique : <\/strong>formaqualipro[a]gmail[.]com<strong><br \/>\n<\/strong><\/p>\n<p><strong>TVA intracommunautaire :<\/strong> FR06953065059<\/p>\n<p><strong>Agr\u00e9ment<\/strong> <strong>: <\/strong>F2509400010, d\u00e9livr\u00e9 par la pr\u00e9fecture du Val-de-Marne, 21-29 avenue du G\u00e9n\u00e9ral de Gaulle, 94000 Cr\u00e9teil<\/p>\n<p><strong>NDA :<\/strong> 11922642192<\/p>\n<p><strong>Directeur de la publication :<\/strong> Souad MAZOUZI[\/vc_column_text][\/tab][\/tabbed_section][\/vc_column][vc_column column_padding=\u00a0\u00bbno-extra-padding\u00a0\u00bb column_padding_tablet=\u00a0\u00bbinherit\u00a0\u00bb column_padding_phone=\u00a0\u00bbinherit\u00a0\u00bb column_padding_position=\u00a0\u00bball\u00a0\u00bb column_element_direction_desktop=\u00a0\u00bbdefault\u00a0\u00bb column_element_spacing=\u00a0\u00bbdefault\u00a0\u00bb desktop_text_alignment=\u00a0\u00bbdefault\u00a0\u00bb tablet_text_alignment=\u00a0\u00bbdefault\u00a0\u00bb phone_text_alignment=\u00a0\u00bbdefault\u00a0\u00bb background_color_opacity=\u00a0\u00bb1&Prime; background_hover_color_opacity=\u00a0\u00bb1&Prime; column_backdrop_filter=\u00a0\u00bbnone\u00a0\u00bb column_shadow=\u00a0\u00bbnone\u00a0\u00bb column_border_radius=\u00a0\u00bbnone\u00a0\u00bb column_link_target=\u00a0\u00bb_self\u00a0\u00bb column_position=\u00a0\u00bbdefault\u00a0\u00bb gradient_direction=\u00a0\u00bbleft_to_right\u00a0\u00bb overlay_strength=\u00a0\u00bb0.3&Prime; width=\u00a0\u00bb1\/6&Prime; tablet_width_inherit=\u00a0\u00bbdefault\u00a0\u00bb animation_type=\u00a0\u00bbdefault\u00a0\u00bb bg_image_animation=\u00a0\u00bbnone\u00a0\u00bb border_type=\u00a0\u00bbsimple\u00a0\u00bb column_border_width=\u00a0\u00bbnone\u00a0\u00bb column_border_style=\u00a0\u00bbsolid\u00a0\u00bb column_padding_type=\u00a0\u00bbdefault\u00a0\u00bb gradient_type=\u00a0\u00bbdefault\u00a0\u00bb offset=\u00a0\u00bbvc_hidden-sm vc_hidden-xs\u00a0\u00bb][\/vc_column][\/vc_row]\n","protected":false},"excerpt":{"rendered":"<p>[vc_row type=\u00a0\u00bbfull_width_background\u00a0\u00bb full_screen_row_position=\u00a0\u00bbmiddle\u00a0\u00bb column_margin=\u00a0\u00bbdefault\u00a0\u00bb column_direction=\u00a0\u00bbdefault\u00a0\u00bb column_direction_tablet=\u00a0\u00bbdefault\u00a0\u00bb column_direction_phone=\u00a0\u00bbdefault\u00a0\u00bb scene_position=\u00a0\u00bbcenter\u00a0\u00bb text_color=\u00a0\u00bbdark\u00a0\u00bb text_align=\u00a0\u00bbleft\u00a0\u00bb row_border_radius=\u00a0\u00bbnone\u00a0\u00bb row_border_radius_applies=\u00a0\u00bbbg\u00a0\u00bb overflow=\u00a0\u00bbvisible\u00a0\u00bb overlay_strength=\u00a0\u00bb0.3&Prime; gradient_direction=\u00a0\u00bbleft_to_right\u00a0\u00bb shape_divider_position=\u00a0\u00bbbottom\u00a0\u00bb bg_image_animation=\u00a0\u00bbnone\u00a0\u00bb shape_type=\u00a0\u00bb\u00a0\u00bb gradient_type=\u00a0\u00bbdefault\u00a0\u00bb][vc_column column_padding=\u00a0\u00bbpadding-2-percent\u00a0\u00bb column_padding_tablet=\u00a0\u00bbinherit\u00a0\u00bb column_padding_phone=\u00a0\u00bbinherit\u00a0\u00bb column_padding_position=\u00a0\u00bball\u00a0\u00bb column_element_direction_desktop=\u00a0\u00bbdefault\u00a0\u00bb column_element_spacing=\u00a0\u00bbdefault\u00a0\u00bb centered_text=\u00a0\u00bbtrue\u00a0\u00bb desktop_text_alignment=\u00a0\u00bbdefault\u00a0\u00bb tablet_text_alignment=\u00a0\u00bbdefault\u00a0\u00bb phone_text_alignment=\u00a0\u00bbdefault\u00a0\u00bb background_color_opacity=\u00a0\u00bb1&Prime;&#8230;<\/p>\n","protected":false},"author":1,"featured_media":80,"parent":0,"menu_order":0,"comment_status":"closed","ping_status":"closed","template":"","meta":{"_joinchat":[],"footnotes":""},"class_list":["post-59","page","type-page","status-publish","has-post-thumbnail"],"yoast_head":"<!-- This site is optimized with the Yoast SEO plugin v27.4 - https:\/\/yoast.com\/product\/yoast-seo-wordpress\/ -->\n<title>Mentions l\u00e9gales - Centre de formation French Academy<\/title>\n<meta name=\"description\" content=\"Retrouvez les mentions l\u00e9gales de French Academy, centres de formation de moniteurs auto-\u00e9cole en \u00cele-de-France.\" \/>\n<meta name=\"robots\" content=\"noindex, follow, max-snippet:-1, max-image-preview:large, max-video-preview:-1\" \/>\n<meta property=\"og:locale\" content=\"fr_FR\" \/>\n<meta property=\"og:type\" content=\"article\" \/>\n<meta property=\"og:title\" content=\"Mentions l\u00e9gales - Centre de formation French Academy\" \/>\n<meta property=\"og:description\" content=\"Retrouvez les mentions l\u00e9gales de French Academy, centres de formation de moniteurs auto-\u00e9cole en \u00cele-de-France.\" \/>\n<meta property=\"og:url\" content=\"https:\/\/de-vv.com\/moniteur\/mentions-legales\/\" \/>\n<meta property=\"og:site_name\" content=\"French Academy\" \/>\n<meta property=\"article:modified_time\" content=\"2025-09-16T09:19:51+00:00\" \/>\n<meta property=\"og:image\" content=\"https:\/\/de-vv.com\/moniteur\/wp-content\/uploads\/2025\/08\/cropped-Financement.png\" \/>\n\t<meta property=\"og:image:width\" content=\"512\" \/>\n\t<meta property=\"og:image:height\" content=\"512\" \/>\n\t<meta property=\"og:image:type\" content=\"image\/png\" \/>\n<meta name=\"twitter:card\" content=\"summary_large_image\" \/>\n<meta name=\"twitter:label1\" content=\"Dur\u00e9e de lecture estim\u00e9e\" \/>\n\t<meta name=\"twitter:data1\" content=\"1 minute\" \/>\n<script type=\"application\/ld+json\" class=\"yoast-schema-graph\">{\"@context\":\"https:\\\/\\\/schema.org\",\"@graph\":[{\"@type\":\"WebPage\",\"@id\":\"https:\\\/\\\/de-vv.com\\\/moniteur\\\/mentions-legales\\\/\",\"url\":\"https:\\\/\\\/de-vv.com\\\/moniteur\\\/mentions-legales\\\/\",\"name\":\"Mentions l\u00e9gales - Centre de formation French Academy\",\"isPartOf\":{\"@id\":\"https:\\\/\\\/de-vv.com\\\/moniteur\\\/#website\"},\"primaryImageOfPage\":{\"@id\":\"https:\\\/\\\/de-vv.com\\\/moniteur\\\/mentions-legales\\\/#primaryimage\"},\"image\":{\"@id\":\"https:\\\/\\\/de-vv.com\\\/moniteur\\\/mentions-legales\\\/#primaryimage\"},\"thumbnailUrl\":\"https:\\\/\\\/de-vv.com\\\/moniteur\\\/wp-content\\\/uploads\\\/2025\\\/08\\\/cropped-Financement.png\",\"datePublished\":\"2025-08-17T13:34:31+00:00\",\"dateModified\":\"2025-09-16T09:19:51+00:00\",\"description\":\"Retrouvez les mentions l\u00e9gales de French Academy, centres de formation de moniteurs auto-\u00e9cole en \u00cele-de-France.\",\"breadcrumb\":{\"@id\":\"https:\\\/\\\/de-vv.com\\\/moniteur\\\/mentions-legales\\\/#breadcrumb\"},\"inLanguage\":\"fr-FR\",\"potentialAction\":[{\"@type\":\"ReadAction\",\"target\":[\"https:\\\/\\\/de-vv.com\\\/moniteur\\\/mentions-legales\\\/\"]}]},{\"@type\":\"ImageObject\",\"inLanguage\":\"fr-FR\",\"@id\":\"https:\\\/\\\/de-vv.com\\\/moniteur\\\/mentions-legales\\\/#primaryimage\",\"url\":\"https:\\\/\\\/de-vv.com\\\/moniteur\\\/wp-content\\\/uploads\\\/2025\\\/08\\\/cropped-Financement.png\",\"contentUrl\":\"https:\\\/\\\/de-vv.com\\\/moniteur\\\/wp-content\\\/uploads\\\/2025\\\/08\\\/cropped-Financement.png\",\"width\":512,\"height\":512},{\"@type\":\"BreadcrumbList\",\"@id\":\"https:\\\/\\\/de-vv.com\\\/moniteur\\\/mentions-legales\\\/#breadcrumb\",\"itemListElement\":[{\"@type\":\"ListItem\",\"position\":1,\"name\":\"Accueil\",\"item\":\"https:\\\/\\\/de-vv.com\\\/moniteur\\\/\"},{\"@type\":\"ListItem\",\"position\":2,\"name\":\"Mentions l\u00e9gales\"}]},{\"@type\":\"WebSite\",\"@id\":\"https:\\\/\\\/de-vv.com\\\/moniteur\\\/#website\",\"url\":\"https:\\\/\\\/de-vv.com\\\/moniteur\\\/\",\"name\":\"French Academy\",\"description\":\"Centre de formation moniteur auto-\u00e9cole\",\"potentialAction\":[{\"@type\":\"SearchAction\",\"target\":{\"@type\":\"EntryPoint\",\"urlTemplate\":\"https:\\\/\\\/de-vv.com\\\/moniteur\\\/?s={search_term_string}\"},\"query-input\":{\"@type\":\"PropertyValueSpecification\",\"valueRequired\":true,\"valueName\":\"search_term_string\"}}],\"inLanguage\":\"fr-FR\"}]}<\/script>\n<!-- \/ Yoast SEO plugin. -->","yoast_head_json":{"title":"Mentions l\u00e9gales - Centre de formation French Academy","description":"Retrouvez les mentions l\u00e9gales de French Academy, centres de formation de moniteurs auto-\u00e9cole en \u00cele-de-France.","robots":{"index":"noindex","follow":"follow","max-snippet":"max-snippet:-1","max-image-preview":"max-image-preview:large","max-video-preview":"max-video-preview:-1"},"og_locale":"fr_FR","og_type":"article","og_title":"Mentions l\u00e9gales - Centre de formation French Academy","og_description":"Retrouvez les mentions l\u00e9gales de French Academy, centres de formation de moniteurs auto-\u00e9cole en \u00cele-de-France.","og_url":"https:\/\/de-vv.com\/moniteur\/mentions-legales\/","og_site_name":"French Academy","article_modified_time":"2025-09-16T09:19:51+00:00","og_image":[{"width":512,"height":512,"url":"https:\/\/de-vv.com\/moniteur\/wp-content\/uploads\/2025\/08\/cropped-Financement.png","type":"image\/png"}],"twitter_card":"summary_large_image","twitter_misc":{"Dur\u00e9e de lecture estim\u00e9e":"1 minute"},"schema":{"@context":"https:\/\/schema.org","@graph":[{"@type":"WebPage","@id":"https:\/\/de-vv.com\/moniteur\/mentions-legales\/","url":"https:\/\/de-vv.com\/moniteur\/mentions-legales\/","name":"Mentions l\u00e9gales - Centre de formation French Academy","isPartOf":{"@id":"https:\/\/de-vv.com\/moniteur\/#website"},"primaryImageOfPage":{"@id":"https:\/\/de-vv.com\/moniteur\/mentions-legales\/#primaryimage"},"image":{"@id":"https:\/\/de-vv.com\/moniteur\/mentions-legales\/#primaryimage"},"thumbnailUrl":"https:\/\/de-vv.com\/moniteur\/wp-content\/uploads\/2025\/08\/cropped-Financement.png","datePublished":"2025-08-17T13:34:31+00:00","dateModified":"2025-09-16T09:19:51+00:00","description":"Retrouvez les mentions l\u00e9gales de French Academy, centres de formation de moniteurs auto-\u00e9cole en \u00cele-de-France.","breadcrumb":{"@id":"https:\/\/de-vv.com\/moniteur\/mentions-legales\/#breadcrumb"},"inLanguage":"fr-FR","potentialAction":[{"@type":"ReadAction","target":["https:\/\/de-vv.com\/moniteur\/mentions-legales\/"]}]},{"@type":"ImageObject","inLanguage":"fr-FR","@id":"https:\/\/de-vv.com\/moniteur\/mentions-legales\/#primaryimage","url":"https:\/\/de-vv.com\/moniteur\/wp-content\/uploads\/2025\/08\/cropped-Financement.png","contentUrl":"https:\/\/de-vv.com\/moniteur\/wp-content\/uploads\/2025\/08\/cropped-Financement.png","width":512,"height":512},{"@type":"BreadcrumbList","@id":"https:\/\/de-vv.com\/moniteur\/mentions-legales\/#breadcrumb","itemListElement":[{"@type":"ListItem","position":1,"name":"Accueil","item":"https:\/\/de-vv.com\/moniteur\/"},{"@type":"ListItem","position":2,"name":"Mentions l\u00e9gales"}]},{"@type":"WebSite","@id":"https:\/\/de-vv.com\/moniteur\/#website","url":"https:\/\/de-vv.com\/moniteur\/","name":"French Academy","description":"Centre de formation moniteur auto-\u00e9cole","potentialAction":[{"@type":"SearchAction","target":{"@type":"EntryPoint","urlTemplate":"https:\/\/de-vv.com\/moniteur\/?s={search_term_string}"},"query-input":{"@type":"PropertyValueSpecification","valueRequired":true,"valueName":"search_term_string"}}],"inLanguage":"fr-FR"}]}},"_links":{"self":[{"href":"https:\/\/de-vv.com\/moniteur\/wp-json\/wp\/v2\/pages\/59","targetHints":{"allow":["GET"]}}],"collection":[{"href":"https:\/\/de-vv.com\/moniteur\/wp-json\/wp\/v2\/pages"}],"about":[{"href":"https:\/\/de-vv.com\/moniteur\/wp-json\/wp\/v2\/types\/page"}],"author":[{"embeddable":true,"href":"https:\/\/de-vv.com\/moniteur\/wp-json\/wp\/v2\/users\/1"}],"replies":[{"embeddable":true,"href":"https:\/\/de-vv.com\/moniteur\/wp-json\/wp\/v2\/comments?post=59"}],"version-history":[{"count":7,"href":"https:\/\/de-vv.com\/moniteur\/wp-json\/wp\/v2\/pages\/59\/revisions"}],"predecessor-version":[{"id":199,"href":"https:\/\/de-vv.com\/moniteur\/wp-json\/wp\/v2\/pages\/59\/revisions\/199"}],"wp:featuredmedia":[{"embeddable":true,"href":"https:\/\/de-vv.com\/moniteur\/wp-json\/wp\/v2\/media\/80"}],"wp:attachment":[{"href":"https:\/\/de-vv.com\/moniteur\/wp-json\/wp\/v2\/media?parent=59"}],"curies":[{"name":"wp","href":"https:\/\/api.w.org\/{rel}","templated":true}]}}