{"id":32,"date":"2024-06-08T13:44:43","date_gmt":"2024-06-08T11:44:43","guid":{"rendered":"https:\/\/de-vv.com\/oldschool\/?page_id=32"},"modified":"2024-08-17T11:36:36","modified_gmt":"2024-08-17T09:36:36","slug":"aide-france-travail","status":"publish","type":"page","link":"https:\/\/de-vv.com\/oldschool\/aide-france-travail\/","title":{"rendered":"Aide France Travail"},"content":{"rendered":"[vc_row type=\u00a0\u00bbfull_width_background\u00a0\u00bb full_screen_row_position=\u00a0\u00bbmiddle\u00a0\u00bb equal_height=\u00a0\u00bbyes\u00a0\u00bb content_placement=\u00a0\u00bbmiddle\u00a0\u00bb column_margin=\u00a0\u00bbdefault\u00a0\u00bb scene_position=\u00a0\u00bbcenter\u00a0\u00bb text_color=\u00a0\u00bbdark\u00a0\u00bb text_align=\u00a0\u00bbleft\u00a0\u00bb top_padding=\u00a0\u00bb20&Prime; bottom_padding=\u00a0\u00bb20&Prime; overlay_strength=\u00a0\u00bb0.3&Prime; shape_divider_position=\u00a0\u00bbbottom\u00a0\u00bb bg_image_animation=\u00a0\u00bbnone\u00a0\u00bb shape_type=\u00a0\u00bb\u00a0\u00bb][vc_column column_padding=\u00a0\u00bbpadding-2-percent\u00a0\u00bb column_padding_position=\u00a0\u00bball\u00a0\u00bb background_color_opacity=\u00a0\u00bb1&Prime; background_hover_color_opacity=\u00a0\u00bb1&Prime; column_link_target=\u00a0\u00bb_self\u00a0\u00bb column_shadow=\u00a0\u00bbnone\u00a0\u00bb column_border_radius=\u00a0\u00bbnone\u00a0\u00bb width=\u00a0\u00bb1\/1&Prime; tablet_width_inherit=\u00a0\u00bbdefault\u00a0\u00bb tablet_text_alignment=\u00a0\u00bbdefault\u00a0\u00bb phone_text_alignment=\u00a0\u00bbdefault\u00a0\u00bb overlay_strength=\u00a0\u00bb0.3&Prime; column_border_width=\u00a0\u00bbnone\u00a0\u00bb column_border_style=\u00a0\u00bbsolid\u00a0\u00bb bg_image_animation=\u00a0\u00bbnone\u00a0\u00bb][vc_column_text]\n<h1 style=\"color: #db3f28;\">Aide au permis par France Travail<\/h1>\n[\/vc_column_text][vc_row_inner column_margin=\u00a0\u00bbdefault\u00a0\u00bb top_padding=\u00a0\u00bb10&Prime; text_align=\u00a0\u00bbleft\u00a0\u00bb][vc_column_inner column_padding=\u00a0\u00bbno-extra-padding\u00a0\u00bb column_padding_position=\u00a0\u00bball\u00a0\u00bb background_color_opacity=\u00a0\u00bb1&Prime; background_hover_color_opacity=\u00a0\u00bb1&Prime; column_shadow=\u00a0\u00bbnone\u00a0\u00bb column_border_radius=\u00a0\u00bbnone\u00a0\u00bb column_link_target=\u00a0\u00bb_self\u00a0\u00bb width=\u00a0\u00bb2\/3&Prime; tablet_width_inherit=\u00a0\u00bbdefault\u00a0\u00bb overlay_strength=\u00a0\u00bb0.3&Prime; column_border_width=\u00a0\u00bbnone\u00a0\u00bb column_border_style=\u00a0\u00bbsolid\u00a0\u00bb bg_image_animation=\u00a0\u00bbnone\u00a0\u00bb][vc_column_text css=\u00a0\u00bb.vc_custom_1712996657200{padding-top: 12px !important;padding-bottom: 12px !important;}\u00a0\u00bb]Ne pas avoir le permis de conduire peut constituer un frein \u00e0 l\u2019acc\u00e8s \u00e0 l\u2019emploi. Certaines cat\u00e9gories de ch\u00f4meurs peuvent b\u00e9n\u00e9ficier d\u2019une aide financi\u00e8re pour passer leur permis de conduire (cat\u00e9gorie B). Cette aide, vers\u00e9e par <a href=\"https:\/\/www.francetravail.fr\/accueil\/\" target=\"_blank\" rel=\"noopener\">France Travail<\/a> (anciennement P\u00f4le emploi) \u00e0 l\u2019auto-\u00e9cole, ne peut d\u00e9passer les 1 200 \u20ac. L\u2019aide doit \u00eatre demand\u00e9e avant toute inscription dans l\u2019auto-\u00e9cole.[\/vc_column_text][nectar_btn size=\u00a0\u00bblarge\u00a0\u00bb button_style=\u00a0\u00bbregular\u00a0\u00bb button_color_2=\u00a0\u00bbExtra-Color-3&Prime; icon_family=\u00a0\u00bbfontawesome\u00a0\u00bb url=\u00a0\u00bbhttps:\/\/de-vv.com\/oldschool\/contact\/\u00a0\u00bb text=\u00a0\u00bbContactez nous\u00a0\u00bb margin_top=\u00a0\u00bb5&Prime; margin_right=\u00a0\u00bb5&Prime; margin_bottom=\u00a0\u00bb5&Prime; icon_fontawesome=\u00a0\u00bbfa fa-envelope-open-o\u00a0\u00bb][nectar_btn size=\u00a0\u00bblarge\u00a0\u00bb button_style=\u00a0\u00bbregular\u00a0\u00bb button_color_2=\u00a0\u00bbAccent-Color\u00a0\u00bb icon_family=\u00a0\u00bbfontawesome\u00a0\u00bb url=\u00a0\u00bbtel:01.72.52.15.79&Prime; text=\u00a0\u00bb01 72 52 15 79&Prime; margin_top=\u00a0\u00bb5&Prime; margin_bottom=\u00a0\u00bb5&Prime; icon_fontawesome=\u00a0\u00bbfa fa-mobile\u00a0\u00bb][\/vc_column_inner][vc_column_inner column_padding=\u00a0\u00bbpadding-2-percent\u00a0\u00bb column_padding_position=\u00a0\u00bball\u00a0\u00bb background_color_opacity=\u00a0\u00bb1&Prime; background_hover_color_opacity=\u00a0\u00bb1&Prime; column_shadow=\u00a0\u00bbnone\u00a0\u00bb column_border_radius=\u00a0\u00bbnone\u00a0\u00bb column_link_target=\u00a0\u00bb_self\u00a0\u00bb width=\u00a0\u00bb1\/3&Prime; tablet_width_inherit=\u00a0\u00bbdefault\u00a0\u00bb overlay_strength=\u00a0\u00bb0.3&Prime; column_border_width=\u00a0\u00bbnone\u00a0\u00bb column_border_style=\u00a0\u00bbsolid\u00a0\u00bb bg_image_animation=\u00a0\u00bbnone\u00a0\u00bb][image_with_animation image_url=\u00a0\u00bb70&Prime; alignment=\u00a0\u00bb\u00a0\u00bb animation=\u00a0\u00bbFade In\u00a0\u00bb hover_animation=\u00a0\u00bbnone\u00a0\u00bb border_radius=\u00a0\u00bbnone\u00a0\u00bb box_shadow=\u00a0\u00bbnone\u00a0\u00bb image_loading=\u00a0\u00bbdefault\u00a0\u00bb max_width=\u00a0\u00bb100%\u00a0\u00bb max_width_mobile=\u00a0\u00bbdefault\u00a0\u00bb][\/vc_column_inner][\/vc_row_inner][\/vc_column][\/vc_row][vc_row type=\u00a0\u00bbfull_width_background\u00a0\u00bb full_screen_row_position=\u00a0\u00bbmiddle\u00a0\u00bb column_margin=\u00a0\u00bbdefault\u00a0\u00bb scene_position=\u00a0\u00bbcenter\u00a0\u00bb text_color=\u00a0\u00bbdark\u00a0\u00bb text_align=\u00a0\u00bbleft\u00a0\u00bb top_padding=\u00a0\u00bb20&Prime; bottom_padding=\u00a0\u00bb20&Prime; overlay_strength=\u00a0\u00bb0.3&Prime; shape_divider_position=\u00a0\u00bbbottom\u00a0\u00bb bg_image_animation=\u00a0\u00bbnone\u00a0\u00bb shape_type=\u00a0\u00bb\u00a0\u00bb][vc_column column_padding=\u00a0\u00bbpadding-2-percent\u00a0\u00bb column_padding_position=\u00a0\u00bball\u00a0\u00bb background_color_opacity=\u00a0\u00bb1&Prime; background_hover_color_opacity=\u00a0\u00bb1&Prime; column_link_target=\u00a0\u00bb_self\u00a0\u00bb column_shadow=\u00a0\u00bbnone\u00a0\u00bb column_border_radius=\u00a0\u00bbnone\u00a0\u00bb width=\u00a0\u00bb1\/1&Prime; tablet_width_inherit=\u00a0\u00bbdefault\u00a0\u00bb tablet_text_alignment=\u00a0\u00bbdefault\u00a0\u00bb phone_text_alignment=\u00a0\u00bbdefault\u00a0\u00bb overlay_strength=\u00a0\u00bb0.3&Prime; column_border_width=\u00a0\u00bbnone\u00a0\u00bb column_border_style=\u00a0\u00bbsolid\u00a0\u00bb bg_image_animation=\u00a0\u00bbnone\u00a0\u00bb enable_animation=\u00a0\u00bbtrue\u00a0\u00bb animation=\u00a0\u00bbfade-in-from-left\u00a0\u00bb][vc_column_text css=\u00a0\u00bb.vc_custom_1717922450221{padding-bottom: 20px !important;}\u00a0\u00bb]\n<h2>De quoi s\u2019agit-il ?<\/h2>\n<p>L\u2019aide au permis de conduire (permis B) de\u00a0<strong>France Travail\u00a0<\/strong>(anciennement P\u00f4le Emploi) est une aide financi\u00e8re permettant de lever le frein \u00e0 la reprise d\u2019un emploi que repr\u00e9sente le fait de ne pas \u00eatre titulaire du permis de conduire. B\u00e9n\u00e9ficiez de cette aide dans les auto-\u00e9coles By Stalindrive.[\/vc_column_text][vc_column_text css=\u00a0\u00bb.vc_custom_1719645782169{padding-bottom: 20px !important;}\u00a0\u00bb]\n<h2>Personnes concern\u00e9es<\/h2>\n<p>Vous pouvez b\u00e9n\u00e9ficier de l\u2019aide du permis de conduire B sous r\u00e9serve de remplir certaines conditions d\u2019inscription et de ressources.<\/p>\n<ul>\n<li>Vous devez \u00eatre inscrit \u00e0 P\u00f4le emploi au moins 6 mois de mani\u00e8re continue et \u00eatre disponible pour occuper un emploi.<\/li>\n<li>Vous ne devez pas \u00eatre indemnis\u00e9 au titre d\u2019une allocation ch\u00f4mage, ou \u00eatre indemnis\u00e9 au titre d&rsquo;une autre allocation dont le montant est inf\u00e9rieur ou \u00e9gal \u00e0 celui de l&rsquo;allocation de retour \u00e0 l\u2019emploi (ARE) minimale.<\/li>\n<li>Vous devez avoir au moins 18 ans.<\/li>\n<li>Vous ne devez pas \u00eatre ou ne plus \u00eatre titulaire du permis de conduire B.<\/li>\n<\/ul>\n[\/vc_column_text][vc_row_inner column_margin=\u00a0\u00bbdefault\u00a0\u00bb text_align=\u00a0\u00bbleft\u00a0\u00bb][vc_column_inner column_padding=\u00a0\u00bbpadding-2-percent\u00a0\u00bb column_padding_position=\u00a0\u00bball\u00a0\u00bb background_color=\u00a0\u00bb#db3f28&Prime; background_color_opacity=\u00a0\u00bb1&Prime; background_hover_color_opacity=\u00a0\u00bb1&Prime; font_color=\u00a0\u00bb#ffffff\u00a0\u00bb column_shadow=\u00a0\u00bbnone\u00a0\u00bb column_border_radius=\u00a0\u00bbnone\u00a0\u00bb column_link_target=\u00a0\u00bb_self\u00a0\u00bb width=\u00a0\u00bb1\/1&Prime; tablet_width_inherit=\u00a0\u00bbdefault\u00a0\u00bb overlay_strength=\u00a0\u00bb0.3&Prime; column_border_width=\u00a0\u00bbnone\u00a0\u00bb column_border_style=\u00a0\u00bbsolid\u00a0\u00bb bg_image_animation=\u00a0\u00bbnone\u00a0\u00bb][vc_column_text]\n<h4 class=\"uni-sans\">Important<\/h4>\n<ul>\n<li>L&rsquo;absence de permis de conduire doit constituer un frein \u00e0 votre embauche et faire l\u2019objet d\u2019un constat partag\u00e9 avec votre conseiller P\u00f4le emploi.<\/li>\n<li>Cet obstacle peut \u00eatre li\u00e9 au fait que la zone de recherche d\u2019emploi n\u2019est pas ou est mal desservie par les transports en commun ou que l\u2019emploi recherch\u00e9 n\u00e9cessite de d\u00e9tenir le permis de conduire.<\/li>\n<li>L\u2019aide au permis de conduire de P\u00f4le emploi est dite \u00ab subsidiaire \u00bb : vous ne devez pas pouvoir b\u00e9n\u00e9ficier d&rsquo;un autre dispositif d&rsquo;aide au permis mis en place par un organisme public ou priv\u00e9, un employeur, une association ou toute autre structure m\u00eame s\u2019il est moins avantageux financi\u00e8rement.<\/li>\n<\/ul>\n[\/vc_column_text][\/vc_column_inner][\/vc_row_inner][vc_column_text css=\u00a0\u00bb.vc_custom_1719645858252{padding-bottom: 20px !important;}\u00a0\u00bb]\n<h2>Montant et versement de l&rsquo;aide<\/h2>\n<p>L&rsquo;aide au permis de conduire ne peut \u00eatre attribu\u00e9e qu\u2019une fois. Son montant est 1 200 \u20ac maximum.<\/p>\n<p>Elle est directement vers\u00e9e par P\u00f4le emploi \u00e0 l&rsquo;auto-\u00e9cole en<strong> 3 versements<\/strong> :<\/p>\n<ul>\n<li>Le premier, sur pr\u00e9sentation par l&rsquo;auto-\u00e9cole d\u2019une attestation d\u2019inscription et de suivi de l\u2019apprentissage au plus tard 1 mois apr\u00e8s l\u2019attribution de l\u2019aide ;<\/li>\n<li>Le second, sur pr\u00e9sentation du justificatif de succ\u00e8s \u00e0 l\u2019examen du code de la route au plus tard 5 mois apr\u00e8s l\u2019attribution de l\u2019aide (\u00e0 d\u00e9faut, P\u00f4le emploi peut mettre fin \u00e0 l&rsquo;aide) ;<\/li>\n<li>Le solde, \u00e0 concurrence du montant maximum de l\u2019aide attribu\u00e9e sur pr\u00e9sentation du justificatif de l\u2019obtention du permis ou de deux participations \u00e0 l\u2019examen pratique ou de la r\u00e9alisation de 30 heures de cours de conduite. Dans ce dernier cas, vous devrez contresigner le justificatif du nombre d&rsquo;heures.<\/li>\n<\/ul>\n[\/vc_column_text][\/vc_column][\/vc_row][vc_row type=\u00a0\u00bbfull_width_background\u00a0\u00bb full_screen_row_position=\u00a0\u00bbmiddle\u00a0\u00bb column_margin=\u00a0\u00bbdefault\u00a0\u00bb bg_color=\u00a0\u00bb#db3f28&Prime; scene_position=\u00a0\u00bbcenter\u00a0\u00bb text_color=\u00a0\u00bblight\u00a0\u00bb text_align=\u00a0\u00bbleft\u00a0\u00bb top_padding=\u00a0\u00bb20&Prime; bottom_padding=\u00a0\u00bb20&Prime; overlay_strength=\u00a0\u00bb0.3&Prime; shape_divider_position=\u00a0\u00bbbottom\u00a0\u00bb bg_image_animation=\u00a0\u00bbnone\u00a0\u00bb shape_type=\u00a0\u00bb\u00a0\u00bb][vc_column column_padding=\u00a0\u00bbpadding-2-percent\u00a0\u00bb column_padding_position=\u00a0\u00bball\u00a0\u00bb background_color_opacity=\u00a0\u00bb1&Prime; background_hover_color_opacity=\u00a0\u00bb1&Prime; column_link_target=\u00a0\u00bb_self\u00a0\u00bb column_shadow=\u00a0\u00bbnone\u00a0\u00bb column_border_radius=\u00a0\u00bbnone\u00a0\u00bb width=\u00a0\u00bb1\/1&Prime; tablet_width_inherit=\u00a0\u00bbdefault\u00a0\u00bb tablet_text_alignment=\u00a0\u00bbdefault\u00a0\u00bb phone_text_alignment=\u00a0\u00bbdefault\u00a0\u00bb overlay_strength=\u00a0\u00bb0.3&Prime; column_border_width=\u00a0\u00bbnone\u00a0\u00bb column_border_style=\u00a0\u00bbsolid\u00a0\u00bb bg_image_animation=\u00a0\u00bbnone\u00a0\u00bb][vc_column_text css=\u00a0\u00bb.vc_custom_1717162421931{padding-bottom: 12px !important;}\u00a0\u00bb]\n<h2>Une question sur l&rsquo;aide France Travail ?<\/h2>\n<p>Vous avez une question sur le contenu de nos formations, sur nos tarifs ou sur nos horaires ? Besoin de conseils personnalis\u00e9s en fonction de votre situation ? Vous avez des contraintes d&rsquo;agenda ou souhaitez passer le permis rapidement?[\/vc_column_text][nectar_btn size=\u00a0\u00bblarge\u00a0\u00bb button_style=\u00a0\u00bbregular\u00a0\u00bb button_color_2=\u00a0\u00bbExtra-Color-3&Prime; icon_family=\u00a0\u00bbdefault_arrow\u00a0\u00bb url=\u00a0\u00bbhttps:\/\/de-vv.com\/oldschool\/contact\/\u00a0\u00bb text=\u00a0\u00bbContactez nous\u00a0\u00bb margin_top=\u00a0\u00bb5&Prime; margin_right=\u00a0\u00bb12&Prime; margin_bottom=\u00a0\u00bb5&Prime;][nectar_btn size=\u00a0\u00bblarge\u00a0\u00bb button_style=\u00a0\u00bbregular\u00a0\u00bb button_color_2=\u00a0\u00bbExtra-Color-1&Prime; solid_text_color_override=\u00a0\u00bb#000000&Prime; icon_family=\u00a0\u00bbfontawesome\u00a0\u00bb url=\u00a0\u00bbtel:01.72.52.15.79&Prime; text=\u00a0\u00bb01 72 52 15 79&Prime; margin_top=\u00a0\u00bb5&Prime; margin_bottom=\u00a0\u00bb5&Prime; icon_fontawesome=\u00a0\u00bbfa fa-mobile\u00a0\u00bb][\/vc_column][\/vc_row]\n","protected":false},"excerpt":{"rendered":"<p>[vc_row type=\u00a0\u00bbfull_width_background\u00a0\u00bb full_screen_row_position=\u00a0\u00bbmiddle\u00a0\u00bb equal_height=\u00a0\u00bbyes\u00a0\u00bb content_placement=\u00a0\u00bbmiddle\u00a0\u00bb column_margin=\u00a0\u00bbdefault\u00a0\u00bb scene_position=\u00a0\u00bbcenter\u00a0\u00bb text_color=\u00a0\u00bbdark\u00a0\u00bb text_align=\u00a0\u00bbleft\u00a0\u00bb top_padding=\u00a0\u00bb20&Prime; bottom_padding=\u00a0\u00bb20&Prime; overlay_strength=\u00a0\u00bb0.3&Prime; shape_divider_position=\u00a0\u00bbbottom\u00a0\u00bb bg_image_animation=\u00a0\u00bbnone\u00a0\u00bb shape_type=\u00a0\u00bb\u00a0\u00bb][vc_column column_padding=\u00a0\u00bbpadding-2-percent\u00a0\u00bb column_padding_position=\u00a0\u00bball\u00a0\u00bb background_color_opacity=\u00a0\u00bb1&Prime; background_hover_color_opacity=\u00a0\u00bb1&Prime; column_link_target=\u00a0\u00bb_self\u00a0\u00bb column_shadow=\u00a0\u00bbnone\u00a0\u00bb column_border_radius=\u00a0\u00bbnone\u00a0\u00bb width=\u00a0\u00bb1\/1&Prime; tablet_width_inherit=\u00a0\u00bbdefault\u00a0\u00bb tablet_text_alignment=\u00a0\u00bbdefault\u00a0\u00bb phone_text_alignment=\u00a0\u00bbdefault\u00a0\u00bb overlay_strength=\u00a0\u00bb0.3&Prime; column_border_width=\u00a0\u00bbnone\u00a0\u00bb column_border_style=\u00a0\u00bbsolid\u00a0\u00bb bg_image_animation=\u00a0\u00bbnone\u00a0\u00bb][vc_column_text]&#8230;<\/p>\n","protected":false},"author":1,"featured_media":70,"parent":0,"menu_order":0,"comment_status":"closed","ping_status":"closed","template":"","meta":{"_joinchat":[],"footnotes":""},"class_list":["post-32","page","type-page","status-publish","has-post-thumbnail"],"yoast_head":"<!-- This site is optimized with the Yoast SEO plugin v25.6 - https:\/\/yoast.com\/wordpress\/plugins\/seo\/ -->\n<title>Aide au permis par France Travail - Old School Auto-\u00e9cole<\/title>\n<meta name=\"description\" content=\"France Travail (anciennement P\u00f4le Emploi) aide les demandeurs d&#039;emploi \u00e0 financer leur formation au permis de conduire.\" \/>\n<meta name=\"robots\" content=\"noindex, follow, max-snippet:-1, max-image-preview:large, max-video-preview:-1\" \/>\n<meta property=\"og:locale\" content=\"fr_FR\" \/>\n<meta property=\"og:type\" content=\"article\" \/>\n<meta property=\"og:title\" content=\"Aide au permis par France Travail - Old School Auto-\u00e9cole\" \/>\n<meta property=\"og:description\" content=\"France Travail (anciennement P\u00f4le Emploi) aide les demandeurs d&#039;emploi \u00e0 financer leur formation au permis de conduire.\" \/>\n<meta property=\"og:url\" content=\"http:\/\/de-vv.com\/oldschool\/aide-france-travail\/\" \/>\n<meta property=\"og:site_name\" content=\"Old School Auto-\u00e9cole\" \/>\n<meta property=\"article:modified_time\" content=\"2024-08-17T09:36:36+00:00\" \/>\n<meta property=\"og:image\" content=\"http:\/\/de-vv.com\/oldschool\/wp-content\/uploads\/2024\/06\/logo-france-travail-2.jpg\" \/>\n\t<meta property=\"og:image:width\" content=\"585\" \/>\n\t<meta property=\"og:image:height\" content=\"365\" \/>\n\t<meta property=\"og:image:type\" content=\"image\/jpeg\" \/>\n<meta name=\"twitter:card\" content=\"summary_large_image\" \/>\n<meta name=\"twitter:label1\" content=\"Dur\u00e9e de lecture estim\u00e9e\" \/>\n\t<meta name=\"twitter:data1\" content=\"4 minutes\" \/>\n<script type=\"application\/ld+json\" class=\"yoast-schema-graph\">{\"@context\":\"https:\/\/schema.org\",\"@graph\":[{\"@type\":\"WebPage\",\"@id\":\"http:\/\/de-vv.com\/oldschool\/aide-france-travail\/\",\"url\":\"http:\/\/de-vv.com\/oldschool\/aide-france-travail\/\",\"name\":\"Aide au permis par France Travail - Old School Auto-\u00e9cole\",\"isPartOf\":{\"@id\":\"http:\/\/de-vv.com\/oldschool\/#website\"},\"primaryImageOfPage\":{\"@id\":\"http:\/\/de-vv.com\/oldschool\/aide-france-travail\/#primaryimage\"},\"image\":{\"@id\":\"http:\/\/de-vv.com\/oldschool\/aide-france-travail\/#primaryimage\"},\"thumbnailUrl\":\"https:\/\/de-vv.com\/oldschool\/wp-content\/uploads\/2024\/06\/logo-france-travail-2.jpg\",\"datePublished\":\"2024-06-08T11:44:43+00:00\",\"dateModified\":\"2024-08-17T09:36:36+00:00\",\"description\":\"France Travail (anciennement P\u00f4le Emploi) aide les demandeurs d'emploi \u00e0 financer leur formation au permis de conduire.\",\"breadcrumb\":{\"@id\":\"http:\/\/de-vv.com\/oldschool\/aide-france-travail\/#breadcrumb\"},\"inLanguage\":\"fr-FR\",\"potentialAction\":[{\"@type\":\"ReadAction\",\"target\":[\"http:\/\/de-vv.com\/oldschool\/aide-france-travail\/\"]}]},{\"@type\":\"ImageObject\",\"inLanguage\":\"fr-FR\",\"@id\":\"http:\/\/de-vv.com\/oldschool\/aide-france-travail\/#primaryimage\",\"url\":\"https:\/\/de-vv.com\/oldschool\/wp-content\/uploads\/2024\/06\/logo-france-travail-2.jpg\",\"contentUrl\":\"https:\/\/de-vv.com\/oldschool\/wp-content\/uploads\/2024\/06\/logo-france-travail-2.jpg\",\"width\":585,\"height\":365,\"caption\":\"Logo France Travail\"},{\"@type\":\"BreadcrumbList\",\"@id\":\"http:\/\/de-vv.com\/oldschool\/aide-france-travail\/#breadcrumb\",\"itemListElement\":[{\"@type\":\"ListItem\",\"position\":1,\"name\":\"Accueil\",\"item\":\"http:\/\/de-vv.com\/oldschool\/\"},{\"@type\":\"ListItem\",\"position\":2,\"name\":\"Aide France Travail\"}]},{\"@type\":\"WebSite\",\"@id\":\"http:\/\/de-vv.com\/oldschool\/#website\",\"url\":\"http:\/\/de-vv.com\/oldschool\/\",\"name\":\"Old School Auto-\u00e9cole\",\"description\":\"Votre auto-\u00e9cole \u00e0 \u00c9couen (95)\",\"potentialAction\":[{\"@type\":\"SearchAction\",\"target\":{\"@type\":\"EntryPoint\",\"urlTemplate\":\"http:\/\/de-vv.com\/oldschool\/?s={search_term_string}\"},\"query-input\":{\"@type\":\"PropertyValueSpecification\",\"valueRequired\":true,\"valueName\":\"search_term_string\"}}],\"inLanguage\":\"fr-FR\"}]}<\/script>\n<!-- \/ Yoast SEO plugin. -->","yoast_head_json":{"title":"Aide au permis par France Travail - Old School Auto-\u00e9cole","description":"France Travail (anciennement P\u00f4le Emploi) aide les demandeurs d'emploi \u00e0 financer leur formation au permis de conduire.","robots":{"index":"noindex","follow":"follow","max-snippet":"max-snippet:-1","max-image-preview":"max-image-preview:large","max-video-preview":"max-video-preview:-1"},"og_locale":"fr_FR","og_type":"article","og_title":"Aide au permis par France Travail - Old School Auto-\u00e9cole","og_description":"France Travail (anciennement P\u00f4le Emploi) aide les demandeurs d'emploi \u00e0 financer leur formation au permis de conduire.","og_url":"http:\/\/de-vv.com\/oldschool\/aide-france-travail\/","og_site_name":"Old School Auto-\u00e9cole","article_modified_time":"2024-08-17T09:36:36+00:00","og_image":[{"width":585,"height":365,"url":"http:\/\/de-vv.com\/oldschool\/wp-content\/uploads\/2024\/06\/logo-france-travail-2.jpg","type":"image\/jpeg"}],"twitter_card":"summary_large_image","twitter_misc":{"Dur\u00e9e de lecture estim\u00e9e":"4 minutes"},"schema":{"@context":"https:\/\/schema.org","@graph":[{"@type":"WebPage","@id":"http:\/\/de-vv.com\/oldschool\/aide-france-travail\/","url":"http:\/\/de-vv.com\/oldschool\/aide-france-travail\/","name":"Aide au permis par France Travail - Old School Auto-\u00e9cole","isPartOf":{"@id":"http:\/\/de-vv.com\/oldschool\/#website"},"primaryImageOfPage":{"@id":"http:\/\/de-vv.com\/oldschool\/aide-france-travail\/#primaryimage"},"image":{"@id":"http:\/\/de-vv.com\/oldschool\/aide-france-travail\/#primaryimage"},"thumbnailUrl":"https:\/\/de-vv.com\/oldschool\/wp-content\/uploads\/2024\/06\/logo-france-travail-2.jpg","datePublished":"2024-06-08T11:44:43+00:00","dateModified":"2024-08-17T09:36:36+00:00","description":"France Travail (anciennement P\u00f4le Emploi) aide les demandeurs d'emploi \u00e0 financer leur formation au permis de conduire.","breadcrumb":{"@id":"http:\/\/de-vv.com\/oldschool\/aide-france-travail\/#breadcrumb"},"inLanguage":"fr-FR","potentialAction":[{"@type":"ReadAction","target":["http:\/\/de-vv.com\/oldschool\/aide-france-travail\/"]}]},{"@type":"ImageObject","inLanguage":"fr-FR","@id":"http:\/\/de-vv.com\/oldschool\/aide-france-travail\/#primaryimage","url":"https:\/\/de-vv.com\/oldschool\/wp-content\/uploads\/2024\/06\/logo-france-travail-2.jpg","contentUrl":"https:\/\/de-vv.com\/oldschool\/wp-content\/uploads\/2024\/06\/logo-france-travail-2.jpg","width":585,"height":365,"caption":"Logo France Travail"},{"@type":"BreadcrumbList","@id":"http:\/\/de-vv.com\/oldschool\/aide-france-travail\/#breadcrumb","itemListElement":[{"@type":"ListItem","position":1,"name":"Accueil","item":"http:\/\/de-vv.com\/oldschool\/"},{"@type":"ListItem","position":2,"name":"Aide France Travail"}]},{"@type":"WebSite","@id":"http:\/\/de-vv.com\/oldschool\/#website","url":"http:\/\/de-vv.com\/oldschool\/","name":"Old School Auto-\u00e9cole","description":"Votre auto-\u00e9cole \u00e0 \u00c9couen (95)","potentialAction":[{"@type":"SearchAction","target":{"@type":"EntryPoint","urlTemplate":"http:\/\/de-vv.com\/oldschool\/?s={search_term_string}"},"query-input":{"@type":"PropertyValueSpecification","valueRequired":true,"valueName":"search_term_string"}}],"inLanguage":"fr-FR"}]}},"_links":{"self":[{"href":"https:\/\/de-vv.com\/oldschool\/wp-json\/wp\/v2\/pages\/32"}],"collection":[{"href":"https:\/\/de-vv.com\/oldschool\/wp-json\/wp\/v2\/pages"}],"about":[{"href":"https:\/\/de-vv.com\/oldschool\/wp-json\/wp\/v2\/types\/page"}],"author":[{"embeddable":true,"href":"https:\/\/de-vv.com\/oldschool\/wp-json\/wp\/v2\/users\/1"}],"replies":[{"embeddable":true,"href":"https:\/\/de-vv.com\/oldschool\/wp-json\/wp\/v2\/comments?post=32"}],"version-history":[{"count":4,"href":"https:\/\/de-vv.com\/oldschool\/wp-json\/wp\/v2\/pages\/32\/revisions"}],"predecessor-version":[{"id":197,"href":"https:\/\/de-vv.com\/oldschool\/wp-json\/wp\/v2\/pages\/32\/revisions\/197"}],"wp:featuredmedia":[{"embeddable":true,"href":"https:\/\/de-vv.com\/oldschool\/wp-json\/wp\/v2\/media\/70"}],"wp:attachment":[{"href":"https:\/\/de-vv.com\/oldschool\/wp-json\/wp\/v2\/media?parent=32"}],"curies":[{"name":"wp","href":"https:\/\/api.w.org\/{rel}","templated":true}]}}