{"id":34,"date":"2024-06-08T13:45:09","date_gmt":"2024-06-08T11:45:09","guid":{"rendered":"https:\/\/de-vv.com\/oldschool\/?page_id=34"},"modified":"2024-07-13T17:56:55","modified_gmt":"2024-07-13T15:56:55","slug":"aide-ile-de-france","status":"publish","type":"page","link":"https:\/\/de-vv.com\/oldschool\/aide-ile-de-france\/","title":{"rendered":"Aide \u00cele-de-France"},"content":{"rendered":"[vc_row type=\u00a0\u00bbfull_width_background\u00a0\u00bb full_screen_row_position=\u00a0\u00bbmiddle\u00a0\u00bb equal_height=\u00a0\u00bbyes\u00a0\u00bb content_placement=\u00a0\u00bbmiddle\u00a0\u00bb column_margin=\u00a0\u00bbdefault\u00a0\u00bb scene_position=\u00a0\u00bbcenter\u00a0\u00bb text_color=\u00a0\u00bbdark\u00a0\u00bb text_align=\u00a0\u00bbleft\u00a0\u00bb overlay_strength=\u00a0\u00bb0.3&Prime; shape_divider_position=\u00a0\u00bbbottom\u00a0\u00bb bg_image_animation=\u00a0\u00bbnone\u00a0\u00bb shape_type=\u00a0\u00bb\u00a0\u00bb][vc_column column_padding=\u00a0\u00bbpadding-2-percent\u00a0\u00bb column_padding_position=\u00a0\u00bball\u00a0\u00bb background_color_opacity=\u00a0\u00bb1&Prime; background_hover_color_opacity=\u00a0\u00bb1&Prime; column_link_target=\u00a0\u00bb_self\u00a0\u00bb column_shadow=\u00a0\u00bbnone\u00a0\u00bb column_border_radius=\u00a0\u00bbnone\u00a0\u00bb width=\u00a0\u00bb1\/1&Prime; tablet_width_inherit=\u00a0\u00bbdefault\u00a0\u00bb tablet_text_alignment=\u00a0\u00bbdefault\u00a0\u00bb phone_text_alignment=\u00a0\u00bbdefault\u00a0\u00bb overlay_strength=\u00a0\u00bb0.3&Prime; column_border_width=\u00a0\u00bbnone\u00a0\u00bb column_border_style=\u00a0\u00bbsolid\u00a0\u00bb bg_image_animation=\u00a0\u00bbnone\u00a0\u00bb][vc_row_inner equal_height=\u00a0\u00bbyes\u00a0\u00bb content_placement=\u00a0\u00bbmiddle\u00a0\u00bb column_margin=\u00a0\u00bbdefault\u00a0\u00bb top_padding=\u00a0\u00bb10&Prime; text_align=\u00a0\u00bbleft\u00a0\u00bb][vc_column_inner column_padding=\u00a0\u00bbno-extra-padding\u00a0\u00bb column_padding_position=\u00a0\u00bball\u00a0\u00bb background_color_opacity=\u00a0\u00bb1&Prime; background_hover_color_opacity=\u00a0\u00bb1&Prime; column_shadow=\u00a0\u00bbnone\u00a0\u00bb column_border_radius=\u00a0\u00bbnone\u00a0\u00bb column_link_target=\u00a0\u00bb_self\u00a0\u00bb width=\u00a0\u00bb2\/3&Prime; tablet_width_inherit=\u00a0\u00bbdefault\u00a0\u00bb overlay_strength=\u00a0\u00bb0.3&Prime; column_border_width=\u00a0\u00bbnone\u00a0\u00bb column_border_style=\u00a0\u00bbsolid\u00a0\u00bb bg_image_animation=\u00a0\u00bbnone\u00a0\u00bb][vc_column_text]\n<h1 style=\"color: #db3f28;\">Aide R\u00e9gion \u00cele-de-France<\/h1>\n[\/vc_column_text][vc_column_text css=\u00a0\u00bb.vc_custom_1717868343997{padding-top: 12px !important;padding-bottom: 12px !important;}\u00a0\u00bb]La R\u00e9gion finance le permis B des jeunes Franciliens jusqu\u2019\u00e0 1300\u20ac, sans avance de frais ! Old School Auto-\u00e9cole vous permet de b\u00e9n\u00e9ficier de ce dispositif, que vous habitiez \u00c9couen (95) ou ailleurs en \u00cele-de-France.[\/vc_column_text][nectar_btn size=\u00a0\u00bblarge\u00a0\u00bb button_style=\u00a0\u00bbregular\u00a0\u00bb button_color_2=\u00a0\u00bbExtra-Color-3&Prime; icon_family=\u00a0\u00bbfontawesome\u00a0\u00bb url=\u00a0\u00bbhttps:\/\/de-vv.com\/oldschool\/contact\/\u00a0\u00bb text=\u00a0\u00bbContactez nous\u00a0\u00bb margin_top=\u00a0\u00bb5&Prime; margin_right=\u00a0\u00bb5&Prime; margin_bottom=\u00a0\u00bb5&Prime; icon_fontawesome=\u00a0\u00bbfa fa-envelope-open-o\u00a0\u00bb][nectar_btn size=\u00a0\u00bblarge\u00a0\u00bb button_style=\u00a0\u00bbregular\u00a0\u00bb button_color_2=\u00a0\u00bbAccent-Color\u00a0\u00bb solid_text_color_override=\u00a0\u00bb#ffffff\u00a0\u00bb icon_family=\u00a0\u00bbfontawesome\u00a0\u00bb url=\u00a0\u00bbtel:01.72.52.15.79&Prime; text=\u00a0\u00bb01 72 52 15 79&Prime; margin_top=\u00a0\u00bb5&Prime; margin_right=\u00a0\u00bb5&Prime; margin_bottom=\u00a0\u00bb5&Prime; icon_fontawesome=\u00a0\u00bbfa fa-mobile\u00a0\u00bb][\/vc_column_inner][vc_column_inner column_padding=\u00a0\u00bbpadding-2-percent\u00a0\u00bb column_padding_position=\u00a0\u00bball\u00a0\u00bb centered_text=\u00a0\u00bbtrue\u00a0\u00bb background_color_opacity=\u00a0\u00bb1&Prime; background_hover_color_opacity=\u00a0\u00bb1&Prime; column_shadow=\u00a0\u00bbnone\u00a0\u00bb column_border_radius=\u00a0\u00bbnone\u00a0\u00bb column_link_target=\u00a0\u00bb_self\u00a0\u00bb width=\u00a0\u00bb1\/3&Prime; tablet_width_inherit=\u00a0\u00bbdefault\u00a0\u00bb overlay_strength=\u00a0\u00bb0.3&Prime; column_border_width=\u00a0\u00bbnone\u00a0\u00bb column_border_style=\u00a0\u00bbsolid\u00a0\u00bb bg_image_animation=\u00a0\u00bbnone\u00a0\u00bb enable_animation=\u00a0\u00bbtrue\u00a0\u00bb animation=\u00a0\u00bbfade-in-from-right\u00a0\u00bb delay=\u00a0\u00bb150&Prime;][image_with_animation image_url=\u00a0\u00bb74&Prime; alignment=\u00a0\u00bb\u00a0\u00bb animation=\u00a0\u00bbFade In\u00a0\u00bb hover_animation=\u00a0\u00bbnone\u00a0\u00bb border_radius=\u00a0\u00bbnone\u00a0\u00bb box_shadow=\u00a0\u00bbnone\u00a0\u00bb image_loading=\u00a0\u00bblazy-load\u00a0\u00bb max_width=\u00a0\u00bb75%\u00a0\u00bb max_width_mobile=\u00a0\u00bbdefault\u00a0\u00bb][\/vc_column_inner][\/vc_row_inner][\/vc_column][\/vc_row][vc_row type=\u00a0\u00bbin_container\u00a0\u00bb full_screen_row_position=\u00a0\u00bbmiddle\u00a0\u00bb column_margin=\u00a0\u00bbdefault\u00a0\u00bb scene_position=\u00a0\u00bbcenter\u00a0\u00bb text_color=\u00a0\u00bbdark\u00a0\u00bb text_align=\u00a0\u00bbleft\u00a0\u00bb overlay_strength=\u00a0\u00bb0.3&Prime; shape_divider_position=\u00a0\u00bbbottom\u00a0\u00bb bg_image_animation=\u00a0\u00bbnone\u00a0\u00bb][vc_column column_padding=\u00a0\u00bbpadding-2-percent\u00a0\u00bb column_padding_position=\u00a0\u00bball\u00a0\u00bb background_color_opacity=\u00a0\u00bb1&Prime; background_hover_color_opacity=\u00a0\u00bb1&Prime; column_link_target=\u00a0\u00bb_self\u00a0\u00bb column_shadow=\u00a0\u00bbnone\u00a0\u00bb column_border_radius=\u00a0\u00bbnone\u00a0\u00bb width=\u00a0\u00bb1\/1&Prime; tablet_width_inherit=\u00a0\u00bbdefault\u00a0\u00bb tablet_text_alignment=\u00a0\u00bbdefault\u00a0\u00bb phone_text_alignment=\u00a0\u00bbdefault\u00a0\u00bb overlay_strength=\u00a0\u00bb0.3&Prime; column_border_width=\u00a0\u00bbnone\u00a0\u00bb column_border_style=\u00a0\u00bbsolid\u00a0\u00bb bg_image_animation=\u00a0\u00bbnone\u00a0\u00bb][vc_column_text css=\u00a0\u00bb.vc_custom_1717161931941{padding-top: 12px !important;padding-bottom: 12px !important;}\u00a0\u00bb]\n<h4 style=\"color: #cc4444;\">De quoi s\u2019agit-il ?<\/h4>\n<p><strong>Il s\u2019agit d\u2019une aide individuelle finan\u00e7ant des actions de formation \u00e0 la conduite pour le permis de conduire B.<\/strong><\/p>\n<p>Le jeune ou un repr\u00e9sentant de la structure qui l\u2019accompagne d\u00e9pose une demande et joint les justificatifs n\u00e9cessaires. Seules les demandes compl\u00e8tes peuvent \u00eatre \u00e9tudi\u00e9es. Apr\u00e8s v\u00e9rification des pi\u00e8ces, une notification d\u2019accord ou de refus est envoy\u00e9e.<\/p>\n<p>L\u2019aide prend la forme d\u2019un ch\u00e8que \u00ab aide au permis \u00bb de 1300\u20ac d\u00e9compos\u00e9 en 3 coupons : le premier d\u2019une valeur de 300\u20ac et les deux suivants de 500\u20ac.[\/vc_column_text][vc_column_text css=\u00a0\u00bb.vc_custom_1717161948414{padding-top: 12px !important;padding-bottom: 12px !important;}\u00a0\u00bb]\n<h4 style=\"color: #cc4444;\">Qui peut en b\u00e9n\u00e9ficier ?<\/h4>\n<p><strong>Jeunes \u00e2g\u00e9s de 18 \u00e0 25 ans<\/strong>, habitant en \u00cele-de-France, inscrits dans une d\u00e9marche d\u2019insertion professionnelle, et \u00e9tant dans l\u2019une des situations suivantes :<\/p>\n<ul>\n<li>Stagiaires de la formation professionnelle inscrits dans une formation financ\u00e9e par la R\u00e9gion,<\/li>\n<li>Inscrits et suivis en mission locale, signataires d\u2019un parcours contractualis\u00e9 d\u2019accompagnement vers l\u2019emploi et l\u2019autonomie (PACEA), dont le projet professionnel n\u00e9cessite l\u2019obtention du permis,<\/li>\n<li>Signataires d\u2019un contrat d\u2019engagement jeune (CEJ),<\/li>\n<li>Demandeurs d\u2019emploi r\u00e9sidant dans un quartier politique de la ville (condition v\u00e9rifiable sur <a href=\"https:\/\/sig.ville.gouv.fr\/\" target=\"_blank\" rel=\"noopener\">sig.ville.gouv.fr<\/a>) ou en zone rurale (d\u00e9finie au <a href=\"https:\/\/www.iledefrance.fr\/sites\/default\/files\/medias\/rapports\/RAPCR2019-012RAP.pdf\" target=\"_blank\" rel=\"noopener\">Pacte rural de la R\u00e9gion<\/a> : communes de moins de 10 000 habitants hors m\u00e9tropole Grand Paris et communes d\u2019un EPCI rural dont le si\u00e8ge est situ\u00e9 hors unit\u00e9 urbaine de Paris).<\/li>\n<\/ul>\n[\/vc_column_text][vc_column_text css=\u00a0\u00bb.vc_custom_1717161955790{padding-top: 12px !important;padding-bottom: 12px !important;}\u00a0\u00bb]\n<h4 style=\"color: #cc4444;\">Quelle est la nature de l\u2019aide ?<\/h4>\n<p><strong>Montant maximum de l\u2019aide : 1300\u20ac <\/strong>(l\u2019aide est vers\u00e9e dans la limite des cr\u00e9dits disponibles).<\/p>\n<p><strong>L\u2019aide fait l\u2019objet de 3 versements \u00e0 l\u2019auto-\u00e9cole :<\/strong><\/p>\n<ul>\n<li>Un 1er versement forfaitaire de 300\u20ac vient valider la d\u00e9marche de formation engag\u00e9e, attest\u00e9e par le contrat de formation avec l\u2019auto-\u00e9cole,<\/li>\n<li>Un 2e versement de 500\u20ac pour la poursuite de la pr\u00e9paration \u00e0 l\u2019examen du permis de conduire conditionn\u00e9 \u00e0 la transmission par l\u2019auto-\u00e9cole du justificatif des heures\/prestations r\u00e9alis\u00e9es dans le premier temps,<\/li>\n<li>Un 3e versement de 500\u20ac conditionn\u00e9 \u00e0 la transmission des heures r\u00e9alis\u00e9es lors du 2e et dernier temps.<\/li>\n<\/ul>\n[\/vc_column_text][\/vc_column][\/vc_row][vc_row type=\u00a0\u00bbfull_width_background\u00a0\u00bb full_screen_row_position=\u00a0\u00bbmiddle\u00a0\u00bb column_margin=\u00a0\u00bbdefault\u00a0\u00bb bg_color=\u00a0\u00bb#db3f28&Prime; scene_position=\u00a0\u00bbcenter\u00a0\u00bb text_color=\u00a0\u00bblight\u00a0\u00bb text_align=\u00a0\u00bbleft\u00a0\u00bb top_padding=\u00a0\u00bb20&Prime; bottom_padding=\u00a0\u00bb20&Prime; overlay_strength=\u00a0\u00bb0.3&Prime; shape_divider_position=\u00a0\u00bbbottom\u00a0\u00bb bg_image_animation=\u00a0\u00bbnone\u00a0\u00bb shape_type=\u00a0\u00bb\u00a0\u00bb][vc_column centered_text=\u00a0\u00bbtrue\u00a0\u00bb column_padding=\u00a0\u00bbpadding-2-percent\u00a0\u00bb column_padding_position=\u00a0\u00bball\u00a0\u00bb background_color_opacity=\u00a0\u00bb1&Prime; background_hover_color_opacity=\u00a0\u00bb1&Prime; column_link_target=\u00a0\u00bb_self\u00a0\u00bb column_shadow=\u00a0\u00bbnone\u00a0\u00bb column_border_radius=\u00a0\u00bbnone\u00a0\u00bb width=\u00a0\u00bb1\/1&Prime; tablet_width_inherit=\u00a0\u00bbdefault\u00a0\u00bb tablet_text_alignment=\u00a0\u00bbdefault\u00a0\u00bb phone_text_alignment=\u00a0\u00bbdefault\u00a0\u00bb overlay_strength=\u00a0\u00bb0.3&Prime; column_border_width=\u00a0\u00bbnone\u00a0\u00bb column_border_style=\u00a0\u00bbsolid\u00a0\u00bb bg_image_animation=\u00a0\u00bbnone\u00a0\u00bb][vc_column_text css=\u00a0\u00bb.vc_custom_1717162052998{padding-bottom: 12px !important;}\u00a0\u00bb]\n<h2><span style=\"color: #ffffff;\">Une question sur l&rsquo;aide au permis ?<\/span><\/h2>\n<p>&nbsp;<\/p>\n<p>Vous avez une question sur le contenu de nos formations, sur nos tarifs ou sur nos horaires ? Besoin de conseils personnalis\u00e9s en fonction de votre situation ? Vous avez des contraintes d&rsquo;agenda ou souhaitez passer le permis rapidement?[\/vc_column_text][nectar_btn size=\u00a0\u00bblarge\u00a0\u00bb button_style=\u00a0\u00bbregular\u00a0\u00bb button_color_2=\u00a0\u00bbExtra-Color-3&Prime; icon_family=\u00a0\u00bbfontawesome\u00a0\u00bb url=\u00a0\u00bbhttps:\/\/de-vv.com\/oldschool\/contact\/\u00a0\u00bb text=\u00a0\u00bbContactez nous\u00a0\u00bb margin_top=\u00a0\u00bb5&Prime; margin_right=\u00a0\u00bb5&Prime; margin_bottom=\u00a0\u00bb5&Prime; icon_fontawesome=\u00a0\u00bbfa fa-envelope-open-o\u00a0\u00bb][nectar_btn size=\u00a0\u00bblarge\u00a0\u00bb button_style=\u00a0\u00bbregular\u00a0\u00bb button_color_2=\u00a0\u00bbExtra-Color-1&Prime; solid_text_color_override=\u00a0\u00bb#000000&Prime; icon_family=\u00a0\u00bbfontawesome\u00a0\u00bb url=\u00a0\u00bbtel:01.72.52.15.79&Prime; text=\u00a0\u00bb01 72 52 15 79&Prime; margin_top=\u00a0\u00bb5&Prime; margin_bottom=\u00a0\u00bb5&Prime; icon_fontawesome=\u00a0\u00bbfa fa-mobile\u00a0\u00bb][\/vc_column][\/vc_row]\n","protected":false},"excerpt":{"rendered":"<p>[vc_row type=\u00a0\u00bbfull_width_background\u00a0\u00bb full_screen_row_position=\u00a0\u00bbmiddle\u00a0\u00bb equal_height=\u00a0\u00bbyes\u00a0\u00bb content_placement=\u00a0\u00bbmiddle\u00a0\u00bb column_margin=\u00a0\u00bbdefault\u00a0\u00bb scene_position=\u00a0\u00bbcenter\u00a0\u00bb text_color=\u00a0\u00bbdark\u00a0\u00bb text_align=\u00a0\u00bbleft\u00a0\u00bb overlay_strength=\u00a0\u00bb0.3&Prime; shape_divider_position=\u00a0\u00bbbottom\u00a0\u00bb bg_image_animation=\u00a0\u00bbnone\u00a0\u00bb shape_type=\u00a0\u00bb\u00a0\u00bb][vc_column column_padding=\u00a0\u00bbpadding-2-percent\u00a0\u00bb column_padding_position=\u00a0\u00bball\u00a0\u00bb background_color_opacity=\u00a0\u00bb1&Prime; background_hover_color_opacity=\u00a0\u00bb1&Prime; column_link_target=\u00a0\u00bb_self\u00a0\u00bb column_shadow=\u00a0\u00bbnone\u00a0\u00bb column_border_radius=\u00a0\u00bbnone\u00a0\u00bb width=\u00a0\u00bb1\/1&Prime; tablet_width_inherit=\u00a0\u00bbdefault\u00a0\u00bb tablet_text_alignment=\u00a0\u00bbdefault\u00a0\u00bb phone_text_alignment=\u00a0\u00bbdefault\u00a0\u00bb overlay_strength=\u00a0\u00bb0.3&Prime; column_border_width=\u00a0\u00bbnone\u00a0\u00bb column_border_style=\u00a0\u00bbsolid\u00a0\u00bb bg_image_animation=\u00a0\u00bbnone\u00a0\u00bb][vc_row_inner equal_height=\u00a0\u00bbyes\u00a0\u00bb content_placement=\u00a0\u00bbmiddle\u00a0\u00bb&#8230;<\/p>\n","protected":false},"author":1,"featured_media":74,"parent":0,"menu_order":0,"comment_status":"closed","ping_status":"closed","template":"","meta":{"_joinchat":[],"footnotes":""},"class_list":["post-34","page","type-page","status-publish","has-post-thumbnail"],"yoast_head":"<!-- This site is optimized with the Yoast SEO plugin v25.6 - https:\/\/yoast.com\/wordpress\/plugins\/seo\/ -->\n<title>Aide \u00cele-de-France permis de conduire - Old School Auto-\u00e9cole<\/title>\n<meta name=\"description\" content=\"La R\u00e9gion \u00cele-de-France finance le permis B jusqu\u2019\u00e0 1300\u20ac, sans avance ! Old School Auto-\u00e9cole vous permet de b\u00e9n\u00e9ficier de cette aide.\" \/>\n<meta name=\"robots\" content=\"noindex, follow, max-snippet:-1, max-image-preview:large, max-video-preview:-1\" \/>\n<meta property=\"og:locale\" content=\"fr_FR\" \/>\n<meta property=\"og:type\" content=\"article\" \/>\n<meta property=\"og:title\" content=\"Aide \u00cele-de-France permis de conduire - Old School Auto-\u00e9cole\" \/>\n<meta property=\"og:description\" content=\"La R\u00e9gion \u00cele-de-France finance le permis B jusqu\u2019\u00e0 1300\u20ac, sans avance ! Old School Auto-\u00e9cole vous permet de b\u00e9n\u00e9ficier de cette aide.\" \/>\n<meta property=\"og:url\" content=\"https:\/\/de-vv.com\/oldschool\/aide-ile-de-france\/\" \/>\n<meta property=\"og:site_name\" content=\"Old School Auto-\u00e9cole\" \/>\n<meta property=\"article:modified_time\" content=\"2024-07-13T15:56:55+00:00\" \/>\n<meta property=\"og:image\" content=\"https:\/\/de-vv.com\/oldschool\/wp-content\/uploads\/2024\/06\/Aide-au-permis-Region-Ile-de-France.png\" \/>\n\t<meta property=\"og:image:width\" content=\"400\" \/>\n\t<meta property=\"og:image:height\" content=\"379\" \/>\n\t<meta property=\"og:image:type\" content=\"image\/png\" \/>\n<meta name=\"twitter:card\" content=\"summary_large_image\" \/>\n<meta name=\"twitter:label1\" content=\"Dur\u00e9e de lecture estim\u00e9e\" \/>\n\t<meta name=\"twitter:data1\" content=\"4 minutes\" \/>\n<script type=\"application\/ld+json\" class=\"yoast-schema-graph\">{\"@context\":\"https:\/\/schema.org\",\"@graph\":[{\"@type\":\"WebPage\",\"@id\":\"https:\/\/de-vv.com\/oldschool\/aide-ile-de-france\/\",\"url\":\"https:\/\/de-vv.com\/oldschool\/aide-ile-de-france\/\",\"name\":\"Aide \u00cele-de-France permis de conduire - Old School Auto-\u00e9cole\",\"isPartOf\":{\"@id\":\"http:\/\/de-vv.com\/oldschool\/#website\"},\"primaryImageOfPage\":{\"@id\":\"https:\/\/de-vv.com\/oldschool\/aide-ile-de-france\/#primaryimage\"},\"image\":{\"@id\":\"https:\/\/de-vv.com\/oldschool\/aide-ile-de-france\/#primaryimage\"},\"thumbnailUrl\":\"https:\/\/de-vv.com\/oldschool\/wp-content\/uploads\/2024\/06\/Aide-au-permis-Region-Ile-de-France.png\",\"datePublished\":\"2024-06-08T11:45:09+00:00\",\"dateModified\":\"2024-07-13T15:56:55+00:00\",\"description\":\"La R\u00e9gion \u00cele-de-France finance le permis B jusqu\u2019\u00e0 1300\u20ac, sans avance ! Old School Auto-\u00e9cole vous permet de b\u00e9n\u00e9ficier de cette aide.\",\"breadcrumb\":{\"@id\":\"https:\/\/de-vv.com\/oldschool\/aide-ile-de-france\/#breadcrumb\"},\"inLanguage\":\"fr-FR\",\"potentialAction\":[{\"@type\":\"ReadAction\",\"target\":[\"https:\/\/de-vv.com\/oldschool\/aide-ile-de-france\/\"]}]},{\"@type\":\"ImageObject\",\"inLanguage\":\"fr-FR\",\"@id\":\"https:\/\/de-vv.com\/oldschool\/aide-ile-de-france\/#primaryimage\",\"url\":\"https:\/\/de-vv.com\/oldschool\/wp-content\/uploads\/2024\/06\/Aide-au-permis-Region-Ile-de-France.png\",\"contentUrl\":\"https:\/\/de-vv.com\/oldschool\/wp-content\/uploads\/2024\/06\/Aide-au-permis-Region-Ile-de-France.png\",\"width\":400,\"height\":379,\"caption\":\"Aide au permis r\u00e9gion \u00eele-de-France\"},{\"@type\":\"BreadcrumbList\",\"@id\":\"https:\/\/de-vv.com\/oldschool\/aide-ile-de-france\/#breadcrumb\",\"itemListElement\":[{\"@type\":\"ListItem\",\"position\":1,\"name\":\"Accueil\",\"item\":\"http:\/\/de-vv.com\/oldschool\/\"},{\"@type\":\"ListItem\",\"position\":2,\"name\":\"Aide \u00cele-de-France\"}]},{\"@type\":\"WebSite\",\"@id\":\"http:\/\/de-vv.com\/oldschool\/#website\",\"url\":\"http:\/\/de-vv.com\/oldschool\/\",\"name\":\"Old School Auto-\u00e9cole\",\"description\":\"Votre auto-\u00e9cole \u00e0 \u00c9couen (95)\",\"potentialAction\":[{\"@type\":\"SearchAction\",\"target\":{\"@type\":\"EntryPoint\",\"urlTemplate\":\"http:\/\/de-vv.com\/oldschool\/?s={search_term_string}\"},\"query-input\":{\"@type\":\"PropertyValueSpecification\",\"valueRequired\":true,\"valueName\":\"search_term_string\"}}],\"inLanguage\":\"fr-FR\"}]}<\/script>\n<!-- \/ Yoast SEO plugin. -->","yoast_head_json":{"title":"Aide \u00cele-de-France permis de conduire - Old School Auto-\u00e9cole","description":"La R\u00e9gion \u00cele-de-France finance le permis B jusqu\u2019\u00e0 1300\u20ac, sans avance ! Old School Auto-\u00e9cole vous permet de b\u00e9n\u00e9ficier de cette aide.","robots":{"index":"noindex","follow":"follow","max-snippet":"max-snippet:-1","max-image-preview":"max-image-preview:large","max-video-preview":"max-video-preview:-1"},"og_locale":"fr_FR","og_type":"article","og_title":"Aide \u00cele-de-France permis de conduire - Old School Auto-\u00e9cole","og_description":"La R\u00e9gion \u00cele-de-France finance le permis B jusqu\u2019\u00e0 1300\u20ac, sans avance ! Old School Auto-\u00e9cole vous permet de b\u00e9n\u00e9ficier de cette aide.","og_url":"https:\/\/de-vv.com\/oldschool\/aide-ile-de-france\/","og_site_name":"Old School Auto-\u00e9cole","article_modified_time":"2024-07-13T15:56:55+00:00","og_image":[{"width":400,"height":379,"url":"https:\/\/de-vv.com\/oldschool\/wp-content\/uploads\/2024\/06\/Aide-au-permis-Region-Ile-de-France.png","type":"image\/png"}],"twitter_card":"summary_large_image","twitter_misc":{"Dur\u00e9e de lecture estim\u00e9e":"4 minutes"},"schema":{"@context":"https:\/\/schema.org","@graph":[{"@type":"WebPage","@id":"https:\/\/de-vv.com\/oldschool\/aide-ile-de-france\/","url":"https:\/\/de-vv.com\/oldschool\/aide-ile-de-france\/","name":"Aide \u00cele-de-France permis de conduire - Old School Auto-\u00e9cole","isPartOf":{"@id":"http:\/\/de-vv.com\/oldschool\/#website"},"primaryImageOfPage":{"@id":"https:\/\/de-vv.com\/oldschool\/aide-ile-de-france\/#primaryimage"},"image":{"@id":"https:\/\/de-vv.com\/oldschool\/aide-ile-de-france\/#primaryimage"},"thumbnailUrl":"https:\/\/de-vv.com\/oldschool\/wp-content\/uploads\/2024\/06\/Aide-au-permis-Region-Ile-de-France.png","datePublished":"2024-06-08T11:45:09+00:00","dateModified":"2024-07-13T15:56:55+00:00","description":"La R\u00e9gion \u00cele-de-France finance le permis B jusqu\u2019\u00e0 1300\u20ac, sans avance ! Old School Auto-\u00e9cole vous permet de b\u00e9n\u00e9ficier de cette aide.","breadcrumb":{"@id":"https:\/\/de-vv.com\/oldschool\/aide-ile-de-france\/#breadcrumb"},"inLanguage":"fr-FR","potentialAction":[{"@type":"ReadAction","target":["https:\/\/de-vv.com\/oldschool\/aide-ile-de-france\/"]}]},{"@type":"ImageObject","inLanguage":"fr-FR","@id":"https:\/\/de-vv.com\/oldschool\/aide-ile-de-france\/#primaryimage","url":"https:\/\/de-vv.com\/oldschool\/wp-content\/uploads\/2024\/06\/Aide-au-permis-Region-Ile-de-France.png","contentUrl":"https:\/\/de-vv.com\/oldschool\/wp-content\/uploads\/2024\/06\/Aide-au-permis-Region-Ile-de-France.png","width":400,"height":379,"caption":"Aide au permis r\u00e9gion \u00eele-de-France"},{"@type":"BreadcrumbList","@id":"https:\/\/de-vv.com\/oldschool\/aide-ile-de-france\/#breadcrumb","itemListElement":[{"@type":"ListItem","position":1,"name":"Accueil","item":"http:\/\/de-vv.com\/oldschool\/"},{"@type":"ListItem","position":2,"name":"Aide \u00cele-de-France"}]},{"@type":"WebSite","@id":"http:\/\/de-vv.com\/oldschool\/#website","url":"http:\/\/de-vv.com\/oldschool\/","name":"Old School Auto-\u00e9cole","description":"Votre auto-\u00e9cole \u00e0 \u00c9couen (95)","potentialAction":[{"@type":"SearchAction","target":{"@type":"EntryPoint","urlTemplate":"http:\/\/de-vv.com\/oldschool\/?s={search_term_string}"},"query-input":{"@type":"PropertyValueSpecification","valueRequired":true,"valueName":"search_term_string"}}],"inLanguage":"fr-FR"}]}},"_links":{"self":[{"href":"https:\/\/de-vv.com\/oldschool\/wp-json\/wp\/v2\/pages\/34"}],"collection":[{"href":"https:\/\/de-vv.com\/oldschool\/wp-json\/wp\/v2\/pages"}],"about":[{"href":"https:\/\/de-vv.com\/oldschool\/wp-json\/wp\/v2\/types\/page"}],"author":[{"embeddable":true,"href":"https:\/\/de-vv.com\/oldschool\/wp-json\/wp\/v2\/users\/1"}],"replies":[{"embeddable":true,"href":"https:\/\/de-vv.com\/oldschool\/wp-json\/wp\/v2\/comments?post=34"}],"version-history":[{"count":4,"href":"https:\/\/de-vv.com\/oldschool\/wp-json\/wp\/v2\/pages\/34\/revisions"}],"predecessor-version":[{"id":91,"href":"https:\/\/de-vv.com\/oldschool\/wp-json\/wp\/v2\/pages\/34\/revisions\/91"}],"wp:featuredmedia":[{"embeddable":true,"href":"https:\/\/de-vv.com\/oldschool\/wp-json\/wp\/v2\/media\/74"}],"wp:attachment":[{"href":"https:\/\/de-vv.com\/oldschool\/wp-json\/wp\/v2\/media?parent=34"}],"curies":[{"name":"wp","href":"https:\/\/api.w.org\/{rel}","templated":true}]}}