{"id":87,"date":"2024-07-13T17:49:14","date_gmt":"2024-07-13T15:49:14","guid":{"rendered":"http:\/\/de-vv.com\/oldschool\/?page_id=87"},"modified":"2024-08-17T11:30:12","modified_gmt":"2024-08-17T09:30:12","slug":"documents-a-fournir","status":"publish","type":"page","link":"https:\/\/de-vv.com\/oldschool\/documents-a-fournir\/","title":{"rendered":"Documents \u00e0 fournir"},"content":{"rendered":"[vc_row type=\u00a0\u00bbfull_width_content\u00a0\u00bb full_screen_row_position=\u00a0\u00bbmiddle\u00a0\u00bb equal_height=\u00a0\u00bbyes\u00a0\u00bb column_margin=\u00a0\u00bbnone\u00a0\u00bb bg_color=\u00a0\u00bb#ffffff\u00a0\u00bb scene_position=\u00a0\u00bbcenter\u00a0\u00bb text_color=\u00a0\u00bbdark\u00a0\u00bb text_align=\u00a0\u00bbleft\u00a0\u00bb class=\u00a0\u00bbmargin-form\u00a0\u00bb overlay_strength=\u00a0\u00bb0.3&Prime; shape_divider_position=\u00a0\u00bbbottom\u00a0\u00bb bg_image_animation=\u00a0\u00bbnone\u00a0\u00bb shape_type=\u00a0\u00bb\u00a0\u00bb][vc_column column_padding=\u00a0\u00bbpadding-4-percent\u00a0\u00bb column_padding_position=\u00a0\u00bbleft-right\u00a0\u00bb background_color_opacity=\u00a0\u00bb1&Prime; background_hover_color_opacity=\u00a0\u00bb1&Prime; font_color=\u00a0\u00bb#040404&Prime; column_link_target=\u00a0\u00bb_self\u00a0\u00bb column_shadow=\u00a0\u00bbnone\u00a0\u00bb column_border_radius=\u00a0\u00bbnone\u00a0\u00bb bottom_margin=\u00a0\u00bb30px\u00a0\u00bb width=\u00a0\u00bb2\/3&Prime; tablet_width_inherit=\u00a0\u00bbdefault\u00a0\u00bb tablet_text_alignment=\u00a0\u00bbdefault\u00a0\u00bb phone_text_alignment=\u00a0\u00bbdefault\u00a0\u00bb overlay_strength=\u00a0\u00bb0.3&Prime; column_border_width=\u00a0\u00bbnone\u00a0\u00bb column_border_style=\u00a0\u00bbsolid\u00a0\u00bb bg_image_animation=\u00a0\u00bbnone\u00a0\u00bb][vc_column_text]\n<h1 style=\"color: #db3f28;\">Documents \u00e0 fournir<\/h1>\n[\/vc_column_text][vc_column_text css=\u00a0\u00bb.vc_custom_1720552818935{padding-bottom: 20px !important;}\u00a0\u00bb]Retrouvez ci-dessous la liste des documents \u00e0 nous fournir \u00e0 l\u2019inscription. Ces documents sont n\u00e9cessaires pour la constitution de votre dossier et son\u00a0<a href=\"https:\/\/permisdeconduire.ants.gouv.fr\/\" target=\"_blank\" rel=\"noopener\">enregistrement aupr\u00e8s de l\u2019ANTS<\/a>.[\/vc_column_text][nectar_food_menu_item style=\u00a0\u00bbdefault\u00a0\u00bb item_name_heading_tag=\u00a0\u00bbh4&Prime; item_name=\u00a0\u00bbE-photo d&rsquo;identit\u00e9 agr\u00e9es ANTS\u00a0\u00bb][nectar_food_menu_item style=\u00a0\u00bbdefault\u00a0\u00bb item_name_heading_tag=\u00a0\u00bbh4&Prime; item_name=\u00a0\u00bbPi\u00e8ce d&rsquo;identit\u00e9 en cours de validit\u00e9\u00a0\u00bb item_description=\u00a0\u00bb+ photocopie de la pi\u00e8ce d&rsquo;identit\u00e9 d&rsquo;un parent si l&rsquo;\u00e9l\u00e8ve est mineur.\u00a0\u00bb][nectar_food_menu_item style=\u00a0\u00bbdefault\u00a0\u00bb item_name_heading_tag=\u00a0\u00bbh4&Prime; item_name=\u00a0\u00bbJustificatif de domicile de moins de 3 mois\u00a0\u00bb item_description=\u00a0\u00bbSi vous \u00eates h\u00e9berg\u00e9 : attestation d&rsquo;h\u00e9bergement + photocopie de la pi\u00e8ce d&rsquo;identit\u00e9 de l&rsquo;h\u00e9bergeant\u00a0\u00bb][nectar_food_menu_item style=\u00a0\u00bbdefault\u00a0\u00bb item_name_heading_tag=\u00a0\u00bbh4&Prime; item_name=\u00a0\u00bbASSR niveau 1 ou niveau 2&Prime;][nectar_food_menu_item style=\u00a0\u00bbdefault\u00a0\u00bb item_name_heading_tag=\u00a0\u00bbh4&Prime; item_name=\u00a0\u00bbAttestation de participation \u00e0 la Journ\u00e9e D\u00e9fense et Citoyennet\u00e9\u00a0\u00bb][nectar_food_menu_item style=\u00a0\u00bbdefault\u00a0\u00bb item_name_heading_tag=\u00a0\u00bbh4&Prime; item_name=\u00a0\u00bb1 enveloppe Lettre verte 100 grammes\u00a0\u00bb][nectar_food_menu_item style=\u00a0\u00bbdefault\u00a0\u00bb item_name_heading_tag=\u00a0\u00bbh4&Prime; item_name=\u00a0\u00bbPermis de conduire\u00a0\u00bb item_description=\u00a0\u00bbSi vous \u00eates titulaire du permis d&rsquo;une autre cat\u00e9gorie ou si vous avez un permis \u00e9tranger.\u00a0\u00bb][vc_column_text css=\u00a0\u00bb.vc_custom_1720817168013{padding-bottom: 20px !important;}\u00a0\u00bb]\n<h3>Pour les personnes en annulation de permis :<\/h3>\n[\/vc_column_text][nectar_food_menu_item style=\u00a0\u00bbdefault\u00a0\u00bb item_name_heading_tag=\u00a0\u00bbh4&Prime; item_name=\u00a0\u00bbR\u00e9sultat du test psychotechnique\u00a0\u00bb][nectar_food_menu_item style=\u00a0\u00bbdefault\u00a0\u00bb item_name_heading_tag=\u00a0\u00bbh4&Prime; item_name=\u00a0\u00bbVisite m\u00e9dicale\u00a0\u00bb item_description=\u00a0\u00bbElle doit \u00eatre effectu\u00e9e aupr\u00e8s d&rsquo;un m\u00e9decin agr\u00e9\u00e9 par la pr\u00e9fecture.\u00a0\u00bb][divider line_type=\u00a0\u00bbNo Line\u00a0\u00bb custom_height=\u00a0\u00bb30&Prime;][\/vc_column][vc_column column_padding=\u00a0\u00bbpadding-4-percent\u00a0\u00bb column_padding_position=\u00a0\u00bball\u00a0\u00bb background_color_opacity=\u00a0\u00bb1&Prime; background_hover_color_opacity=\u00a0\u00bb1&Prime; background_image=\u00a0\u00bb58&Prime; enable_bg_scale=\u00a0\u00bbtrue\u00a0\u00bb column_link_target=\u00a0\u00bb_self\u00a0\u00bb column_shadow=\u00a0\u00bbnone\u00a0\u00bb column_border_radius=\u00a0\u00bbnone\u00a0\u00bb width=\u00a0\u00bb1\/3&Prime; tablet_width_inherit=\u00a0\u00bbdefault\u00a0\u00bb tablet_text_alignment=\u00a0\u00bbdefault\u00a0\u00bb phone_text_alignment=\u00a0\u00bbdefault\u00a0\u00bb color_overlay=\u00a0\u00bb#000000&Prime; overlay_strength=\u00a0\u00bb0.5&Prime; column_border_width=\u00a0\u00bbnone\u00a0\u00bb column_border_style=\u00a0\u00bbsolid\u00a0\u00bb bg_image_animation=\u00a0\u00bbnone\u00a0\u00bb][vc_row_inner column_margin=\u00a0\u00bbdefault\u00a0\u00bb bottom_padding=\u00a0\u00bb25&Prime; text_align=\u00a0\u00bbleft\u00a0\u00bb][vc_column_inner column_padding=\u00a0\u00bbno-extra-padding\u00a0\u00bb column_padding_position=\u00a0\u00bball\u00a0\u00bb background_color_opacity=\u00a0\u00bb1&Prime; background_hover_color_opacity=\u00a0\u00bb1&Prime; font_color=\u00a0\u00bb#ffffff\u00a0\u00bb column_shadow=\u00a0\u00bbnone\u00a0\u00bb column_border_radius=\u00a0\u00bbnone\u00a0\u00bb column_link_target=\u00a0\u00bb_self\u00a0\u00bb width=\u00a0\u00bb1\/1&Prime; tablet_width_inherit=\u00a0\u00bbdefault\u00a0\u00bb overlay_strength=\u00a0\u00bb0.3&Prime; column_border_width=\u00a0\u00bbnone\u00a0\u00bb column_border_style=\u00a0\u00bbsolid\u00a0\u00bb bg_image_animation=\u00a0\u00bbnone\u00a0\u00bb][vc_column_text]\n<h4>\ud83d\uddfa\ufe0f O\u00f9 sommes-nous ?<\/h4>\n<p>87 rue de la Lib\u00e9ration<br \/>\n95440 \u00c9couen<\/p>\n<p><a href=\"https:\/\/www.google.com\/maps\/dir\/\/OLD+SCHOOL+AUTO-ECOLE,+Rue+de+la+Lib\u00e9ration,+\u00c9couen\/@49.0267326,2.2851591,12z\/data=!3m1!4b1!4m9!4m8!1m0!1m5!1m1!1s0x47e6420fd3d8bf7f:0x448dc0cc43ebcc80!2m2!1d2.3675641!2d49.0266523!3e2?entry=ttu\" target=\"_blank\" rel=\"noopener\">Plan d&rsquo;acc\u00e8s<\/a>[\/vc_column_text][\/vc_column_inner][\/vc_row_inner][vc_row_inner column_margin=\u00a0\u00bbdefault\u00a0\u00bb bottom_padding=\u00a0\u00bb12&Prime; text_align=\u00a0\u00bbleft\u00a0\u00bb][vc_column_inner column_padding=\u00a0\u00bbno-extra-padding\u00a0\u00bb column_padding_position=\u00a0\u00bball\u00a0\u00bb background_color_opacity=\u00a0\u00bb1&Prime; background_hover_color_opacity=\u00a0\u00bb1&Prime; font_color=\u00a0\u00bb#ffffff\u00a0\u00bb column_shadow=\u00a0\u00bbnone\u00a0\u00bb column_border_radius=\u00a0\u00bbnone\u00a0\u00bb bottom_margin=\u00a0\u00bb30&Prime; column_link_target=\u00a0\u00bb_self\u00a0\u00bb width=\u00a0\u00bb1\/1&Prime; tablet_width_inherit=\u00a0\u00bbdefault\u00a0\u00bb overlay_strength=\u00a0\u00bb0.3&Prime; column_border_width=\u00a0\u00bbnone\u00a0\u00bb column_border_style=\u00a0\u00bbsolid\u00a0\u00bb bg_image_animation=\u00a0\u00bbnone\u00a0\u00bb][vc_column_text]\n<h4>\ud83d\udcac Nos coordonn\u00e9es<\/h4>\n<p><span style=\"font-size: 1.2rem;\"><a style=\"font-weight: 600; color: #fff!important;\" href=\"tel:01.72.52.15.79\">01 72 52 15 79<\/a><\/span><br \/>\n<span style=\"font-size: 1.2rem;\"><a style=\"font-weight: 600; color: #fff!important;\" href=\"mailto:sdquality.ae@gmail.com\">Envoyer un mail<\/a><\/span>[\/vc_column_text][\/vc_column_inner][\/vc_row_inner][vc_row_inner column_margin=\u00a0\u00bbdefault\u00a0\u00bb text_align=\u00a0\u00bbleft\u00a0\u00bb][vc_column_inner column_padding=\u00a0\u00bbno-extra-padding\u00a0\u00bb column_padding_position=\u00a0\u00bball\u00a0\u00bb background_color_opacity=\u00a0\u00bb1&Prime; background_hover_color_opacity=\u00a0\u00bb1&Prime; font_color=\u00a0\u00bb#ffffff\u00a0\u00bb column_shadow=\u00a0\u00bbnone\u00a0\u00bb column_border_radius=\u00a0\u00bbnone\u00a0\u00bb column_link_target=\u00a0\u00bb_self\u00a0\u00bb width=\u00a0\u00bb1\/1&Prime; tablet_width_inherit=\u00a0\u00bbdefault\u00a0\u00bb overlay_strength=\u00a0\u00bb0.3&Prime; column_border_width=\u00a0\u00bbnone\u00a0\u00bb column_border_style=\u00a0\u00bbsolid\u00a0\u00bb bg_image_animation=\u00a0\u00bbnone\u00a0\u00bb][vc_column_text]\n<h4>\ud83d\udd52 Nos horaires<\/h4>\n<p>Lundi, mardi, jeudi et vendredi : 10h-13h &amp; 15h-19h<br \/>\nMercredi : 14h-19h<br \/>\nSamedi : 10h-14h.[\/vc_column_text][\/vc_column_inner][\/vc_row_inner][\/vc_column][\/vc_row][vc_row type=\u00a0\u00bbfull_width_content\u00a0\u00bb full_screen_row_position=\u00a0\u00bbmiddle\u00a0\u00bb column_margin=\u00a0\u00bbdefault\u00a0\u00bb scene_position=\u00a0\u00bbcenter\u00a0\u00bb text_color=\u00a0\u00bbdark\u00a0\u00bb text_align=\u00a0\u00bbleft\u00a0\u00bb overlay_strength=\u00a0\u00bb0.3&Prime; shape_divider_position=\u00a0\u00bbbottom\u00a0\u00bb bg_image_animation=\u00a0\u00bbnone\u00a0\u00bb shape_type=\u00a0\u00bb\u00a0\u00bb][vc_column column_padding=\u00a0\u00bbpadding-1-percent\u00a0\u00bb column_padding_position=\u00a0\u00bball\u00a0\u00bb background_color=\u00a0\u00bb#f7f7f7&Prime; background_color_opacity=\u00a0\u00bb1&Prime; background_hover_color_opacity=\u00a0\u00bb1&Prime; column_link_target=\u00a0\u00bb_self\u00a0\u00bb column_shadow=\u00a0\u00bbnone\u00a0\u00bb column_border_radius=\u00a0\u00bbnone\u00a0\u00bb width=\u00a0\u00bb1\/1&Prime; tablet_width_inherit=\u00a0\u00bbdefault\u00a0\u00bb tablet_text_alignment=\u00a0\u00bbdefault\u00a0\u00bb phone_text_alignment=\u00a0\u00bbdefault\u00a0\u00bb overlay_strength=\u00a0\u00bb0.3&Prime; column_border_width=\u00a0\u00bbnone\u00a0\u00bb column_border_style=\u00a0\u00bbsolid\u00a0\u00bb bg_image_animation=\u00a0\u00bbnone\u00a0\u00bb][vc_column_text]\n<p style=\"text-align: center;\">En cas de litige, vous avez la possibilit\u00e9 de saisir notre <a href=\"https:\/\/de-vv.com\/oldschool\/mediateur\/\"><strong>m\u00e9diateur de la consommation<\/strong><\/a>.<\/p>\n[\/vc_column_text][\/vc_column][\/vc_row]\n","protected":false},"excerpt":{"rendered":"<p>[vc_row type=\u00a0\u00bbfull_width_content\u00a0\u00bb full_screen_row_position=\u00a0\u00bbmiddle\u00a0\u00bb equal_height=\u00a0\u00bbyes\u00a0\u00bb column_margin=\u00a0\u00bbnone\u00a0\u00bb bg_color=\u00a0\u00bb#ffffff\u00a0\u00bb scene_position=\u00a0\u00bbcenter\u00a0\u00bb text_color=\u00a0\u00bbdark\u00a0\u00bb text_align=\u00a0\u00bbleft\u00a0\u00bb class=\u00a0\u00bbmargin-form\u00a0\u00bb overlay_strength=\u00a0\u00bb0.3&Prime; shape_divider_position=\u00a0\u00bbbottom\u00a0\u00bb bg_image_animation=\u00a0\u00bbnone\u00a0\u00bb shape_type=\u00a0\u00bb\u00a0\u00bb][vc_column column_padding=\u00a0\u00bbpadding-4-percent\u00a0\u00bb column_padding_position=\u00a0\u00bbleft-right\u00a0\u00bb background_color_opacity=\u00a0\u00bb1&Prime; background_hover_color_opacity=\u00a0\u00bb1&Prime; font_color=\u00a0\u00bb#040404&Prime; column_link_target=\u00a0\u00bb_self\u00a0\u00bb column_shadow=\u00a0\u00bbnone\u00a0\u00bb column_border_radius=\u00a0\u00bbnone\u00a0\u00bb bottom_margin=\u00a0\u00bb30px\u00a0\u00bb width=\u00a0\u00bb2\/3&Prime; tablet_width_inherit=\u00a0\u00bbdefault\u00a0\u00bb tablet_text_alignment=\u00a0\u00bbdefault\u00a0\u00bb phone_text_alignment=\u00a0\u00bbdefault\u00a0\u00bb overlay_strength=\u00a0\u00bb0.3&Prime; column_border_width=\u00a0\u00bbnone\u00a0\u00bb column_border_style=\u00a0\u00bbsolid\u00a0\u00bb&#8230;<\/p>\n","protected":false},"author":1,"featured_media":43,"parent":0,"menu_order":0,"comment_status":"closed","ping_status":"closed","template":"","meta":{"_joinchat":[],"footnotes":""},"class_list":["post-87","page","type-page","status-publish","has-post-thumbnail"],"yoast_head":"<!-- This site is optimized with the Yoast SEO plugin v25.6 - https:\/\/yoast.com\/wordpress\/plugins\/seo\/ -->\n<title>Documents \u00e0 fournir pour l&#039;inscription au permis - Old School Auto-\u00e9cole \u00e0 \u00c9couen<\/title>\n<meta name=\"description\" content=\"Retrouvez la liste des documents \u00e0 nous fournir pour vous inscrire au permis de conduire avec Old School Auto-\u00e9cole \u00e0 \u00c9couen (95440).\" \/>\n<meta name=\"robots\" content=\"noindex, follow, max-snippet:-1, max-image-preview:large, max-video-preview:-1\" \/>\n<meta property=\"og:locale\" content=\"fr_FR\" \/>\n<meta property=\"og:type\" content=\"article\" \/>\n<meta property=\"og:title\" content=\"Documents \u00e0 fournir pour l&#039;inscription au permis - Old School Auto-\u00e9cole \u00e0 \u00c9couen\" \/>\n<meta property=\"og:description\" content=\"Retrouvez la liste des documents \u00e0 nous fournir pour vous inscrire au permis de conduire avec Old School Auto-\u00e9cole \u00e0 \u00c9couen (95440).\" \/>\n<meta property=\"og:url\" content=\"http:\/\/de-vv.com\/oldschool\/documents-a-fournir\/\" \/>\n<meta property=\"og:site_name\" content=\"Old School Auto-\u00e9cole\" \/>\n<meta property=\"article:modified_time\" content=\"2024-08-17T09:30:12+00:00\" \/>\n<meta property=\"og:image\" content=\"http:\/\/de-vv.com\/oldschool\/wp-content\/uploads\/2024\/06\/cropped-jai4zbo9m8bukavnflif.jpg\" \/>\n\t<meta property=\"og:image:width\" content=\"512\" \/>\n\t<meta property=\"og:image:height\" content=\"512\" \/>\n\t<meta property=\"og:image:type\" content=\"image\/jpeg\" \/>\n<meta name=\"twitter:card\" content=\"summary_large_image\" \/>\n<meta name=\"twitter:label1\" content=\"Dur\u00e9e de lecture estim\u00e9e\" \/>\n\t<meta name=\"twitter:data1\" content=\"2 minutes\" \/>\n<script type=\"application\/ld+json\" class=\"yoast-schema-graph\">{\"@context\":\"https:\/\/schema.org\",\"@graph\":[{\"@type\":\"WebPage\",\"@id\":\"http:\/\/de-vv.com\/oldschool\/documents-a-fournir\/\",\"url\":\"http:\/\/de-vv.com\/oldschool\/documents-a-fournir\/\",\"name\":\"Documents \u00e0 fournir pour l'inscription au permis - Old School Auto-\u00e9cole \u00e0 \u00c9couen\",\"isPartOf\":{\"@id\":\"http:\/\/de-vv.com\/oldschool\/#website\"},\"primaryImageOfPage\":{\"@id\":\"http:\/\/de-vv.com\/oldschool\/documents-a-fournir\/#primaryimage\"},\"image\":{\"@id\":\"http:\/\/de-vv.com\/oldschool\/documents-a-fournir\/#primaryimage\"},\"thumbnailUrl\":\"https:\/\/de-vv.com\/oldschool\/wp-content\/uploads\/2024\/06\/cropped-jai4zbo9m8bukavnflif.jpg\",\"datePublished\":\"2024-07-13T15:49:14+00:00\",\"dateModified\":\"2024-08-17T09:30:12+00:00\",\"description\":\"Retrouvez la liste des documents \u00e0 nous fournir pour vous inscrire au permis de conduire avec Old School Auto-\u00e9cole \u00e0 \u00c9couen (95440).\",\"breadcrumb\":{\"@id\":\"http:\/\/de-vv.com\/oldschool\/documents-a-fournir\/#breadcrumb\"},\"inLanguage\":\"fr-FR\",\"potentialAction\":[{\"@type\":\"ReadAction\",\"target\":[\"http:\/\/de-vv.com\/oldschool\/documents-a-fournir\/\"]}]},{\"@type\":\"ImageObject\",\"inLanguage\":\"fr-FR\",\"@id\":\"http:\/\/de-vv.com\/oldschool\/documents-a-fournir\/#primaryimage\",\"url\":\"https:\/\/de-vv.com\/oldschool\/wp-content\/uploads\/2024\/06\/cropped-jai4zbo9m8bukavnflif.jpg\",\"contentUrl\":\"https:\/\/de-vv.com\/oldschool\/wp-content\/uploads\/2024\/06\/cropped-jai4zbo9m8bukavnflif.jpg\",\"width\":512,\"height\":512,\"caption\":\"Logo Old School Auto-\u00e9cole Ecouen\"},{\"@type\":\"BreadcrumbList\",\"@id\":\"http:\/\/de-vv.com\/oldschool\/documents-a-fournir\/#breadcrumb\",\"itemListElement\":[{\"@type\":\"ListItem\",\"position\":1,\"name\":\"Accueil\",\"item\":\"http:\/\/de-vv.com\/oldschool\/\"},{\"@type\":\"ListItem\",\"position\":2,\"name\":\"Documents \u00e0 fournir\"}]},{\"@type\":\"WebSite\",\"@id\":\"http:\/\/de-vv.com\/oldschool\/#website\",\"url\":\"http:\/\/de-vv.com\/oldschool\/\",\"name\":\"Old School Auto-\u00e9cole\",\"description\":\"Votre auto-\u00e9cole \u00e0 \u00c9couen (95)\",\"potentialAction\":[{\"@type\":\"SearchAction\",\"target\":{\"@type\":\"EntryPoint\",\"urlTemplate\":\"http:\/\/de-vv.com\/oldschool\/?s={search_term_string}\"},\"query-input\":{\"@type\":\"PropertyValueSpecification\",\"valueRequired\":true,\"valueName\":\"search_term_string\"}}],\"inLanguage\":\"fr-FR\"}]}<\/script>\n<!-- \/ Yoast SEO plugin. -->","yoast_head_json":{"title":"Documents \u00e0 fournir pour l'inscription au permis - Old School Auto-\u00e9cole \u00e0 \u00c9couen","description":"Retrouvez la liste des documents \u00e0 nous fournir pour vous inscrire au permis de conduire avec Old School Auto-\u00e9cole \u00e0 \u00c9couen (95440).","robots":{"index":"noindex","follow":"follow","max-snippet":"max-snippet:-1","max-image-preview":"max-image-preview:large","max-video-preview":"max-video-preview:-1"},"og_locale":"fr_FR","og_type":"article","og_title":"Documents \u00e0 fournir pour l'inscription au permis - Old School Auto-\u00e9cole \u00e0 \u00c9couen","og_description":"Retrouvez la liste des documents \u00e0 nous fournir pour vous inscrire au permis de conduire avec Old School Auto-\u00e9cole \u00e0 \u00c9couen (95440).","og_url":"http:\/\/de-vv.com\/oldschool\/documents-a-fournir\/","og_site_name":"Old School Auto-\u00e9cole","article_modified_time":"2024-08-17T09:30:12+00:00","og_image":[{"width":512,"height":512,"url":"http:\/\/de-vv.com\/oldschool\/wp-content\/uploads\/2024\/06\/cropped-jai4zbo9m8bukavnflif.jpg","type":"image\/jpeg"}],"twitter_card":"summary_large_image","twitter_misc":{"Dur\u00e9e de lecture estim\u00e9e":"2 minutes"},"schema":{"@context":"https:\/\/schema.org","@graph":[{"@type":"WebPage","@id":"http:\/\/de-vv.com\/oldschool\/documents-a-fournir\/","url":"http:\/\/de-vv.com\/oldschool\/documents-a-fournir\/","name":"Documents \u00e0 fournir pour l'inscription au permis - Old School Auto-\u00e9cole \u00e0 \u00c9couen","isPartOf":{"@id":"http:\/\/de-vv.com\/oldschool\/#website"},"primaryImageOfPage":{"@id":"http:\/\/de-vv.com\/oldschool\/documents-a-fournir\/#primaryimage"},"image":{"@id":"http:\/\/de-vv.com\/oldschool\/documents-a-fournir\/#primaryimage"},"thumbnailUrl":"https:\/\/de-vv.com\/oldschool\/wp-content\/uploads\/2024\/06\/cropped-jai4zbo9m8bukavnflif.jpg","datePublished":"2024-07-13T15:49:14+00:00","dateModified":"2024-08-17T09:30:12+00:00","description":"Retrouvez la liste des documents \u00e0 nous fournir pour vous inscrire au permis de conduire avec Old School Auto-\u00e9cole \u00e0 \u00c9couen (95440).","breadcrumb":{"@id":"http:\/\/de-vv.com\/oldschool\/documents-a-fournir\/#breadcrumb"},"inLanguage":"fr-FR","potentialAction":[{"@type":"ReadAction","target":["http:\/\/de-vv.com\/oldschool\/documents-a-fournir\/"]}]},{"@type":"ImageObject","inLanguage":"fr-FR","@id":"http:\/\/de-vv.com\/oldschool\/documents-a-fournir\/#primaryimage","url":"https:\/\/de-vv.com\/oldschool\/wp-content\/uploads\/2024\/06\/cropped-jai4zbo9m8bukavnflif.jpg","contentUrl":"https:\/\/de-vv.com\/oldschool\/wp-content\/uploads\/2024\/06\/cropped-jai4zbo9m8bukavnflif.jpg","width":512,"height":512,"caption":"Logo Old School Auto-\u00e9cole Ecouen"},{"@type":"BreadcrumbList","@id":"http:\/\/de-vv.com\/oldschool\/documents-a-fournir\/#breadcrumb","itemListElement":[{"@type":"ListItem","position":1,"name":"Accueil","item":"http:\/\/de-vv.com\/oldschool\/"},{"@type":"ListItem","position":2,"name":"Documents \u00e0 fournir"}]},{"@type":"WebSite","@id":"http:\/\/de-vv.com\/oldschool\/#website","url":"http:\/\/de-vv.com\/oldschool\/","name":"Old School Auto-\u00e9cole","description":"Votre auto-\u00e9cole \u00e0 \u00c9couen (95)","potentialAction":[{"@type":"SearchAction","target":{"@type":"EntryPoint","urlTemplate":"http:\/\/de-vv.com\/oldschool\/?s={search_term_string}"},"query-input":{"@type":"PropertyValueSpecification","valueRequired":true,"valueName":"search_term_string"}}],"inLanguage":"fr-FR"}]}},"_links":{"self":[{"href":"https:\/\/de-vv.com\/oldschool\/wp-json\/wp\/v2\/pages\/87"}],"collection":[{"href":"https:\/\/de-vv.com\/oldschool\/wp-json\/wp\/v2\/pages"}],"about":[{"href":"https:\/\/de-vv.com\/oldschool\/wp-json\/wp\/v2\/types\/page"}],"author":[{"embeddable":true,"href":"https:\/\/de-vv.com\/oldschool\/wp-json\/wp\/v2\/users\/1"}],"replies":[{"embeddable":true,"href":"https:\/\/de-vv.com\/oldschool\/wp-json\/wp\/v2\/comments?post=87"}],"version-history":[{"count":6,"href":"https:\/\/de-vv.com\/oldschool\/wp-json\/wp\/v2\/pages\/87\/revisions"}],"predecessor-version":[{"id":194,"href":"https:\/\/de-vv.com\/oldschool\/wp-json\/wp\/v2\/pages\/87\/revisions\/194"}],"wp:featuredmedia":[{"embeddable":true,"href":"https:\/\/de-vv.com\/oldschool\/wp-json\/wp\/v2\/media\/43"}],"wp:attachment":[{"href":"https:\/\/de-vv.com\/oldschool\/wp-json\/wp\/v2\/media?parent=87"}],"curies":[{"name":"wp","href":"https:\/\/api.w.org\/{rel}","templated":true}]}}