{"id":139,"date":"2023-12-25T11:41:37","date_gmt":"2023-12-25T10:41:37","guid":{"rendered":"https:\/\/de-vv.com\/poleposition\/?page_id=139"},"modified":"2023-12-25T11:41:37","modified_gmt":"2023-12-25T10:41:37","slug":"traitement-des-reclamations","status":"publish","type":"page","link":"https:\/\/de-vv.com\/poleposition\/informations-utiles\/traitement-des-reclamations\/","title":{"rendered":"Traitement des r\u00e9clamations"},"content":{"rendered":"[vc_row type=\u00a0\u00bbin_container\u00a0\u00bb full_screen_row_position=\u00a0\u00bbmiddle\u00a0\u00bb column_margin=\u00a0\u00bbdefault\u00a0\u00bb scene_position=\u00a0\u00bbcenter\u00a0\u00bb text_color=\u00a0\u00bbdark\u00a0\u00bb text_align=\u00a0\u00bbleft\u00a0\u00bb overlay_strength=\u00a0\u00bb0.3&Prime; shape_divider_position=\u00a0\u00bbbottom\u00a0\u00bb bg_image_animation=\u00a0\u00bbnone\u00a0\u00bb][vc_column column_padding=\u00a0\u00bbpadding-2-percent\u00a0\u00bb column_padding_position=\u00a0\u00bball\u00a0\u00bb background_color_opacity=\u00a0\u00bb1&Prime; background_hover_color_opacity=\u00a0\u00bb1&Prime; column_link_target=\u00a0\u00bb_self\u00a0\u00bb column_shadow=\u00a0\u00bbnone\u00a0\u00bb column_border_radius=\u00a0\u00bbnone\u00a0\u00bb width=\u00a0\u00bb1\/1&Prime; tablet_width_inherit=\u00a0\u00bbdefault\u00a0\u00bb tablet_text_alignment=\u00a0\u00bbdefault\u00a0\u00bb phone_text_alignment=\u00a0\u00bbdefault\u00a0\u00bb overlay_strength=\u00a0\u00bb0.3&Prime; column_border_width=\u00a0\u00bbnone\u00a0\u00bb column_border_style=\u00a0\u00bbsolid\u00a0\u00bb bg_image_animation=\u00a0\u00bbnone\u00a0\u00bb][vc_column_text]\n<h2>Traitement des r\u00e9clamations<\/h2>\n[\/vc_column_text][vc_column_text]<span class=\"wixui-rich-text__text\">\u00c0 l&rsquo;Auto-\u00e9cole Pole Position 28, nous faisons toujours notre maximum pour satisfaire nos \u00e9l\u00e8ves. Si jamais vous aviez une remarque, une suggestion ou une r\u00e9clamation \u00e0 nous faire parvenir vous pouvez :\u00a0<\/span><\/p>\n<ul>\n<li><span class=\"wixui-rich-text__text\">Nous faire une r\u00e9clamation \u00e9crite : un registre se trouve \u00e0 l&rsquo;accueil du bureau. Merci de nous demander pour y acc\u00e9der. <\/span><\/li>\n<li><span class=\"wixui-rich-text__text\">Une r\u00e9clamation par email, \u00e0 l&rsquo;aide du <a href=\"https:\/\/de-vv.com\/poleposition\/contact\/\" target=\"_blank\" rel=\"noopener\">formulaire de contact<\/a>.<\/span><\/li>\n<\/ul>\n<p>Nous ferons tout notre possible pour vous apporter une r\u00e9ponse. Si la r\u00e9ponse apport\u00e9e ne vous satisfait pas, vous avez la possibilit\u00e9 de saisir le <a href=\"https:\/\/de-vv.com\/poleposition\/mediateur\/\" target=\"_blank\" rel=\"noopener\">m\u00e9diateur \u00e0 la consommation<\/a>.[\/vc_column_text][\/vc_column][\/vc_row]\n","protected":false},"excerpt":{"rendered":"<p>[vc_row type=\u00a0\u00bbin_container\u00a0\u00bb full_screen_row_position=\u00a0\u00bbmiddle\u00a0\u00bb column_margin=\u00a0\u00bbdefault\u00a0\u00bb scene_position=\u00a0\u00bbcenter\u00a0\u00bb text_color=\u00a0\u00bbdark\u00a0\u00bb text_align=\u00a0\u00bbleft\u00a0\u00bb overlay_strength=\u00a0\u00bb0.3&Prime; shape_divider_position=\u00a0\u00bbbottom\u00a0\u00bb bg_image_animation=\u00a0\u00bbnone\u00a0\u00bb][vc_column column_padding=\u00a0\u00bbpadding-2-percent\u00a0\u00bb column_padding_position=\u00a0\u00bball\u00a0\u00bb background_color_opacity=\u00a0\u00bb1&Prime; background_hover_color_opacity=\u00a0\u00bb1&Prime; column_link_target=\u00a0\u00bb_self\u00a0\u00bb column_shadow=\u00a0\u00bbnone\u00a0\u00bb column_border_radius=\u00a0\u00bbnone\u00a0\u00bb width=\u00a0\u00bb1\/1&Prime; tablet_width_inherit=\u00a0\u00bbdefault\u00a0\u00bb tablet_text_alignment=\u00a0\u00bbdefault\u00a0\u00bb phone_text_alignment=\u00a0\u00bbdefault\u00a0\u00bb overlay_strength=\u00a0\u00bb0.3&Prime; column_border_width=\u00a0\u00bbnone\u00a0\u00bb column_border_style=\u00a0\u00bbsolid\u00a0\u00bb bg_image_animation=\u00a0\u00bbnone\u00a0\u00bb][vc_column_text] Traitement des r\u00e9clamations [\/vc_column_text][vc_column_text]\u00c0 l&rsquo;Auto-\u00e9cole&#8230;<\/p>\n","protected":false},"author":1,"featured_media":81,"parent":21,"menu_order":0,"comment_status":"closed","ping_status":"closed","template":"","meta":{"footnotes":""},"yoast_head":"<!-- This site is optimized with the Yoast SEO plugin v23.5 - https:\/\/yoast.com\/wordpress\/plugins\/seo\/ -->\n<title>Traitement des r\u00e9clamations - Auto-\u00e9cole Pole Position 28<\/title>\n<meta name=\"description\" content=\"D\u00e9couvrez le process de traitement des r\u00e9clamations en place \u00e0 l&#039;Auto-\u00e9cole Pole Position 28 \u00e0 Dreux, par t\u00e9l\u00e9phone ou par email.\" \/>\n<meta name=\"robots\" content=\"noindex, follow, max-snippet:-1, max-image-preview:large, max-video-preview:-1\" \/>\n<meta property=\"og:locale\" content=\"fr_FR\" \/>\n<meta property=\"og:type\" content=\"article\" \/>\n<meta property=\"og:title\" content=\"Traitement des r\u00e9clamations - Auto-\u00e9cole Pole Position 28\" \/>\n<meta property=\"og:description\" content=\"D\u00e9couvrez le process de traitement des r\u00e9clamations en place \u00e0 l&#039;Auto-\u00e9cole Pole Position 28 \u00e0 Dreux, par t\u00e9l\u00e9phone ou par email.\" \/>\n<meta property=\"og:url\" content=\"https:\/\/de-vv.com\/poleposition\/informations-utiles\/traitement-des-reclamations\/\" \/>\n<meta property=\"og:site_name\" content=\"Auto-\u00e9cole Pole Position 28\" \/>\n<meta property=\"og:image\" content=\"https:\/\/de-vv.com\/poleposition\/wp-content\/uploads\/2023\/12\/cropped-favicon.jpg\" \/>\n\t<meta property=\"og:image:width\" content=\"512\" \/>\n\t<meta property=\"og:image:height\" content=\"512\" \/>\n\t<meta property=\"og:image:type\" content=\"image\/jpeg\" \/>\n<meta name=\"twitter:card\" content=\"summary_large_image\" \/>\n<meta name=\"twitter:label1\" content=\"Dur\u00e9e de lecture estim\u00e9e\" \/>\n\t<meta name=\"twitter:data1\" content=\"1 minute\" \/>\n<script type=\"application\/ld+json\" class=\"yoast-schema-graph\">{\"@context\":\"https:\/\/schema.org\",\"@graph\":[{\"@type\":\"WebPage\",\"@id\":\"https:\/\/de-vv.com\/poleposition\/informations-utiles\/traitement-des-reclamations\/\",\"url\":\"https:\/\/de-vv.com\/poleposition\/informations-utiles\/traitement-des-reclamations\/\",\"name\":\"Traitement des r\u00e9clamations - Auto-\u00e9cole Pole Position 28\",\"isPartOf\":{\"@id\":\"https:\/\/de-vv.com\/poleposition\/#website\"},\"primaryImageOfPage\":{\"@id\":\"https:\/\/de-vv.com\/poleposition\/informations-utiles\/traitement-des-reclamations\/#primaryimage\"},\"image\":{\"@id\":\"https:\/\/de-vv.com\/poleposition\/informations-utiles\/traitement-des-reclamations\/#primaryimage\"},\"thumbnailUrl\":\"https:\/\/de-vv.com\/poleposition\/wp-content\/uploads\/2023\/12\/cropped-favicon.jpg\",\"datePublished\":\"2023-12-25T10:41:37+00:00\",\"dateModified\":\"2023-12-25T10:41:37+00:00\",\"description\":\"D\u00e9couvrez le process de traitement des r\u00e9clamations en place \u00e0 l'Auto-\u00e9cole Pole Position 28 \u00e0 Dreux, par t\u00e9l\u00e9phone ou par email.\",\"breadcrumb\":{\"@id\":\"https:\/\/de-vv.com\/poleposition\/informations-utiles\/traitement-des-reclamations\/#breadcrumb\"},\"inLanguage\":\"fr-FR\",\"potentialAction\":[{\"@type\":\"ReadAction\",\"target\":[\"https:\/\/de-vv.com\/poleposition\/informations-utiles\/traitement-des-reclamations\/\"]}]},{\"@type\":\"ImageObject\",\"inLanguage\":\"fr-FR\",\"@id\":\"https:\/\/de-vv.com\/poleposition\/informations-utiles\/traitement-des-reclamations\/#primaryimage\",\"url\":\"https:\/\/de-vv.com\/poleposition\/wp-content\/uploads\/2023\/12\/cropped-favicon.jpg\",\"contentUrl\":\"https:\/\/de-vv.com\/poleposition\/wp-content\/uploads\/2023\/12\/cropped-favicon.jpg\",\"width\":512,\"height\":512},{\"@type\":\"BreadcrumbList\",\"@id\":\"https:\/\/de-vv.com\/poleposition\/informations-utiles\/traitement-des-reclamations\/#breadcrumb\",\"itemListElement\":[{\"@type\":\"ListItem\",\"position\":1,\"name\":\"Accueil\",\"item\":\"https:\/\/de-vv.com\/poleposition\/\"},{\"@type\":\"ListItem\",\"position\":2,\"name\":\"Informations utiles\",\"item\":\"https:\/\/de-vv.com\/poleposition\/informations-utiles\/\"},{\"@type\":\"ListItem\",\"position\":3,\"name\":\"Traitement des r\u00e9clamations\"}]},{\"@type\":\"WebSite\",\"@id\":\"https:\/\/de-vv.com\/poleposition\/#website\",\"url\":\"https:\/\/de-vv.com\/poleposition\/\",\"name\":\"Auto-\u00e9cole Pole Position 28\",\"description\":\"Permis auto et moto \u00e0 Dreux\",\"potentialAction\":[{\"@type\":\"SearchAction\",\"target\":{\"@type\":\"EntryPoint\",\"urlTemplate\":\"https:\/\/de-vv.com\/poleposition\/?s={search_term_string}\"},\"query-input\":{\"@type\":\"PropertyValueSpecification\",\"valueRequired\":true,\"valueName\":\"search_term_string\"}}],\"inLanguage\":\"fr-FR\"}]}<\/script>\n<!-- \/ Yoast SEO plugin. -->","yoast_head_json":{"title":"Traitement des r\u00e9clamations - Auto-\u00e9cole Pole Position 28","description":"D\u00e9couvrez le process de traitement des r\u00e9clamations en place \u00e0 l'Auto-\u00e9cole Pole Position 28 \u00e0 Dreux, par t\u00e9l\u00e9phone ou par email.","robots":{"index":"noindex","follow":"follow","max-snippet":"max-snippet:-1","max-image-preview":"max-image-preview:large","max-video-preview":"max-video-preview:-1"},"og_locale":"fr_FR","og_type":"article","og_title":"Traitement des r\u00e9clamations - Auto-\u00e9cole Pole Position 28","og_description":"D\u00e9couvrez le process de traitement des r\u00e9clamations en place \u00e0 l'Auto-\u00e9cole Pole Position 28 \u00e0 Dreux, par t\u00e9l\u00e9phone ou par email.","og_url":"https:\/\/de-vv.com\/poleposition\/informations-utiles\/traitement-des-reclamations\/","og_site_name":"Auto-\u00e9cole Pole Position 28","og_image":[{"width":512,"height":512,"url":"https:\/\/de-vv.com\/poleposition\/wp-content\/uploads\/2023\/12\/cropped-favicon.jpg","type":"image\/jpeg"}],"twitter_card":"summary_large_image","twitter_misc":{"Dur\u00e9e de lecture estim\u00e9e":"1 minute"},"schema":{"@context":"https:\/\/schema.org","@graph":[{"@type":"WebPage","@id":"https:\/\/de-vv.com\/poleposition\/informations-utiles\/traitement-des-reclamations\/","url":"https:\/\/de-vv.com\/poleposition\/informations-utiles\/traitement-des-reclamations\/","name":"Traitement des r\u00e9clamations - Auto-\u00e9cole Pole Position 28","isPartOf":{"@id":"https:\/\/de-vv.com\/poleposition\/#website"},"primaryImageOfPage":{"@id":"https:\/\/de-vv.com\/poleposition\/informations-utiles\/traitement-des-reclamations\/#primaryimage"},"image":{"@id":"https:\/\/de-vv.com\/poleposition\/informations-utiles\/traitement-des-reclamations\/#primaryimage"},"thumbnailUrl":"https:\/\/de-vv.com\/poleposition\/wp-content\/uploads\/2023\/12\/cropped-favicon.jpg","datePublished":"2023-12-25T10:41:37+00:00","dateModified":"2023-12-25T10:41:37+00:00","description":"D\u00e9couvrez le process de traitement des r\u00e9clamations en place \u00e0 l'Auto-\u00e9cole Pole Position 28 \u00e0 Dreux, par t\u00e9l\u00e9phone ou par email.","breadcrumb":{"@id":"https:\/\/de-vv.com\/poleposition\/informations-utiles\/traitement-des-reclamations\/#breadcrumb"},"inLanguage":"fr-FR","potentialAction":[{"@type":"ReadAction","target":["https:\/\/de-vv.com\/poleposition\/informations-utiles\/traitement-des-reclamations\/"]}]},{"@type":"ImageObject","inLanguage":"fr-FR","@id":"https:\/\/de-vv.com\/poleposition\/informations-utiles\/traitement-des-reclamations\/#primaryimage","url":"https:\/\/de-vv.com\/poleposition\/wp-content\/uploads\/2023\/12\/cropped-favicon.jpg","contentUrl":"https:\/\/de-vv.com\/poleposition\/wp-content\/uploads\/2023\/12\/cropped-favicon.jpg","width":512,"height":512},{"@type":"BreadcrumbList","@id":"https:\/\/de-vv.com\/poleposition\/informations-utiles\/traitement-des-reclamations\/#breadcrumb","itemListElement":[{"@type":"ListItem","position":1,"name":"Accueil","item":"https:\/\/de-vv.com\/poleposition\/"},{"@type":"ListItem","position":2,"name":"Informations utiles","item":"https:\/\/de-vv.com\/poleposition\/informations-utiles\/"},{"@type":"ListItem","position":3,"name":"Traitement des r\u00e9clamations"}]},{"@type":"WebSite","@id":"https:\/\/de-vv.com\/poleposition\/#website","url":"https:\/\/de-vv.com\/poleposition\/","name":"Auto-\u00e9cole Pole Position 28","description":"Permis auto et moto \u00e0 Dreux","potentialAction":[{"@type":"SearchAction","target":{"@type":"EntryPoint","urlTemplate":"https:\/\/de-vv.com\/poleposition\/?s={search_term_string}"},"query-input":{"@type":"PropertyValueSpecification","valueRequired":true,"valueName":"search_term_string"}}],"inLanguage":"fr-FR"}]}},"_links":{"self":[{"href":"https:\/\/de-vv.com\/poleposition\/wp-json\/wp\/v2\/pages\/139"}],"collection":[{"href":"https:\/\/de-vv.com\/poleposition\/wp-json\/wp\/v2\/pages"}],"about":[{"href":"https:\/\/de-vv.com\/poleposition\/wp-json\/wp\/v2\/types\/page"}],"author":[{"embeddable":true,"href":"https:\/\/de-vv.com\/poleposition\/wp-json\/wp\/v2\/users\/1"}],"replies":[{"embeddable":true,"href":"https:\/\/de-vv.com\/poleposition\/wp-json\/wp\/v2\/comments?post=139"}],"version-history":[{"count":1,"href":"https:\/\/de-vv.com\/poleposition\/wp-json\/wp\/v2\/pages\/139\/revisions"}],"predecessor-version":[{"id":140,"href":"https:\/\/de-vv.com\/poleposition\/wp-json\/wp\/v2\/pages\/139\/revisions\/140"}],"up":[{"embeddable":true,"href":"https:\/\/de-vv.com\/poleposition\/wp-json\/wp\/v2\/pages\/21"}],"wp:featuredmedia":[{"embeddable":true,"href":"https:\/\/de-vv.com\/poleposition\/wp-json\/wp\/v2\/media\/81"}],"wp:attachment":[{"href":"https:\/\/de-vv.com\/poleposition\/wp-json\/wp\/v2\/media?parent=139"}],"curies":[{"name":"wp","href":"https:\/\/api.w.org\/{rel}","templated":true}]}}