{"id":17,"date":"2024-03-03T19:44:38","date_gmt":"2024-03-03T18:44:38","guid":{"rendered":"http:\/\/de-vv.com\/stalindrive\/?page_id=17"},"modified":"2024-06-09T10:34:54","modified_gmt":"2024-06-09T08:34:54","slug":"informations-utiles","status":"publish","type":"page","link":"https:\/\/de-vv.com\/stalindrive\/informations-utiles\/","title":{"rendered":"Informations utiles"},"content":{"rendered":"[vc_row type=\u00a0\u00bbin_container\u00a0\u00bb full_screen_row_position=\u00a0\u00bbmiddle\u00a0\u00bb column_margin=\u00a0\u00bbdefault\u00a0\u00bb scene_position=\u00a0\u00bbcenter\u00a0\u00bb text_color=\u00a0\u00bbdark\u00a0\u00bb text_align=\u00a0\u00bbleft\u00a0\u00bb overlay_strength=\u00a0\u00bb0.3&Prime; shape_divider_position=\u00a0\u00bbbottom\u00a0\u00bb bg_image_animation=\u00a0\u00bbnone\u00a0\u00bb][vc_column column_padding=\u00a0\u00bbpadding-2-percent\u00a0\u00bb column_padding_position=\u00a0\u00bball\u00a0\u00bb background_color_opacity=\u00a0\u00bb1&Prime; background_hover_color_opacity=\u00a0\u00bb1&Prime; column_link_target=\u00a0\u00bb_self\u00a0\u00bb column_shadow=\u00a0\u00bbnone\u00a0\u00bb column_border_radius=\u00a0\u00bbnone\u00a0\u00bb width=\u00a0\u00bb1\/1&Prime; tablet_width_inherit=\u00a0\u00bbdefault\u00a0\u00bb tablet_text_alignment=\u00a0\u00bbdefault\u00a0\u00bb phone_text_alignment=\u00a0\u00bbdefault\u00a0\u00bb overlay_strength=\u00a0\u00bb0.3&Prime; column_border_width=\u00a0\u00bbnone\u00a0\u00bb column_border_style=\u00a0\u00bbsolid\u00a0\u00bb bg_image_animation=\u00a0\u00bbnone\u00a0\u00bb][vc_column_text css=\u00a0\u00bb.vc_custom_1717922092930{padding-bottom: 12px !important;}\u00a0\u00bb]\n<h1 class=\"gradient-text\" style=\"text-align: center;\">Informations utiles<\/h1>\n[\/vc_column_text][vc_column_text]\n<p style=\"text-align: center;\">L\u2019essentiel \u00e0 conna\u00eetre pour une formation r\u00e9ussie avec l&rsquo;Auto-\u00e9cole By Stalindrive !<\/p>\n[\/vc_column_text][\/vc_column][\/vc_row][vc_row type=\u00a0\u00bbin_container\u00a0\u00bb full_screen_row_position=\u00a0\u00bbmiddle\u00a0\u00bb column_margin=\u00a0\u00bbdefault\u00a0\u00bb scene_position=\u00a0\u00bbcenter\u00a0\u00bb text_color=\u00a0\u00bbdark\u00a0\u00bb text_align=\u00a0\u00bbleft\u00a0\u00bb overlay_strength=\u00a0\u00bb0.3&Prime; shape_divider_position=\u00a0\u00bbbottom\u00a0\u00bb bg_image_animation=\u00a0\u00bbnone\u00a0\u00bb shape_type=\u00a0\u00bb\u00a0\u00bb][vc_column column_padding=\u00a0\u00bbpadding-2-percent\u00a0\u00bb column_padding_position=\u00a0\u00bbtop-left\u00a0\u00bb background_color_opacity=\u00a0\u00bb1&Prime; background_hover_color_opacity=\u00a0\u00bb1&Prime; column_link_target=\u00a0\u00bb_self\u00a0\u00bb column_shadow=\u00a0\u00bbnone\u00a0\u00bb column_border_radius=\u00a0\u00bbnone\u00a0\u00bb width=\u00a0\u00bb2\/3&Prime; tablet_width_inherit=\u00a0\u00bbdefault\u00a0\u00bb tablet_text_alignment=\u00a0\u00bbdefault\u00a0\u00bb phone_text_alignment=\u00a0\u00bbdefault\u00a0\u00bb overlay_strength=\u00a0\u00bb0.3&Prime; column_border_width=\u00a0\u00bbnone\u00a0\u00bb column_border_style=\u00a0\u00bbsolid\u00a0\u00bb bg_image_animation=\u00a0\u00bbnone\u00a0\u00bb][vc_column_text]\n<h4 style=\"text-align: left;\">Les enjeux de la formation<\/h4>\n[\/vc_column_text]<div class=\"nectar-fancy-ul\" data-list-icon=\"icon-salient-thin-line\" data-animation=\"false\" data-animation-delay=\"0\" data-color=\"accent-color\" data-spacing=\"default\" data-alignment=\"left\"> \n<ul>\n<li>Les enjeux de la formation au permis<\/li>\n<\/ul>\n <\/div>[vc_column_text]\n<h4 style=\"text-align: left;\">Le r\u00e8glement int\u00e9rieur<\/h4>\n[\/vc_column_text]<div class=\"nectar-fancy-ul\" data-list-icon=\"icon-salient-thin-line\" data-animation=\"false\" data-animation-delay=\"0\" data-color=\"accent-color\" data-spacing=\"default\" data-alignment=\"left\"> \n<ul>\n<li>Le r\u00e8glement int\u00e9rieur<\/li>\n<\/ul>\n <\/div>[vc_column_text css=\u00a0\u00bb.vc_custom_1711871461762{padding-bottom: 12px !important;}\u00a0\u00bb]\n<h4 style=\"text-align: left;\">Formations moto<\/h4>\n<p>L&rsquo;Auto-\u00e9cole By Stalindrive propose les formations aux <a href=\"https:\/\/de-vv.com\/stalindrive\/permis-moto\/\" target=\"_blank\" rel=\"noopener\">diff\u00e9rents permis moto<\/a> dans ses <a href=\"https:\/\/de-vv.com\/stalindrive\/auto-ecole\/\" target=\"_blank\" rel=\"noopener\">3 agences<\/a> : permis AM, formation 125 cm3, permis A1 et permis A2, passerelle A2 vers A.<\/p>\n<p>Notre piste moto est situ\u00e9e au Parc des expositions Paris Nord Villepinte, Parking visiteurs P2, 93420 Villepinte (<a href=\"https:\/\/www.google.com\/maps\/dir\/\/ZAC+Paris+Nord+2,+93420+Villepinte\/@48.9709227,2.4383263,12z\/data=!4m8!4m7!1m0!1m5!1m1!1s0x47e61423545865ff:0x19d8add2537a716a!2m2!1d2.5207267!2d48.970952?entry=ttu\" target=\"_blank\" rel=\"noopener\">plan d\u2019acc\u00e8s<\/a>).[\/vc_column_text][\/vc_column][vc_column column_padding=\u00a0\u00bbpadding-2-percent\u00a0\u00bb column_padding_position=\u00a0\u00bball\u00a0\u00bb background_color=\u00a0\u00bb#f7f7f7&Prime; background_color_opacity=\u00a0\u00bb1&Prime; background_hover_color_opacity=\u00a0\u00bb1&Prime; column_link_target=\u00a0\u00bb_self\u00a0\u00bb column_shadow=\u00a0\u00bbnone\u00a0\u00bb column_border_radius=\u00a0\u00bbnone\u00a0\u00bb width=\u00a0\u00bb1\/3&Prime; tablet_width_inherit=\u00a0\u00bbdefault\u00a0\u00bb tablet_text_alignment=\u00a0\u00bbdefault\u00a0\u00bb phone_text_alignment=\u00a0\u00bbdefault\u00a0\u00bb overlay_strength=\u00a0\u00bb0.3&Prime; column_border_width=\u00a0\u00bbnone\u00a0\u00bb column_border_style=\u00a0\u00bbsolid\u00a0\u00bb bg_image_animation=\u00a0\u00bbnone\u00a0\u00bb][vc_column_text css=\u00a0\u00bb.vc_custom_1711871709493{padding-bottom: 12px !important;}\u00a0\u00bb]\n<h4 style=\"font-size: 24px; line-height: 28px;\">Vous avez une question ?<\/h4>\n[\/vc_column_text][vc_wp_custommenu nav_menu=\u00a0\u00bb3&Prime;][nectar_btn size=\u00a0\u00bbmedium\u00a0\u00bb button_style=\u00a0\u00bbregular\u00a0\u00bb button_color_2=\u00a0\u00bbAccent-Color\u00a0\u00bb icon_family=\u00a0\u00bbfontawesome\u00a0\u00bb text=\u00a0\u00bbContactez nous\u00a0\u00bb url=\u00a0\u00bbhttp:\/\/de-vv.com\/stalindrive\/contact\/\u00a0\u00bb icon_fontawesome=\u00a0\u00bbfa fa-envelope-open-o\u00a0\u00bb margin_right=\u00a0\u00bb8&Prime;][divider line_type=\u00a0\u00bbNo Line\u00a0\u00bb custom_height=\u00a0\u00bb12&Prime;][\/vc_column][\/vc_row][vc_row type=\u00a0\u00bbin_container\u00a0\u00bb full_screen_row_position=\u00a0\u00bbmiddle\u00a0\u00bb column_margin=\u00a0\u00bbdefault\u00a0\u00bb scene_position=\u00a0\u00bbcenter\u00a0\u00bb text_color=\u00a0\u00bbdark\u00a0\u00bb text_align=\u00a0\u00bbleft\u00a0\u00bb overlay_strength=\u00a0\u00bb0.3&Prime; shape_divider_position=\u00a0\u00bbbottom\u00a0\u00bb bg_image_animation=\u00a0\u00bbnone\u00a0\u00bb][vc_column column_padding=\u00a0\u00bbpadding-2-percent\u00a0\u00bb column_padding_position=\u00a0\u00bbleft-right\u00a0\u00bb background_color_opacity=\u00a0\u00bb1&Prime; background_hover_color_opacity=\u00a0\u00bb1&Prime; column_link_target=\u00a0\u00bb_self\u00a0\u00bb column_shadow=\u00a0\u00bbnone\u00a0\u00bb column_border_radius=\u00a0\u00bbnone\u00a0\u00bb width=\u00a0\u00bb1\/1&Prime; tablet_width_inherit=\u00a0\u00bbdefault\u00a0\u00bb tablet_text_alignment=\u00a0\u00bbdefault\u00a0\u00bb phone_text_alignment=\u00a0\u00bbdefault\u00a0\u00bb overlay_strength=\u00a0\u00bb0.3&Prime; column_border_width=\u00a0\u00bbnone\u00a0\u00bb column_border_style=\u00a0\u00bbsolid\u00a0\u00bb bg_image_animation=\u00a0\u00bbnone\u00a0\u00bb][vc_column_text css=\u00a0\u00bb.vc_custom_1711871468429{padding-bottom: 20px !important;}\u00a0\u00bb]\n<h4 style=\"text-align: left;\">Stage post-permis<\/h4>\n<p>L&rsquo;Auto-\u00e9cole By Stalindrive propose des stages post-permis aux \u00e9l\u00e8ves ayant r\u00e9ussi l&rsquo;examen. Ces stages permette de r\u00e9duire la dur\u00e9e de la p\u00e9riode probatoire et comportent de nombreux avantages. Plus d&rsquo;informations sur le contenu et le d\u00e9roulement de ces stages sur le site de la <a href=\"https:\/\/securite-routiere.gouv.fr\/passer-son-permis-de-conduire\/permis-probatoire\/les-stages-post-permis-et-reduction-de-la-periode\" target=\"_blank\" rel=\"noopener\">S\u00e9curit\u00e9 routi\u00e8re<\/a>.[\/vc_column_text][vc_column_text css=\u00a0\u00bb.vc_custom_1711871474160{padding-bottom: 20px !important;}\u00a0\u00bb]\n<h4 style=\"text-align: left;\">Les avantages de la conduite accompagn\u00e9e et supervis\u00e9e<\/h4>\n<p>L&rsquo;apprentissage anticip\u00e9 de la conduite (AAC) ou conduite accompagn\u00e9e, accessible d\u00e8s 15 ans, comporte de nombreux avantages. La formation en conduite supervis\u00e9e (\u00e0 partir de 18 ans) comporte elle aussi des avantages par rapport \u00e0 la formation traditionnelle. La conduite supervis\u00e9e comporte elle aussi plusieurs avantages.[\/vc_column_text][vc_column_text]\n<h4 style=\"text-align: left;\">Proc\u00e9d\u00e9 de positionnement et d\u2019\u00e9valuation<\/h4>\n[\/vc_column_text]<div class=\"nectar-fancy-ul\" data-list-icon=\"icon-salient-thin-line\" data-animation=\"false\" data-animation-delay=\"0\" data-color=\"accent-color\" data-spacing=\"default\" data-alignment=\"left\"> \n<ul>\n<li>Proc\u00e9d\u00e9 de positionnement et d&rsquo;\u00e9valuation<\/li>\n<li>D\u00e9roulement de la formation pratique<\/li>\n<li>D\u00e9roulement de l&rsquo;examen<\/li>\n<li>Prise en compte du handicap<\/li>\n<\/ul>\n <\/div>[vc_column_text]\n<h4 style=\"text-align: left;\">Modalit\u00e9s d\u2019organisation des formations th\u00e9oriques et pratiques<\/h4>\n[\/vc_column_text]<div class=\"nectar-fancy-ul\" data-list-icon=\"icon-salient-thin-line\" data-animation=\"false\" data-animation-delay=\"0\" data-color=\"accent-color\" data-spacing=\"default\" data-alignment=\"left\"> \n<ul>\n<li>Parcours de formation &#8211; code de la route<\/li>\n<li>Parcours de formation &#8211; Permis B \/ AAC \/ CS<\/li>\n<li>Parcours de formation &#8211; Permis BEA<\/li>\n<li>Parcours de formation &#8211; Permis moto<\/li>\n<li>Parcours de formation &#8211; Passerelle A2 vers A<\/li>\n<\/ul>\n <\/div>[vc_column_text]\n<h4 style=\"text-align: left;\">Modalit\u00e9s de traitement des r\u00e9clamations<\/h4>\n[\/vc_column_text]<div class=\"nectar-fancy-ul\" data-list-icon=\"icon-salient-thin-line\" data-animation=\"false\" data-animation-delay=\"0\" data-color=\"accent-color\" data-spacing=\"default\" data-alignment=\"left\"> \n<ul>\n<li>Le traitement des r\u00e9clamations<\/li>\n<\/ul>\n <\/div>[\/vc_column][\/vc_row][vc_row type=\u00a0\u00bbfull_width_background\u00a0\u00bb full_screen_row_position=\u00a0\u00bbmiddle\u00a0\u00bb equal_height=\u00a0\u00bbyes\u00a0\u00bb content_placement=\u00a0\u00bbmiddle\u00a0\u00bb column_margin=\u00a0\u00bbdefault\u00a0\u00bb bg_color=\u00a0\u00bb#000000&Prime; scene_position=\u00a0\u00bbcenter\u00a0\u00bb text_color=\u00a0\u00bblight\u00a0\u00bb text_align=\u00a0\u00bbleft\u00a0\u00bb overlay_strength=\u00a0\u00bb0.3&Prime; shape_divider_position=\u00a0\u00bbbottom\u00a0\u00bb bg_image_animation=\u00a0\u00bbnone\u00a0\u00bb shape_type=\u00a0\u00bb\u00a0\u00bb][vc_column centered_text=\u00a0\u00bbtrue\u00a0\u00bb column_padding=\u00a0\u00bbpadding-2-percent\u00a0\u00bb column_padding_position=\u00a0\u00bball\u00a0\u00bb background_color_opacity=\u00a0\u00bb1&Prime; background_hover_color_opacity=\u00a0\u00bb1&Prime; column_link_target=\u00a0\u00bb_self\u00a0\u00bb column_shadow=\u00a0\u00bbnone\u00a0\u00bb column_border_radius=\u00a0\u00bbnone\u00a0\u00bb width=\u00a0\u00bb1\/4&Prime; tablet_width_inherit=\u00a0\u00bbdefault\u00a0\u00bb tablet_text_alignment=\u00a0\u00bbdefault\u00a0\u00bb phone_text_alignment=\u00a0\u00bbdefault\u00a0\u00bb overlay_strength=\u00a0\u00bb0.3&Prime; column_border_width=\u00a0\u00bbnone\u00a0\u00bb column_border_style=\u00a0\u00bbsolid\u00a0\u00bb bg_image_animation=\u00a0\u00bbnone\u00a0\u00bb][image_with_animation image_url=\u00a0\u00bb76&Prime; alignment=\u00a0\u00bbcenter\u00a0\u00bb animation=\u00a0\u00bbFade In\u00a0\u00bb hover_animation=\u00a0\u00bbnone\u00a0\u00bb border_radius=\u00a0\u00bbnone\u00a0\u00bb box_shadow=\u00a0\u00bbnone\u00a0\u00bb image_loading=\u00a0\u00bblazy-load\u00a0\u00bb max_width=\u00a0\u00bb75%\u00a0\u00bb max_width_mobile=\u00a0\u00bbdefault\u00a0\u00bb][\/vc_column][vc_column column_padding=\u00a0\u00bbpadding-2-percent\u00a0\u00bb column_padding_position=\u00a0\u00bball\u00a0\u00bb background_color_opacity=\u00a0\u00bb1&Prime; background_hover_color_opacity=\u00a0\u00bb1&Prime; column_link_target=\u00a0\u00bb_self\u00a0\u00bb column_shadow=\u00a0\u00bbnone\u00a0\u00bb column_border_radius=\u00a0\u00bbnone\u00a0\u00bb width=\u00a0\u00bb3\/4&Prime; tablet_width_inherit=\u00a0\u00bbdefault\u00a0\u00bb tablet_text_alignment=\u00a0\u00bbdefault\u00a0\u00bb phone_text_alignment=\u00a0\u00bbdefault\u00a0\u00bb overlay_strength=\u00a0\u00bb0.3&Prime; column_border_width=\u00a0\u00bbnone\u00a0\u00bb column_border_style=\u00a0\u00bbsolid\u00a0\u00bb bg_image_animation=\u00a0\u00bbnone\u00a0\u00bb][vc_column_text css=\u00a0\u00bb.vc_custom_1705258092963{padding-bottom: 12px !important;}\u00a0\u00bb]\n<h2 class=\"ave-fedan\" style=\"color: #fff;\">Une auto-\u00e9cole de qualit\u00e9 !<\/h2>\n[\/vc_column_text][vc_column_text]L&rsquo;Auto-\u00e9cole By Stalindrive s\u2019est engag\u00e9e dans une d\u00e9marche de qualit\u00e9 et a d\u00e9pos\u00e9 une demande en vu d&rsquo;obtenir le <a href=\"https:\/\/www.securite-routiere.gouv.fr\/les-metiers-de-leducation-routiere\/obtenir-le-label-pour-son-ecole-de-conduite\" target=\"_blank\" rel=\"noopener\">label \u00ab qualit\u00e9 des formations au sein des \u00e9coles de conduite \u00bb<\/a> d\u00e9cern\u00e9 par le Minist\u00e8re de l\u2019Int\u00e9rieur. Pour en savoir plus sur le contenu et le d\u00e9roulement de nos formations, nous vous invitons \u00e0 consulter ces informations utiles.[\/vc_column_text][\/vc_column][\/vc_row]\n","protected":false},"excerpt":{"rendered":"<p>[vc_row type=\u00a0\u00bbin_container\u00a0\u00bb full_screen_row_position=\u00a0\u00bbmiddle\u00a0\u00bb column_margin=\u00a0\u00bbdefault\u00a0\u00bb scene_position=\u00a0\u00bbcenter\u00a0\u00bb text_color=\u00a0\u00bbdark\u00a0\u00bb text_align=\u00a0\u00bbleft\u00a0\u00bb overlay_strength=\u00a0\u00bb0.3&Prime; shape_divider_position=\u00a0\u00bbbottom\u00a0\u00bb bg_image_animation=\u00a0\u00bbnone\u00a0\u00bb][vc_column column_padding=\u00a0\u00bbpadding-2-percent\u00a0\u00bb column_padding_position=\u00a0\u00bball\u00a0\u00bb background_color_opacity=\u00a0\u00bb1&Prime; background_hover_color_opacity=\u00a0\u00bb1&Prime; column_link_target=\u00a0\u00bb_self\u00a0\u00bb column_shadow=\u00a0\u00bbnone\u00a0\u00bb column_border_radius=\u00a0\u00bbnone\u00a0\u00bb width=\u00a0\u00bb1\/1&Prime; tablet_width_inherit=\u00a0\u00bbdefault\u00a0\u00bb tablet_text_alignment=\u00a0\u00bbdefault\u00a0\u00bb phone_text_alignment=\u00a0\u00bbdefault\u00a0\u00bb overlay_strength=\u00a0\u00bb0.3&Prime; column_border_width=\u00a0\u00bbnone\u00a0\u00bb column_border_style=\u00a0\u00bbsolid\u00a0\u00bb bg_image_animation=\u00a0\u00bbnone\u00a0\u00bb][vc_column_text css=\u00a0\u00bb.vc_custom_1717922092930{padding-bottom: 12px !important;}\u00a0\u00bb] Informations utiles&#8230;<\/p>\n","protected":false},"author":1,"featured_media":76,"parent":0,"menu_order":0,"comment_status":"closed","ping_status":"closed","template":"","meta":{"_joinchat":[],"footnotes":""},"yoast_head":"<!-- This site is optimized with the Yoast SEO plugin v24.5 - https:\/\/yoast.com\/wordpress\/plugins\/seo\/ -->\n<title>Informations utiles label de qualit\u00e9 auto-\u00e9cole - Auto-\u00e9cole By Stalindrive \u00e0 Paris<\/title>\n<meta name=\"description\" content=\"L&#039;Auto-\u00e9cole By Stalindrive dispose du label de qualit\u00e9 Auto-\u00e9cole d\u00e9cern\u00e9 par le Minist\u00e8re de l&#039;Int\u00e9rieur. Retrouvez toutes les infos utiles.\" \/>\n<meta name=\"robots\" content=\"noindex, follow, max-snippet:-1, max-image-preview:large, max-video-preview:-1\" \/>\n<meta property=\"og:locale\" content=\"fr_FR\" \/>\n<meta property=\"og:type\" content=\"article\" \/>\n<meta property=\"og:title\" content=\"Informations utiles label de qualit\u00e9 auto-\u00e9cole - Auto-\u00e9cole By Stalindrive \u00e0 Paris\" \/>\n<meta property=\"og:description\" content=\"L&#039;Auto-\u00e9cole By Stalindrive dispose du label de qualit\u00e9 Auto-\u00e9cole d\u00e9cern\u00e9 par le Minist\u00e8re de l&#039;Int\u00e9rieur. Retrouvez toutes les infos utiles.\" \/>\n<meta property=\"og:url\" content=\"https:\/\/de-vv.com\/stalindrive\/informations-utiles\/\" \/>\n<meta property=\"og:site_name\" content=\"Auto-\u00e9cole By Stalindrive\" \/>\n<meta property=\"article:modified_time\" content=\"2024-06-09T08:34:54+00:00\" \/>\n<meta property=\"og:image\" content=\"https:\/\/de-vv.com\/stalindrive\/wp-content\/uploads\/2024\/03\/Label-Auto-ecole-de-qualite-Auto-ecole-Stalindrive.png\" \/>\n\t<meta property=\"og:image:width\" content=\"768\" \/>\n\t<meta property=\"og:image:height\" content=\"733\" \/>\n\t<meta property=\"og:image:type\" content=\"image\/png\" \/>\n<meta name=\"twitter:card\" content=\"summary_large_image\" \/>\n<meta name=\"twitter:label1\" content=\"Dur\u00e9e de lecture estim\u00e9e\" \/>\n\t<meta name=\"twitter:data1\" content=\"3 minutes\" \/>\n<script type=\"application\/ld+json\" class=\"yoast-schema-graph\">{\"@context\":\"https:\/\/schema.org\",\"@graph\":[{\"@type\":\"WebPage\",\"@id\":\"https:\/\/de-vv.com\/stalindrive\/informations-utiles\/\",\"url\":\"https:\/\/de-vv.com\/stalindrive\/informations-utiles\/\",\"name\":\"Informations utiles label de qualit\u00e9 auto-\u00e9cole - Auto-\u00e9cole By Stalindrive \u00e0 Paris\",\"isPartOf\":{\"@id\":\"https:\/\/de-vv.com\/stalindrive\/#website\"},\"primaryImageOfPage\":{\"@id\":\"https:\/\/de-vv.com\/stalindrive\/informations-utiles\/#primaryimage\"},\"image\":{\"@id\":\"https:\/\/de-vv.com\/stalindrive\/informations-utiles\/#primaryimage\"},\"thumbnailUrl\":\"https:\/\/de-vv.com\/stalindrive\/wp-content\/uploads\/2024\/03\/Label-Auto-ecole-de-qualite-Auto-ecole-Stalindrive.png\",\"datePublished\":\"2024-03-03T18:44:38+00:00\",\"dateModified\":\"2024-06-09T08:34:54+00:00\",\"description\":\"L'Auto-\u00e9cole By Stalindrive dispose du label de qualit\u00e9 Auto-\u00e9cole d\u00e9cern\u00e9 par le Minist\u00e8re de l'Int\u00e9rieur. Retrouvez toutes les infos utiles.\",\"breadcrumb\":{\"@id\":\"https:\/\/de-vv.com\/stalindrive\/informations-utiles\/#breadcrumb\"},\"inLanguage\":\"fr-FR\",\"potentialAction\":[{\"@type\":\"ReadAction\",\"target\":[\"https:\/\/de-vv.com\/stalindrive\/informations-utiles\/\"]}]},{\"@type\":\"ImageObject\",\"inLanguage\":\"fr-FR\",\"@id\":\"https:\/\/de-vv.com\/stalindrive\/informations-utiles\/#primaryimage\",\"url\":\"https:\/\/de-vv.com\/stalindrive\/wp-content\/uploads\/2024\/03\/Label-Auto-ecole-de-qualite-Auto-ecole-Stalindrive.png\",\"contentUrl\":\"https:\/\/de-vv.com\/stalindrive\/wp-content\/uploads\/2024\/03\/Label-Auto-ecole-de-qualite-Auto-ecole-Stalindrive.png\",\"width\":768,\"height\":733,\"caption\":\"Label Auto-\u00e9cole de qualit\u00e9 - Auto-ecole By Stalindrive\"},{\"@type\":\"BreadcrumbList\",\"@id\":\"https:\/\/de-vv.com\/stalindrive\/informations-utiles\/#breadcrumb\",\"itemListElement\":[{\"@type\":\"ListItem\",\"position\":1,\"name\":\"Accueil\",\"item\":\"https:\/\/de-vv.com\/stalindrive\/\"},{\"@type\":\"ListItem\",\"position\":2,\"name\":\"Informations utiles\"}]},{\"@type\":\"WebSite\",\"@id\":\"https:\/\/de-vv.com\/stalindrive\/#website\",\"url\":\"https:\/\/de-vv.com\/stalindrive\/\",\"name\":\"Auto-\u00e9cole By Stalindrive\",\"description\":\"Permis auto et moto en acc\u00e9l\u00e9r\u00e9 \u00e0 Paris\",\"potentialAction\":[{\"@type\":\"SearchAction\",\"target\":{\"@type\":\"EntryPoint\",\"urlTemplate\":\"https:\/\/de-vv.com\/stalindrive\/?s={search_term_string}\"},\"query-input\":{\"@type\":\"PropertyValueSpecification\",\"valueRequired\":true,\"valueName\":\"search_term_string\"}}],\"inLanguage\":\"fr-FR\"}]}<\/script>\n<!-- \/ Yoast SEO plugin. -->","yoast_head_json":{"title":"Informations utiles label de qualit\u00e9 auto-\u00e9cole - Auto-\u00e9cole By Stalindrive \u00e0 Paris","description":"L'Auto-\u00e9cole By Stalindrive dispose du label de qualit\u00e9 Auto-\u00e9cole d\u00e9cern\u00e9 par le Minist\u00e8re de l'Int\u00e9rieur. Retrouvez toutes les infos utiles.","robots":{"index":"noindex","follow":"follow","max-snippet":"max-snippet:-1","max-image-preview":"max-image-preview:large","max-video-preview":"max-video-preview:-1"},"og_locale":"fr_FR","og_type":"article","og_title":"Informations utiles label de qualit\u00e9 auto-\u00e9cole - Auto-\u00e9cole By Stalindrive \u00e0 Paris","og_description":"L'Auto-\u00e9cole By Stalindrive dispose du label de qualit\u00e9 Auto-\u00e9cole d\u00e9cern\u00e9 par le Minist\u00e8re de l'Int\u00e9rieur. Retrouvez toutes les infos utiles.","og_url":"https:\/\/de-vv.com\/stalindrive\/informations-utiles\/","og_site_name":"Auto-\u00e9cole By Stalindrive","article_modified_time":"2024-06-09T08:34:54+00:00","og_image":[{"width":768,"height":733,"url":"https:\/\/de-vv.com\/stalindrive\/wp-content\/uploads\/2024\/03\/Label-Auto-ecole-de-qualite-Auto-ecole-Stalindrive.png","type":"image\/png"}],"twitter_card":"summary_large_image","twitter_misc":{"Dur\u00e9e de lecture estim\u00e9e":"3 minutes"},"schema":{"@context":"https:\/\/schema.org","@graph":[{"@type":"WebPage","@id":"https:\/\/de-vv.com\/stalindrive\/informations-utiles\/","url":"https:\/\/de-vv.com\/stalindrive\/informations-utiles\/","name":"Informations utiles label de qualit\u00e9 auto-\u00e9cole - Auto-\u00e9cole By Stalindrive \u00e0 Paris","isPartOf":{"@id":"https:\/\/de-vv.com\/stalindrive\/#website"},"primaryImageOfPage":{"@id":"https:\/\/de-vv.com\/stalindrive\/informations-utiles\/#primaryimage"},"image":{"@id":"https:\/\/de-vv.com\/stalindrive\/informations-utiles\/#primaryimage"},"thumbnailUrl":"https:\/\/de-vv.com\/stalindrive\/wp-content\/uploads\/2024\/03\/Label-Auto-ecole-de-qualite-Auto-ecole-Stalindrive.png","datePublished":"2024-03-03T18:44:38+00:00","dateModified":"2024-06-09T08:34:54+00:00","description":"L'Auto-\u00e9cole By Stalindrive dispose du label de qualit\u00e9 Auto-\u00e9cole d\u00e9cern\u00e9 par le Minist\u00e8re de l'Int\u00e9rieur. Retrouvez toutes les infos utiles.","breadcrumb":{"@id":"https:\/\/de-vv.com\/stalindrive\/informations-utiles\/#breadcrumb"},"inLanguage":"fr-FR","potentialAction":[{"@type":"ReadAction","target":["https:\/\/de-vv.com\/stalindrive\/informations-utiles\/"]}]},{"@type":"ImageObject","inLanguage":"fr-FR","@id":"https:\/\/de-vv.com\/stalindrive\/informations-utiles\/#primaryimage","url":"https:\/\/de-vv.com\/stalindrive\/wp-content\/uploads\/2024\/03\/Label-Auto-ecole-de-qualite-Auto-ecole-Stalindrive.png","contentUrl":"https:\/\/de-vv.com\/stalindrive\/wp-content\/uploads\/2024\/03\/Label-Auto-ecole-de-qualite-Auto-ecole-Stalindrive.png","width":768,"height":733,"caption":"Label Auto-\u00e9cole de qualit\u00e9 - Auto-ecole By Stalindrive"},{"@type":"BreadcrumbList","@id":"https:\/\/de-vv.com\/stalindrive\/informations-utiles\/#breadcrumb","itemListElement":[{"@type":"ListItem","position":1,"name":"Accueil","item":"https:\/\/de-vv.com\/stalindrive\/"},{"@type":"ListItem","position":2,"name":"Informations utiles"}]},{"@type":"WebSite","@id":"https:\/\/de-vv.com\/stalindrive\/#website","url":"https:\/\/de-vv.com\/stalindrive\/","name":"Auto-\u00e9cole By Stalindrive","description":"Permis auto et moto en acc\u00e9l\u00e9r\u00e9 \u00e0 Paris","potentialAction":[{"@type":"SearchAction","target":{"@type":"EntryPoint","urlTemplate":"https:\/\/de-vv.com\/stalindrive\/?s={search_term_string}"},"query-input":{"@type":"PropertyValueSpecification","valueRequired":true,"valueName":"search_term_string"}}],"inLanguage":"fr-FR"}]}},"_links":{"self":[{"href":"https:\/\/de-vv.com\/stalindrive\/wp-json\/wp\/v2\/pages\/17"}],"collection":[{"href":"https:\/\/de-vv.com\/stalindrive\/wp-json\/wp\/v2\/pages"}],"about":[{"href":"https:\/\/de-vv.com\/stalindrive\/wp-json\/wp\/v2\/types\/page"}],"author":[{"embeddable":true,"href":"https:\/\/de-vv.com\/stalindrive\/wp-json\/wp\/v2\/users\/1"}],"replies":[{"embeddable":true,"href":"https:\/\/de-vv.com\/stalindrive\/wp-json\/wp\/v2\/comments?post=17"}],"version-history":[{"count":5,"href":"https:\/\/de-vv.com\/stalindrive\/wp-json\/wp\/v2\/pages\/17\/revisions"}],"predecessor-version":[{"id":370,"href":"https:\/\/de-vv.com\/stalindrive\/wp-json\/wp\/v2\/pages\/17\/revisions\/370"}],"wp:featuredmedia":[{"embeddable":true,"href":"https:\/\/de-vv.com\/stalindrive\/wp-json\/wp\/v2\/media\/76"}],"wp:attachment":[{"href":"https:\/\/de-vv.com\/stalindrive\/wp-json\/wp\/v2\/media?parent=17"}],"curies":[{"name":"wp","href":"https:\/\/api.w.org\/{rel}","templated":true}]}}