{"id":19,"date":"2024-04-01T10:44:13","date_gmt":"2024-04-01T08:44:13","guid":{"rendered":"http:\/\/de-vv.com\/stalindrive\/?page_id=19"},"modified":"2024-06-28T14:22:41","modified_gmt":"2024-06-28T12:22:41","slug":"documents-a-fournir","status":"publish","type":"page","link":"https:\/\/de-vv.com\/stalindrive\/documents-a-fournir\/","title":{"rendered":"Documents \u00e0 fournir"},"content":{"rendered":"[vc_row type=\u00a0\u00bbfull_width_content\u00a0\u00bb full_screen_row_position=\u00a0\u00bbmiddle\u00a0\u00bb equal_height=\u00a0\u00bbyes\u00a0\u00bb column_margin=\u00a0\u00bbnone\u00a0\u00bb bg_color=\u00a0\u00bb#ffffff\u00a0\u00bb scene_position=\u00a0\u00bbcenter\u00a0\u00bb text_color=\u00a0\u00bbdark\u00a0\u00bb text_align=\u00a0\u00bbleft\u00a0\u00bb class=\u00a0\u00bbmargin-form\u00a0\u00bb overlay_strength=\u00a0\u00bb0.3&Prime; shape_divider_position=\u00a0\u00bbbottom\u00a0\u00bb bg_image_animation=\u00a0\u00bbnone\u00a0\u00bb shape_type=\u00a0\u00bb\u00a0\u00bb][vc_column column_padding=\u00a0\u00bbpadding-4-percent\u00a0\u00bb column_padding_position=\u00a0\u00bball\u00a0\u00bb background_color_opacity=\u00a0\u00bb1&Prime; background_hover_color_opacity=\u00a0\u00bb1&Prime; font_color=\u00a0\u00bb#040404&Prime; column_link_target=\u00a0\u00bb_self\u00a0\u00bb column_shadow=\u00a0\u00bbnone\u00a0\u00bb column_border_radius=\u00a0\u00bbnone\u00a0\u00bb width=\u00a0\u00bb2\/3&Prime; tablet_width_inherit=\u00a0\u00bbdefault\u00a0\u00bb tablet_text_alignment=\u00a0\u00bbdefault\u00a0\u00bb phone_text_alignment=\u00a0\u00bbdefault\u00a0\u00bb overlay_strength=\u00a0\u00bb0.3&Prime; column_border_width=\u00a0\u00bbnone\u00a0\u00bb column_border_style=\u00a0\u00bbsolid\u00a0\u00bb bg_image_animation=\u00a0\u00bbnone\u00a0\u00bb][vc_column_text css=\u00a0\u00bb.vc_custom_1717921883230{padding-bottom: 20px !important;}\u00a0\u00bb]\n<h1 class=\"gradient-text\">Documents \u00e0 fournir<\/h1>\n<p>Retrouvez l&rsquo;ensemble des documents \u00e0 fournir lors de votre inscription. Ces documents sont n\u00e9cessaires pour l&rsquo;enregistrement de votre dossier aupr\u00e8s de l&rsquo;ANTS.[\/vc_column_text]<div class=\"nectar-fancy-ul\" data-list-icon=\"icon-salient-thin-line\" data-animation=\"false\" data-animation-delay=\"0\" data-color=\"accent-color\" data-spacing=\"default\" data-alignment=\"left\"> \n<ul>\n<li>4 ephotos d&rsquo;identit\u00e9 de face sur fond blanc format ANTS &#8211; <a class=\"orange\" href=\"https:\/\/permisdeconduire.ants.gouv.fr\/Services-associes\/Ou-faire-ma-photo-et-ma-signature-numerisee\" target=\"_blank\" rel=\"noopener noreferrer\">Trouvez pr\u00e8s de chez vous<\/a><\/li>\n<li>1 photocopie recto-verso de la carte d&rsquo;identit\u00e9\/passeport\/carte de r\u00e9sident<\/li>\n<li>1 justificatif de domicile de moins de 3 mois<\/li>\n<li>1 photocopie de la feuille de recensement et copie du livret de famille pour les 16-18 ans<\/li>\n<li>1 photocopie de la Journ\u00e9e D\u00e9fense et Citoyennet\u00e9 pour les 18-25 ans<\/li>\n<\/ul>\n <\/div>[vc_column_text css=\u00a0\u00bb.vc_custom_1719577249770{padding-bottom: 20px !important;}\u00a0\u00bb]\n<h4>Pour les transferts de dossier<\/h4>\n[\/vc_column_text]<div class=\"nectar-fancy-ul\" data-list-icon=\"icon-salient-thin-line\" data-animation=\"false\" data-animation-delay=\"0\" data-color=\"accent-color\" data-spacing=\"default\" data-alignment=\"left\"> \n<ul>\n<li>Votre num\u00e9ro NEPH<\/li>\n<li>R\u00e9sultat de l&rsquo;examen du code de la route (si vous l&rsquo;avez pass\u00e9)<\/li>\n<li>Vos identifiants livret num\u00e9rique (afin d&rsquo;attester du nombre d&rsquo;heures effectu\u00e9es dans votre pr\u00e9c\u00e9dente auto-\u00e9cole).<\/li>\n<\/ul>\n <\/div>[vc_row_inner column_margin=\u00a0\u00bbdefault\u00a0\u00bb text_align=\u00a0\u00bbleft\u00a0\u00bb][vc_column_inner column_padding=\u00a0\u00bbpadding-2-percent\u00a0\u00bb column_padding_position=\u00a0\u00bball\u00a0\u00bb centered_text=\u00a0\u00bbtrue\u00a0\u00bb background_color=\u00a0\u00bb#efceaa\u00a0\u00bb background_color_opacity=\u00a0\u00bb1&Prime; background_hover_color_opacity=\u00a0\u00bb1&Prime; column_shadow=\u00a0\u00bbmedium_depth\u00a0\u00bb column_border_radius=\u00a0\u00bb20px\u00a0\u00bb column_link_target=\u00a0\u00bb_self\u00a0\u00bb width=\u00a0\u00bb1\/1&Prime; tablet_width_inherit=\u00a0\u00bbdefault\u00a0\u00bb overlay_strength=\u00a0\u00bb0.3&Prime; column_border_width=\u00a0\u00bbnone\u00a0\u00bb column_border_style=\u00a0\u00bbsolid\u00a0\u00bb bg_image_animation=\u00a0\u00bbnone\u00a0\u00bb enable_animation=\u00a0\u00bbtrue\u00a0\u00bb animation=\u00a0\u00bbfade-in-from-bottom\u00a0\u00bb delay=\u00a0\u00bb300&Prime;][vc_column_text css=\u00a0\u00bb.vc_custom_1717921904616{padding-bottom: 20px !important;}\u00a0\u00bb]\n<h4>Une question ? Contactez nous<\/h4>\n<p>Retrouvez les coordonn\u00e9es de l&rsquo;agence la plus proche de chez vous et envoyez nous un message.[\/vc_column_text][nectar_btn size=\u00a0\u00bbmedium\u00a0\u00bb button_style=\u00a0\u00bbregular\u00a0\u00bb button_color_2=\u00a0\u00bbAccent-Color\u00a0\u00bb icon_family=\u00a0\u00bbdefault_arrow\u00a0\u00bb url=\u00a0\u00bbhttps:\/\/de-vv.com\/stalindrive\/contact\/\u00a0\u00bb text=\u00a0\u00bbContactez nous\u00a0\u00bb][\/vc_column_inner][\/vc_row_inner][\/vc_column][vc_column column_padding=\u00a0\u00bbpadding-4-percent\u00a0\u00bb column_padding_position=\u00a0\u00bball\u00a0\u00bb background_color_opacity=\u00a0\u00bb1&Prime; background_hover_color_opacity=\u00a0\u00bb1&Prime; background_image=\u00a0\u00bb340&Prime; enable_bg_scale=\u00a0\u00bbtrue\u00a0\u00bb column_link_target=\u00a0\u00bb_self\u00a0\u00bb column_shadow=\u00a0\u00bbnone\u00a0\u00bb column_border_radius=\u00a0\u00bbnone\u00a0\u00bb width=\u00a0\u00bb1\/3&Prime; tablet_width_inherit=\u00a0\u00bbdefault\u00a0\u00bb tablet_text_alignment=\u00a0\u00bbdefault\u00a0\u00bb phone_text_alignment=\u00a0\u00bbdefault\u00a0\u00bb enable_gradient=\u00a0\u00bbtrue\u00a0\u00bb color_overlay=\u00a0\u00bb#000000&Prime; gradient_direction=\u00a0\u00bbtop_to_bottom\u00a0\u00bb overlay_strength=\u00a0\u00bb0.8&Prime; column_border_width=\u00a0\u00bbnone\u00a0\u00bb column_border_style=\u00a0\u00bbsolid\u00a0\u00bb bg_image_animation=\u00a0\u00bbnone\u00a0\u00bb][vc_row_inner column_margin=\u00a0\u00bbdefault\u00a0\u00bb text_align=\u00a0\u00bbleft\u00a0\u00bb][vc_column_inner column_padding=\u00a0\u00bbno-extra-padding\u00a0\u00bb column_padding_position=\u00a0\u00bball\u00a0\u00bb background_color_opacity=\u00a0\u00bb1&Prime; background_hover_color_opacity=\u00a0\u00bb1&Prime; font_color=\u00a0\u00bb#ffffff\u00a0\u00bb column_shadow=\u00a0\u00bbnone\u00a0\u00bb column_border_radius=\u00a0\u00bbnone\u00a0\u00bb column_link_target=\u00a0\u00bb_self\u00a0\u00bb width=\u00a0\u00bb1\/1&Prime; tablet_width_inherit=\u00a0\u00bbdefault\u00a0\u00bb overlay_strength=\u00a0\u00bb0.3&Prime; column_border_width=\u00a0\u00bbnone\u00a0\u00bb column_border_style=\u00a0\u00bbsolid\u00a0\u00bb bg_image_animation=\u00a0\u00bbnone\u00a0\u00bb][vc_column_text]\n<h4 class=\"uni-sans\"><i class=\"fa fa-location-dot gradient-text\"><\/i> Nos agences<\/h4>\n<p>By Stalindrive ce sont 3 agences dans le nord de Paris[\/vc_column_text][vc_wp_custommenu nav_menu=\u00a0\u00bb3&Prime;][\/vc_column_inner][\/vc_row_inner][\/vc_column][\/vc_row]\n","protected":false},"excerpt":{"rendered":"<p>[vc_row type=\u00a0\u00bbfull_width_content\u00a0\u00bb full_screen_row_position=\u00a0\u00bbmiddle\u00a0\u00bb equal_height=\u00a0\u00bbyes\u00a0\u00bb column_margin=\u00a0\u00bbnone\u00a0\u00bb bg_color=\u00a0\u00bb#ffffff\u00a0\u00bb scene_position=\u00a0\u00bbcenter\u00a0\u00bb text_color=\u00a0\u00bbdark\u00a0\u00bb text_align=\u00a0\u00bbleft\u00a0\u00bb class=\u00a0\u00bbmargin-form\u00a0\u00bb overlay_strength=\u00a0\u00bb0.3&Prime; shape_divider_position=\u00a0\u00bbbottom\u00a0\u00bb bg_image_animation=\u00a0\u00bbnone\u00a0\u00bb shape_type=\u00a0\u00bb\u00a0\u00bb][vc_column column_padding=\u00a0\u00bbpadding-4-percent\u00a0\u00bb column_padding_position=\u00a0\u00bball\u00a0\u00bb background_color_opacity=\u00a0\u00bb1&Prime; background_hover_color_opacity=\u00a0\u00bb1&Prime; font_color=\u00a0\u00bb#040404&Prime; column_link_target=\u00a0\u00bb_self\u00a0\u00bb column_shadow=\u00a0\u00bbnone\u00a0\u00bb column_border_radius=\u00a0\u00bbnone\u00a0\u00bb width=\u00a0\u00bb2\/3&Prime; tablet_width_inherit=\u00a0\u00bbdefault\u00a0\u00bb tablet_text_alignment=\u00a0\u00bbdefault\u00a0\u00bb phone_text_alignment=\u00a0\u00bbdefault\u00a0\u00bb overlay_strength=\u00a0\u00bb0.3&Prime; column_border_width=\u00a0\u00bbnone\u00a0\u00bb column_border_style=\u00a0\u00bbsolid\u00a0\u00bb bg_image_animation=\u00a0\u00bbnone\u00a0\u00bb][vc_column_text&#8230;<\/p>\n","protected":false},"author":1,"featured_media":91,"parent":0,"menu_order":0,"comment_status":"closed","ping_status":"closed","template":"","meta":{"_joinchat":[],"footnotes":""},"yoast_head":"<!-- This site is optimized with the Yoast SEO plugin v24.5 - https:\/\/yoast.com\/wordpress\/plugins\/seo\/ -->\n<title>Documents \u00e0 fournir pour l&#039;inscription au permis de conduire - Auto-\u00e9cole By Stalindrive<\/title>\n<meta name=\"description\" content=\"Retrouvez la liste des documents \u00e0 fournir pour votre inscription au permis de conduire dans l&#039;Auto-\u00e9cole By Stalindrive. Dossier ANTS.\" \/>\n<meta name=\"robots\" content=\"noindex, follow, max-snippet:-1, max-image-preview:large, max-video-preview:-1\" \/>\n<meta property=\"og:locale\" content=\"fr_FR\" \/>\n<meta property=\"og:type\" content=\"article\" \/>\n<meta property=\"og:title\" content=\"Documents \u00e0 fournir pour l&#039;inscription au permis de conduire - Auto-\u00e9cole By Stalindrive\" \/>\n<meta property=\"og:description\" content=\"Retrouvez la liste des documents \u00e0 fournir pour votre inscription au permis de conduire dans l&#039;Auto-\u00e9cole By Stalindrive. Dossier ANTS.\" \/>\n<meta property=\"og:url\" content=\"https:\/\/de-vv.com\/stalindrive\/documents-a-fournir\/\" \/>\n<meta property=\"og:site_name\" content=\"Auto-\u00e9cole By Stalindrive\" \/>\n<meta property=\"article:modified_time\" content=\"2024-06-28T12:22:41+00:00\" \/>\n<meta property=\"og:image\" content=\"https:\/\/de-vv.com\/stalindrive\/wp-content\/uploads\/2024\/03\/auto-ecole-by-Stalindrive.png\" \/>\n\t<meta property=\"og:image:width\" content=\"1414\" \/>\n\t<meta property=\"og:image:height\" content=\"1920\" \/>\n\t<meta property=\"og:image:type\" content=\"image\/png\" \/>\n<meta name=\"twitter:card\" content=\"summary_large_image\" \/>\n<meta name=\"twitter:label1\" content=\"Dur\u00e9e de lecture estim\u00e9e\" \/>\n\t<meta name=\"twitter:data1\" content=\"2 minutes\" \/>\n<script type=\"application\/ld+json\" class=\"yoast-schema-graph\">{\"@context\":\"https:\/\/schema.org\",\"@graph\":[{\"@type\":\"WebPage\",\"@id\":\"https:\/\/de-vv.com\/stalindrive\/documents-a-fournir\/\",\"url\":\"https:\/\/de-vv.com\/stalindrive\/documents-a-fournir\/\",\"name\":\"Documents \u00e0 fournir pour l'inscription au permis de conduire - Auto-\u00e9cole By Stalindrive\",\"isPartOf\":{\"@id\":\"https:\/\/de-vv.com\/stalindrive\/#website\"},\"primaryImageOfPage\":{\"@id\":\"https:\/\/de-vv.com\/stalindrive\/documents-a-fournir\/#primaryimage\"},\"image\":{\"@id\":\"https:\/\/de-vv.com\/stalindrive\/documents-a-fournir\/#primaryimage\"},\"thumbnailUrl\":\"https:\/\/de-vv.com\/stalindrive\/wp-content\/uploads\/2024\/03\/auto-ecole-by-Stalindrive.png\",\"datePublished\":\"2024-04-01T08:44:13+00:00\",\"dateModified\":\"2024-06-28T12:22:41+00:00\",\"description\":\"Retrouvez la liste des documents \u00e0 fournir pour votre inscription au permis de conduire dans l'Auto-\u00e9cole By Stalindrive. Dossier ANTS.\",\"breadcrumb\":{\"@id\":\"https:\/\/de-vv.com\/stalindrive\/documents-a-fournir\/#breadcrumb\"},\"inLanguage\":\"fr-FR\",\"potentialAction\":[{\"@type\":\"ReadAction\",\"target\":[\"https:\/\/de-vv.com\/stalindrive\/documents-a-fournir\/\"]}]},{\"@type\":\"ImageObject\",\"inLanguage\":\"fr-FR\",\"@id\":\"https:\/\/de-vv.com\/stalindrive\/documents-a-fournir\/#primaryimage\",\"url\":\"https:\/\/de-vv.com\/stalindrive\/wp-content\/uploads\/2024\/03\/auto-ecole-by-Stalindrive.png\",\"contentUrl\":\"https:\/\/de-vv.com\/stalindrive\/wp-content\/uploads\/2024\/03\/auto-ecole-by-Stalindrive.png\",\"width\":1414,\"height\":1920},{\"@type\":\"BreadcrumbList\",\"@id\":\"https:\/\/de-vv.com\/stalindrive\/documents-a-fournir\/#breadcrumb\",\"itemListElement\":[{\"@type\":\"ListItem\",\"position\":1,\"name\":\"Accueil\",\"item\":\"https:\/\/de-vv.com\/stalindrive\/\"},{\"@type\":\"ListItem\",\"position\":2,\"name\":\"Documents \u00e0 fournir\"}]},{\"@type\":\"WebSite\",\"@id\":\"https:\/\/de-vv.com\/stalindrive\/#website\",\"url\":\"https:\/\/de-vv.com\/stalindrive\/\",\"name\":\"Auto-\u00e9cole By Stalindrive\",\"description\":\"Permis auto et moto en acc\u00e9l\u00e9r\u00e9 \u00e0 Paris\",\"potentialAction\":[{\"@type\":\"SearchAction\",\"target\":{\"@type\":\"EntryPoint\",\"urlTemplate\":\"https:\/\/de-vv.com\/stalindrive\/?s={search_term_string}\"},\"query-input\":{\"@type\":\"PropertyValueSpecification\",\"valueRequired\":true,\"valueName\":\"search_term_string\"}}],\"inLanguage\":\"fr-FR\"}]}<\/script>\n<!-- \/ Yoast SEO plugin. -->","yoast_head_json":{"title":"Documents \u00e0 fournir pour l'inscription au permis de conduire - Auto-\u00e9cole By Stalindrive","description":"Retrouvez la liste des documents \u00e0 fournir pour votre inscription au permis de conduire dans l'Auto-\u00e9cole By Stalindrive. Dossier ANTS.","robots":{"index":"noindex","follow":"follow","max-snippet":"max-snippet:-1","max-image-preview":"max-image-preview:large","max-video-preview":"max-video-preview:-1"},"og_locale":"fr_FR","og_type":"article","og_title":"Documents \u00e0 fournir pour l'inscription au permis de conduire - Auto-\u00e9cole By Stalindrive","og_description":"Retrouvez la liste des documents \u00e0 fournir pour votre inscription au permis de conduire dans l'Auto-\u00e9cole By Stalindrive. Dossier ANTS.","og_url":"https:\/\/de-vv.com\/stalindrive\/documents-a-fournir\/","og_site_name":"Auto-\u00e9cole By Stalindrive","article_modified_time":"2024-06-28T12:22:41+00:00","og_image":[{"width":1414,"height":1920,"url":"https:\/\/de-vv.com\/stalindrive\/wp-content\/uploads\/2024\/03\/auto-ecole-by-Stalindrive.png","type":"image\/png"}],"twitter_card":"summary_large_image","twitter_misc":{"Dur\u00e9e de lecture estim\u00e9e":"2 minutes"},"schema":{"@context":"https:\/\/schema.org","@graph":[{"@type":"WebPage","@id":"https:\/\/de-vv.com\/stalindrive\/documents-a-fournir\/","url":"https:\/\/de-vv.com\/stalindrive\/documents-a-fournir\/","name":"Documents \u00e0 fournir pour l'inscription au permis de conduire - Auto-\u00e9cole By Stalindrive","isPartOf":{"@id":"https:\/\/de-vv.com\/stalindrive\/#website"},"primaryImageOfPage":{"@id":"https:\/\/de-vv.com\/stalindrive\/documents-a-fournir\/#primaryimage"},"image":{"@id":"https:\/\/de-vv.com\/stalindrive\/documents-a-fournir\/#primaryimage"},"thumbnailUrl":"https:\/\/de-vv.com\/stalindrive\/wp-content\/uploads\/2024\/03\/auto-ecole-by-Stalindrive.png","datePublished":"2024-04-01T08:44:13+00:00","dateModified":"2024-06-28T12:22:41+00:00","description":"Retrouvez la liste des documents \u00e0 fournir pour votre inscription au permis de conduire dans l'Auto-\u00e9cole By Stalindrive. Dossier ANTS.","breadcrumb":{"@id":"https:\/\/de-vv.com\/stalindrive\/documents-a-fournir\/#breadcrumb"},"inLanguage":"fr-FR","potentialAction":[{"@type":"ReadAction","target":["https:\/\/de-vv.com\/stalindrive\/documents-a-fournir\/"]}]},{"@type":"ImageObject","inLanguage":"fr-FR","@id":"https:\/\/de-vv.com\/stalindrive\/documents-a-fournir\/#primaryimage","url":"https:\/\/de-vv.com\/stalindrive\/wp-content\/uploads\/2024\/03\/auto-ecole-by-Stalindrive.png","contentUrl":"https:\/\/de-vv.com\/stalindrive\/wp-content\/uploads\/2024\/03\/auto-ecole-by-Stalindrive.png","width":1414,"height":1920},{"@type":"BreadcrumbList","@id":"https:\/\/de-vv.com\/stalindrive\/documents-a-fournir\/#breadcrumb","itemListElement":[{"@type":"ListItem","position":1,"name":"Accueil","item":"https:\/\/de-vv.com\/stalindrive\/"},{"@type":"ListItem","position":2,"name":"Documents \u00e0 fournir"}]},{"@type":"WebSite","@id":"https:\/\/de-vv.com\/stalindrive\/#website","url":"https:\/\/de-vv.com\/stalindrive\/","name":"Auto-\u00e9cole By Stalindrive","description":"Permis auto et moto en acc\u00e9l\u00e9r\u00e9 \u00e0 Paris","potentialAction":[{"@type":"SearchAction","target":{"@type":"EntryPoint","urlTemplate":"https:\/\/de-vv.com\/stalindrive\/?s={search_term_string}"},"query-input":{"@type":"PropertyValueSpecification","valueRequired":true,"valueName":"search_term_string"}}],"inLanguage":"fr-FR"}]}},"_links":{"self":[{"href":"https:\/\/de-vv.com\/stalindrive\/wp-json\/wp\/v2\/pages\/19"}],"collection":[{"href":"https:\/\/de-vv.com\/stalindrive\/wp-json\/wp\/v2\/pages"}],"about":[{"href":"https:\/\/de-vv.com\/stalindrive\/wp-json\/wp\/v2\/types\/page"}],"author":[{"embeddable":true,"href":"https:\/\/de-vv.com\/stalindrive\/wp-json\/wp\/v2\/users\/1"}],"replies":[{"embeddable":true,"href":"https:\/\/de-vv.com\/stalindrive\/wp-json\/wp\/v2\/comments?post=19"}],"version-history":[{"count":7,"href":"https:\/\/de-vv.com\/stalindrive\/wp-json\/wp\/v2\/pages\/19\/revisions"}],"predecessor-version":[{"id":443,"href":"https:\/\/de-vv.com\/stalindrive\/wp-json\/wp\/v2\/pages\/19\/revisions\/443"}],"wp:featuredmedia":[{"embeddable":true,"href":"https:\/\/de-vv.com\/stalindrive\/wp-json\/wp\/v2\/media\/91"}],"wp:attachment":[{"href":"https:\/\/de-vv.com\/stalindrive\/wp-json\/wp\/v2\/media?parent=19"}],"curies":[{"name":"wp","href":"https:\/\/api.w.org\/{rel}","templated":true}]}}