{"id":260,"date":"2024-04-02T08:09:50","date_gmt":"2024-04-02T06:09:50","guid":{"rendered":"https:\/\/de-vv.com\/stalindrive\/?page_id=260"},"modified":"2024-06-29T08:52:43","modified_gmt":"2024-06-29T06:52:43","slug":"tarifs-a-lunite","status":"publish","type":"page","link":"https:\/\/de-vv.com\/stalindrive\/tarifs-a-lunite\/","title":{"rendered":"Tarifs \u00e0 l&rsquo;unit\u00e9"},"content":{"rendered":"[vc_row type=\u00a0\u00bbfull_width_content\u00a0\u00bb full_screen_row_position=\u00a0\u00bbmiddle\u00a0\u00bb equal_height=\u00a0\u00bbyes\u00a0\u00bb column_margin=\u00a0\u00bbnone\u00a0\u00bb bg_color=\u00a0\u00bb#ffffff\u00a0\u00bb scene_position=\u00a0\u00bbcenter\u00a0\u00bb text_color=\u00a0\u00bbdark\u00a0\u00bb text_align=\u00a0\u00bbleft\u00a0\u00bb class=\u00a0\u00bbmargin-form\u00a0\u00bb overlay_strength=\u00a0\u00bb0.3&Prime; shape_divider_position=\u00a0\u00bbbottom\u00a0\u00bb bg_image_animation=\u00a0\u00bbnone\u00a0\u00bb shape_type=\u00a0\u00bb\u00a0\u00bb][vc_column column_padding=\u00a0\u00bbpadding-4-percent\u00a0\u00bb column_padding_position=\u00a0\u00bball\u00a0\u00bb background_color_opacity=\u00a0\u00bb1&Prime; background_hover_color_opacity=\u00a0\u00bb1&Prime; font_color=\u00a0\u00bb#040404&Prime; column_link_target=\u00a0\u00bb_self\u00a0\u00bb column_shadow=\u00a0\u00bbnone\u00a0\u00bb column_border_radius=\u00a0\u00bbnone\u00a0\u00bb width=\u00a0\u00bb2\/3&Prime; tablet_width_inherit=\u00a0\u00bbdefault\u00a0\u00bb tablet_text_alignment=\u00a0\u00bbdefault\u00a0\u00bb phone_text_alignment=\u00a0\u00bbdefault\u00a0\u00bb overlay_strength=\u00a0\u00bb0.3&Prime; column_border_width=\u00a0\u00bbnone\u00a0\u00bb column_border_style=\u00a0\u00bbsolid\u00a0\u00bb bg_image_animation=\u00a0\u00bbnone\u00a0\u00bb][vc_column_text css=\u00a0\u00bb.vc_custom_1717937981140{padding-bottom: 20px !important;}\u00a0\u00bb]\n<h1 class=\"gradient-text\">Tarifs \u00e0 l&rsquo;unit\u00e9<\/h1>\n<p>Retrouvez nos tarifs \u00e0 l&rsquo;unit\u00e9 pour vos formations au permis auto ou au permis moto au sein de l&rsquo;Auto-\u00e9cole By Stalindrive. Ces tarifs sont exprim\u00e9s en euros (\u20ac), toutes charges comprises (TTC). Ils sont valables jusqu&rsquo;au 31 d\u00e9cembre 2024.[\/vc_column_text][vc_column_text]\n<h4 class=\"uni-sans\">Code de la route<\/h4>\n[\/vc_column_text][nectar_food_menu_item style=\u00a0\u00bbline_between\u00a0\u00bb item_name_heading_tag=\u00a0\u00bbh5&Prime; item_name=\u00a0\u00bbLivre de code\u00a0\u00bb item_price=\u00a0\u00bb20\u20ac\u00a0\u00bb][nectar_food_menu_item style=\u00a0\u00bbline_between\u00a0\u00bb item_name_heading_tag=\u00a0\u00bbh5&Prime; item_name=\u00a0\u00bbCode d&rsquo;acc\u00e8s internet\u00a0\u00bb item_price=\u00a0\u00bb49\u20ac\u00a0\u00bb][nectar_food_menu_item style=\u00a0\u00bbline_between\u00a0\u00bb item_name_heading_tag=\u00a0\u00bbh5&Prime; item_name=\u00a0\u00bbPr\u00e9sentation \u00e0 l&rsquo;examen\u00a0\u00bb item_price=\u00a0\u00bb30\u20ac\u00a0\u00bb item_description=\u00a0\u00bbMontant \u00e0 payer directement \u00e0 l&rsquo;op\u00e9rateur (La Poste, SGS, Code&rsquo;n Go!).\u00a0\u00bb][nectar_food_menu_item style=\u00a0\u00bbline_between\u00a0\u00bb item_name_heading_tag=\u00a0\u00bbh5&Prime; item_name=\u00a0\u00bbStage code 3 jours (BIENT\u00d4T DISPO)\u00a0\u00bb item_price=\u00a0\u00bb350\u20ac\u00a0\u00bb item_description=\u00a0\u00bbPour les \u00e9l\u00e8ves ayant souscrit une formule sans code\u00a0\u00bb][vc_column_text]\n<h4 class=\"uni-sans\">Permis bo\u00eete manuelle<\/h4>\n[\/vc_column_text][nectar_food_menu_item style=\u00a0\u00bbline_between\u00a0\u00bb item_name_heading_tag=\u00a0\u00bbh5&Prime; item_name=\u00a0\u00bbLe\u00e7on de conduite suppl\u00e9mentaire\u00a0\u00bb item_price=\u00a0\u00bb58\u20ac\u00a0\u00bb][nectar_food_menu_item style=\u00a0\u00bbline_between\u00a0\u00bb item_name_heading_tag=\u00a0\u00bbh5&Prime; item_name=\u00a0\u00bbForfait 10 le\u00e7ons suppl\u00e9mentaires\u00a0\u00bb item_price=\u00a0\u00bb530\u20ac\u00a0\u00bb][vc_column_text]\n<h4 class=\"uni-sans\">Permis Bo\u00eete auto<\/h4>\n[\/vc_column_text][nectar_food_menu_item style=\u00a0\u00bbline_between\u00a0\u00bb item_name_heading_tag=\u00a0\u00bbh5&Prime; item_name=\u00a0\u00bbLe\u00e7on de conduite suppl\u00e9mentaire\u00a0\u00bb item_price=\u00a0\u00bb65\u20ac\u00a0\u00bb][nectar_food_menu_item style=\u00a0\u00bbline_between\u00a0\u00bb item_name_heading_tag=\u00a0\u00bbh5&Prime; item_name=\u00a0\u00bbForfait 10 le\u00e7ons suppl\u00e9mentaires\u00a0\u00bb item_price=\u00a0\u00bb600\u20ac\u00a0\u00bb][vc_column_text]\n<h4 id=\"moto\" class=\"uni-sans\">Stage acc\u00e9l\u00e9r\u00e9<\/h4>\n[\/vc_column_text][nectar_food_menu_item style=\u00a0\u00bbline_between\u00a0\u00bb item_name_heading_tag=\u00a0\u00bbh5&Prime; item_name=\u00a0\u00bbLe\u00e7on de conduite suppl\u00e9mentaire\u00a0\u00bb item_price=\u00a0\u00bb75\u20ac\u00a0\u00bb][nectar_food_menu_item style=\u00a0\u00bbline_between\u00a0\u00bb item_name_heading_tag=\u00a0\u00bbh5&Prime; item_name=\u00a0\u00bbForfait 10 le\u00e7ons suppl\u00e9mentaires\u00a0\u00bb item_price=\u00a0\u00bb700\u20ac\u00a0\u00bb][vc_column_text]\n<h4 class=\"uni-sans\">Permis moto<\/h4>\n[\/vc_column_text][nectar_food_menu_item style=\u00a0\u00bbline_between\u00a0\u00bb item_name_heading_tag=\u00a0\u00bbh5&Prime; item_name=\u00a0\u00bbSuppl\u00e9ment code (illimit\u00e9 4 mois)\u00a0\u00bb item_price=\u00a0\u00bb100\u20ac\u00a0\u00bb][nectar_food_menu_item style=\u00a0\u00bbline_between\u00a0\u00bb item_name_heading_tag=\u00a0\u00bbh5&Prime; item_name=\u00a0\u00bbExamen blanc suppl\u00e9mentaire\u00a0\u00bb item_price=\u00a0\u00bb55\u20ac\u00a0\u00bb][nectar_food_menu_item style=\u00a0\u00bbline_between\u00a0\u00bb item_name_heading_tag=\u00a0\u00bbh5&Prime; item_name=\u00a0\u00bbLe\u00e7on de conduite moto suppl\u00e9mentaire\u00a0\u00bb item_price=\u00a0\u00bb55\u20ac\u00a0\u00bb][nectar_food_menu_item style=\u00a0\u00bbline_between\u00a0\u00bb item_name_heading_tag=\u00a0\u00bbh5&Prime; item_name=\u00a0\u00bbForfait 10 le\u00e7ons moto suppl\u00e9mentaires\u00a0\u00bb item_price=\u00a0\u00bb500\u20ac\u00a0\u00bb][vc_row_inner column_margin=\u00a0\u00bbdefault\u00a0\u00bb text_align=\u00a0\u00bbleft\u00a0\u00bb][vc_column_inner column_padding=\u00a0\u00bbpadding-2-percent\u00a0\u00bb column_padding_position=\u00a0\u00bball\u00a0\u00bb centered_text=\u00a0\u00bbtrue\u00a0\u00bb background_color=\u00a0\u00bb#efceaa\u00a0\u00bb background_color_opacity=\u00a0\u00bb1&Prime; background_hover_color_opacity=\u00a0\u00bb1&Prime; column_shadow=\u00a0\u00bbmedium_depth\u00a0\u00bb column_border_radius=\u00a0\u00bb20px\u00a0\u00bb column_link_target=\u00a0\u00bb_self\u00a0\u00bb width=\u00a0\u00bb1\/1&Prime; tablet_width_inherit=\u00a0\u00bbdefault\u00a0\u00bb overlay_strength=\u00a0\u00bb0.3&Prime; column_border_width=\u00a0\u00bbnone\u00a0\u00bb column_border_style=\u00a0\u00bbsolid\u00a0\u00bb bg_image_animation=\u00a0\u00bbnone\u00a0\u00bb][vc_column_text css=\u00a0\u00bb.vc_custom_1719643959120{padding-bottom: 20px !important;}\u00a0\u00bb]\n<h4 class=\"uni-sans\">Une question ? Contactez nous<\/h4>\n<p>Retrouvez les coordonn\u00e9es de l&rsquo;agence la plus proche de chez vous et envoyez nous un message.[\/vc_column_text][nectar_btn size=\u00a0\u00bbmedium\u00a0\u00bb button_style=\u00a0\u00bbregular\u00a0\u00bb button_color_2=\u00a0\u00bbAccent-Color\u00a0\u00bb icon_family=\u00a0\u00bbdefault_arrow\u00a0\u00bb url=\u00a0\u00bbhttps:\/\/de-vv.com\/stalindrive\/contact\/\u00a0\u00bb text=\u00a0\u00bbContactez nous\u00a0\u00bb][\/vc_column_inner][\/vc_row_inner][\/vc_column][vc_column column_padding=\u00a0\u00bbpadding-4-percent\u00a0\u00bb column_padding_position=\u00a0\u00bball\u00a0\u00bb background_color_opacity=\u00a0\u00bb1&Prime; background_hover_color_opacity=\u00a0\u00bb1&Prime; background_image=\u00a0\u00bb340&Prime; enable_bg_scale=\u00a0\u00bbtrue\u00a0\u00bb column_link_target=\u00a0\u00bb_self\u00a0\u00bb column_shadow=\u00a0\u00bbnone\u00a0\u00bb column_border_radius=\u00a0\u00bbnone\u00a0\u00bb width=\u00a0\u00bb1\/3&Prime; tablet_width_inherit=\u00a0\u00bbdefault\u00a0\u00bb tablet_text_alignment=\u00a0\u00bbdefault\u00a0\u00bb phone_text_alignment=\u00a0\u00bbdefault\u00a0\u00bb enable_gradient=\u00a0\u00bbtrue\u00a0\u00bb color_overlay=\u00a0\u00bb#000000&Prime; gradient_direction=\u00a0\u00bbtop_to_bottom\u00a0\u00bb overlay_strength=\u00a0\u00bb0.8&Prime; column_border_width=\u00a0\u00bbnone\u00a0\u00bb column_border_style=\u00a0\u00bbsolid\u00a0\u00bb bg_image_animation=\u00a0\u00bbnone\u00a0\u00bb][vc_row_inner column_margin=\u00a0\u00bbdefault\u00a0\u00bb text_align=\u00a0\u00bbleft\u00a0\u00bb][vc_column_inner column_padding=\u00a0\u00bbno-extra-padding\u00a0\u00bb column_padding_position=\u00a0\u00bball\u00a0\u00bb background_color_opacity=\u00a0\u00bb1&Prime; background_hover_color_opacity=\u00a0\u00bb1&Prime; font_color=\u00a0\u00bb#ffffff\u00a0\u00bb column_shadow=\u00a0\u00bbnone\u00a0\u00bb column_border_radius=\u00a0\u00bbnone\u00a0\u00bb column_link_target=\u00a0\u00bb_self\u00a0\u00bb width=\u00a0\u00bb1\/1&Prime; tablet_width_inherit=\u00a0\u00bbdefault\u00a0\u00bb overlay_strength=\u00a0\u00bb0.3&Prime; column_border_width=\u00a0\u00bbnone\u00a0\u00bb column_border_style=\u00a0\u00bbsolid\u00a0\u00bb bg_image_animation=\u00a0\u00bbnone\u00a0\u00bb][vc_column_text]\n<h4 class=\"uni-sans\"><i class=\"fa fa-location-dot gradient-text\"><\/i> Nos agences<\/h4>\n<p>By Stalindrive ce sont 3 agences dans le nord de Paris[\/vc_column_text][vc_wp_custommenu nav_menu=\u00a0\u00bb3&Prime;][\/vc_column_inner][\/vc_row_inner][\/vc_column][\/vc_row]\n","protected":false},"excerpt":{"rendered":"<p>[vc_row type=\u00a0\u00bbfull_width_content\u00a0\u00bb full_screen_row_position=\u00a0\u00bbmiddle\u00a0\u00bb equal_height=\u00a0\u00bbyes\u00a0\u00bb column_margin=\u00a0\u00bbnone\u00a0\u00bb bg_color=\u00a0\u00bb#ffffff\u00a0\u00bb scene_position=\u00a0\u00bbcenter\u00a0\u00bb text_color=\u00a0\u00bbdark\u00a0\u00bb text_align=\u00a0\u00bbleft\u00a0\u00bb class=\u00a0\u00bbmargin-form\u00a0\u00bb overlay_strength=\u00a0\u00bb0.3&Prime; shape_divider_position=\u00a0\u00bbbottom\u00a0\u00bb bg_image_animation=\u00a0\u00bbnone\u00a0\u00bb shape_type=\u00a0\u00bb\u00a0\u00bb][vc_column column_padding=\u00a0\u00bbpadding-4-percent\u00a0\u00bb column_padding_position=\u00a0\u00bball\u00a0\u00bb background_color_opacity=\u00a0\u00bb1&Prime; background_hover_color_opacity=\u00a0\u00bb1&Prime; font_color=\u00a0\u00bb#040404&Prime; column_link_target=\u00a0\u00bb_self\u00a0\u00bb column_shadow=\u00a0\u00bbnone\u00a0\u00bb column_border_radius=\u00a0\u00bbnone\u00a0\u00bb width=\u00a0\u00bb2\/3&Prime; tablet_width_inherit=\u00a0\u00bbdefault\u00a0\u00bb tablet_text_alignment=\u00a0\u00bbdefault\u00a0\u00bb phone_text_alignment=\u00a0\u00bbdefault\u00a0\u00bb overlay_strength=\u00a0\u00bb0.3&Prime; column_border_width=\u00a0\u00bbnone\u00a0\u00bb column_border_style=\u00a0\u00bbsolid\u00a0\u00bb bg_image_animation=\u00a0\u00bbnone\u00a0\u00bb][vc_column_text&#8230;<\/p>\n","protected":false},"author":1,"featured_media":91,"parent":0,"menu_order":0,"comment_status":"closed","ping_status":"closed","template":"","meta":{"_joinchat":[],"footnotes":""},"yoast_head":"<!-- This site is optimized with the Yoast SEO plugin v24.5 - https:\/\/yoast.com\/wordpress\/plugins\/seo\/ -->\n<title>Tarifs \u00e0 l&#039;unit\u00e9 - Auto-\u00e9cole By Stalindrive<\/title>\n<meta name=\"description\" content=\"Consultez les tarifs \u00e0 l&#039;unit\u00e9 des prestations de l&#039;Auto-\u00e9cole By Stalindrive, trois agences auto-\u00e9coles situ\u00e9es dans le nord de Paris.\" \/>\n<meta name=\"robots\" content=\"noindex, follow, max-snippet:-1, max-image-preview:large, max-video-preview:-1\" \/>\n<meta property=\"og:locale\" content=\"fr_FR\" \/>\n<meta property=\"og:type\" content=\"article\" \/>\n<meta property=\"og:title\" content=\"Tarifs \u00e0 l&#039;unit\u00e9 - Auto-\u00e9cole By Stalindrive\" \/>\n<meta property=\"og:description\" content=\"Consultez les tarifs \u00e0 l&#039;unit\u00e9 des prestations de l&#039;Auto-\u00e9cole By Stalindrive, trois agences auto-\u00e9coles situ\u00e9es dans le nord de Paris.\" \/>\n<meta property=\"og:url\" content=\"https:\/\/de-vv.com\/stalindrive\/tarifs-a-lunite\/\" \/>\n<meta property=\"og:site_name\" content=\"Auto-\u00e9cole By Stalindrive\" \/>\n<meta property=\"article:modified_time\" content=\"2024-06-29T06:52:43+00:00\" \/>\n<meta property=\"og:image\" content=\"https:\/\/de-vv.com\/stalindrive\/wp-content\/uploads\/2024\/03\/auto-ecole-by-Stalindrive.png\" \/>\n\t<meta property=\"og:image:width\" content=\"1414\" \/>\n\t<meta property=\"og:image:height\" content=\"1920\" \/>\n\t<meta property=\"og:image:type\" content=\"image\/png\" \/>\n<meta name=\"twitter:card\" content=\"summary_large_image\" \/>\n<meta name=\"twitter:label1\" content=\"Dur\u00e9e de lecture estim\u00e9e\" \/>\n\t<meta name=\"twitter:data1\" content=\"2 minutes\" \/>\n<script type=\"application\/ld+json\" class=\"yoast-schema-graph\">{\"@context\":\"https:\/\/schema.org\",\"@graph\":[{\"@type\":\"WebPage\",\"@id\":\"https:\/\/de-vv.com\/stalindrive\/tarifs-a-lunite\/\",\"url\":\"https:\/\/de-vv.com\/stalindrive\/tarifs-a-lunite\/\",\"name\":\"Tarifs \u00e0 l'unit\u00e9 - Auto-\u00e9cole By Stalindrive\",\"isPartOf\":{\"@id\":\"https:\/\/de-vv.com\/stalindrive\/#website\"},\"primaryImageOfPage\":{\"@id\":\"https:\/\/de-vv.com\/stalindrive\/tarifs-a-lunite\/#primaryimage\"},\"image\":{\"@id\":\"https:\/\/de-vv.com\/stalindrive\/tarifs-a-lunite\/#primaryimage\"},\"thumbnailUrl\":\"https:\/\/de-vv.com\/stalindrive\/wp-content\/uploads\/2024\/03\/auto-ecole-by-Stalindrive.png\",\"datePublished\":\"2024-04-02T06:09:50+00:00\",\"dateModified\":\"2024-06-29T06:52:43+00:00\",\"description\":\"Consultez les tarifs \u00e0 l'unit\u00e9 des prestations de l'Auto-\u00e9cole By Stalindrive, trois agences auto-\u00e9coles situ\u00e9es dans le nord de Paris.\",\"breadcrumb\":{\"@id\":\"https:\/\/de-vv.com\/stalindrive\/tarifs-a-lunite\/#breadcrumb\"},\"inLanguage\":\"fr-FR\",\"potentialAction\":[{\"@type\":\"ReadAction\",\"target\":[\"https:\/\/de-vv.com\/stalindrive\/tarifs-a-lunite\/\"]}]},{\"@type\":\"ImageObject\",\"inLanguage\":\"fr-FR\",\"@id\":\"https:\/\/de-vv.com\/stalindrive\/tarifs-a-lunite\/#primaryimage\",\"url\":\"https:\/\/de-vv.com\/stalindrive\/wp-content\/uploads\/2024\/03\/auto-ecole-by-Stalindrive.png\",\"contentUrl\":\"https:\/\/de-vv.com\/stalindrive\/wp-content\/uploads\/2024\/03\/auto-ecole-by-Stalindrive.png\",\"width\":1414,\"height\":1920},{\"@type\":\"BreadcrumbList\",\"@id\":\"https:\/\/de-vv.com\/stalindrive\/tarifs-a-lunite\/#breadcrumb\",\"itemListElement\":[{\"@type\":\"ListItem\",\"position\":1,\"name\":\"Accueil\",\"item\":\"https:\/\/de-vv.com\/stalindrive\/\"},{\"@type\":\"ListItem\",\"position\":2,\"name\":\"Tarifs \u00e0 l&rsquo;unit\u00e9\"}]},{\"@type\":\"WebSite\",\"@id\":\"https:\/\/de-vv.com\/stalindrive\/#website\",\"url\":\"https:\/\/de-vv.com\/stalindrive\/\",\"name\":\"Auto-\u00e9cole By Stalindrive\",\"description\":\"Permis auto et moto en acc\u00e9l\u00e9r\u00e9 \u00e0 Paris\",\"potentialAction\":[{\"@type\":\"SearchAction\",\"target\":{\"@type\":\"EntryPoint\",\"urlTemplate\":\"https:\/\/de-vv.com\/stalindrive\/?s={search_term_string}\"},\"query-input\":{\"@type\":\"PropertyValueSpecification\",\"valueRequired\":true,\"valueName\":\"search_term_string\"}}],\"inLanguage\":\"fr-FR\"}]}<\/script>\n<!-- \/ Yoast SEO plugin. -->","yoast_head_json":{"title":"Tarifs \u00e0 l'unit\u00e9 - Auto-\u00e9cole By Stalindrive","description":"Consultez les tarifs \u00e0 l'unit\u00e9 des prestations de l'Auto-\u00e9cole By Stalindrive, trois agences auto-\u00e9coles situ\u00e9es dans le nord de Paris.","robots":{"index":"noindex","follow":"follow","max-snippet":"max-snippet:-1","max-image-preview":"max-image-preview:large","max-video-preview":"max-video-preview:-1"},"og_locale":"fr_FR","og_type":"article","og_title":"Tarifs \u00e0 l'unit\u00e9 - Auto-\u00e9cole By Stalindrive","og_description":"Consultez les tarifs \u00e0 l'unit\u00e9 des prestations de l'Auto-\u00e9cole By Stalindrive, trois agences auto-\u00e9coles situ\u00e9es dans le nord de Paris.","og_url":"https:\/\/de-vv.com\/stalindrive\/tarifs-a-lunite\/","og_site_name":"Auto-\u00e9cole By Stalindrive","article_modified_time":"2024-06-29T06:52:43+00:00","og_image":[{"width":1414,"height":1920,"url":"https:\/\/de-vv.com\/stalindrive\/wp-content\/uploads\/2024\/03\/auto-ecole-by-Stalindrive.png","type":"image\/png"}],"twitter_card":"summary_large_image","twitter_misc":{"Dur\u00e9e de lecture estim\u00e9e":"2 minutes"},"schema":{"@context":"https:\/\/schema.org","@graph":[{"@type":"WebPage","@id":"https:\/\/de-vv.com\/stalindrive\/tarifs-a-lunite\/","url":"https:\/\/de-vv.com\/stalindrive\/tarifs-a-lunite\/","name":"Tarifs \u00e0 l'unit\u00e9 - Auto-\u00e9cole By Stalindrive","isPartOf":{"@id":"https:\/\/de-vv.com\/stalindrive\/#website"},"primaryImageOfPage":{"@id":"https:\/\/de-vv.com\/stalindrive\/tarifs-a-lunite\/#primaryimage"},"image":{"@id":"https:\/\/de-vv.com\/stalindrive\/tarifs-a-lunite\/#primaryimage"},"thumbnailUrl":"https:\/\/de-vv.com\/stalindrive\/wp-content\/uploads\/2024\/03\/auto-ecole-by-Stalindrive.png","datePublished":"2024-04-02T06:09:50+00:00","dateModified":"2024-06-29T06:52:43+00:00","description":"Consultez les tarifs \u00e0 l'unit\u00e9 des prestations de l'Auto-\u00e9cole By Stalindrive, trois agences auto-\u00e9coles situ\u00e9es dans le nord de Paris.","breadcrumb":{"@id":"https:\/\/de-vv.com\/stalindrive\/tarifs-a-lunite\/#breadcrumb"},"inLanguage":"fr-FR","potentialAction":[{"@type":"ReadAction","target":["https:\/\/de-vv.com\/stalindrive\/tarifs-a-lunite\/"]}]},{"@type":"ImageObject","inLanguage":"fr-FR","@id":"https:\/\/de-vv.com\/stalindrive\/tarifs-a-lunite\/#primaryimage","url":"https:\/\/de-vv.com\/stalindrive\/wp-content\/uploads\/2024\/03\/auto-ecole-by-Stalindrive.png","contentUrl":"https:\/\/de-vv.com\/stalindrive\/wp-content\/uploads\/2024\/03\/auto-ecole-by-Stalindrive.png","width":1414,"height":1920},{"@type":"BreadcrumbList","@id":"https:\/\/de-vv.com\/stalindrive\/tarifs-a-lunite\/#breadcrumb","itemListElement":[{"@type":"ListItem","position":1,"name":"Accueil","item":"https:\/\/de-vv.com\/stalindrive\/"},{"@type":"ListItem","position":2,"name":"Tarifs \u00e0 l&rsquo;unit\u00e9"}]},{"@type":"WebSite","@id":"https:\/\/de-vv.com\/stalindrive\/#website","url":"https:\/\/de-vv.com\/stalindrive\/","name":"Auto-\u00e9cole By Stalindrive","description":"Permis auto et moto en acc\u00e9l\u00e9r\u00e9 \u00e0 Paris","potentialAction":[{"@type":"SearchAction","target":{"@type":"EntryPoint","urlTemplate":"https:\/\/de-vv.com\/stalindrive\/?s={search_term_string}"},"query-input":{"@type":"PropertyValueSpecification","valueRequired":true,"valueName":"search_term_string"}}],"inLanguage":"fr-FR"}]}},"_links":{"self":[{"href":"https:\/\/de-vv.com\/stalindrive\/wp-json\/wp\/v2\/pages\/260"}],"collection":[{"href":"https:\/\/de-vv.com\/stalindrive\/wp-json\/wp\/v2\/pages"}],"about":[{"href":"https:\/\/de-vv.com\/stalindrive\/wp-json\/wp\/v2\/types\/page"}],"author":[{"embeddable":true,"href":"https:\/\/de-vv.com\/stalindrive\/wp-json\/wp\/v2\/users\/1"}],"replies":[{"embeddable":true,"href":"https:\/\/de-vv.com\/stalindrive\/wp-json\/wp\/v2\/comments?post=260"}],"version-history":[{"count":11,"href":"https:\/\/de-vv.com\/stalindrive\/wp-json\/wp\/v2\/pages\/260\/revisions"}],"predecessor-version":[{"id":577,"href":"https:\/\/de-vv.com\/stalindrive\/wp-json\/wp\/v2\/pages\/260\/revisions\/577"}],"wp:featuredmedia":[{"embeddable":true,"href":"https:\/\/de-vv.com\/stalindrive\/wp-json\/wp\/v2\/media\/91"}],"wp:attachment":[{"href":"https:\/\/de-vv.com\/stalindrive\/wp-json\/wp\/v2\/media?parent=260"}],"curies":[{"name":"wp","href":"https:\/\/api.w.org\/{rel}","templated":true}]}}