{"id":9,"date":"2024-03-03T19:43:30","date_gmt":"2024-03-03T18:43:30","guid":{"rendered":"http:\/\/de-vv.com\/stalindrive\/?page_id=9"},"modified":"2024-06-28T16:57:47","modified_gmt":"2024-06-28T14:57:47","slug":"avis","status":"publish","type":"page","link":"https:\/\/de-vv.com\/stalindrive\/avis\/","title":{"rendered":"Avis"},"content":{"rendered":"[vc_row type=\u00a0\u00bbfull_width_background\u00a0\u00bb full_screen_row_position=\u00a0\u00bbmiddle\u00a0\u00bb column_margin=\u00a0\u00bbdefault\u00a0\u00bb bg_image=\u00a0\u00bb340&Prime; bg_position=\u00a0\u00bbcenter center\u00a0\u00bb bg_repeat=\u00a0\u00bbrepeat\u00a0\u00bb scene_position=\u00a0\u00bbcenter\u00a0\u00bb text_color=\u00a0\u00bblight\u00a0\u00bb text_align=\u00a0\u00bbleft\u00a0\u00bb top_padding=\u00a0\u00bb120&Prime; bottom_padding=\u00a0\u00bb30&Prime; color_overlay=\u00a0\u00bb#000000&Prime; overlay_strength=\u00a0\u00bb0.3&Prime; shape_divider_position=\u00a0\u00bbbottom\u00a0\u00bb bg_image_animation=\u00a0\u00bbnone\u00a0\u00bb shape_type=\u00a0\u00bb\u00a0\u00bb][vc_column column_padding=\u00a0\u00bbno-extra-padding\u00a0\u00bb column_padding_position=\u00a0\u00bball\u00a0\u00bb background_color_opacity=\u00a0\u00bb1&Prime; background_hover_color_opacity=\u00a0\u00bb1&Prime; column_link_target=\u00a0\u00bb_self\u00a0\u00bb column_shadow=\u00a0\u00bbnone\u00a0\u00bb column_border_radius=\u00a0\u00bbnone\u00a0\u00bb width=\u00a0\u00bb1\/1&Prime; tablet_width_inherit=\u00a0\u00bbdefault\u00a0\u00bb tablet_text_alignment=\u00a0\u00bbdefault\u00a0\u00bb phone_text_alignment=\u00a0\u00bbdefault\u00a0\u00bb overlay_strength=\u00a0\u00bb0.3&Prime; column_border_width=\u00a0\u00bbnone\u00a0\u00bb column_border_style=\u00a0\u00bbsolid\u00a0\u00bb bg_image_animation=\u00a0\u00bbnone\u00a0\u00bb][vc_column_text]\n<h1 style=\"text-align: center;\">Avis de nos anciens \u00e9l\u00e8ves<\/h1>\n[\/vc_column_text][vc_column_text css=\u00a0\u00bb.vc_custom_1711814534804{padding-top: 2% !important;}\u00a0\u00bb]Nos anciens \u00e9l\u00e8ves sont satisfaits de leur formation, et ils le font savoir ! Consultez leurs t\u00e9moignages ci-dessous afin de vous faire une id\u00e9e. Vous pouvez d\u00e9poser un avis et partager votre exp\u00e9rience au sein de l&rsquo;Auto-\u00e9cole By Stalindrive.[\/vc_column_text][\/vc_column][\/vc_row][vc_row type=\u00a0\u00bbfull_width_background\u00a0\u00bb full_screen_row_position=\u00a0\u00bbmiddle\u00a0\u00bb column_margin=\u00a0\u00bbdefault\u00a0\u00bb bg_image=\u00a0\u00bb340&Prime; bg_position=\u00a0\u00bbcenter center\u00a0\u00bb bg_repeat=\u00a0\u00bbrepeat\u00a0\u00bb scene_position=\u00a0\u00bbcenter\u00a0\u00bb text_color=\u00a0\u00bbdark\u00a0\u00bb text_align=\u00a0\u00bbleft\u00a0\u00bb bottom_padding=\u00a0\u00bb30&Prime; color_overlay=\u00a0\u00bb#000000&Prime; overlay_strength=\u00a0\u00bb0.3&Prime; shape_divider_position=\u00a0\u00bbbottom\u00a0\u00bb bg_image_animation=\u00a0\u00bbnone\u00a0\u00bb shape_type=\u00a0\u00bb\u00a0\u00bb][vc_column column_padding=\u00a0\u00bbpadding-2-percent\u00a0\u00bb column_padding_position=\u00a0\u00bball\u00a0\u00bb background_color=\u00a0\u00bb#ffffff\u00a0\u00bb background_color_opacity=\u00a0\u00bb1&Prime; background_hover_color_opacity=\u00a0\u00bb1&Prime; column_link_target=\u00a0\u00bb_self\u00a0\u00bb column_shadow=\u00a0\u00bbsmall_depth\u00a0\u00bb column_border_radius=\u00a0\u00bbnone\u00a0\u00bb width=\u00a0\u00bb1\/2&Prime; tablet_width_inherit=\u00a0\u00bbdefault\u00a0\u00bb tablet_text_alignment=\u00a0\u00bbdefault\u00a0\u00bb phone_text_alignment=\u00a0\u00bbdefault\u00a0\u00bb overlay_strength=\u00a0\u00bb0.3&Prime; column_border_width=\u00a0\u00bbnone\u00a0\u00bb column_border_style=\u00a0\u00bbsolid\u00a0\u00bb bg_image_animation=\u00a0\u00bbnone\u00a0\u00bb enable_animation=\u00a0\u00bbtrue\u00a0\u00bb animation=\u00a0\u00bbfade-in-from-left\u00a0\u00bb][vc_row_inner column_margin=\u00a0\u00bbdefault\u00a0\u00bb text_align=\u00a0\u00bbleft\u00a0\u00bb][vc_column_inner column_padding=\u00a0\u00bbno-extra-padding\u00a0\u00bb column_padding_position=\u00a0\u00bball\u00a0\u00bb background_color_opacity=\u00a0\u00bb1&Prime; background_hover_color_opacity=\u00a0\u00bb1&Prime; column_shadow=\u00a0\u00bbnone\u00a0\u00bb column_border_radius=\u00a0\u00bbnone\u00a0\u00bb column_link_target=\u00a0\u00bb_self\u00a0\u00bb width=\u00a0\u00bb1\/1&Prime; tablet_width_inherit=\u00a0\u00bbdefault\u00a0\u00bb overlay_strength=\u00a0\u00bb0.3&Prime; column_border_width=\u00a0\u00bbnone\u00a0\u00bb column_border_style=\u00a0\u00bbsolid\u00a0\u00bb bg_image_animation=\u00a0\u00bbnone\u00a0\u00bb][image_with_animation image_url=\u00a0\u00bb105&Prime; alignment=\u00a0\u00bb\u00a0\u00bb animation=\u00a0\u00bbFade In\u00a0\u00bb hover_animation=\u00a0\u00bbnone\u00a0\u00bb border_radius=\u00a0\u00bbnone\u00a0\u00bb box_shadow=\u00a0\u00bbnone\u00a0\u00bb image_loading=\u00a0\u00bblazy-load\u00a0\u00bb max_width=\u00a0\u00bb50%\u00a0\u00bb max_width_mobile=\u00a0\u00bb125%\u00a0\u00bb][vc_column_text css=\u00a0\u00bb.vc_custom_1711817296737{padding-bottom: 12px !important;}\u00a0\u00bb]Consultez les plus de 450 avis laiss\u00e9s sur Google. S\u00e9lectionnez une agence.[\/vc_column_text][\/vc_column_inner][\/vc_row_inner][toggles style=\u00a0\u00bbdefault\u00a0\u00bb][toggle color=\u00a0\u00bbAccent-Color\u00a0\u00bb title=\u00a0\u00bbStalingrad (75018)\u00a0\u00bb][vc_column_text][\/vc_column_text][nectar_btn size=\u00a0\u00bbsmall\u00a0\u00bb button_style=\u00a0\u00bbregular\u00a0\u00bb button_color_2=\u00a0\u00bbExtra-Color-1&Prime; icon_family=\u00a0\u00bbfontawesome\u00a0\u00bb text=\u00a0\u00bbVoir les avis\u00a0\u00bb icon_fontawesome=\u00a0\u00bbfa fa-eye\u00a0\u00bb margin_top=\u00a0\u00bb5&Prime; margin_bottom=\u00a0\u00bb5&Prime; url=\u00a0\u00bbhttps:\/\/www.google.com\/search?q=ecole+de+conduite+stalingrad\u00a0\u00bb margin_right=\u00a0\u00bb10&Prime;][nectar_btn size=\u00a0\u00bbsmall\u00a0\u00bb button_style=\u00a0\u00bbregular\u00a0\u00bb button_color_2=\u00a0\u00bbAccent-Color\u00a0\u00bb icon_family=\u00a0\u00bbfontawesome\u00a0\u00bb text=\u00a0\u00bbLaisser un avis\u00a0\u00bb icon_fontawesome=\u00a0\u00bbfa fa-pencil\u00a0\u00bb margin_top=\u00a0\u00bb5&Prime; margin_right=\u00a0\u00bb5&Prime; margin_bottom=\u00a0\u00bb5&Prime; url=\u00a0\u00bbhttps:\/\/search.google.com\/local\/writereview?placeid=ChIJ7WhRR3du5kcRFGx6w_kQ99Q\u00a0\u00bb][\/toggle][toggle color=\u00a0\u00bbAccent-Color\u00a0\u00bb title=\u00a0\u00bbPlace des F\u00eates (75019)\u00a0\u00bb][nectar_btn size=\u00a0\u00bbsmall\u00a0\u00bb button_style=\u00a0\u00bbregular\u00a0\u00bb button_color_2=\u00a0\u00bbExtra-Color-1&Prime; icon_family=\u00a0\u00bbfontawesome\u00a0\u00bb text=\u00a0\u00bbVoir les avis\u00a0\u00bb icon_fontawesome=\u00a0\u00bbfa fa-eye\u00a0\u00bb margin_top=\u00a0\u00bb5&Prime; margin_right=\u00a0\u00bb10&Prime; margin_bottom=\u00a0\u00bb5&Prime; url=\u00a0\u00bbhttps:\/\/www.google.com\/search?q=ecole+de+conduite+place+des+fetes\u00a0\u00bb][nectar_btn size=\u00a0\u00bbsmall\u00a0\u00bb button_style=\u00a0\u00bbregular\u00a0\u00bb button_color_2=\u00a0\u00bbAccent-Color\u00a0\u00bb icon_family=\u00a0\u00bbfontawesome\u00a0\u00bb text=\u00a0\u00bbLaisser un avis\u00a0\u00bb icon_fontawesome=\u00a0\u00bbfa fa-pencil\u00a0\u00bb margin_top=\u00a0\u00bb5&Prime; margin_bottom=\u00a0\u00bb5&Prime; url=\u00a0\u00bbhttps:\/\/search.google.com\/local\/writereview?placeid=ChIJ4dzDab5t5kcR4wJmCBQ1bV0&Prime;][\/toggle][toggle color=\u00a0\u00bbAccent-Color\u00a0\u00bb title=\u00a0\u00bbPyr\u00e9n\u00e9es (75020)\u00a0\u00bb][nectar_btn size=\u00a0\u00bbsmall\u00a0\u00bb button_style=\u00a0\u00bbregular\u00a0\u00bb button_color_2=\u00a0\u00bbExtra-Color-1&Prime; icon_family=\u00a0\u00bbfontawesome\u00a0\u00bb text=\u00a0\u00bbVoir les avis\u00a0\u00bb icon_fontawesome=\u00a0\u00bbfa fa-eye\u00a0\u00bb margin_top=\u00a0\u00bb5&Prime; margin_right=\u00a0\u00bb10&Prime; margin_bottom=\u00a0\u00bb5&Prime; url=\u00a0\u00bbhttps:\/\/www.google.com\/search?q=ecole+de+conduite+paris+pyr\u00e9n\u00e9es\u00a0\u00bb][nectar_btn size=\u00a0\u00bbsmall\u00a0\u00bb button_style=\u00a0\u00bbregular\u00a0\u00bb button_color_2=\u00a0\u00bbAccent-Color\u00a0\u00bb icon_family=\u00a0\u00bbfontawesome\u00a0\u00bb text=\u00a0\u00bbLaisser un avis\u00a0\u00bb icon_fontawesome=\u00a0\u00bbfa fa-pencil\u00a0\u00bb margin_top=\u00a0\u00bb5&Prime; margin_bottom=\u00a0\u00bb5&Prime; url=\u00a0\u00bbhttps:\/\/search.google.com\/local\/writereview?placeid=ChIJO0L1Wupt5kcRB4Tz6KQrG8Q\u00a0\u00bb][\/toggle][\/toggles][\/vc_column][vc_column column_padding=\u00a0\u00bbpadding-2-percent\u00a0\u00bb column_padding_position=\u00a0\u00bball\u00a0\u00bb background_color=\u00a0\u00bb#ffffff\u00a0\u00bb background_color_opacity=\u00a0\u00bb1&Prime; background_hover_color_opacity=\u00a0\u00bb1&Prime; column_link_target=\u00a0\u00bb_self\u00a0\u00bb column_shadow=\u00a0\u00bbsmall_depth\u00a0\u00bb column_border_radius=\u00a0\u00bbnone\u00a0\u00bb width=\u00a0\u00bb1\/2&Prime; tablet_width_inherit=\u00a0\u00bbdefault\u00a0\u00bb tablet_text_alignment=\u00a0\u00bbdefault\u00a0\u00bb phone_text_alignment=\u00a0\u00bbdefault\u00a0\u00bb overlay_strength=\u00a0\u00bb0.3&Prime; column_border_width=\u00a0\u00bbnone\u00a0\u00bb column_border_style=\u00a0\u00bbsolid\u00a0\u00bb bg_image_animation=\u00a0\u00bbnone\u00a0\u00bb enable_animation=\u00a0\u00bbtrue\u00a0\u00bb animation=\u00a0\u00bbfade-in-from-right\u00a0\u00bb delay=\u00a0\u00bb400&Prime;][vc_row_inner column_margin=\u00a0\u00bbdefault\u00a0\u00bb text_align=\u00a0\u00bbleft\u00a0\u00bb][vc_column_inner column_padding=\u00a0\u00bbno-extra-padding\u00a0\u00bb column_padding_position=\u00a0\u00bball\u00a0\u00bb background_color_opacity=\u00a0\u00bb1&Prime; background_hover_color_opacity=\u00a0\u00bb1&Prime; column_shadow=\u00a0\u00bbnone\u00a0\u00bb column_border_radius=\u00a0\u00bbnone\u00a0\u00bb column_link_target=\u00a0\u00bb_self\u00a0\u00bb width=\u00a0\u00bb1\/1&Prime; tablet_width_inherit=\u00a0\u00bbdefault\u00a0\u00bb overlay_strength=\u00a0\u00bb0.3&Prime; column_border_width=\u00a0\u00bbnone\u00a0\u00bb column_border_style=\u00a0\u00bbsolid\u00a0\u00bb bg_image_animation=\u00a0\u00bbnone\u00a0\u00bb][image_with_animation image_url=\u00a0\u00bb106&Prime; alignment=\u00a0\u00bb\u00a0\u00bb animation=\u00a0\u00bbFade In\u00a0\u00bb hover_animation=\u00a0\u00bbnone\u00a0\u00bb border_radius=\u00a0\u00bbnone\u00a0\u00bb box_shadow=\u00a0\u00bbnone\u00a0\u00bb image_loading=\u00a0\u00bbdefault\u00a0\u00bb max_width=\u00a0\u00bb50%\u00a0\u00bb max_width_mobile=\u00a0\u00bb125%\u00a0\u00bb][vc_column_text css=\u00a0\u00bb.vc_custom_1711817686746{padding-bottom: 12px !important;}\u00a0\u00bb]Consultez les 600+ avis laiss\u00e9s sur VroomVroom.fr. S\u00e9lectionnez une agence.[\/vc_column_text][\/vc_column_inner][\/vc_row_inner][toggles style=\u00a0\u00bbdefault\u00a0\u00bb][toggle color=\u00a0\u00bbAccent-Color\u00a0\u00bb title=\u00a0\u00bbStalingrad (75018)\u00a0\u00bb][nectar_btn size=\u00a0\u00bbsmall\u00a0\u00bb button_style=\u00a0\u00bbregular\u00a0\u00bb button_color_2=\u00a0\u00bbExtra-Color-1&Prime; icon_family=\u00a0\u00bbfontawesome\u00a0\u00bb text=\u00a0\u00bbVoir les avis\u00a0\u00bb icon_fontawesome=\u00a0\u00bbfa fa-eye\u00a0\u00bb margin_top=\u00a0\u00bb5&Prime; margin_right=\u00a0\u00bb10&Prime; margin_bottom=\u00a0\u00bb5&Prime; url=\u00a0\u00bbhttps:\/\/www.vroomvroom.fr\/auto-ecoles\/paris\/paris\/ecole-de-conduite-stalingrad\u00a0\u00bb][vc_column_text][\/vc_column_text][nectar_btn size=\u00a0\u00bbsmall\u00a0\u00bb button_style=\u00a0\u00bbregular\u00a0\u00bb button_color_2=\u00a0\u00bbAccent-Color\u00a0\u00bb icon_family=\u00a0\u00bbfontawesome\u00a0\u00bb text=\u00a0\u00bbLaisser un avis\u00a0\u00bb icon_fontawesome=\u00a0\u00bbfa fa-pencil\u00a0\u00bb margin_top=\u00a0\u00bb5&Prime; margin_bottom=\u00a0\u00bb5&Prime; url=\u00a0\u00bbhttps:\/\/www.vroomvroom.fr\/auto-ecoles\/paris\/paris\/ecole-de-conduite-stalingrad#post-review\u00a0\u00bb][\/toggle][toggle color=\u00a0\u00bbAccent-Color\u00a0\u00bb title=\u00a0\u00bbPlace des F\u00eates (75019)\u00a0\u00bb][nectar_btn size=\u00a0\u00bbsmall\u00a0\u00bb button_style=\u00a0\u00bbregular\u00a0\u00bb button_color_2=\u00a0\u00bbExtra-Color-1&Prime; icon_family=\u00a0\u00bbfontawesome\u00a0\u00bb text=\u00a0\u00bbVoir les avis\u00a0\u00bb icon_fontawesome=\u00a0\u00bbfa fa-eye\u00a0\u00bb margin_top=\u00a0\u00bb5&Prime; margin_right=\u00a0\u00bb10&Prime; margin_bottom=\u00a0\u00bb5&Prime; url=\u00a0\u00bbhttps:\/\/www.vroomvroom.fr\/auto-ecoles\/paris\/paris\/cer-licence-b\u00a0\u00bb][nectar_btn size=\u00a0\u00bbsmall\u00a0\u00bb button_style=\u00a0\u00bbregular\u00a0\u00bb button_color_2=\u00a0\u00bbAccent-Color\u00a0\u00bb icon_family=\u00a0\u00bbfontawesome\u00a0\u00bb text=\u00a0\u00bbLaisser un avis\u00a0\u00bb icon_fontawesome=\u00a0\u00bbfa fa-pencil\u00a0\u00bb margin_top=\u00a0\u00bb5&Prime; margin_bottom=\u00a0\u00bb5&Prime; url=\u00a0\u00bbhttps:\/\/www.vroomvroom.fr\/auto-ecoles\/paris\/paris\/cer-licence-b#post-review\u00a0\u00bb][\/toggle][toggle color=\u00a0\u00bbAccent-Color\u00a0\u00bb title=\u00a0\u00bbPyr\u00e9n\u00e9es (75020)\u00a0\u00bb][nectar_btn size=\u00a0\u00bbsmall\u00a0\u00bb button_style=\u00a0\u00bbregular\u00a0\u00bb button_color_2=\u00a0\u00bbExtra-Color-1&Prime; icon_family=\u00a0\u00bbfontawesome\u00a0\u00bb text=\u00a0\u00bbVoir les avis\u00a0\u00bb icon_fontawesome=\u00a0\u00bbfa fa-eye\u00a0\u00bb margin_top=\u00a0\u00bb5&Prime; margin_right=\u00a0\u00bb10&Prime; margin_bottom=\u00a0\u00bb5&Prime; url=\u00a0\u00bbhttps:\/\/www.vroomvroom.fr\/auto-ecoles\/paris\/paris\/cer-paris-pyrenees\u00a0\u00bb][nectar_btn size=\u00a0\u00bbsmall\u00a0\u00bb button_style=\u00a0\u00bbregular\u00a0\u00bb button_color_2=\u00a0\u00bbAccent-Color\u00a0\u00bb icon_family=\u00a0\u00bbfontawesome\u00a0\u00bb text=\u00a0\u00bbLaisser un avis\u00a0\u00bb icon_fontawesome=\u00a0\u00bbfa fa-pencil\u00a0\u00bb margin_top=\u00a0\u00bb5&Prime; margin_bottom=\u00a0\u00bb5&Prime; url=\u00a0\u00bbhttps:\/\/www.vroomvroom.fr\/auto-ecoles\/paris\/paris\/cer-paris-pyrenees#post-review\u00a0\u00bb][\/toggle][\/toggles][\/vc_column][\/vc_row]\n","protected":false},"excerpt":{"rendered":"<p>[vc_row type=\u00a0\u00bbfull_width_background\u00a0\u00bb full_screen_row_position=\u00a0\u00bbmiddle\u00a0\u00bb column_margin=\u00a0\u00bbdefault\u00a0\u00bb bg_image=\u00a0\u00bb340&Prime; bg_position=\u00a0\u00bbcenter center\u00a0\u00bb bg_repeat=\u00a0\u00bbrepeat\u00a0\u00bb scene_position=\u00a0\u00bbcenter\u00a0\u00bb text_color=\u00a0\u00bblight\u00a0\u00bb text_align=\u00a0\u00bbleft\u00a0\u00bb top_padding=\u00a0\u00bb120&Prime; bottom_padding=\u00a0\u00bb30&Prime; color_overlay=\u00a0\u00bb#000000&Prime; overlay_strength=\u00a0\u00bb0.3&Prime; shape_divider_position=\u00a0\u00bbbottom\u00a0\u00bb bg_image_animation=\u00a0\u00bbnone\u00a0\u00bb shape_type=\u00a0\u00bb\u00a0\u00bb][vc_column column_padding=\u00a0\u00bbno-extra-padding\u00a0\u00bb column_padding_position=\u00a0\u00bball\u00a0\u00bb background_color_opacity=\u00a0\u00bb1&Prime; background_hover_color_opacity=\u00a0\u00bb1&Prime; column_link_target=\u00a0\u00bb_self\u00a0\u00bb column_shadow=\u00a0\u00bbnone\u00a0\u00bb column_border_radius=\u00a0\u00bbnone\u00a0\u00bb width=\u00a0\u00bb1\/1&Prime; tablet_width_inherit=\u00a0\u00bbdefault\u00a0\u00bb tablet_text_alignment=\u00a0\u00bbdefault\u00a0\u00bb phone_text_alignment=\u00a0\u00bbdefault\u00a0\u00bb overlay_strength=\u00a0\u00bb0.3&Prime;&#8230;<\/p>\n","protected":false},"author":1,"featured_media":91,"parent":0,"menu_order":0,"comment_status":"closed","ping_status":"closed","template":"","meta":{"_joinchat":[],"footnotes":""},"yoast_head":"<!-- This site is optimized with the Yoast SEO plugin v24.5 - https:\/\/yoast.com\/wordpress\/plugins\/seo\/ -->\n<title>Avis de nos \u00e9l\u00e8ves - Auto-\u00e9cole By Auto-\u00e9cole By Stalindrive - Paris<\/title>\n<meta name=\"description\" content=\"Retrouvez les avis des \u00e9l\u00e8ves de l&#039;Auto-\u00e9cole By Stalindrive. Avis v\u00e9rifi\u00e9s laiss\u00e9s sur VroomVroom et sur Google.\" \/>\n<meta name=\"robots\" content=\"noindex, follow, max-snippet:-1, max-image-preview:large, max-video-preview:-1\" \/>\n<meta property=\"og:locale\" content=\"fr_FR\" \/>\n<meta property=\"og:type\" content=\"article\" \/>\n<meta property=\"og:title\" content=\"Avis de nos \u00e9l\u00e8ves - Auto-\u00e9cole By Auto-\u00e9cole By Stalindrive - Paris\" \/>\n<meta property=\"og:description\" content=\"Retrouvez les avis des \u00e9l\u00e8ves de l&#039;Auto-\u00e9cole By Stalindrive. Avis v\u00e9rifi\u00e9s laiss\u00e9s sur VroomVroom et sur Google.\" \/>\n<meta property=\"og:url\" content=\"https:\/\/de-vv.com\/stalindrive\/avis\/\" \/>\n<meta property=\"og:site_name\" content=\"Auto-\u00e9cole By Stalindrive\" \/>\n<meta property=\"article:modified_time\" content=\"2024-06-28T14:57:47+00:00\" \/>\n<meta property=\"og:image\" content=\"https:\/\/de-vv.com\/stalindrive\/wp-content\/uploads\/2024\/03\/auto-ecole-by-Stalindrive.png\" \/>\n\t<meta property=\"og:image:width\" content=\"1414\" \/>\n\t<meta property=\"og:image:height\" content=\"1920\" \/>\n\t<meta property=\"og:image:type\" content=\"image\/png\" \/>\n<meta name=\"twitter:card\" content=\"summary_large_image\" \/>\n<meta name=\"twitter:label1\" content=\"Dur\u00e9e de lecture estim\u00e9e\" \/>\n\t<meta name=\"twitter:data1\" content=\"3 minutes\" \/>\n<script type=\"application\/ld+json\" class=\"yoast-schema-graph\">{\"@context\":\"https:\/\/schema.org\",\"@graph\":[{\"@type\":\"WebPage\",\"@id\":\"https:\/\/de-vv.com\/stalindrive\/avis\/\",\"url\":\"https:\/\/de-vv.com\/stalindrive\/avis\/\",\"name\":\"Avis de nos \u00e9l\u00e8ves - Auto-\u00e9cole By Auto-\u00e9cole By Stalindrive - Paris\",\"isPartOf\":{\"@id\":\"https:\/\/de-vv.com\/stalindrive\/#website\"},\"primaryImageOfPage\":{\"@id\":\"https:\/\/de-vv.com\/stalindrive\/avis\/#primaryimage\"},\"image\":{\"@id\":\"https:\/\/de-vv.com\/stalindrive\/avis\/#primaryimage\"},\"thumbnailUrl\":\"https:\/\/de-vv.com\/stalindrive\/wp-content\/uploads\/2024\/03\/auto-ecole-by-Stalindrive.png\",\"datePublished\":\"2024-03-03T18:43:30+00:00\",\"dateModified\":\"2024-06-28T14:57:47+00:00\",\"description\":\"Retrouvez les avis des \u00e9l\u00e8ves de l'Auto-\u00e9cole By Stalindrive. Avis v\u00e9rifi\u00e9s laiss\u00e9s sur VroomVroom et sur Google.\",\"breadcrumb\":{\"@id\":\"https:\/\/de-vv.com\/stalindrive\/avis\/#breadcrumb\"},\"inLanguage\":\"fr-FR\",\"potentialAction\":[{\"@type\":\"ReadAction\",\"target\":[\"https:\/\/de-vv.com\/stalindrive\/avis\/\"]}]},{\"@type\":\"ImageObject\",\"inLanguage\":\"fr-FR\",\"@id\":\"https:\/\/de-vv.com\/stalindrive\/avis\/#primaryimage\",\"url\":\"https:\/\/de-vv.com\/stalindrive\/wp-content\/uploads\/2024\/03\/auto-ecole-by-Stalindrive.png\",\"contentUrl\":\"https:\/\/de-vv.com\/stalindrive\/wp-content\/uploads\/2024\/03\/auto-ecole-by-Stalindrive.png\",\"width\":1414,\"height\":1920},{\"@type\":\"BreadcrumbList\",\"@id\":\"https:\/\/de-vv.com\/stalindrive\/avis\/#breadcrumb\",\"itemListElement\":[{\"@type\":\"ListItem\",\"position\":1,\"name\":\"Accueil\",\"item\":\"https:\/\/de-vv.com\/stalindrive\/\"},{\"@type\":\"ListItem\",\"position\":2,\"name\":\"Avis\"}]},{\"@type\":\"WebSite\",\"@id\":\"https:\/\/de-vv.com\/stalindrive\/#website\",\"url\":\"https:\/\/de-vv.com\/stalindrive\/\",\"name\":\"Auto-\u00e9cole By Stalindrive\",\"description\":\"Permis auto et moto en acc\u00e9l\u00e9r\u00e9 \u00e0 Paris\",\"potentialAction\":[{\"@type\":\"SearchAction\",\"target\":{\"@type\":\"EntryPoint\",\"urlTemplate\":\"https:\/\/de-vv.com\/stalindrive\/?s={search_term_string}\"},\"query-input\":{\"@type\":\"PropertyValueSpecification\",\"valueRequired\":true,\"valueName\":\"search_term_string\"}}],\"inLanguage\":\"fr-FR\"}]}<\/script>\n<!-- \/ Yoast SEO plugin. -->","yoast_head_json":{"title":"Avis de nos \u00e9l\u00e8ves - Auto-\u00e9cole By Auto-\u00e9cole By Stalindrive - Paris","description":"Retrouvez les avis des \u00e9l\u00e8ves de l'Auto-\u00e9cole By Stalindrive. Avis v\u00e9rifi\u00e9s laiss\u00e9s sur VroomVroom et sur Google.","robots":{"index":"noindex","follow":"follow","max-snippet":"max-snippet:-1","max-image-preview":"max-image-preview:large","max-video-preview":"max-video-preview:-1"},"og_locale":"fr_FR","og_type":"article","og_title":"Avis de nos \u00e9l\u00e8ves - Auto-\u00e9cole By Auto-\u00e9cole By Stalindrive - Paris","og_description":"Retrouvez les avis des \u00e9l\u00e8ves de l'Auto-\u00e9cole By Stalindrive. Avis v\u00e9rifi\u00e9s laiss\u00e9s sur VroomVroom et sur Google.","og_url":"https:\/\/de-vv.com\/stalindrive\/avis\/","og_site_name":"Auto-\u00e9cole By Stalindrive","article_modified_time":"2024-06-28T14:57:47+00:00","og_image":[{"width":1414,"height":1920,"url":"https:\/\/de-vv.com\/stalindrive\/wp-content\/uploads\/2024\/03\/auto-ecole-by-Stalindrive.png","type":"image\/png"}],"twitter_card":"summary_large_image","twitter_misc":{"Dur\u00e9e de lecture estim\u00e9e":"3 minutes"},"schema":{"@context":"https:\/\/schema.org","@graph":[{"@type":"WebPage","@id":"https:\/\/de-vv.com\/stalindrive\/avis\/","url":"https:\/\/de-vv.com\/stalindrive\/avis\/","name":"Avis de nos \u00e9l\u00e8ves - Auto-\u00e9cole By Auto-\u00e9cole By Stalindrive - Paris","isPartOf":{"@id":"https:\/\/de-vv.com\/stalindrive\/#website"},"primaryImageOfPage":{"@id":"https:\/\/de-vv.com\/stalindrive\/avis\/#primaryimage"},"image":{"@id":"https:\/\/de-vv.com\/stalindrive\/avis\/#primaryimage"},"thumbnailUrl":"https:\/\/de-vv.com\/stalindrive\/wp-content\/uploads\/2024\/03\/auto-ecole-by-Stalindrive.png","datePublished":"2024-03-03T18:43:30+00:00","dateModified":"2024-06-28T14:57:47+00:00","description":"Retrouvez les avis des \u00e9l\u00e8ves de l'Auto-\u00e9cole By Stalindrive. Avis v\u00e9rifi\u00e9s laiss\u00e9s sur VroomVroom et sur Google.","breadcrumb":{"@id":"https:\/\/de-vv.com\/stalindrive\/avis\/#breadcrumb"},"inLanguage":"fr-FR","potentialAction":[{"@type":"ReadAction","target":["https:\/\/de-vv.com\/stalindrive\/avis\/"]}]},{"@type":"ImageObject","inLanguage":"fr-FR","@id":"https:\/\/de-vv.com\/stalindrive\/avis\/#primaryimage","url":"https:\/\/de-vv.com\/stalindrive\/wp-content\/uploads\/2024\/03\/auto-ecole-by-Stalindrive.png","contentUrl":"https:\/\/de-vv.com\/stalindrive\/wp-content\/uploads\/2024\/03\/auto-ecole-by-Stalindrive.png","width":1414,"height":1920},{"@type":"BreadcrumbList","@id":"https:\/\/de-vv.com\/stalindrive\/avis\/#breadcrumb","itemListElement":[{"@type":"ListItem","position":1,"name":"Accueil","item":"https:\/\/de-vv.com\/stalindrive\/"},{"@type":"ListItem","position":2,"name":"Avis"}]},{"@type":"WebSite","@id":"https:\/\/de-vv.com\/stalindrive\/#website","url":"https:\/\/de-vv.com\/stalindrive\/","name":"Auto-\u00e9cole By Stalindrive","description":"Permis auto et moto en acc\u00e9l\u00e9r\u00e9 \u00e0 Paris","potentialAction":[{"@type":"SearchAction","target":{"@type":"EntryPoint","urlTemplate":"https:\/\/de-vv.com\/stalindrive\/?s={search_term_string}"},"query-input":{"@type":"PropertyValueSpecification","valueRequired":true,"valueName":"search_term_string"}}],"inLanguage":"fr-FR"}]}},"_links":{"self":[{"href":"https:\/\/de-vv.com\/stalindrive\/wp-json\/wp\/v2\/pages\/9"}],"collection":[{"href":"https:\/\/de-vv.com\/stalindrive\/wp-json\/wp\/v2\/pages"}],"about":[{"href":"https:\/\/de-vv.com\/stalindrive\/wp-json\/wp\/v2\/types\/page"}],"author":[{"embeddable":true,"href":"https:\/\/de-vv.com\/stalindrive\/wp-json\/wp\/v2\/users\/1"}],"replies":[{"embeddable":true,"href":"https:\/\/de-vv.com\/stalindrive\/wp-json\/wp\/v2\/comments?post=9"}],"version-history":[{"count":7,"href":"https:\/\/de-vv.com\/stalindrive\/wp-json\/wp\/v2\/pages\/9\/revisions"}],"predecessor-version":[{"id":520,"href":"https:\/\/de-vv.com\/stalindrive\/wp-json\/wp\/v2\/pages\/9\/revisions\/520"}],"wp:featuredmedia":[{"embeddable":true,"href":"https:\/\/de-vv.com\/stalindrive\/wp-json\/wp\/v2\/media\/91"}],"wp:attachment":[{"href":"https:\/\/de-vv.com\/stalindrive\/wp-json\/wp\/v2\/media?parent=9"}],"curies":[{"name":"wp","href":"https:\/\/api.w.org\/{rel}","templated":true}]}}