{"id":285,"date":"2025-04-26T09:54:28","date_gmt":"2025-04-26T07:54:28","guid":{"rendered":"https:\/\/de-vv.com\/tcm\/panier\/"},"modified":"2025-04-26T09:54:28","modified_gmt":"2025-04-26T07:54:28","slug":"panier","status":"publish","type":"page","link":"https:\/\/de-vv.com\/tcm\/panier\/","title":{"rendered":"Panier"},"content":{"rendered":"<div data-block-name=\"woocommerce\/cart\" class=\"wp-block-woocommerce-cart alignwide is-loading\"><div data-block-name=\"woocommerce\/filled-cart-block\" class=\"wp-block-woocommerce-filled-cart-block\"><div data-block-name=\"woocommerce\/cart-items-block\" class=\"wp-block-woocommerce-cart-items-block\"><div data-block-name=\"woocommerce\/cart-line-items-block\" class=\"wp-block-woocommerce-cart-line-items-block\"><\/div>\n\n<div data-block-name=\"woocommerce\/cart-cross-sells-block\" class=\"wp-block-woocommerce-cart-cross-sells-block\"><h2 class=\"wp-block-heading has-large-font-size\">\u00c7a peut vous int\u00e9resser&#8230;<\/h2>\n\n<div data-block-name=\"woocommerce\/cart-cross-sells-products-block\" class=\"wp-block-woocommerce-cart-cross-sells-products-block\"><\/div><\/div><\/div>\n\n<div data-block-name=\"woocommerce\/cart-totals-block\" class=\"wp-block-woocommerce-cart-totals-block\"><div data-block-name=\"woocommerce\/cart-order-summary-block\" class=\"wp-block-woocommerce-cart-order-summary-block\"><div data-block-name=\"woocommerce\/cart-order-summary-heading-block\" class=\"wp-block-woocommerce-cart-order-summary-heading-block\"><\/div><div data-block-name=\"woocommerce\/cart-order-summary-coupon-form-block\" class=\"wp-block-woocommerce-cart-order-summary-coupon-form-block\"><\/div><div data-block-name=\"woocommerce\/cart-order-summary-totals-block\" class=\"wp-block-woocommerce-cart-order-summary-totals-block\">\n<div data-block-name=\"woocommerce\/cart-order-summary-subtotal-block\" class=\"wp-block-woocommerce-cart-order-summary-subtotal-block\"><\/div>\n<div data-block-name=\"woocommerce\/cart-order-summary-discount-block\" class=\"wp-block-woocommerce-cart-order-summary-discount-block\"><\/div>\n<div data-block-name=\"woocommerce\/cart-order-summary-fee-block\" class=\"wp-block-woocommerce-cart-order-summary-fee-block\"><\/div>\n<div data-block-name=\"woocommerce\/cart-order-summary-shipping-block\" class=\"wp-block-woocommerce-cart-order-summary-shipping-block\"><\/div>\n<div data-block-name=\"woocommerce\/cart-order-summary-taxes-block\" class=\"wp-block-woocommerce-cart-order-summary-taxes-block\"><\/div><\/div><\/div>\n\n<div data-block-name=\"woocommerce\/cart-express-payment-block\" class=\"wp-block-woocommerce-cart-express-payment-block\"><\/div>\n\n<div data-block-name=\"woocommerce\/proceed-to-checkout-block\" class=\"wp-block-woocommerce-proceed-to-checkout-block\"><\/div>\n\n<div data-block-name=\"woocommerce\/cart-accepted-payment-methods-block\" class=\"wp-block-woocommerce-cart-accepted-payment-methods-block\"><\/div><\/div><\/div>\n\n<div data-block-name=\"woocommerce\/empty-cart-block\" class=\"wp-block-woocommerce-empty-cart-block\"><h2 class=\"wp-block-heading has-text-align-center with-empty-cart-icon wc-block-cart__empty-cart__title\">Votre panier est actuellement vide\u00a0!<\/h2>\n\n<hr class=\"wp-block-separator has-alpha-channel-opacity is-style-dots\"\/>\n\n<h2 class=\"wp-block-heading has-text-align-center\">Nouveau dans la boutique<\/h2>\n\n<div data-block-name=\"woocommerce\/product-new\" data-columns=\"4\" data-rows=\"1\" class=\"wc-block-grid wp-block-product-new wp-block-woocommerce-product-new wc-block-product-new has-4-columns\"><ul class=\"wc-block-grid__products\"><li class=\"wc-block-grid__product\">\n\t\t\t\t<a href=\"https:\/\/de-vv.com\/tcm\/produit\/passerelle-permis-a2-vers-a\/\" class=\"wc-block-grid__product-link\">\n\t\t\t\t\t\n\t\t\t\t\t<div class=\"wc-block-grid__product-image\"><img loading=\"lazy\" decoding=\"async\" width=\"300\" height=\"300\" src=\"https:\/\/de-vv.com\/tcm\/wp-content\/uploads\/2025\/04\/Passerelle-permis-A2-vers-A-Auto-ecole-TCM-1-300x300.png\" class=\"attachment-woocommerce_thumbnail size-woocommerce_thumbnail\" alt=\"Passerelle permis A2 vers A - Auto-\u00e9cole TCM\" srcset=\"https:\/\/de-vv.com\/tcm\/wp-content\/uploads\/2025\/04\/Passerelle-permis-A2-vers-A-Auto-ecole-TCM-1-300x300.png 300w, https:\/\/de-vv.com\/tcm\/wp-content\/uploads\/2025\/04\/Passerelle-permis-A2-vers-A-Auto-ecole-TCM-1-150x150.png 150w, https:\/\/de-vv.com\/tcm\/wp-content\/uploads\/2025\/04\/Passerelle-permis-A2-vers-A-Auto-ecole-TCM-1-140x140.png 140w, https:\/\/de-vv.com\/tcm\/wp-content\/uploads\/2025\/04\/Passerelle-permis-A2-vers-A-Auto-ecole-TCM-1-100x100.png 100w, https:\/\/de-vv.com\/tcm\/wp-content\/uploads\/2025\/04\/Passerelle-permis-A2-vers-A-Auto-ecole-TCM-1-500x500.png 500w, https:\/\/de-vv.com\/tcm\/wp-content\/uploads\/2025\/04\/Passerelle-permis-A2-vers-A-Auto-ecole-TCM-1-350x350.png 350w\" sizes=\"auto, (max-width: 300px) 100vw, 300px\" \/><\/div>\n\t\t\t\t\t<div class=\"wc-block-grid__product-title\">Passerelle permis A2 vers A<\/div>\n\t\t\t\t<\/a>\n\t\t\t\t<div class=\"wc-block-grid__product-price price\"><span class=\"woocommerce-Price-amount amount\">263,00&nbsp;<span class=\"woocommerce-Price-currencySymbol\">&euro;<\/span><\/span><\/div>\n\t\t\t\t\n\t\t\t\t<div class=\"wp-block-button wc-block-grid__product-add-to-cart\"><a href=\"?add-to-cart=423\" aria-label=\"Ajouter au panier\u00a0: &ldquo;Passerelle permis A2 vers A&rdquo;\" data-quantity=\"1\" data-product_id=\"423\" data-product_sku=\"\" data-price=\"263\" rel=\"nofollow\" class=\"wp-block-button__link  add_to_cart_button ajax_add_to_cart\">Ajouter au panier<\/a><\/div>\n\t\t\t<\/li><li class=\"wc-block-grid__product\">\n\t\t\t\t<a href=\"https:\/\/de-vv.com\/tcm\/produit\/formation-125-cm3\/\" class=\"wc-block-grid__product-link\">\n\t\t\t\t\t\n\t\t\t\t\t<div class=\"wc-block-grid__product-image\"><img loading=\"lazy\" decoding=\"async\" width=\"300\" height=\"300\" src=\"https:\/\/de-vv.com\/tcm\/wp-content\/uploads\/2025\/04\/Permis-moto-A2-Auto-ecole-TCM-1-300x300.png\" class=\"attachment-woocommerce_thumbnail size-woocommerce_thumbnail\" alt=\"Permis moto A2 - Auto-\u00e9cole TCM\" srcset=\"https:\/\/de-vv.com\/tcm\/wp-content\/uploads\/2025\/04\/Permis-moto-A2-Auto-ecole-TCM-1-300x300.png 300w, https:\/\/de-vv.com\/tcm\/wp-content\/uploads\/2025\/04\/Permis-moto-A2-Auto-ecole-TCM-1-150x150.png 150w, https:\/\/de-vv.com\/tcm\/wp-content\/uploads\/2025\/04\/Permis-moto-A2-Auto-ecole-TCM-1-140x140.png 140w, https:\/\/de-vv.com\/tcm\/wp-content\/uploads\/2025\/04\/Permis-moto-A2-Auto-ecole-TCM-1-100x100.png 100w, https:\/\/de-vv.com\/tcm\/wp-content\/uploads\/2025\/04\/Permis-moto-A2-Auto-ecole-TCM-1-500x500.png 500w, https:\/\/de-vv.com\/tcm\/wp-content\/uploads\/2025\/04\/Permis-moto-A2-Auto-ecole-TCM-1-350x350.png 350w\" sizes=\"auto, (max-width: 300px) 100vw, 300px\" \/><\/div>\n\t\t\t\t\t<div class=\"wc-block-grid__product-title\">Formation 125 cm3<\/div>\n\t\t\t\t<\/a>\n\t\t\t\t<div class=\"wc-block-grid__product-price price\"><span class=\"woocommerce-Price-amount amount\">240,00&nbsp;<span class=\"woocommerce-Price-currencySymbol\">&euro;<\/span><\/span><\/div>\n\t\t\t\t\n\t\t\t\t<div class=\"wp-block-button wc-block-grid__product-add-to-cart\"><a href=\"?add-to-cart=422\" aria-label=\"Ajouter au panier\u00a0: &ldquo;Formation 125 cm3&rdquo;\" data-quantity=\"1\" data-product_id=\"422\" data-product_sku=\"\" data-price=\"240\" rel=\"nofollow\" class=\"wp-block-button__link  add_to_cart_button ajax_add_to_cart\">Ajouter au panier<\/a><\/div>\n\t\t\t<\/li><li class=\"wc-block-grid__product\">\n\t\t\t\t<a href=\"https:\/\/de-vv.com\/tcm\/produit\/permis-am-scooter\/\" class=\"wc-block-grid__product-link\">\n\t\t\t\t\t\n\t\t\t\t\t<div class=\"wc-block-grid__product-image\"><img loading=\"lazy\" decoding=\"async\" width=\"300\" height=\"300\" src=\"https:\/\/de-vv.com\/tcm\/wp-content\/uploads\/2025\/04\/Permis-AM-scooter-Auto-ecole-TCM-1-300x300.png\" class=\"attachment-woocommerce_thumbnail size-woocommerce_thumbnail\" alt=\"Permis AM scooter - Auto-\u00e9cole TCM\" srcset=\"https:\/\/de-vv.com\/tcm\/wp-content\/uploads\/2025\/04\/Permis-AM-scooter-Auto-ecole-TCM-1-300x300.png 300w, https:\/\/de-vv.com\/tcm\/wp-content\/uploads\/2025\/04\/Permis-AM-scooter-Auto-ecole-TCM-1-150x150.png 150w, https:\/\/de-vv.com\/tcm\/wp-content\/uploads\/2025\/04\/Permis-AM-scooter-Auto-ecole-TCM-1-140x140.png 140w, https:\/\/de-vv.com\/tcm\/wp-content\/uploads\/2025\/04\/Permis-AM-scooter-Auto-ecole-TCM-1-100x100.png 100w, https:\/\/de-vv.com\/tcm\/wp-content\/uploads\/2025\/04\/Permis-AM-scooter-Auto-ecole-TCM-1-500x500.png 500w, https:\/\/de-vv.com\/tcm\/wp-content\/uploads\/2025\/04\/Permis-AM-scooter-Auto-ecole-TCM-1-350x350.png 350w\" sizes=\"auto, (max-width: 300px) 100vw, 300px\" \/><\/div>\n\t\t\t\t\t<div class=\"wc-block-grid__product-title\">Permis AM scooter<\/div>\n\t\t\t\t<\/a>\n\t\t\t\t<div class=\"wc-block-grid__product-price price\"><span class=\"woocommerce-Price-amount amount\">253,00&nbsp;<span class=\"woocommerce-Price-currencySymbol\">&euro;<\/span><\/span><\/div>\n\t\t\t\t\n\t\t\t\t<div class=\"wp-block-button wc-block-grid__product-add-to-cart\"><a href=\"?add-to-cart=421\" aria-label=\"Ajouter au panier\u00a0: &ldquo;Permis AM scooter&rdquo;\" data-quantity=\"1\" data-product_id=\"421\" data-product_sku=\"\" data-price=\"253\" rel=\"nofollow\" class=\"wp-block-button__link  add_to_cart_button ajax_add_to_cart\">Ajouter au panier<\/a><\/div>\n\t\t\t<\/li><li class=\"wc-block-grid__product\">\n\t\t\t\t<a href=\"https:\/\/de-vv.com\/tcm\/produit\/formation-b96-remorque\/\" class=\"wc-block-grid__product-link\">\n\t\t\t\t\t\n\t\t\t\t\t<div class=\"wc-block-grid__product-image\"><img loading=\"lazy\" decoding=\"async\" width=\"300\" height=\"300\" src=\"https:\/\/de-vv.com\/tcm\/wp-content\/uploads\/2025\/04\/Permis-remorque-Auto-ecole-TCM-1-300x300.png\" class=\"attachment-woocommerce_thumbnail size-woocommerce_thumbnail\" alt=\"Permis remorque Formation B96 - Auto-\u00e9cole TCM\" srcset=\"https:\/\/de-vv.com\/tcm\/wp-content\/uploads\/2025\/04\/Permis-remorque-Auto-ecole-TCM-1-300x300.png 300w, https:\/\/de-vv.com\/tcm\/wp-content\/uploads\/2025\/04\/Permis-remorque-Auto-ecole-TCM-1-150x150.png 150w, https:\/\/de-vv.com\/tcm\/wp-content\/uploads\/2025\/04\/Permis-remorque-Auto-ecole-TCM-1-140x140.png 140w, https:\/\/de-vv.com\/tcm\/wp-content\/uploads\/2025\/04\/Permis-remorque-Auto-ecole-TCM-1-100x100.png 100w, https:\/\/de-vv.com\/tcm\/wp-content\/uploads\/2025\/04\/Permis-remorque-Auto-ecole-TCM-1-500x500.png 500w, https:\/\/de-vv.com\/tcm\/wp-content\/uploads\/2025\/04\/Permis-remorque-Auto-ecole-TCM-1-350x350.png 350w\" sizes=\"auto, (max-width: 300px) 100vw, 300px\" \/><\/div>\n\t\t\t\t\t<div class=\"wc-block-grid__product-title\">Formation B96 remorque<\/div>\n\t\t\t\t<\/a>\n\t\t\t\t<div class=\"wc-block-grid__product-price price\"><span class=\"woocommerce-Price-amount amount\">350,00&nbsp;<span class=\"woocommerce-Price-currencySymbol\">&euro;<\/span><\/span><\/div>\n\t\t\t\t\n\t\t\t\t<div class=\"wp-block-button wc-block-grid__product-add-to-cart\"><a href=\"?add-to-cart=420\" aria-label=\"Ajouter au panier\u00a0: &ldquo;Formation B96 remorque&rdquo;\" data-quantity=\"1\" data-product_id=\"420\" data-product_sku=\"\" data-price=\"350\" rel=\"nofollow\" class=\"wp-block-button__link  add_to_cart_button ajax_add_to_cart\">Ajouter au panier<\/a><\/div>\n\t\t\t<\/li><\/ul><\/div><\/div><\/div>","protected":false},"excerpt":{"rendered":"\u00c7a peut vous int\u00e9resser... Votre panier est actuellement vide\u00a0! Nouveau dans la boutique","protected":false},"author":1,"featured_media":0,"parent":0,"menu_order":0,"comment_status":"closed","ping_status":"closed","template":"","meta":{"footnotes":""},"class_list":["post-285","page","type-page","status-publish"],"yoast_head":"<!-- This site is optimized with the Yoast SEO plugin v27.4 - https:\/\/yoast.com\/product\/yoast-seo-wordpress\/ -->\n<title>Panier - Auto-\u00e9cole TCM<\/title>\n<meta name=\"robots\" content=\"noindex, follow, max-snippet:-1, max-image-preview:large, max-video-preview:-1\" \/>\n<meta property=\"og:locale\" content=\"fr_FR\" \/>\n<meta property=\"og:type\" content=\"article\" \/>\n<meta property=\"og:title\" content=\"Panier - Auto-\u00e9cole TCM\" \/>\n<meta property=\"og:url\" content=\"https:\/\/de-vv.com\/tcm\/panier\/\" \/>\n<meta property=\"og:site_name\" content=\"Auto-\u00e9cole TCM\" \/>\n<meta name=\"twitter:card\" content=\"summary_large_image\" \/>\n<script type=\"application\/ld+json\" class=\"yoast-schema-graph\">{\"@context\":\"https:\\\/\\\/schema.org\",\"@graph\":[{\"@type\":\"WebPage\",\"@id\":\"https:\\\/\\\/de-vv.com\\\/tcm\\\/panier\\\/\",\"url\":\"https:\\\/\\\/de-vv.com\\\/tcm\\\/panier\\\/\",\"name\":\"Panier - Auto-\u00e9cole TCM\",\"isPartOf\":{\"@id\":\"https:\\\/\\\/de-vv.com\\\/tcm\\\/#website\"},\"datePublished\":\"2025-04-26T07:54:28+00:00\",\"breadcrumb\":{\"@id\":\"https:\\\/\\\/de-vv.com\\\/tcm\\\/panier\\\/#breadcrumb\"},\"inLanguage\":\"fr-FR\",\"potentialAction\":[{\"@type\":\"ReadAction\",\"target\":[\"https:\\\/\\\/de-vv.com\\\/tcm\\\/panier\\\/\"]}]},{\"@type\":\"BreadcrumbList\",\"@id\":\"https:\\\/\\\/de-vv.com\\\/tcm\\\/panier\\\/#breadcrumb\",\"itemListElement\":[{\"@type\":\"ListItem\",\"position\":1,\"name\":\"Accueil\",\"item\":\"https:\\\/\\\/de-vv.com\\\/tcm\\\/\"},{\"@type\":\"ListItem\",\"position\":2,\"name\":\"Panier\"}]},{\"@type\":\"WebSite\",\"@id\":\"https:\\\/\\\/de-vv.com\\\/tcm\\\/#website\",\"url\":\"https:\\\/\\\/de-vv.com\\\/tcm\\\/\",\"name\":\"Auto-\u00e9cole TCM\",\"description\":\"Premi\u00e8re auto-\u00e9cole de l&#039;Ain (01)\",\"potentialAction\":[{\"@type\":\"SearchAction\",\"target\":{\"@type\":\"EntryPoint\",\"urlTemplate\":\"https:\\\/\\\/de-vv.com\\\/tcm\\\/?s={search_term_string}\"},\"query-input\":{\"@type\":\"PropertyValueSpecification\",\"valueRequired\":true,\"valueName\":\"search_term_string\"}}],\"inLanguage\":\"fr-FR\"}]}<\/script>\n<!-- \/ Yoast SEO plugin. -->","yoast_head_json":{"title":"Panier - Auto-\u00e9cole TCM","robots":{"index":"noindex","follow":"follow","max-snippet":"max-snippet:-1","max-image-preview":"max-image-preview:large","max-video-preview":"max-video-preview:-1"},"og_locale":"fr_FR","og_type":"article","og_title":"Panier - Auto-\u00e9cole TCM","og_url":"https:\/\/de-vv.com\/tcm\/panier\/","og_site_name":"Auto-\u00e9cole TCM","twitter_card":"summary_large_image","schema":{"@context":"https:\/\/schema.org","@graph":[{"@type":"WebPage","@id":"https:\/\/de-vv.com\/tcm\/panier\/","url":"https:\/\/de-vv.com\/tcm\/panier\/","name":"Panier - Auto-\u00e9cole TCM","isPartOf":{"@id":"https:\/\/de-vv.com\/tcm\/#website"},"datePublished":"2025-04-26T07:54:28+00:00","breadcrumb":{"@id":"https:\/\/de-vv.com\/tcm\/panier\/#breadcrumb"},"inLanguage":"fr-FR","potentialAction":[{"@type":"ReadAction","target":["https:\/\/de-vv.com\/tcm\/panier\/"]}]},{"@type":"BreadcrumbList","@id":"https:\/\/de-vv.com\/tcm\/panier\/#breadcrumb","itemListElement":[{"@type":"ListItem","position":1,"name":"Accueil","item":"https:\/\/de-vv.com\/tcm\/"},{"@type":"ListItem","position":2,"name":"Panier"}]},{"@type":"WebSite","@id":"https:\/\/de-vv.com\/tcm\/#website","url":"https:\/\/de-vv.com\/tcm\/","name":"Auto-\u00e9cole TCM","description":"Premi\u00e8re auto-\u00e9cole de l&#039;Ain (01)","potentialAction":[{"@type":"SearchAction","target":{"@type":"EntryPoint","urlTemplate":"https:\/\/de-vv.com\/tcm\/?s={search_term_string}"},"query-input":{"@type":"PropertyValueSpecification","valueRequired":true,"valueName":"search_term_string"}}],"inLanguage":"fr-FR"}]}},"_links":{"self":[{"href":"https:\/\/de-vv.com\/tcm\/wp-json\/wp\/v2\/pages\/285","targetHints":{"allow":["GET"]}}],"collection":[{"href":"https:\/\/de-vv.com\/tcm\/wp-json\/wp\/v2\/pages"}],"about":[{"href":"https:\/\/de-vv.com\/tcm\/wp-json\/wp\/v2\/types\/page"}],"author":[{"embeddable":true,"href":"https:\/\/de-vv.com\/tcm\/wp-json\/wp\/v2\/users\/1"}],"replies":[{"embeddable":true,"href":"https:\/\/de-vv.com\/tcm\/wp-json\/wp\/v2\/comments?post=285"}],"version-history":[{"count":0,"href":"https:\/\/de-vv.com\/tcm\/wp-json\/wp\/v2\/pages\/285\/revisions"}],"wp:attachment":[{"href":"https:\/\/de-vv.com\/tcm\/wp-json\/wp\/v2\/media?parent=285"}],"curies":[{"name":"wp","href":"https:\/\/api.w.org\/{rel}","templated":true}]}}