{"id":417,"date":"2025-05-04T16:24:20","date_gmt":"2025-05-04T14:24:20","guid":{"rendered":"https:\/\/de-vv.com\/tcm\/?post_type=product&#038;p=417"},"modified":"2025-05-04T16:44:01","modified_gmt":"2025-05-04T14:44:01","slug":"passerelle-bea-vers-b","status":"publish","type":"product","link":"https:\/\/de-vv.com\/tcm\/produit\/passerelle-bea-vers-b\/","title":{"rendered":"Passerelle bo\u00eete automatique vers manuelle"},"content":{"rendered":"","protected":false},"excerpt":{"rendered":"<p>La<strong> passerelle bo\u00eete automatique vers bo\u00eete manuelle <\/strong>permet de lever la mention restrictive B78. Elle s&rsquo;adresses aux personnes titulaires du permis B &#8211; bo\u00eete automatique d\u00e9sireuses de conduire des v\u00e9hicules \u00e9quip\u00e9s d&rsquo;une bo\u00eete manuelle.<\/p>\n<p>L\u2019Auto-\u00e9cole TCM vous propose de passer cette formation de 7 heures dans l\u2019une de ses <a href=\"https:\/\/de-vv.com\/tcm\/agences\/\" target=\"_blank\" rel=\"noopener\">3 agences<\/a> dans l\u2019Ain. Contactez nous pour toute question relative \u00e0 nos forfaits ou \u00e0 nos tarifs.<\/p>\n","protected":false},"featured_media":281,"template":"","meta":[],"product_brand":[],"product_cat":[18],"product_tag":[22,24,20,21],"class_list":{"0":"post-417","1":"product","2":"type-product","3":"status-publish","4":"has-post-thumbnail","6":"product_cat-formation-4-roues","7":"product_tag-4-roues","8":"product_tag-passerelle","9":"product_tag-permis-b","10":"product_tag-permis-voiture","12":"first","13":"instock","14":"taxable","15":"shipping-taxable","16":"purchasable","17":"product-type-simple"},"yoast_head":"<!-- This site is optimized with the Yoast SEO plugin v27.4 - https:\/\/yoast.com\/product\/yoast-seo-wordpress\/ -->\n<title>Passerelle bo\u00eete automatique vers manuelle - Auto-\u00e9cole TCM<\/title>\n<meta name=\"robots\" content=\"noindex, follow, max-snippet:-1, max-image-preview:large, max-video-preview:-1\" \/>\n<meta property=\"og:locale\" content=\"fr_FR\" \/>\n<meta property=\"og:type\" content=\"article\" \/>\n<meta property=\"og:title\" content=\"Passerelle bo\u00eete automatique vers manuelle - Auto-\u00e9cole TCM\" \/>\n<meta property=\"og:description\" content=\"La passerelle bo\u00eete automatique vers bo\u00eete manuelle permet de lever la mention restrictive B78. Elle s&#039;adresses aux personnes titulaires du permis B - bo\u00eete automatique d\u00e9sireuses de conduire des v\u00e9hicules \u00e9quip\u00e9s d&#039;une bo\u00eete manuelle.  L\u2019Auto-\u00e9cole TCM vous propose de passer cette formation de 7 heures dans l\u2019une de ses 3 agences dans l\u2019Ain. Contactez nous pour toute question relative \u00e0 nos forfaits ou \u00e0 nos tarifs.\" \/>\n<meta property=\"og:url\" content=\"https:\/\/de-vv.com\/tcm\/produit\/passerelle-bea-vers-b\/\" \/>\n<meta property=\"og:site_name\" content=\"Auto-\u00e9cole TCM\" \/>\n<meta property=\"article:modified_time\" content=\"2025-05-04T14:44:01+00:00\" \/>\n<meta property=\"og:image\" content=\"https:\/\/de-vv.com\/tcm\/wp-content\/uploads\/2025\/04\/Passerelle-BEA-vers-B-Auto-ecole-TCM-Ain.png\" \/>\n\t<meta property=\"og:image:width\" content=\"723\" \/>\n\t<meta property=\"og:image:height\" content=\"500\" \/>\n\t<meta property=\"og:image:type\" content=\"image\/png\" \/>\n<meta name=\"twitter:card\" content=\"summary_large_image\" \/>\n<meta name=\"twitter:label1\" content=\"Dur\u00e9e de lecture estim\u00e9e\" \/>\n\t<meta name=\"twitter:data1\" content=\"1 minute\" \/>\n<script type=\"application\/ld+json\" class=\"yoast-schema-graph\">{\"@context\":\"https:\\\/\\\/schema.org\",\"@graph\":[{\"@type\":\"WebPage\",\"@id\":\"https:\\\/\\\/de-vv.com\\\/tcm\\\/produit\\\/passerelle-bea-vers-b\\\/\",\"url\":\"https:\\\/\\\/de-vv.com\\\/tcm\\\/produit\\\/passerelle-bea-vers-b\\\/\",\"name\":\"Passerelle bo\u00eete automatique vers manuelle - Auto-\u00e9cole TCM\",\"isPartOf\":{\"@id\":\"https:\\\/\\\/de-vv.com\\\/tcm\\\/#website\"},\"primaryImageOfPage\":{\"@id\":\"https:\\\/\\\/de-vv.com\\\/tcm\\\/produit\\\/passerelle-bea-vers-b\\\/#primaryimage\"},\"image\":{\"@id\":\"https:\\\/\\\/de-vv.com\\\/tcm\\\/produit\\\/passerelle-bea-vers-b\\\/#primaryimage\"},\"thumbnailUrl\":\"https:\\\/\\\/de-vv.com\\\/tcm\\\/wp-content\\\/uploads\\\/2025\\\/04\\\/Passerelle-BEA-vers-B-Auto-ecole-TCM-Ain.png\",\"datePublished\":\"2025-05-04T14:24:20+00:00\",\"dateModified\":\"2025-05-04T14:44:01+00:00\",\"breadcrumb\":{\"@id\":\"https:\\\/\\\/de-vv.com\\\/tcm\\\/produit\\\/passerelle-bea-vers-b\\\/#breadcrumb\"},\"inLanguage\":\"fr-FR\",\"potentialAction\":[{\"@type\":\"ReadAction\",\"target\":[\"https:\\\/\\\/de-vv.com\\\/tcm\\\/produit\\\/passerelle-bea-vers-b\\\/\"]}]},{\"@type\":\"ImageObject\",\"inLanguage\":\"fr-FR\",\"@id\":\"https:\\\/\\\/de-vv.com\\\/tcm\\\/produit\\\/passerelle-bea-vers-b\\\/#primaryimage\",\"url\":\"https:\\\/\\\/de-vv.com\\\/tcm\\\/wp-content\\\/uploads\\\/2025\\\/04\\\/Passerelle-BEA-vers-B-Auto-ecole-TCM-Ain.png\",\"contentUrl\":\"https:\\\/\\\/de-vv.com\\\/tcm\\\/wp-content\\\/uploads\\\/2025\\\/04\\\/Passerelle-BEA-vers-B-Auto-ecole-TCM-Ain.png\",\"width\":723,\"height\":500,\"caption\":\"Passerelle-BEA-vers-B- Auto-\u00e9cole TCM Ain\"},{\"@type\":\"BreadcrumbList\",\"@id\":\"https:\\\/\\\/de-vv.com\\\/tcm\\\/produit\\\/passerelle-bea-vers-b\\\/#breadcrumb\",\"itemListElement\":[{\"@type\":\"ListItem\",\"position\":1,\"name\":\"Accueil\",\"item\":\"https:\\\/\\\/de-vv.com\\\/tcm\\\/\"},{\"@type\":\"ListItem\",\"position\":2,\"name\":\"Boutique\",\"item\":\"https:\\\/\\\/de-vv.com\\\/tcm\\\/boutique\\\/\"},{\"@type\":\"ListItem\",\"position\":3,\"name\":\"Passerelle bo\u00eete automatique vers manuelle\"}]},{\"@type\":\"WebSite\",\"@id\":\"https:\\\/\\\/de-vv.com\\\/tcm\\\/#website\",\"url\":\"https:\\\/\\\/de-vv.com\\\/tcm\\\/\",\"name\":\"Auto-\u00e9cole TCM\",\"description\":\"Premi\u00e8re auto-\u00e9cole de l&#039;Ain (01)\",\"potentialAction\":[{\"@type\":\"SearchAction\",\"target\":{\"@type\":\"EntryPoint\",\"urlTemplate\":\"https:\\\/\\\/de-vv.com\\\/tcm\\\/?s={search_term_string}\"},\"query-input\":{\"@type\":\"PropertyValueSpecification\",\"valueRequired\":true,\"valueName\":\"search_term_string\"}}],\"inLanguage\":\"fr-FR\"}]}<\/script>\n<!-- \/ Yoast SEO plugin. -->","yoast_head_json":{"title":"Passerelle bo\u00eete automatique vers manuelle - Auto-\u00e9cole TCM","robots":{"index":"noindex","follow":"follow","max-snippet":"max-snippet:-1","max-image-preview":"max-image-preview:large","max-video-preview":"max-video-preview:-1"},"og_locale":"fr_FR","og_type":"article","og_title":"Passerelle bo\u00eete automatique vers manuelle - Auto-\u00e9cole TCM","og_description":"La passerelle bo\u00eete automatique vers bo\u00eete manuelle permet de lever la mention restrictive B78. Elle s'adresses aux personnes titulaires du permis B - bo\u00eete automatique d\u00e9sireuses de conduire des v\u00e9hicules \u00e9quip\u00e9s d'une bo\u00eete manuelle.  L\u2019Auto-\u00e9cole TCM vous propose de passer cette formation de 7 heures dans l\u2019une de ses 3 agences dans l\u2019Ain. Contactez nous pour toute question relative \u00e0 nos forfaits ou \u00e0 nos tarifs.","og_url":"https:\/\/de-vv.com\/tcm\/produit\/passerelle-bea-vers-b\/","og_site_name":"Auto-\u00e9cole TCM","article_modified_time":"2025-05-04T14:44:01+00:00","og_image":[{"width":723,"height":500,"url":"https:\/\/de-vv.com\/tcm\/wp-content\/uploads\/2025\/04\/Passerelle-BEA-vers-B-Auto-ecole-TCM-Ain.png","type":"image\/png"}],"twitter_card":"summary_large_image","twitter_misc":{"Dur\u00e9e de lecture estim\u00e9e":"1 minute"},"schema":{"@context":"https:\/\/schema.org","@graph":[{"@type":"WebPage","@id":"https:\/\/de-vv.com\/tcm\/produit\/passerelle-bea-vers-b\/","url":"https:\/\/de-vv.com\/tcm\/produit\/passerelle-bea-vers-b\/","name":"Passerelle bo\u00eete automatique vers manuelle - Auto-\u00e9cole TCM","isPartOf":{"@id":"https:\/\/de-vv.com\/tcm\/#website"},"primaryImageOfPage":{"@id":"https:\/\/de-vv.com\/tcm\/produit\/passerelle-bea-vers-b\/#primaryimage"},"image":{"@id":"https:\/\/de-vv.com\/tcm\/produit\/passerelle-bea-vers-b\/#primaryimage"},"thumbnailUrl":"https:\/\/de-vv.com\/tcm\/wp-content\/uploads\/2025\/04\/Passerelle-BEA-vers-B-Auto-ecole-TCM-Ain.png","datePublished":"2025-05-04T14:24:20+00:00","dateModified":"2025-05-04T14:44:01+00:00","breadcrumb":{"@id":"https:\/\/de-vv.com\/tcm\/produit\/passerelle-bea-vers-b\/#breadcrumb"},"inLanguage":"fr-FR","potentialAction":[{"@type":"ReadAction","target":["https:\/\/de-vv.com\/tcm\/produit\/passerelle-bea-vers-b\/"]}]},{"@type":"ImageObject","inLanguage":"fr-FR","@id":"https:\/\/de-vv.com\/tcm\/produit\/passerelle-bea-vers-b\/#primaryimage","url":"https:\/\/de-vv.com\/tcm\/wp-content\/uploads\/2025\/04\/Passerelle-BEA-vers-B-Auto-ecole-TCM-Ain.png","contentUrl":"https:\/\/de-vv.com\/tcm\/wp-content\/uploads\/2025\/04\/Passerelle-BEA-vers-B-Auto-ecole-TCM-Ain.png","width":723,"height":500,"caption":"Passerelle-BEA-vers-B- Auto-\u00e9cole TCM Ain"},{"@type":"BreadcrumbList","@id":"https:\/\/de-vv.com\/tcm\/produit\/passerelle-bea-vers-b\/#breadcrumb","itemListElement":[{"@type":"ListItem","position":1,"name":"Accueil","item":"https:\/\/de-vv.com\/tcm\/"},{"@type":"ListItem","position":2,"name":"Boutique","item":"https:\/\/de-vv.com\/tcm\/boutique\/"},{"@type":"ListItem","position":3,"name":"Passerelle bo\u00eete automatique vers manuelle"}]},{"@type":"WebSite","@id":"https:\/\/de-vv.com\/tcm\/#website","url":"https:\/\/de-vv.com\/tcm\/","name":"Auto-\u00e9cole TCM","description":"Premi\u00e8re auto-\u00e9cole de l&#039;Ain (01)","potentialAction":[{"@type":"SearchAction","target":{"@type":"EntryPoint","urlTemplate":"https:\/\/de-vv.com\/tcm\/?s={search_term_string}"},"query-input":{"@type":"PropertyValueSpecification","valueRequired":true,"valueName":"search_term_string"}}],"inLanguage":"fr-FR"}]}},"_links":{"self":[{"href":"https:\/\/de-vv.com\/tcm\/wp-json\/wp\/v2\/product\/417","targetHints":{"allow":["GET"]}}],"collection":[{"href":"https:\/\/de-vv.com\/tcm\/wp-json\/wp\/v2\/product"}],"about":[{"href":"https:\/\/de-vv.com\/tcm\/wp-json\/wp\/v2\/types\/product"}],"wp:featuredmedia":[{"embeddable":true,"href":"https:\/\/de-vv.com\/tcm\/wp-json\/wp\/v2\/media\/281"}],"wp:attachment":[{"href":"https:\/\/de-vv.com\/tcm\/wp-json\/wp\/v2\/media?parent=417"}],"wp:term":[{"taxonomy":"product_brand","embeddable":true,"href":"https:\/\/de-vv.com\/tcm\/wp-json\/wp\/v2\/product_brand?post=417"},{"taxonomy":"product_cat","embeddable":true,"href":"https:\/\/de-vv.com\/tcm\/wp-json\/wp\/v2\/product_cat?post=417"},{"taxonomy":"product_tag","embeddable":true,"href":"https:\/\/de-vv.com\/tcm\/wp-json\/wp\/v2\/product_tag?post=417"}],"curies":[{"name":"wp","href":"https:\/\/api.w.org\/{rel}","templated":true}]}}