{"id":161,"date":"2022-07-03T14:05:24","date_gmt":"2022-07-03T12:05:24","guid":{"rendered":"https:\/\/de-vv.com\/touschemins\/?page_id=161"},"modified":"2022-08-16T18:34:55","modified_gmt":"2022-08-16T16:34:55","slug":"passerelle-bea-vers-b","status":"publish","type":"page","link":"https:\/\/de-vv.com\/touschemins\/passerelle-bea-vers-b\/","title":{"rendered":"Passerelle BEA vers B"},"content":{"rendered":"[vc_row type=\u00a0\u00bbin_container\u00a0\u00bb full_screen_row_position=\u00a0\u00bbmiddle\u00a0\u00bb column_margin=\u00a0\u00bbdefault\u00a0\u00bb scene_position=\u00a0\u00bbcenter\u00a0\u00bb text_color=\u00a0\u00bbdark\u00a0\u00bb text_align=\u00a0\u00bbleft\u00a0\u00bb overlay_strength=\u00a0\u00bb0.3&Prime; shape_divider_position=\u00a0\u00bbbottom\u00a0\u00bb bg_image_animation=\u00a0\u00bbnone\u00a0\u00bb][vc_column column_padding=\u00a0\u00bbno-extra-padding\u00a0\u00bb column_padding_position=\u00a0\u00bball\u00a0\u00bb background_color_opacity=\u00a0\u00bb1&Prime; background_hover_color_opacity=\u00a0\u00bb1&Prime; column_link_target=\u00a0\u00bb_self\u00a0\u00bb column_shadow=\u00a0\u00bbnone\u00a0\u00bb column_border_radius=\u00a0\u00bbnone\u00a0\u00bb width=\u00a0\u00bb1\/1&Prime; tablet_width_inherit=\u00a0\u00bbdefault\u00a0\u00bb tablet_text_alignment=\u00a0\u00bbdefault\u00a0\u00bb phone_text_alignment=\u00a0\u00bbdefault\u00a0\u00bb overlay_strength=\u00a0\u00bb0.3&Prime; column_border_width=\u00a0\u00bbnone\u00a0\u00bb column_border_style=\u00a0\u00bbsolid\u00a0\u00bb bg_image_animation=\u00a0\u00bbnone\u00a0\u00bb][vc_column_text]\n<h1 style=\"text-align: center;\">Formation passerelle bo\u00eete automatique vers bo\u00eete manuelle<\/h1>\n<p>&nbsp;<\/p>\n<p><strong>Apr\u00e8s avoir obtenu le permis pour bo\u00eete \u00e0 vitesse automatique (BVA), les conducteurs pourront effectuer une formation suppl\u00e9mentaire de 7h en auto-\u00e9cole pour obtenir le droit de conduire une voiture \u00e0 bo\u00eete m\u00e9canique sans repasser devant un inspecteur du permis de conduire.<\/strong><\/p>\n<p><strong>Cette formation ne pourra se faire que 3 mois apr\u00e8s l\u2019obtention du permis sur BVA.<\/strong><\/p>\n<h4>OBJECTIF DE CETTE FORMATION:<\/h4>\n<p><strong>Structure et contenu de la formation<\/strong><\/p>\n<p>Cette formation est pratique, mais des apports th\u00e9oriques indispensables sont d\u00e9livr\u00e9s par l\u2019enseignant, \u00e0 bord du v\u00e9hicule. Elle comprend deux s\u00e9quences:<\/p>\n<p><strong>S\u00e9quence 1\u00a0<\/strong>:\u00a0dur\u00e9e de 2 heures. Dans un trafic nul ou faible, l\u2019\u00e9l\u00e8ve doit acqu\u00e9rir les connaissances et les comp\u00e9tences suivantes:<\/p>\n<p>\u2013 comprendre le principe du point de patinage de l\u2019embrayage et assurer sa mise en oeuvre;<\/p>\n<p>\u2013 \u00eatre en capacit\u00e9 de r\u00e9aliser un d\u00e9marrage en c\u00f4te en toute s\u00e9curit\u00e9. Une partie de cette s\u00e9quence, limit\u00e9e \u00e0 une heure, peut \u00eatre r\u00e9alis\u00e9e sur simulateur, notamment pour apprendre \u00e0 utiliser la bo\u00eete de vitesses manuelle.<\/p>\n<p><strong>S\u00e9quence 2<\/strong>\u00a0: dur\u00e9e de 5 heures. Cette s\u00e9quence se d\u00e9roule dans des conditions de circulation vari\u00e9es, simples et complexes. Elle permet l\u2019acquisition des comp\u00e9tences suivantes:<\/p>\n<p>\u2013 savoir utiliser la bo\u00eete de vitesses manuelle de fa\u00e7on rationnelle et en toute s\u00e9curit\u00e9 dans les conditions de circulation pr\u00e9cit\u00e9es et adopter les techniques de l\u2019\u00e9co-conduite;<\/p>\n<p>\u2013 \u00eatre en capacit\u00e9 de diriger le v\u00e9hicule en adaptant l\u2019allure et la trajectoire \u00e0 l\u2019environnement et aux conditions de circulation.<\/p>\n<p><strong>A l&rsquo;issu de cette formation, le conducteur doit \u00eatre dans la capacit\u00e9 d&rsquo;utiliser, en s\u00e9curit\u00e9, un v\u00e9hicule muni d&rsquo;un changement de vitesse manuel de fa\u00e7on simultan\u00e9e avec les autres t\u00e2ches de conduite.<\/strong><\/p>\n<p><strong>Attention, seules les \u00e9coles labellis\u00e9es \u00ab \u00c9cole de conduite de qualit\u00e9 \u00bb peuvent proposer cette formation.<\/strong>[\/vc_column_text][\/vc_column][\/vc_row]\n","protected":false},"excerpt":{"rendered":"<p>[vc_row type=\u00a0\u00bbin_container\u00a0\u00bb full_screen_row_position=\u00a0\u00bbmiddle\u00a0\u00bb column_margin=\u00a0\u00bbdefault\u00a0\u00bb scene_position=\u00a0\u00bbcenter\u00a0\u00bb text_color=\u00a0\u00bbdark\u00a0\u00bb text_align=\u00a0\u00bbleft\u00a0\u00bb overlay_strength=\u00a0\u00bb0.3&Prime; shape_divider_position=\u00a0\u00bbbottom\u00a0\u00bb bg_image_animation=\u00a0\u00bbnone\u00a0\u00bb][vc_column column_padding=\u00a0\u00bbno-extra-padding\u00a0\u00bb column_padding_position=\u00a0\u00bball\u00a0\u00bb background_color_opacity=\u00a0\u00bb1&Prime; background_hover_color_opacity=\u00a0\u00bb1&Prime; column_link_target=\u00a0\u00bb_self\u00a0\u00bb column_shadow=\u00a0\u00bbnone\u00a0\u00bb column_border_radius=\u00a0\u00bbnone\u00a0\u00bb width=\u00a0\u00bb1\/1&Prime; tablet_width_inherit=\u00a0\u00bbdefault\u00a0\u00bb tablet_text_alignment=\u00a0\u00bbdefault\u00a0\u00bb phone_text_alignment=\u00a0\u00bbdefault\u00a0\u00bb overlay_strength=\u00a0\u00bb0.3&Prime; column_border_width=\u00a0\u00bbnone\u00a0\u00bb column_border_style=\u00a0\u00bbsolid\u00a0\u00bb bg_image_animation=\u00a0\u00bbnone\u00a0\u00bb][vc_column_text] Formation passerelle bo\u00eete automatique vers&#8230;<\/p>\n","protected":false},"author":1,"featured_media":0,"parent":0,"menu_order":0,"comment_status":"closed","ping_status":"closed","template":"","meta":[],"yoast_head":"<!-- This site is optimized with the Yoast SEO plugin v19.5.1 - https:\/\/yoast.com\/wordpress\/plugins\/seo\/ -->\n<title>Passerelle BEA vers B - Auto-\u00e9cole Tous Chemins<\/title>\n<meta name=\"robots\" content=\"noindex, follow, max-snippet:-1, max-image-preview:large, max-video-preview:-1\" \/>\n<meta property=\"og:locale\" content=\"fr_FR\" \/>\n<meta property=\"og:type\" content=\"article\" \/>\n<meta property=\"og:title\" content=\"Passerelle BEA vers B - Auto-\u00e9cole Tous Chemins\" \/>\n<meta property=\"og:description\" content=\"[vc_row type=\u00a0\u00bbin_container\u00a0\u00bb full_screen_row_position=\u00a0\u00bbmiddle\u00a0\u00bb column_margin=\u00a0\u00bbdefault\u00a0\u00bb scene_position=\u00a0\u00bbcenter\u00a0\u00bb text_color=\u00a0\u00bbdark\u00a0\u00bb text_align=\u00a0\u00bbleft\u00a0\u00bb overlay_strength=\u00a0\u00bb0.3&Prime; shape_divider_position=\u00a0\u00bbbottom\u00a0\u00bb bg_image_animation=\u00a0\u00bbnone\u00a0\u00bb][vc_column column_padding=\u00a0\u00bbno-extra-padding\u00a0\u00bb column_padding_position=\u00a0\u00bball\u00a0\u00bb background_color_opacity=\u00a0\u00bb1&Prime; background_hover_color_opacity=\u00a0\u00bb1&Prime; column_link_target=\u00a0\u00bb_self\u00a0\u00bb column_shadow=\u00a0\u00bbnone\u00a0\u00bb column_border_radius=\u00a0\u00bbnone\u00a0\u00bb width=\u00a0\u00bb1\/1&Prime; tablet_width_inherit=\u00a0\u00bbdefault\u00a0\u00bb tablet_text_alignment=\u00a0\u00bbdefault\u00a0\u00bb phone_text_alignment=\u00a0\u00bbdefault\u00a0\u00bb overlay_strength=\u00a0\u00bb0.3&Prime; column_border_width=\u00a0\u00bbnone\u00a0\u00bb column_border_style=\u00a0\u00bbsolid\u00a0\u00bb bg_image_animation=\u00a0\u00bbnone\u00a0\u00bb][vc_column_text] Formation passerelle bo\u00eete automatique vers...\" \/>\n<meta property=\"og:url\" content=\"https:\/\/de-vv.com\/touschemins\/passerelle-bea-vers-b\/\" \/>\n<meta property=\"og:site_name\" content=\"Auto-\u00e9cole Tous Chemins\" \/>\n<meta property=\"article:modified_time\" content=\"2022-08-16T16:34:55+00:00\" \/>\n<meta name=\"twitter:card\" content=\"summary_large_image\" \/>\n<meta name=\"twitter:label1\" content=\"Dur\u00e9e de lecture estim\u00e9e\" \/>\n\t<meta name=\"twitter:data1\" content=\"2 minutes\" \/>\n<script type=\"application\/ld+json\" class=\"yoast-schema-graph\">{\"@context\":\"https:\/\/schema.org\",\"@graph\":[{\"@type\":\"WebPage\",\"@id\":\"https:\/\/de-vv.com\/touschemins\/passerelle-bea-vers-b\/\",\"url\":\"https:\/\/de-vv.com\/touschemins\/passerelle-bea-vers-b\/\",\"name\":\"Passerelle BEA vers B - Auto-\u00e9cole Tous Chemins\",\"isPartOf\":{\"@id\":\"https:\/\/de-vv.com\/touschemins\/#website\"},\"datePublished\":\"2022-07-03T12:05:24+00:00\",\"dateModified\":\"2022-08-16T16:34:55+00:00\",\"breadcrumb\":{\"@id\":\"https:\/\/de-vv.com\/touschemins\/passerelle-bea-vers-b\/#breadcrumb\"},\"inLanguage\":\"fr-FR\",\"potentialAction\":[{\"@type\":\"ReadAction\",\"target\":[\"https:\/\/de-vv.com\/touschemins\/passerelle-bea-vers-b\/\"]}]},{\"@type\":\"BreadcrumbList\",\"@id\":\"https:\/\/de-vv.com\/touschemins\/passerelle-bea-vers-b\/#breadcrumb\",\"itemListElement\":[{\"@type\":\"ListItem\",\"position\":1,\"name\":\"Accueil\",\"item\":\"https:\/\/de-vv.com\/touschemins\/\"},{\"@type\":\"ListItem\",\"position\":2,\"name\":\"Passerelle BEA vers B\"}]},{\"@type\":\"WebSite\",\"@id\":\"https:\/\/de-vv.com\/touschemins\/#website\",\"url\":\"https:\/\/de-vv.com\/touschemins\/\",\"name\":\"Auto-\u00e9cole Tous Chemins\",\"description\":\"Votre auto-moto-\u00e9cole au Raincy\",\"potentialAction\":[{\"@type\":\"SearchAction\",\"target\":{\"@type\":\"EntryPoint\",\"urlTemplate\":\"https:\/\/de-vv.com\/touschemins\/?s={search_term_string}\"},\"query-input\":\"required name=search_term_string\"}],\"inLanguage\":\"fr-FR\"}]}<\/script>\n<!-- \/ Yoast SEO plugin. -->","yoast_head_json":{"title":"Passerelle BEA vers B - Auto-\u00e9cole Tous Chemins","robots":{"index":"noindex","follow":"follow","max-snippet":"max-snippet:-1","max-image-preview":"max-image-preview:large","max-video-preview":"max-video-preview:-1"},"og_locale":"fr_FR","og_type":"article","og_title":"Passerelle BEA vers B - Auto-\u00e9cole Tous Chemins","og_description":"[vc_row type=\u00a0\u00bbin_container\u00a0\u00bb full_screen_row_position=\u00a0\u00bbmiddle\u00a0\u00bb column_margin=\u00a0\u00bbdefault\u00a0\u00bb scene_position=\u00a0\u00bbcenter\u00a0\u00bb text_color=\u00a0\u00bbdark\u00a0\u00bb text_align=\u00a0\u00bbleft\u00a0\u00bb overlay_strength=\u00a0\u00bb0.3&Prime; shape_divider_position=\u00a0\u00bbbottom\u00a0\u00bb bg_image_animation=\u00a0\u00bbnone\u00a0\u00bb][vc_column column_padding=\u00a0\u00bbno-extra-padding\u00a0\u00bb column_padding_position=\u00a0\u00bball\u00a0\u00bb background_color_opacity=\u00a0\u00bb1&Prime; background_hover_color_opacity=\u00a0\u00bb1&Prime; column_link_target=\u00a0\u00bb_self\u00a0\u00bb column_shadow=\u00a0\u00bbnone\u00a0\u00bb column_border_radius=\u00a0\u00bbnone\u00a0\u00bb width=\u00a0\u00bb1\/1&Prime; tablet_width_inherit=\u00a0\u00bbdefault\u00a0\u00bb tablet_text_alignment=\u00a0\u00bbdefault\u00a0\u00bb phone_text_alignment=\u00a0\u00bbdefault\u00a0\u00bb overlay_strength=\u00a0\u00bb0.3&Prime; column_border_width=\u00a0\u00bbnone\u00a0\u00bb column_border_style=\u00a0\u00bbsolid\u00a0\u00bb bg_image_animation=\u00a0\u00bbnone\u00a0\u00bb][vc_column_text] Formation passerelle bo\u00eete automatique vers...","og_url":"https:\/\/de-vv.com\/touschemins\/passerelle-bea-vers-b\/","og_site_name":"Auto-\u00e9cole Tous Chemins","article_modified_time":"2022-08-16T16:34:55+00:00","twitter_card":"summary_large_image","twitter_misc":{"Dur\u00e9e de lecture estim\u00e9e":"2 minutes"},"schema":{"@context":"https:\/\/schema.org","@graph":[{"@type":"WebPage","@id":"https:\/\/de-vv.com\/touschemins\/passerelle-bea-vers-b\/","url":"https:\/\/de-vv.com\/touschemins\/passerelle-bea-vers-b\/","name":"Passerelle BEA vers B - Auto-\u00e9cole Tous Chemins","isPartOf":{"@id":"https:\/\/de-vv.com\/touschemins\/#website"},"datePublished":"2022-07-03T12:05:24+00:00","dateModified":"2022-08-16T16:34:55+00:00","breadcrumb":{"@id":"https:\/\/de-vv.com\/touschemins\/passerelle-bea-vers-b\/#breadcrumb"},"inLanguage":"fr-FR","potentialAction":[{"@type":"ReadAction","target":["https:\/\/de-vv.com\/touschemins\/passerelle-bea-vers-b\/"]}]},{"@type":"BreadcrumbList","@id":"https:\/\/de-vv.com\/touschemins\/passerelle-bea-vers-b\/#breadcrumb","itemListElement":[{"@type":"ListItem","position":1,"name":"Accueil","item":"https:\/\/de-vv.com\/touschemins\/"},{"@type":"ListItem","position":2,"name":"Passerelle BEA vers B"}]},{"@type":"WebSite","@id":"https:\/\/de-vv.com\/touschemins\/#website","url":"https:\/\/de-vv.com\/touschemins\/","name":"Auto-\u00e9cole Tous Chemins","description":"Votre auto-moto-\u00e9cole au Raincy","potentialAction":[{"@type":"SearchAction","target":{"@type":"EntryPoint","urlTemplate":"https:\/\/de-vv.com\/touschemins\/?s={search_term_string}"},"query-input":"required name=search_term_string"}],"inLanguage":"fr-FR"}]}},"_links":{"self":[{"href":"https:\/\/de-vv.com\/touschemins\/wp-json\/wp\/v2\/pages\/161"}],"collection":[{"href":"https:\/\/de-vv.com\/touschemins\/wp-json\/wp\/v2\/pages"}],"about":[{"href":"https:\/\/de-vv.com\/touschemins\/wp-json\/wp\/v2\/types\/page"}],"author":[{"embeddable":true,"href":"https:\/\/de-vv.com\/touschemins\/wp-json\/wp\/v2\/users\/1"}],"replies":[{"embeddable":true,"href":"https:\/\/de-vv.com\/touschemins\/wp-json\/wp\/v2\/comments?post=161"}],"version-history":[{"count":4,"href":"https:\/\/de-vv.com\/touschemins\/wp-json\/wp\/v2\/pages\/161\/revisions"}],"predecessor-version":[{"id":224,"href":"https:\/\/de-vv.com\/touschemins\/wp-json\/wp\/v2\/pages\/161\/revisions\/224"}],"wp:attachment":[{"href":"https:\/\/de-vv.com\/touschemins\/wp-json\/wp\/v2\/media?parent=161"}],"curies":[{"name":"wp","href":"https:\/\/api.w.org\/{rel}","templated":true}]}}