{"id":8,"date":"2022-06-08T14:08:42","date_gmt":"2022-06-08T12:08:42","guid":{"rendered":"https:\/\/de-vv.com\/touschemins\/?page_id=8"},"modified":"2022-06-09T14:11:13","modified_gmt":"2022-06-09T12:11:13","slug":"avis","status":"publish","type":"page","link":"https:\/\/de-vv.com\/touschemins\/avis\/","title":{"rendered":"Avis"},"content":{"rendered":"[vc_row type=\u00a0\u00bbin_container\u00a0\u00bb full_screen_row_position=\u00a0\u00bbmiddle\u00a0\u00bb column_margin=\u00a0\u00bbdefault\u00a0\u00bb scene_position=\u00a0\u00bbcenter\u00a0\u00bb text_color=\u00a0\u00bbdark\u00a0\u00bb text_align=\u00a0\u00bbleft\u00a0\u00bb overlay_strength=\u00a0\u00bb0.3&Prime; shape_divider_position=\u00a0\u00bbbottom\u00a0\u00bb bg_image_animation=\u00a0\u00bbnone\u00a0\u00bb][vc_column column_padding=\u00a0\u00bbno-extra-padding\u00a0\u00bb column_padding_position=\u00a0\u00bball\u00a0\u00bb background_color_opacity=\u00a0\u00bb1&Prime; background_hover_color_opacity=\u00a0\u00bb1&Prime; column_link_target=\u00a0\u00bb_self\u00a0\u00bb column_shadow=\u00a0\u00bbnone\u00a0\u00bb column_border_radius=\u00a0\u00bbnone\u00a0\u00bb width=\u00a0\u00bb1\/1&Prime; tablet_width_inherit=\u00a0\u00bbdefault\u00a0\u00bb tablet_text_alignment=\u00a0\u00bbdefault\u00a0\u00bb phone_text_alignment=\u00a0\u00bbdefault\u00a0\u00bb overlay_strength=\u00a0\u00bb0.3&Prime; column_border_width=\u00a0\u00bbnone\u00a0\u00bb column_border_style=\u00a0\u00bbsolid\u00a0\u00bb bg_image_animation=\u00a0\u00bbnone\u00a0\u00bb][vc_column_text]\n<h1 style=\"text-align: center; padding-bottom: 10px; color: #6c6d9b;\">Avis de nos anciens \u00e9l\u00e8ves<\/h1>\n<p>Nos anciens \u00e9l\u00e8ves sont satisfaits de leur formation, et ils le font savoir ! Consultez leurs t\u00e9moignages ci-dessous afin de vous faire une id\u00e9e. Vous pouvez \u00e9galement consulter les avis laiss\u00e9s sur <a href=\"https:\/\/www.facebook.com\/Auto-\u00e9cole-Tous-Chemins-1624922361124448\/\" target=\"_blank\" rel=\"noopener\">notre page Facebook<\/a>\u00a0\u00a0ou <a href=\"https:\/\/www.instagram.com\/auto.moto.ecole.tous.chemins\/?hl=fr\" target=\"_blank\" rel=\"noopener\">sur Instagram<\/a>.<\/p>\n<p>Vous avez une question, une h\u00e9sitation?\u00a0<a class=\"link-1par\" href=\"https:\/\/de-vv.com\/touschemins\/contact\/\" target=\"_blank\" rel=\"noopener noreferrer\">Contactez-nous<\/a>\u00a0![\/vc_column_text][\/vc_column][\/vc_row][vc_row type=\u00a0\u00bbin_container\u00a0\u00bb full_screen_row_position=\u00a0\u00bbmiddle\u00a0\u00bb column_margin=\u00a0\u00bbdefault\u00a0\u00bb scene_position=\u00a0\u00bbcenter\u00a0\u00bb text_color=\u00a0\u00bbdark\u00a0\u00bb text_align=\u00a0\u00bbleft\u00a0\u00bb overlay_strength=\u00a0\u00bb0.3&Prime; shape_divider_position=\u00a0\u00bbbottom\u00a0\u00bb bg_image_animation=\u00a0\u00bbnone\u00a0\u00bb][vc_column column_padding=\u00a0\u00bbno-extra-padding\u00a0\u00bb column_padding_position=\u00a0\u00bball\u00a0\u00bb background_color_opacity=\u00a0\u00bb1&Prime; background_hover_color_opacity=\u00a0\u00bb1&Prime; column_link_target=\u00a0\u00bb_self\u00a0\u00bb column_shadow=\u00a0\u00bbnone\u00a0\u00bb column_border_radius=\u00a0\u00bbnone\u00a0\u00bb width=\u00a0\u00bb1\/1&Prime; tablet_width_inherit=\u00a0\u00bbdefault\u00a0\u00bb tablet_text_alignment=\u00a0\u00bbdefault\u00a0\u00bb phone_text_alignment=\u00a0\u00bbdefault\u00a0\u00bb overlay_strength=\u00a0\u00bb0.3&Prime; column_border_width=\u00a0\u00bbnone\u00a0\u00bb column_border_style=\u00a0\u00bbsolid\u00a0\u00bb bg_image_animation=\u00a0\u00bbnone\u00a0\u00bb offset=\u00a0\u00bbvc_hidden-sm vc_hidden-xs\u00a0\u00bb][vc_raw_html]JTNDaWZyYW1lJTIwc2FuZGJveCUzRCUyN2FsbG93LXNjcmlwdHMlMjBhbGxvdy1mb3JtcyUyMGFsbG93LXNhbWUtb3JpZ2luJTI3JTIwc3JjJTNEJTI3aHR0cHMlM0ElMkYlMkZ3d3cudnJvb212cm9vbS5mciUyRnJhdGluZ3MlM0ZzY2hvb2xfaWQlM0Q1MjQ2ZTNiNzI0YTAzOTAwMDIwMDBiYzglMjclMjBzY3JvbGxpbmclM0QlMjd5ZXMlMjclMjB3aWR0aCUzRCUyNzEwMCUyNSUyNyUyMGhlaWdodCUzRCUyNzYwMHB4JTI3JTIwaWQlM0QlMjdpbmlmcmFtZSUyNyUyMGZyYW1lYm9yZGVyJTNEJTI3MCUyNyUyMGFsbG93ZnVsbHNjcmVlbiUzRSUzQyUyRmlmcmFtZSUzRSUzQ2JyJTJGJTNFJTNDYnIlMkYlM0UlM0NhJTIwaHJlZiUzRCUyN2h0dHBzJTNBJTJGJTJGd3d3LnZyb29tdnJvb20uZnIlMkZhdXRvLWVjb2xlcyUyRnNlaW5lLXNhaW50LWRlbmlzJTJGbGUtcmFpbmN5JTJGYXV0by1lY29sZS10b3VzLWNoZW1pbnMlMkYlMjclMjB0YXJnZXQlM0QlMjdfYmxhbmslMjclMjByZWwlM0QlMjdub29wZW5lciUyMG5vcmVmZXJyZXIlMjclM0VEJUMzJUE5Y291dnJleiUyMG5vdHJlJTIwcGFnZSUyMHN1ciUyMFZyb29tVnJvb20uZnIlM0MlMkZhJTNF[\/vc_raw_html][\/vc_column][\/vc_row][vc_row type=\u00a0\u00bbfull_width_content\u00a0\u00bb full_screen_row_position=\u00a0\u00bbmiddle\u00a0\u00bb column_margin=\u00a0\u00bbdefault\u00a0\u00bb scene_position=\u00a0\u00bbcenter\u00a0\u00bb text_color=\u00a0\u00bbdark\u00a0\u00bb text_align=\u00a0\u00bbleft\u00a0\u00bb overlay_strength=\u00a0\u00bb0.3&Prime; shape_divider_position=\u00a0\u00bbbottom\u00a0\u00bb bg_image_animation=\u00a0\u00bbnone\u00a0\u00bb shape_type=\u00a0\u00bb\u00a0\u00bb][vc_column column_padding=\u00a0\u00bbno-extra-padding\u00a0\u00bb column_padding_position=\u00a0\u00bball\u00a0\u00bb background_color_opacity=\u00a0\u00bb1&Prime; background_hover_color_opacity=\u00a0\u00bb1&Prime; column_link_target=\u00a0\u00bb_self\u00a0\u00bb column_shadow=\u00a0\u00bbnone\u00a0\u00bb column_border_radius=\u00a0\u00bbnone\u00a0\u00bb width=\u00a0\u00bb1\/1&Prime; tablet_width_inherit=\u00a0\u00bbdefault\u00a0\u00bb tablet_text_alignment=\u00a0\u00bbdefault\u00a0\u00bb phone_text_alignment=\u00a0\u00bbdefault\u00a0\u00bb overlay_strength=\u00a0\u00bb0.3&Prime; column_border_width=\u00a0\u00bbnone\u00a0\u00bb column_border_style=\u00a0\u00bbsolid\u00a0\u00bb bg_image_animation=\u00a0\u00bbnone\u00a0\u00bb offset=\u00a0\u00bbvc_hidden-lg vc_hidden-md\u00a0\u00bb][vc_raw_html]JTNDaWZyYW1lJTIwc2FuZGJveCUzRCUyN2FsbG93LXNjcmlwdHMlMjBhbGxvdy1mb3JtcyUyMGFsbG93LXNhbWUtb3JpZ2luJTI3JTIwc3JjJTNEJTI3aHR0cHMlM0ElMkYlMkZ3d3cudnJvb212cm9vbS5mciUyRnJhdGluZ3MlM0ZzY2hvb2xfaWQlM0Q1MjQ2ZTNiNzI0YTAzOTAwMDIwMDBiYzglMjclMjBzY3JvbGxpbmclM0QlMjd5ZXMlMjclMjB3aWR0aCUzRCUyNzEwMCUyNSUyNyUyMGhlaWdodCUzRCUyNzYwMHB4JTI3JTIwaWQlM0QlMjdpbmlmcmFtZSUyNyUyMGZyYW1lYm9yZGVyJTNEJTI3MCUyNyUyMGFsbG93ZnVsbHNjcmVlbiUzRSUzQyUyRmlmcmFtZSUzRSUzQ2JyJTJGJTNFJTNDYnIlMkYlM0UlM0NhJTIwaHJlZiUzRCUyN2h0dHBzJTNBJTJGJTJGd3d3LnZyb29tdnJvb20uZnIlMkZhdXRvLWVjb2xlcyUyRnNlaW5lLXNhaW50LWRlbmlzJTJGbGUtcmFpbmN5JTJGYXV0by1lY29sZS10b3VzLWNoZW1pbnMlMkYlMjclMjB0YXJnZXQlM0QlMjdfYmxhbmslMjclMjByZWwlM0QlMjdub29wZW5lciUyMG5vcmVmZXJyZXIlMjclM0VEJUMzJUE5Y291dnJleiUyMG5vdHJlJTIwcGFnZSUyMHN1ciUyMFZyb29tVnJvb20uZnIlM0MlMkZhJTNF[\/vc_raw_html][\/vc_column][\/vc_row]\n","protected":false},"excerpt":{"rendered":"<p>[vc_row type=\u00a0\u00bbin_container\u00a0\u00bb full_screen_row_position=\u00a0\u00bbmiddle\u00a0\u00bb column_margin=\u00a0\u00bbdefault\u00a0\u00bb scene_position=\u00a0\u00bbcenter\u00a0\u00bb text_color=\u00a0\u00bbdark\u00a0\u00bb text_align=\u00a0\u00bbleft\u00a0\u00bb overlay_strength=\u00a0\u00bb0.3&Prime; shape_divider_position=\u00a0\u00bbbottom\u00a0\u00bb bg_image_animation=\u00a0\u00bbnone\u00a0\u00bb][vc_column column_padding=\u00a0\u00bbno-extra-padding\u00a0\u00bb column_padding_position=\u00a0\u00bball\u00a0\u00bb background_color_opacity=\u00a0\u00bb1&Prime; background_hover_color_opacity=\u00a0\u00bb1&Prime; column_link_target=\u00a0\u00bb_self\u00a0\u00bb column_shadow=\u00a0\u00bbnone\u00a0\u00bb column_border_radius=\u00a0\u00bbnone\u00a0\u00bb width=\u00a0\u00bb1\/1&Prime; tablet_width_inherit=\u00a0\u00bbdefault\u00a0\u00bb tablet_text_alignment=\u00a0\u00bbdefault\u00a0\u00bb phone_text_alignment=\u00a0\u00bbdefault\u00a0\u00bb overlay_strength=\u00a0\u00bb0.3&Prime; column_border_width=\u00a0\u00bbnone\u00a0\u00bb column_border_style=\u00a0\u00bbsolid\u00a0\u00bb bg_image_animation=\u00a0\u00bbnone\u00a0\u00bb][vc_column_text] Avis de nos anciens \u00e9l\u00e8ves&#8230;<\/p>\n","protected":false},"author":1,"featured_media":0,"parent":0,"menu_order":0,"comment_status":"closed","ping_status":"closed","template":"","meta":[],"yoast_head":"<!-- This site is optimized with the Yoast SEO plugin v19.5.1 - https:\/\/yoast.com\/wordpress\/plugins\/seo\/ -->\n<title>Avis - Auto-\u00e9cole Tous Chemins<\/title>\n<meta name=\"robots\" content=\"noindex, follow, max-snippet:-1, max-image-preview:large, max-video-preview:-1\" \/>\n<meta property=\"og:locale\" content=\"fr_FR\" \/>\n<meta property=\"og:type\" content=\"article\" \/>\n<meta property=\"og:title\" content=\"Avis - Auto-\u00e9cole Tous Chemins\" \/>\n<meta property=\"og:description\" content=\"[vc_row type=\u00a0\u00bbin_container\u00a0\u00bb full_screen_row_position=\u00a0\u00bbmiddle\u00a0\u00bb column_margin=\u00a0\u00bbdefault\u00a0\u00bb scene_position=\u00a0\u00bbcenter\u00a0\u00bb text_color=\u00a0\u00bbdark\u00a0\u00bb text_align=\u00a0\u00bbleft\u00a0\u00bb overlay_strength=\u00a0\u00bb0.3&Prime; shape_divider_position=\u00a0\u00bbbottom\u00a0\u00bb bg_image_animation=\u00a0\u00bbnone\u00a0\u00bb][vc_column column_padding=\u00a0\u00bbno-extra-padding\u00a0\u00bb column_padding_position=\u00a0\u00bball\u00a0\u00bb background_color_opacity=\u00a0\u00bb1&Prime; background_hover_color_opacity=\u00a0\u00bb1&Prime; column_link_target=\u00a0\u00bb_self\u00a0\u00bb column_shadow=\u00a0\u00bbnone\u00a0\u00bb column_border_radius=\u00a0\u00bbnone\u00a0\u00bb width=\u00a0\u00bb1\/1&Prime; tablet_width_inherit=\u00a0\u00bbdefault\u00a0\u00bb tablet_text_alignment=\u00a0\u00bbdefault\u00a0\u00bb phone_text_alignment=\u00a0\u00bbdefault\u00a0\u00bb overlay_strength=\u00a0\u00bb0.3&Prime; column_border_width=\u00a0\u00bbnone\u00a0\u00bb column_border_style=\u00a0\u00bbsolid\u00a0\u00bb bg_image_animation=\u00a0\u00bbnone\u00a0\u00bb][vc_column_text] Avis de nos anciens \u00e9l\u00e8ves...\" \/>\n<meta property=\"og:url\" content=\"https:\/\/de-vv.com\/touschemins\/avis\/\" \/>\n<meta property=\"og:site_name\" content=\"Auto-\u00e9cole Tous Chemins\" \/>\n<meta property=\"article:modified_time\" content=\"2022-06-09T12:11:13+00:00\" \/>\n<meta name=\"twitter:card\" content=\"summary_large_image\" \/>\n<meta name=\"twitter:label1\" content=\"Dur\u00e9e de lecture estim\u00e9e\" \/>\n\t<meta name=\"twitter:data1\" content=\"1 minute\" \/>\n<script type=\"application\/ld+json\" class=\"yoast-schema-graph\">{\"@context\":\"https:\/\/schema.org\",\"@graph\":[{\"@type\":\"WebPage\",\"@id\":\"https:\/\/de-vv.com\/touschemins\/avis\/\",\"url\":\"https:\/\/de-vv.com\/touschemins\/avis\/\",\"name\":\"Avis - Auto-\u00e9cole Tous Chemins\",\"isPartOf\":{\"@id\":\"https:\/\/de-vv.com\/touschemins\/#website\"},\"datePublished\":\"2022-06-08T12:08:42+00:00\",\"dateModified\":\"2022-06-09T12:11:13+00:00\",\"breadcrumb\":{\"@id\":\"https:\/\/de-vv.com\/touschemins\/avis\/#breadcrumb\"},\"inLanguage\":\"fr-FR\",\"potentialAction\":[{\"@type\":\"ReadAction\",\"target\":[\"https:\/\/de-vv.com\/touschemins\/avis\/\"]}]},{\"@type\":\"BreadcrumbList\",\"@id\":\"https:\/\/de-vv.com\/touschemins\/avis\/#breadcrumb\",\"itemListElement\":[{\"@type\":\"ListItem\",\"position\":1,\"name\":\"Accueil\",\"item\":\"https:\/\/de-vv.com\/touschemins\/\"},{\"@type\":\"ListItem\",\"position\":2,\"name\":\"Avis\"}]},{\"@type\":\"WebSite\",\"@id\":\"https:\/\/de-vv.com\/touschemins\/#website\",\"url\":\"https:\/\/de-vv.com\/touschemins\/\",\"name\":\"Auto-\u00e9cole Tous Chemins\",\"description\":\"Votre auto-moto-\u00e9cole au Raincy\",\"potentialAction\":[{\"@type\":\"SearchAction\",\"target\":{\"@type\":\"EntryPoint\",\"urlTemplate\":\"https:\/\/de-vv.com\/touschemins\/?s={search_term_string}\"},\"query-input\":\"required name=search_term_string\"}],\"inLanguage\":\"fr-FR\"}]}<\/script>\n<!-- \/ Yoast SEO plugin. -->","yoast_head_json":{"title":"Avis - Auto-\u00e9cole Tous Chemins","robots":{"index":"noindex","follow":"follow","max-snippet":"max-snippet:-1","max-image-preview":"max-image-preview:large","max-video-preview":"max-video-preview:-1"},"og_locale":"fr_FR","og_type":"article","og_title":"Avis - Auto-\u00e9cole Tous Chemins","og_description":"[vc_row type=\u00a0\u00bbin_container\u00a0\u00bb full_screen_row_position=\u00a0\u00bbmiddle\u00a0\u00bb column_margin=\u00a0\u00bbdefault\u00a0\u00bb scene_position=\u00a0\u00bbcenter\u00a0\u00bb text_color=\u00a0\u00bbdark\u00a0\u00bb text_align=\u00a0\u00bbleft\u00a0\u00bb overlay_strength=\u00a0\u00bb0.3&Prime; shape_divider_position=\u00a0\u00bbbottom\u00a0\u00bb bg_image_animation=\u00a0\u00bbnone\u00a0\u00bb][vc_column column_padding=\u00a0\u00bbno-extra-padding\u00a0\u00bb column_padding_position=\u00a0\u00bball\u00a0\u00bb background_color_opacity=\u00a0\u00bb1&Prime; background_hover_color_opacity=\u00a0\u00bb1&Prime; column_link_target=\u00a0\u00bb_self\u00a0\u00bb column_shadow=\u00a0\u00bbnone\u00a0\u00bb column_border_radius=\u00a0\u00bbnone\u00a0\u00bb width=\u00a0\u00bb1\/1&Prime; tablet_width_inherit=\u00a0\u00bbdefault\u00a0\u00bb tablet_text_alignment=\u00a0\u00bbdefault\u00a0\u00bb phone_text_alignment=\u00a0\u00bbdefault\u00a0\u00bb overlay_strength=\u00a0\u00bb0.3&Prime; column_border_width=\u00a0\u00bbnone\u00a0\u00bb column_border_style=\u00a0\u00bbsolid\u00a0\u00bb bg_image_animation=\u00a0\u00bbnone\u00a0\u00bb][vc_column_text] Avis de nos anciens \u00e9l\u00e8ves...","og_url":"https:\/\/de-vv.com\/touschemins\/avis\/","og_site_name":"Auto-\u00e9cole Tous Chemins","article_modified_time":"2022-06-09T12:11:13+00:00","twitter_card":"summary_large_image","twitter_misc":{"Dur\u00e9e de lecture estim\u00e9e":"1 minute"},"schema":{"@context":"https:\/\/schema.org","@graph":[{"@type":"WebPage","@id":"https:\/\/de-vv.com\/touschemins\/avis\/","url":"https:\/\/de-vv.com\/touschemins\/avis\/","name":"Avis - Auto-\u00e9cole Tous Chemins","isPartOf":{"@id":"https:\/\/de-vv.com\/touschemins\/#website"},"datePublished":"2022-06-08T12:08:42+00:00","dateModified":"2022-06-09T12:11:13+00:00","breadcrumb":{"@id":"https:\/\/de-vv.com\/touschemins\/avis\/#breadcrumb"},"inLanguage":"fr-FR","potentialAction":[{"@type":"ReadAction","target":["https:\/\/de-vv.com\/touschemins\/avis\/"]}]},{"@type":"BreadcrumbList","@id":"https:\/\/de-vv.com\/touschemins\/avis\/#breadcrumb","itemListElement":[{"@type":"ListItem","position":1,"name":"Accueil","item":"https:\/\/de-vv.com\/touschemins\/"},{"@type":"ListItem","position":2,"name":"Avis"}]},{"@type":"WebSite","@id":"https:\/\/de-vv.com\/touschemins\/#website","url":"https:\/\/de-vv.com\/touschemins\/","name":"Auto-\u00e9cole Tous Chemins","description":"Votre auto-moto-\u00e9cole au Raincy","potentialAction":[{"@type":"SearchAction","target":{"@type":"EntryPoint","urlTemplate":"https:\/\/de-vv.com\/touschemins\/?s={search_term_string}"},"query-input":"required name=search_term_string"}],"inLanguage":"fr-FR"}]}},"_links":{"self":[{"href":"https:\/\/de-vv.com\/touschemins\/wp-json\/wp\/v2\/pages\/8"}],"collection":[{"href":"https:\/\/de-vv.com\/touschemins\/wp-json\/wp\/v2\/pages"}],"about":[{"href":"https:\/\/de-vv.com\/touschemins\/wp-json\/wp\/v2\/types\/page"}],"author":[{"embeddable":true,"href":"https:\/\/de-vv.com\/touschemins\/wp-json\/wp\/v2\/users\/1"}],"replies":[{"embeddable":true,"href":"https:\/\/de-vv.com\/touschemins\/wp-json\/wp\/v2\/comments?post=8"}],"version-history":[{"count":4,"href":"https:\/\/de-vv.com\/touschemins\/wp-json\/wp\/v2\/pages\/8\/revisions"}],"predecessor-version":[{"id":90,"href":"https:\/\/de-vv.com\/touschemins\/wp-json\/wp\/v2\/pages\/8\/revisions\/90"}],"wp:attachment":[{"href":"https:\/\/de-vv.com\/touschemins\/wp-json\/wp\/v2\/media?parent=8"}],"curies":[{"name":"wp","href":"https:\/\/api.w.org\/{rel}","templated":true}]}}