{"id":12,"date":"2025-03-21T11:01:08","date_gmt":"2025-03-21T10:01:08","guid":{"rendered":"https:\/\/de-vv.com\/villebon\/?page_id=12"},"modified":"2025-04-17T21:36:05","modified_gmt":"2025-04-17T19:36:05","slug":"contact","status":"publish","type":"page","link":"https:\/\/de-vv.com\/villebon\/contact\/","title":{"rendered":"Contact"},"content":{"rendered":"[vc_row type=\u00a0\u00bbfull_width_content\u00a0\u00bb full_screen_row_position=\u00a0\u00bbmiddle\u00a0\u00bb equal_height=\u00a0\u00bbyes\u00a0\u00bb column_margin=\u00a0\u00bbnone\u00a0\u00bb bg_color=\u00a0\u00bb#ffffff\u00a0\u00bb scene_position=\u00a0\u00bbcenter\u00a0\u00bb text_color=\u00a0\u00bbdark\u00a0\u00bb text_align=\u00a0\u00bbleft\u00a0\u00bb class=\u00a0\u00bbmargin-form\u00a0\u00bb overlay_strength=\u00a0\u00bb1&Prime; shape_divider_position=\u00a0\u00bbbottom\u00a0\u00bb bg_image_animation=\u00a0\u00bbnone\u00a0\u00bb shape_type=\u00a0\u00bb\u00a0\u00bb][vc_column column_padding=\u00a0\u00bbpadding-4-percent\u00a0\u00bb column_padding_position=\u00a0\u00bball\u00a0\u00bb background_color=\u00a0\u00bb#ffffff\u00a0\u00bb background_color_opacity=\u00a0\u00bb1&Prime; background_hover_color_opacity=\u00a0\u00bb1&Prime; font_color=\u00a0\u00bb#040404&Prime; column_link_target=\u00a0\u00bb_self\u00a0\u00bb column_shadow=\u00a0\u00bbnone\u00a0\u00bb column_border_radius=\u00a0\u00bbnone\u00a0\u00bb width=\u00a0\u00bb2\/3&Prime; tablet_width_inherit=\u00a0\u00bbdefault\u00a0\u00bb tablet_text_alignment=\u00a0\u00bbdefault\u00a0\u00bb phone_text_alignment=\u00a0\u00bbdefault\u00a0\u00bb overlay_strength=\u00a0\u00bb0.3&Prime; column_border_width=\u00a0\u00bbnone\u00a0\u00bb column_border_style=\u00a0\u00bbsolid\u00a0\u00bb bg_image_animation=\u00a0\u00bbnone\u00a0\u00bb][vc_column_text css=\u00a0\u00bb.vc_custom_1738944688963{border-left-width: 2% !important;padding-right: 2% !important;}\u00a0\u00bb]\n<h1>Contactez nous<\/h1>\n[\/vc_column_text][divider line_type=\u00a0\u00bbSmall Line\u00a0\u00bb line_alignment=\u00a0\u00bbdefault\u00a0\u00bb line_thickness=\u00a0\u00bb2&Prime; divider_color=\u00a0\u00bbaccent-color\u00a0\u00bb animate=\u00a0\u00bbyes\u00a0\u00bb custom_height=\u00a0\u00bb20&Prime;][divider line_type=\u00a0\u00bbNo Line\u00a0\u00bb custom_height=\u00a0\u00bb20&Prime;][vc_column_text css=\u00a0\u00bb.vc_custom_1738944683275{border-left-width: 2% !important;padding-right: 2% !important;}\u00a0\u00bb]Vous avez une question sur nos formations ? Vous souhaitez conna\u00eetre la d\u00e9marche \u00e0 suivre pour vous inscrire ? Envoyez nous un message avec vos coordonn\u00e9es, nous vous recontacterons au plus vite.[\/vc_column_text][vc_raw_html]JTNDaWZyYW1lJTIwc2FuZGJveCUzRCUyN2FsbG93LXNjcmlwdHMlMjBhbGxvdy1mb3JtcyUyMGFsbG93LXNhbWUtb3JpZ2luJTIwYWxsb3ctcG9wdXBzJTI3JTIwc3JjJTNEJTI3aHR0cHMlM0ElMkYlMkZ3d3cudnJvb212cm9vbS5mciUyRm1lZXRpbmdzLWNvbnRhY3QlM0ZzY2hvb2xfaWQlM0Q1ODI0YTY3OGNmYTg2NjAwMDQwMDdkNzUlMjZmcyUzRGV5SnRaV1YwYVc1blUzVmlhbVZqZEhNaU9sdDdJbTVoYldVaU9pSlFaWEp0YVhNZ1FpRGlnSk1nWW0lMkZEcm5SbElHMWhiblZsYkd4bEluMHNleUp1WVcxbElqb2lVR1Z5YldseklFSWc0b0NUSUdKdnc2NTBaU0JoZFhSdmJXRjBhWEYxWlNKOUxIc2libUZ0WlNJNklrTnZaR1VnZFc1cGNYVmxiV1Z1ZENKOUxIc2libUZ0WlNJNklsVnVaU0JoZFhSeVpTQm1iM0p0WVhScGIyNGlmU3g3SW01aGJXVWlPaUpEYjI1a2RXbDBaU0JoWTJOdmJYQmhaMjdEcVdVaWZTeDdJbTVoYldVaU9pSkdiM0p0WVhScGIyNGdjRzl6ZEMxd1pYSnRhWE1pZlYwc0luTmphRzl2YkhNaU9sdDdJbWxrSWpvaU5UZ3lOR0UyTnpoalptRTROall3TURBME1EQTNaRGMxSWl3aWRHbDBiR1VpT2lKV2FXeHNaV0p2YmlCRGIyNWtkV2wwWlNJc0luTjBjbVZsZENJNklqUXdJR0YyWlc1MVpTQkh3Nmx1dzZseVlXd2daR1VnUjJGMWJHeGxJaXdpWTJsMGVTSTZJbFpwYkd4bFltOXVMWE4xY2kxWmRtVjBkR1VpTENKNmFYQmpiMlJsSWpvaU9URXhOREFpZlYwc0luTmxZM1JwYjI1eklqcGJleUpwWkNJNk1Td2libUZ0WlNJNklsQnl3Nmx1YjIwaUxDSmhjbVZoSWpvaVptbHljM1J1WVcxbElpd2lhWE5EYUdWamEyVmtJanAwY25WbExDSnBjMFJ5YjNCa2IzZHVJanBtWVd4elpTd2ljR3hoWTJWb2IyeGtaWElpT2lKTllYSjBhVzRpZlN4N0ltbGtJam95TENKdVlXMWxJam9pVG05dElpd2lZWEpsWVNJNklteGhjM1J1WVcxbElpd2lhWE5EYUdWamEyVmtJanAwY25WbExDSnBjMFJ5YjNCa2IzZHVJanBtWVd4elpTd2ljR3hoWTJWb2IyeGtaWElpT2lKRWRYQnZiblFpZlN4N0ltbGtJam96TENKdVlXMWxJam9pVk1PcGJNT3BjR2h2Ym1VaUxDSmhjbVZoSWpvaWNHaHZibVVpTENKcGMwTm9aV05yWldRaU9uUnlkV1VzSW1selJISnZjR1J2ZDI0aU9tWmhiSE5sTENKd2JHRmpaV2h2YkdSbGNpSTZJaXN6TXlBeklETXpJRE16SURNeklETXpJbjBzZXlKcFpDSTZOQ3dpYm1GdFpTSTZJa1Z0WVdsc0lpd2lZWEpsWVNJNkltVnRZV2xzSWl3aWFYTkRhR1ZqYTJWa0lqcDBjblZsTENKcGMwUnliM0JrYjNkdUlqcG1ZV3h6WlN3aWNHeGhZMlZvYjJ4a1pYSWlPaUpsZUdWdGNHeGxRR1Y0Wlcxd2JHVXVZMjl0SW4wc2V5SnBaQ0k2TlN3aWJtRnRaU0k2SWtadmNtMWhkR2x2YmlCemIzVm9ZV2wwdzZsbElpd2lZWEpsWVNJNkltWnZjbTFoZEdsdmJpSXNJbWx6UTJobFkydGxaQ0k2ZEhKMVpTd2lhWE5FY205d1pHOTNiaUk2ZEhKMVpTd2ljR3hoWTJWb2IyeGtaWElpT2lKVHc2bHNaV04wYVc5dWJtVjZJSFZ1WlNCbWIzSnRZWFJwYjI0aWZTeDdJbWxrSWpvMkxDSnVZVzFsSWpvaVVHVnliV1YwZEhKbElNT2dJR3ppZ0puRHFXekRxSFpsSUdSbElIUERxV3hsWTNScGIyNXVaWElnZFc1bElHRm5aVzVqWlNJc0ltRnlaV0VpT2lKaFoyVnVZM2tpTENKcGMwTm9aV05yWldRaU9tWmhiSE5sTENKcGMwUnliM0JrYjNkdUlqcDBjblZsTENKd2JHRmpaV2h2YkdSbGNpSTZJbFBEcVd4bFkzUnBiMjV1WlhvZ2RXNWxJR0ZuWlc1alpTSjlMSHNpYVdRaU9qY3NJbTVoYldVaU9pSk5aWE56WVdkbElIQmxjbk52Ym01aGJHbHp3NmtpTENKaGNtVmhJam9pYldWemMyRm5aU0lzSW1selEyaGxZMnRsWkNJNmRISjFaU3dpYVhORWNtOXdaRzkzYmlJNlptRnNjMlVzSW5Cc1lXTmxhRzlzWkdWeUlqb2lJbjFkTENKbWIzSnRRMjlzYjNKeklqcGJleUpwWkNJNk1Td2libUZ0WlNJNklrRnljbW5EcUhKbElIQnNZVzRpTENKaGNtVmhJam9pWW1GamEyZHliM1Z1WkVOdmJHOXlJaXdpWTI5c2IzSWlPaUlqWm1abVptWm1JbjBzZXlKcFpDSTZNaXdpYm1GdFpTSTZJa05vWVcxd2N5SXNJbUZ5WldFaU9pSm1hV1ZzWkhORGIyeHZjaUlzSW1OdmJHOXlJam9pSTBZM1JqZEdOeUo5TEhzaWFXUWlPak1zSW01aGJXVWlPaUpVWlhoMFpTQW93NmwwYVhGMVpYUjBaWE1wSWl3aVlYSmxZU0k2SW14aFltVnNjME52Ykc5eUlpd2lZMjlzYjNJaU9pSWpNVUl4UWpGQ0luMHNleUpwWkNJNk5Dd2libUZ0WlNJNklsUmxlSFJsSUNoamFHRnRjSE1wSWl3aVlYSmxZU0k2SW1acFpXeGtjMVJsZUhSRGIyeHZjaUlzSW1OdmJHOXlJam9pSXpGQ01VSXhRaUo5TEhzaWFXUWlPalVzSW01aGJXVWlPaUpDYjNWMGIyNGlMQ0poY21WaElqb2lZblYwZEc5dVEyOXNiM0lpTENKamIyeHZjaUk2SWlOR1JVTTVNREFpZlN4N0ltbGtJam8yTENKdVlXMWxJam9pVkdWNGRHVWdLR0p2ZFhSdmJpa2lMQ0poY21WaElqb2lZblYwZEc5dVZHVjRkRU52Ykc5eUlpd2lZMjlzYjNJaU9pSWpSa1pHUmtaR0luMWRMQ0p6WTJodmIyeEpaQ0k2SWpVNE1qUmhOamM0WTJaaE9EWTJNREF3TkRBd04yUTNOU0o5JTI3JTIwd2lkdGglM0QlMjcxMDAlMjUlMjclMjBzY3JvbGxpbmclM0QlMjdubyUyNyUyMGFsbG93ZnVsbHNjcmVlbiUyMGlkJTNEJTI3aW5pZnJhbWUlMjclMjBzdHlsZSUzRCUyN2JvcmRlci1zdHlsZSUzQSUyMG5vbmUlM0IlMjBvdmVyZmxvdyUzQSUyMHNjcm9sbCUzQiUyMG92ZXJmbG93LXglM0ElMjBoaWRkZW4lM0IlMjBoZWlnaHQlM0ElMjAxMjB2aCUzQiUyNyUzRSUzQyUyRmlmcmFtZSUzRQ==[\/vc_raw_html][vc_row_inner column_margin=\u00a0\u00bbdefault\u00a0\u00bb top_padding=\u00a0\u00bb30&Prime; text_align=\u00a0\u00bbleft\u00a0\u00bb][vc_column_inner column_padding=\u00a0\u00bbpadding-2-percent\u00a0\u00bb column_padding_position=\u00a0\u00bball\u00a0\u00bb background_color_opacity=\u00a0\u00bb1&Prime; background_hover_color_opacity=\u00a0\u00bb1&Prime; column_shadow=\u00a0\u00bbnone\u00a0\u00bb column_border_radius=\u00a0\u00bbnone\u00a0\u00bb column_link_target=\u00a0\u00bb_self\u00a0\u00bb width=\u00a0\u00bb1\/1&Prime; tablet_width_inherit=\u00a0\u00bbdefault\u00a0\u00bb overlay_strength=\u00a0\u00bb0.3&Prime; column_border_width=\u00a0\u00bbnone\u00a0\u00bb column_border_style=\u00a0\u00bbsolid\u00a0\u00bb bg_image_animation=\u00a0\u00bbnone\u00a0\u00bb][vc_column_text]Vous pouvez vous <b>opposer \u00e0 l\u2019utilisation de vos coordonn\u00e9es t\u00e9l\u00e9phoniques<\/b> \u00e0 des fins de prospection commerciale en vous inscrivant sur la liste d\u2019opposition au d\u00e9marchage t\u00e9l\u00e9phonique sur le site internet\u00a0 <u>bloctel.gouv.fr<\/u>\u00a0ou par courrier \u00e0 l\u2019adresse\u00a0: Worldline \u2013 Service Bloctel \u2013 CS 61311 \u2013 41013 BLOIS CEDEX[\/vc_column_text][\/vc_column_inner][\/vc_row_inner][\/vc_column][vc_column column_padding=\u00a0\u00bbpadding-4-percent\u00a0\u00bb column_padding_position=\u00a0\u00bball\u00a0\u00bb background_color=\u00a0\u00bb#fec900&Prime; background_color_opacity=\u00a0\u00bb1&Prime; background_hover_color_opacity=\u00a0\u00bb1&Prime; font_color=\u00a0\u00bb#1b1b1b\u00a0\u00bb column_link_target=\u00a0\u00bb_self\u00a0\u00bb column_shadow=\u00a0\u00bbnone\u00a0\u00bb column_border_radius=\u00a0\u00bbnone\u00a0\u00bb width=\u00a0\u00bb1\/3&Prime; tablet_width_inherit=\u00a0\u00bbdefault\u00a0\u00bb tablet_text_alignment=\u00a0\u00bbdefault\u00a0\u00bb phone_text_alignment=\u00a0\u00bbdefault\u00a0\u00bb overlay_strength=\u00a0\u00bb0.3&Prime; column_border_width=\u00a0\u00bbnone\u00a0\u00bb column_border_style=\u00a0\u00bbsolid\u00a0\u00bb bg_image_animation=\u00a0\u00bbnone\u00a0\u00bb][vc_row_inner column_margin=\u00a0\u00bbdefault\u00a0\u00bb bottom_padding=\u00a0\u00bb30&Prime; text_align=\u00a0\u00bbleft\u00a0\u00bb][vc_column_inner column_padding=\u00a0\u00bbno-extra-padding\u00a0\u00bb column_padding_position=\u00a0\u00bball\u00a0\u00bb background_color_opacity=\u00a0\u00bb1&Prime; background_hover_color_opacity=\u00a0\u00bb1&Prime; column_shadow=\u00a0\u00bbnone\u00a0\u00bb column_border_radius=\u00a0\u00bbnone\u00a0\u00bb column_link_target=\u00a0\u00bb_self\u00a0\u00bb width=\u00a0\u00bb1\/1&Prime; tablet_width_inherit=\u00a0\u00bbdefault\u00a0\u00bb overlay_strength=\u00a0\u00bb0.3&Prime; column_border_width=\u00a0\u00bbnone\u00a0\u00bb column_border_style=\u00a0\u00bbsolid\u00a0\u00bb bg_image_animation=\u00a0\u00bbnone\u00a0\u00bb][vc_column_text]\n<h4><i class=\"fa fa-map-signs\"><\/i> O\u00f9 sommes-nous ?<\/h4>\n<p>Venez nous rencontrer au :<br \/>\n40 avenue G\u00e9n\u00e9ral de Gaulle<br \/>\n91140 Villebon-sur-Yvette<br \/>\n<span style=\"text-decoration: underline;\"><a style=\"color: #ffffff !important; text-decoration: underline;\" href=\"https:\/\/www.google.com\/maps\/place\/Villebon+Conduite\/@48.6997781,2.2122629,536m\/data=!3m2!1e3!4b1!4m6!3m5!1s0x47e6788185a74447:0xbe366f0d035b79f7!8m2!3d48.6997746!4d2.2148432!16s%2Fg%2F11csq4tnr9?entry=ttu&amp;g_ep=EgoyMDI1MDMyNS4xIKXMDSoJLDEwMjExNDU1SAFQAw%3D%3D\" target=\"_blank\" rel=\"noopener\">Plan d&rsquo;acc\u00e8s<\/a><\/span><\/p>\n<p>Bus <span class=\"bus_rer ligne19\">19<\/span> <span class=\"bus_rer ligneS1\">S1<\/span> <span class=\"bus_rer ligneS2\">S2<\/span> <span class=\"bus_rer ligneS4\">S4<\/span> Place des Suisses[\/vc_column_text][\/vc_column_inner][\/vc_row_inner][vc_row_inner column_margin=\u00a0\u00bbdefault\u00a0\u00bb bottom_padding=\u00a0\u00bb30&Prime; text_align=\u00a0\u00bbleft\u00a0\u00bb][vc_column_inner column_padding=\u00a0\u00bbno-extra-padding\u00a0\u00bb column_padding_position=\u00a0\u00bball\u00a0\u00bb background_color_opacity=\u00a0\u00bb1&Prime; background_hover_color_opacity=\u00a0\u00bb1&Prime; column_shadow=\u00a0\u00bbnone\u00a0\u00bb column_border_radius=\u00a0\u00bbnone\u00a0\u00bb bottom_margin=\u00a0\u00bb30&Prime; column_link_target=\u00a0\u00bb_self\u00a0\u00bb width=\u00a0\u00bb1\/1&Prime; tablet_width_inherit=\u00a0\u00bbdefault\u00a0\u00bb overlay_strength=\u00a0\u00bb0.3&Prime; column_border_width=\u00a0\u00bbnone\u00a0\u00bb column_border_style=\u00a0\u00bbsolid\u00a0\u00bb bg_image_animation=\u00a0\u00bbnone\u00a0\u00bb][vc_column_text]\n<h4><i class=\"fa fa-comments\"><\/i> Nos coordonn\u00e9es<\/h4>\n<p><a class=\"phone\" href=\"tel:09.81.68.38.96\">09 81 68 38 96<\/a><br \/>\n<a class=\"phone\" href=\"mailto:villebonconduite@orange.fr\">Envoyer un mail<\/a>[\/vc_column_text][\/vc_column_inner][\/vc_row_inner][vc_row_inner column_margin=\u00a0\u00bbdefault\u00a0\u00bb bottom_padding=\u00a0\u00bb30&Prime; text_align=\u00a0\u00bbleft\u00a0\u00bb][vc_column_inner column_padding=\u00a0\u00bbno-extra-padding\u00a0\u00bb column_padding_position=\u00a0\u00bball\u00a0\u00bb background_color_opacity=\u00a0\u00bb1&Prime; background_hover_color_opacity=\u00a0\u00bb1&Prime; column_shadow=\u00a0\u00bbnone\u00a0\u00bb column_border_radius=\u00a0\u00bbnone\u00a0\u00bb column_link_target=\u00a0\u00bb_self\u00a0\u00bb width=\u00a0\u00bb1\/1&Prime; tablet_width_inherit=\u00a0\u00bbdefault\u00a0\u00bb overlay_strength=\u00a0\u00bb0.3&Prime; column_border_width=\u00a0\u00bbnone\u00a0\u00bb column_border_style=\u00a0\u00bbsolid\u00a0\u00bb bg_image_animation=\u00a0\u00bbnone\u00a0\u00bb][vc_column_text]\n<h4><i class=\"fa fa-clock\"><\/i> Nos horaires<\/h4>\n<p>Notre agence est ouverte :<\/p>\n<ul>\n<li>Mardi au vendredi : 15h-20h<\/li>\n<li>Samedi : 10h-13h<\/li>\n<\/ul>\n<p>Les matins sur RDV.[\/vc_column_text][\/vc_column_inner][\/vc_row_inner][\/vc_column][\/vc_row]\n","protected":false},"excerpt":{"rendered":"<p>[vc_row type=\u00a0\u00bbfull_width_content\u00a0\u00bb full_screen_row_position=\u00a0\u00bbmiddle\u00a0\u00bb equal_height=\u00a0\u00bbyes\u00a0\u00bb column_margin=\u00a0\u00bbnone\u00a0\u00bb bg_color=\u00a0\u00bb#ffffff\u00a0\u00bb scene_position=\u00a0\u00bbcenter\u00a0\u00bb text_color=\u00a0\u00bbdark\u00a0\u00bb text_align=\u00a0\u00bbleft\u00a0\u00bb class=\u00a0\u00bbmargin-form\u00a0\u00bb overlay_strength=\u00a0\u00bb1&Prime; shape_divider_position=\u00a0\u00bbbottom\u00a0\u00bb bg_image_animation=\u00a0\u00bbnone\u00a0\u00bb shape_type=\u00a0\u00bb\u00a0\u00bb][vc_column column_padding=\u00a0\u00bbpadding-4-percent\u00a0\u00bb column_padding_position=\u00a0\u00bball\u00a0\u00bb background_color=\u00a0\u00bb#ffffff\u00a0\u00bb background_color_opacity=\u00a0\u00bb1&Prime; background_hover_color_opacity=\u00a0\u00bb1&Prime; font_color=\u00a0\u00bb#040404&Prime; column_link_target=\u00a0\u00bb_self\u00a0\u00bb column_shadow=\u00a0\u00bbnone\u00a0\u00bb column_border_radius=\u00a0\u00bbnone\u00a0\u00bb width=\u00a0\u00bb2\/3&Prime; tablet_width_inherit=\u00a0\u00bbdefault\u00a0\u00bb tablet_text_alignment=\u00a0\u00bbdefault\u00a0\u00bb phone_text_alignment=\u00a0\u00bbdefault\u00a0\u00bb overlay_strength=\u00a0\u00bb0.3&Prime; column_border_width=\u00a0\u00bbnone\u00a0\u00bb column_border_style=\u00a0\u00bbsolid\u00a0\u00bb&#8230;<\/p>\n","protected":false},"author":1,"featured_media":149,"parent":0,"menu_order":0,"comment_status":"closed","ping_status":"closed","template":"","meta":{"footnotes":""},"class_list":["post-12","page","type-page","status-publish","has-post-thumbnail"],"yoast_head":"<!-- This site is optimized with the Yoast SEO plugin v27.4 - https:\/\/yoast.com\/product\/yoast-seo-wordpress\/ -->\n<title>Contact ez nous par t\u00e9l\u00e9phone ou email - Auto-\u00e9cole Villebon Conduite<\/title>\n<meta name=\"description\" content=\"Contactez l&#039;Auto-\u00e9cole Villebon Conduite (91), par t\u00e9l\u00e9phone, par email ou prendre rendez-vous en agence aux horaires d&#039;ouverture.\" \/>\n<meta name=\"robots\" content=\"noindex, follow, max-snippet:-1, max-image-preview:large, max-video-preview:-1\" \/>\n<meta property=\"og:locale\" content=\"fr_FR\" \/>\n<meta property=\"og:type\" content=\"article\" \/>\n<meta property=\"og:title\" content=\"Contact ez nous par t\u00e9l\u00e9phone ou email - Auto-\u00e9cole Villebon Conduite\" \/>\n<meta property=\"og:description\" content=\"Contactez l&#039;Auto-\u00e9cole Villebon Conduite (91), par t\u00e9l\u00e9phone, par email ou prendre rendez-vous en agence aux horaires d&#039;ouverture.\" \/>\n<meta property=\"og:url\" content=\"https:\/\/de-vv.com\/villebon\/contact\/\" \/>\n<meta property=\"og:site_name\" content=\"Villebon Conduite\" \/>\n<meta property=\"article:modified_time\" content=\"2025-04-17T19:36:05+00:00\" \/>\n<meta property=\"og:image\" content=\"https:\/\/de-vv.com\/villebon\/wp-content\/uploads\/2025\/03\/Auto-ecole-Villebon-Conduite.png\" \/>\n\t<meta property=\"og:image:width\" content=\"512\" \/>\n\t<meta property=\"og:image:height\" content=\"512\" \/>\n\t<meta property=\"og:image:type\" content=\"image\/png\" \/>\n<meta name=\"twitter:card\" content=\"summary_large_image\" \/>\n<meta name=\"twitter:label1\" content=\"Dur\u00e9e de lecture estim\u00e9e\" \/>\n\t<meta name=\"twitter:data1\" content=\"2 minutes\" \/>\n<script type=\"application\/ld+json\" class=\"yoast-schema-graph\">{\"@context\":\"https:\\\/\\\/schema.org\",\"@graph\":[{\"@type\":\"WebPage\",\"@id\":\"https:\\\/\\\/de-vv.com\\\/villebon\\\/contact\\\/\",\"url\":\"https:\\\/\\\/de-vv.com\\\/villebon\\\/contact\\\/\",\"name\":\"Contact ez nous par t\u00e9l\u00e9phone ou email - Auto-\u00e9cole Villebon Conduite\",\"isPartOf\":{\"@id\":\"https:\\\/\\\/de-vv.com\\\/villebon\\\/#website\"},\"primaryImageOfPage\":{\"@id\":\"https:\\\/\\\/de-vv.com\\\/villebon\\\/contact\\\/#primaryimage\"},\"image\":{\"@id\":\"https:\\\/\\\/de-vv.com\\\/villebon\\\/contact\\\/#primaryimage\"},\"thumbnailUrl\":\"https:\\\/\\\/de-vv.com\\\/villebon\\\/wp-content\\\/uploads\\\/2025\\\/03\\\/Auto-ecole-Villebon-Conduite.png\",\"datePublished\":\"2025-03-21T10:01:08+00:00\",\"dateModified\":\"2025-04-17T19:36:05+00:00\",\"description\":\"Contactez l'Auto-\u00e9cole Villebon Conduite (91), par t\u00e9l\u00e9phone, par email ou prendre rendez-vous en agence aux horaires d'ouverture.\",\"breadcrumb\":{\"@id\":\"https:\\\/\\\/de-vv.com\\\/villebon\\\/contact\\\/#breadcrumb\"},\"inLanguage\":\"fr-FR\",\"potentialAction\":[{\"@type\":\"ReadAction\",\"target\":[\"https:\\\/\\\/de-vv.com\\\/villebon\\\/contact\\\/\"]}]},{\"@type\":\"ImageObject\",\"inLanguage\":\"fr-FR\",\"@id\":\"https:\\\/\\\/de-vv.com\\\/villebon\\\/contact\\\/#primaryimage\",\"url\":\"https:\\\/\\\/de-vv.com\\\/villebon\\\/wp-content\\\/uploads\\\/2025\\\/03\\\/Auto-ecole-Villebon-Conduite.png\",\"contentUrl\":\"https:\\\/\\\/de-vv.com\\\/villebon\\\/wp-content\\\/uploads\\\/2025\\\/03\\\/Auto-ecole-Villebon-Conduite.png\",\"width\":512,\"height\":512,\"caption\":\"Auto-\u00e9cole Villebon Conduite\"},{\"@type\":\"BreadcrumbList\",\"@id\":\"https:\\\/\\\/de-vv.com\\\/villebon\\\/contact\\\/#breadcrumb\",\"itemListElement\":[{\"@type\":\"ListItem\",\"position\":1,\"name\":\"Accueil\",\"item\":\"https:\\\/\\\/de-vv.com\\\/villebon\\\/\"},{\"@type\":\"ListItem\",\"position\":2,\"name\":\"Contact\"}]},{\"@type\":\"WebSite\",\"@id\":\"https:\\\/\\\/de-vv.com\\\/villebon\\\/#website\",\"url\":\"https:\\\/\\\/de-vv.com\\\/villebon\\\/\",\"name\":\"Villebon Conduite\",\"description\":\"Auto-\u00e9cole \u00e0 Villebon-sur-Yvette (91140)\",\"potentialAction\":[{\"@type\":\"SearchAction\",\"target\":{\"@type\":\"EntryPoint\",\"urlTemplate\":\"https:\\\/\\\/de-vv.com\\\/villebon\\\/?s={search_term_string}\"},\"query-input\":{\"@type\":\"PropertyValueSpecification\",\"valueRequired\":true,\"valueName\":\"search_term_string\"}}],\"inLanguage\":\"fr-FR\"}]}<\/script>\n<!-- \/ Yoast SEO plugin. -->","yoast_head_json":{"title":"Contact ez nous par t\u00e9l\u00e9phone ou email - Auto-\u00e9cole Villebon Conduite","description":"Contactez l'Auto-\u00e9cole Villebon Conduite (91), par t\u00e9l\u00e9phone, par email ou prendre rendez-vous en agence aux horaires d'ouverture.","robots":{"index":"noindex","follow":"follow","max-snippet":"max-snippet:-1","max-image-preview":"max-image-preview:large","max-video-preview":"max-video-preview:-1"},"og_locale":"fr_FR","og_type":"article","og_title":"Contact ez nous par t\u00e9l\u00e9phone ou email - Auto-\u00e9cole Villebon Conduite","og_description":"Contactez l'Auto-\u00e9cole Villebon Conduite (91), par t\u00e9l\u00e9phone, par email ou prendre rendez-vous en agence aux horaires d'ouverture.","og_url":"https:\/\/de-vv.com\/villebon\/contact\/","og_site_name":"Villebon Conduite","article_modified_time":"2025-04-17T19:36:05+00:00","og_image":[{"width":512,"height":512,"url":"https:\/\/de-vv.com\/villebon\/wp-content\/uploads\/2025\/03\/Auto-ecole-Villebon-Conduite.png","type":"image\/png"}],"twitter_card":"summary_large_image","twitter_misc":{"Dur\u00e9e de lecture estim\u00e9e":"2 minutes"},"schema":{"@context":"https:\/\/schema.org","@graph":[{"@type":"WebPage","@id":"https:\/\/de-vv.com\/villebon\/contact\/","url":"https:\/\/de-vv.com\/villebon\/contact\/","name":"Contact ez nous par t\u00e9l\u00e9phone ou email - Auto-\u00e9cole Villebon Conduite","isPartOf":{"@id":"https:\/\/de-vv.com\/villebon\/#website"},"primaryImageOfPage":{"@id":"https:\/\/de-vv.com\/villebon\/contact\/#primaryimage"},"image":{"@id":"https:\/\/de-vv.com\/villebon\/contact\/#primaryimage"},"thumbnailUrl":"https:\/\/de-vv.com\/villebon\/wp-content\/uploads\/2025\/03\/Auto-ecole-Villebon-Conduite.png","datePublished":"2025-03-21T10:01:08+00:00","dateModified":"2025-04-17T19:36:05+00:00","description":"Contactez l'Auto-\u00e9cole Villebon Conduite (91), par t\u00e9l\u00e9phone, par email ou prendre rendez-vous en agence aux horaires d'ouverture.","breadcrumb":{"@id":"https:\/\/de-vv.com\/villebon\/contact\/#breadcrumb"},"inLanguage":"fr-FR","potentialAction":[{"@type":"ReadAction","target":["https:\/\/de-vv.com\/villebon\/contact\/"]}]},{"@type":"ImageObject","inLanguage":"fr-FR","@id":"https:\/\/de-vv.com\/villebon\/contact\/#primaryimage","url":"https:\/\/de-vv.com\/villebon\/wp-content\/uploads\/2025\/03\/Auto-ecole-Villebon-Conduite.png","contentUrl":"https:\/\/de-vv.com\/villebon\/wp-content\/uploads\/2025\/03\/Auto-ecole-Villebon-Conduite.png","width":512,"height":512,"caption":"Auto-\u00e9cole Villebon Conduite"},{"@type":"BreadcrumbList","@id":"https:\/\/de-vv.com\/villebon\/contact\/#breadcrumb","itemListElement":[{"@type":"ListItem","position":1,"name":"Accueil","item":"https:\/\/de-vv.com\/villebon\/"},{"@type":"ListItem","position":2,"name":"Contact"}]},{"@type":"WebSite","@id":"https:\/\/de-vv.com\/villebon\/#website","url":"https:\/\/de-vv.com\/villebon\/","name":"Villebon Conduite","description":"Auto-\u00e9cole \u00e0 Villebon-sur-Yvette (91140)","potentialAction":[{"@type":"SearchAction","target":{"@type":"EntryPoint","urlTemplate":"https:\/\/de-vv.com\/villebon\/?s={search_term_string}"},"query-input":{"@type":"PropertyValueSpecification","valueRequired":true,"valueName":"search_term_string"}}],"inLanguage":"fr-FR"}]}},"_links":{"self":[{"href":"https:\/\/de-vv.com\/villebon\/wp-json\/wp\/v2\/pages\/12","targetHints":{"allow":["GET"]}}],"collection":[{"href":"https:\/\/de-vv.com\/villebon\/wp-json\/wp\/v2\/pages"}],"about":[{"href":"https:\/\/de-vv.com\/villebon\/wp-json\/wp\/v2\/types\/page"}],"author":[{"embeddable":true,"href":"https:\/\/de-vv.com\/villebon\/wp-json\/wp\/v2\/users\/1"}],"replies":[{"embeddable":true,"href":"https:\/\/de-vv.com\/villebon\/wp-json\/wp\/v2\/comments?post=12"}],"version-history":[{"count":5,"href":"https:\/\/de-vv.com\/villebon\/wp-json\/wp\/v2\/pages\/12\/revisions"}],"predecessor-version":[{"id":223,"href":"https:\/\/de-vv.com\/villebon\/wp-json\/wp\/v2\/pages\/12\/revisions\/223"}],"wp:featuredmedia":[{"embeddable":true,"href":"https:\/\/de-vv.com\/villebon\/wp-json\/wp\/v2\/media\/149"}],"wp:attachment":[{"href":"https:\/\/de-vv.com\/villebon\/wp-json\/wp\/v2\/media?parent=12"}],"curies":[{"name":"wp","href":"https:\/\/api.w.org\/{rel}","templated":true}]}}