{"id":26,"date":"2025-03-29T10:38:32","date_gmt":"2025-03-29T09:38:32","guid":{"rendered":"https:\/\/de-vv.com\/villebon\/?page_id=26"},"modified":"2025-03-30T13:58:14","modified_gmt":"2025-03-30T11:58:14","slug":"mediateur","status":"publish","type":"page","link":"https:\/\/de-vv.com\/villebon\/mediateur\/","title":{"rendered":"M\u00e9diateur"},"content":{"rendered":"[vc_row type=\u00a0\u00bbfull_width_background\u00a0\u00bb full_screen_row_position=\u00a0\u00bbmiddle\u00a0\u00bb column_margin=\u00a0\u00bbdefault\u00a0\u00bb scene_position=\u00a0\u00bbcenter\u00a0\u00bb text_color=\u00a0\u00bbcustom\u00a0\u00bb text_align=\u00a0\u00bbleft\u00a0\u00bb overlay_strength=\u00a0\u00bb0.3&Prime; shape_divider_position=\u00a0\u00bbbottom\u00a0\u00bb bg_image_animation=\u00a0\u00bbnone\u00a0\u00bb shape_type=\u00a0\u00bb\u00a0\u00bb][vc_column centered_text=\u00a0\u00bbtrue\u00a0\u00bb column_padding=\u00a0\u00bbpadding-2-percent\u00a0\u00bb column_padding_position=\u00a0\u00bball\u00a0\u00bb background_color_opacity=\u00a0\u00bb1&Prime; background_hover_color_opacity=\u00a0\u00bb1&Prime; font_color=\u00a0\u00bb#005a8c\u00a0\u00bb column_link_target=\u00a0\u00bb_self\u00a0\u00bb column_shadow=\u00a0\u00bbnone\u00a0\u00bb column_border_radius=\u00a0\u00bbnone\u00a0\u00bb width=\u00a0\u00bb1\/1&Prime; tablet_width_inherit=\u00a0\u00bbdefault\u00a0\u00bb tablet_text_alignment=\u00a0\u00bbdefault\u00a0\u00bb phone_text_alignment=\u00a0\u00bbdefault\u00a0\u00bb overlay_strength=\u00a0\u00bb0.3&Prime; column_border_width=\u00a0\u00bbnone\u00a0\u00bb column_border_style=\u00a0\u00bbsolid\u00a0\u00bb bg_image_animation=\u00a0\u00bbnone\u00a0\u00bb][vc_column_text]\n<h1 style=\"text-align: center; color: #1b1b1b;\">M\u00e9diateur de la consommation<\/h1>\n[\/vc_column_text][\/vc_column][\/vc_row][vc_row type=\u00a0\u00bbin_container\u00a0\u00bb full_screen_row_position=\u00a0\u00bbmiddle\u00a0\u00bb column_margin=\u00a0\u00bbdefault\u00a0\u00bb scene_position=\u00a0\u00bbcenter\u00a0\u00bb text_color=\u00a0\u00bbdark\u00a0\u00bb text_align=\u00a0\u00bbleft\u00a0\u00bb overlay_strength=\u00a0\u00bb0.3&Prime; shape_divider_position=\u00a0\u00bbbottom\u00a0\u00bb bg_image_animation=\u00a0\u00bbnone\u00a0\u00bb][vc_column column_padding=\u00a0\u00bbno-extra-padding\u00a0\u00bb column_padding_position=\u00a0\u00bball\u00a0\u00bb background_color_opacity=\u00a0\u00bb1&Prime; background_hover_color_opacity=\u00a0\u00bb1&Prime; column_link_target=\u00a0\u00bb_self\u00a0\u00bb column_shadow=\u00a0\u00bbnone\u00a0\u00bb column_border_radius=\u00a0\u00bbnone\u00a0\u00bb width=\u00a0\u00bb1\/6&Prime; tablet_width_inherit=\u00a0\u00bbdefault\u00a0\u00bb tablet_text_alignment=\u00a0\u00bbdefault\u00a0\u00bb phone_text_alignment=\u00a0\u00bbdefault\u00a0\u00bb overlay_strength=\u00a0\u00bb0.3&Prime; column_border_width=\u00a0\u00bbnone\u00a0\u00bb column_border_style=\u00a0\u00bbsolid\u00a0\u00bb bg_image_animation=\u00a0\u00bbnone\u00a0\u00bb][\/vc_column][vc_column column_padding=\u00a0\u00bbpadding-3-percent\u00a0\u00bb column_padding_position=\u00a0\u00bball\u00a0\u00bb background_color_opacity=\u00a0\u00bb1&Prime; background_hover_color_opacity=\u00a0\u00bb1&Prime; column_link_target=\u00a0\u00bb_self\u00a0\u00bb column_shadow=\u00a0\u00bbnone\u00a0\u00bb column_border_radius=\u00a0\u00bbnone\u00a0\u00bb width=\u00a0\u00bb2\/3&Prime; tablet_width_inherit=\u00a0\u00bbdefault\u00a0\u00bb tablet_text_alignment=\u00a0\u00bbdefault\u00a0\u00bb phone_text_alignment=\u00a0\u00bbdefault\u00a0\u00bb overlay_strength=\u00a0\u00bb0.3&Prime; column_border_width=\u00a0\u00bbnone\u00a0\u00bb column_border_style=\u00a0\u00bbsolid\u00a0\u00bb bg_image_animation=\u00a0\u00bbnone\u00a0\u00bb][vc_column_text css=\u00a0\u00bb.vc_custom_1742972247168{padding-bottom: 20px !important;}\u00a0\u00bb]\n<p style=\"text-align: left;\" align=\"center\">Conform\u00e9ment aux articles\u00a0<a href=\"https:\/\/www.legifrance.gouv.fr\/codes\/article_lc\/LEGIARTI000032224762\" target=\"_blank\" rel=\"noopener\">L.616-1<\/a>\u00a0et\u00a0<a href=\"https:\/\/www.legifrance.gouv.fr\/codes\/article_lc\/LEGIARTI000032808378\" target=\"_blank\" rel=\"noopener\">R.616-1<\/a> du code de la consommation, notre soci\u00e9t\u00e9 a mis en place un dispositif de m\u00e9diation de la consommation. L&rsquo;entit\u00e9 de m\u00e9diation retenue est le\u00a0<strong>M\u00e9diateur de Mobilians<\/strong>.<\/p>\n<p style=\"text-align: left;\" align=\"center\">En cas de litige, tout consommateur pourra d\u00e9poser sa r\u00e9clamation sur le site :<\/p>\n<ul>\n<li>par courrier, au moyen d\u2019un formulaire de saisine t\u00e9l\u00e9chargeable sur le site du m\u00e9diateur, \u00e0 l\u2019adresse : M\u00e9diateur dde Mobilians \u2013 43 BIS ROUTE DE VAUGIRARD \u2013 CS 80016 \u2013 92197 MEUDON CEDEX<\/li>\n<li>sur son site internet\u00a0<a href=\"https:\/\/www.mediateur-mobilians.fr\/\">www.mediateur-mobilians.fr<\/a>.<\/li>\n<\/ul>\n[\/vc_column_text][\/vc_column][vc_column column_padding=\u00a0\u00bbno-extra-padding\u00a0\u00bb column_padding_position=\u00a0\u00bball\u00a0\u00bb background_color_opacity=\u00a0\u00bb1&Prime; background_hover_color_opacity=\u00a0\u00bb1&Prime; column_link_target=\u00a0\u00bb_self\u00a0\u00bb column_shadow=\u00a0\u00bbnone\u00a0\u00bb column_border_radius=\u00a0\u00bbnone\u00a0\u00bb width=\u00a0\u00bb1\/6&Prime; tablet_width_inherit=\u00a0\u00bbdefault\u00a0\u00bb tablet_text_alignment=\u00a0\u00bbdefault\u00a0\u00bb phone_text_alignment=\u00a0\u00bbdefault\u00a0\u00bb overlay_strength=\u00a0\u00bb0.3&Prime; column_border_width=\u00a0\u00bbnone\u00a0\u00bb column_border_style=\u00a0\u00bbsolid\u00a0\u00bb bg_image_animation=\u00a0\u00bbnone\u00a0\u00bb][\/vc_column][\/vc_row]\n","protected":false},"excerpt":{"rendered":"<p>[vc_row type=\u00a0\u00bbfull_width_background\u00a0\u00bb full_screen_row_position=\u00a0\u00bbmiddle\u00a0\u00bb column_margin=\u00a0\u00bbdefault\u00a0\u00bb scene_position=\u00a0\u00bbcenter\u00a0\u00bb text_color=\u00a0\u00bbcustom\u00a0\u00bb text_align=\u00a0\u00bbleft\u00a0\u00bb overlay_strength=\u00a0\u00bb0.3&Prime; shape_divider_position=\u00a0\u00bbbottom\u00a0\u00bb bg_image_animation=\u00a0\u00bbnone\u00a0\u00bb shape_type=\u00a0\u00bb\u00a0\u00bb][vc_column centered_text=\u00a0\u00bbtrue\u00a0\u00bb column_padding=\u00a0\u00bbpadding-2-percent\u00a0\u00bb column_padding_position=\u00a0\u00bball\u00a0\u00bb background_color_opacity=\u00a0\u00bb1&Prime; background_hover_color_opacity=\u00a0\u00bb1&Prime; font_color=\u00a0\u00bb#005a8c\u00a0\u00bb column_link_target=\u00a0\u00bb_self\u00a0\u00bb column_shadow=\u00a0\u00bbnone\u00a0\u00bb column_border_radius=\u00a0\u00bbnone\u00a0\u00bb width=\u00a0\u00bb1\/1&Prime; tablet_width_inherit=\u00a0\u00bbdefault\u00a0\u00bb tablet_text_alignment=\u00a0\u00bbdefault\u00a0\u00bb phone_text_alignment=\u00a0\u00bbdefault\u00a0\u00bb overlay_strength=\u00a0\u00bb0.3&Prime; column_border_width=\u00a0\u00bbnone\u00a0\u00bb column_border_style=\u00a0\u00bbsolid\u00a0\u00bb bg_image_animation=\u00a0\u00bbnone\u00a0\u00bb][vc_column_text] M\u00e9diateur de&#8230;<\/p>\n","protected":false},"author":1,"featured_media":149,"parent":0,"menu_order":0,"comment_status":"closed","ping_status":"closed","template":"","meta":{"footnotes":""},"class_list":["post-26","page","type-page","status-publish","has-post-thumbnail"],"yoast_head":"<!-- This site is optimized with the Yoast SEO plugin v27.4 - https:\/\/yoast.com\/product\/yoast-seo-wordpress\/ -->\n<title>M\u00e9diateur de la consommation - Auto-\u00e9cole Villebon Conduite (91)<\/title>\n<meta name=\"description\" content=\"En cas de litige, vous saisissez le m\u00e9diateur de la consommation de l&#039;Auto-\u00e9cole Villebon Conduite (91). Retrouvez ses coordonn\u00e9es.\" \/>\n<meta name=\"robots\" content=\"noindex, follow, max-snippet:-1, max-image-preview:large, max-video-preview:-1\" \/>\n<meta property=\"og:locale\" content=\"fr_FR\" \/>\n<meta property=\"og:type\" content=\"article\" \/>\n<meta property=\"og:title\" content=\"M\u00e9diateur de la consommation - Auto-\u00e9cole Villebon Conduite (91)\" \/>\n<meta property=\"og:description\" content=\"En cas de litige, vous saisissez le m\u00e9diateur de la consommation de l&#039;Auto-\u00e9cole Villebon Conduite (91). Retrouvez ses coordonn\u00e9es.\" \/>\n<meta property=\"og:url\" content=\"https:\/\/de-vv.com\/villebon\/mediateur\/\" \/>\n<meta property=\"og:site_name\" content=\"Villebon Conduite\" \/>\n<meta property=\"article:modified_time\" content=\"2025-03-30T11:58:14+00:00\" \/>\n<meta property=\"og:image\" content=\"https:\/\/de-vv.com\/villebon\/wp-content\/uploads\/2025\/03\/Auto-ecole-Villebon-Conduite.png\" \/>\n\t<meta property=\"og:image:width\" content=\"512\" \/>\n\t<meta property=\"og:image:height\" content=\"512\" \/>\n\t<meta property=\"og:image:type\" content=\"image\/png\" \/>\n<meta name=\"twitter:card\" content=\"summary_large_image\" \/>\n<meta name=\"twitter:label1\" content=\"Dur\u00e9e de lecture estim\u00e9e\" \/>\n\t<meta name=\"twitter:data1\" content=\"1 minute\" \/>\n<script type=\"application\/ld+json\" class=\"yoast-schema-graph\">{\"@context\":\"https:\\\/\\\/schema.org\",\"@graph\":[{\"@type\":\"WebPage\",\"@id\":\"https:\\\/\\\/de-vv.com\\\/villebon\\\/mediateur\\\/\",\"url\":\"https:\\\/\\\/de-vv.com\\\/villebon\\\/mediateur\\\/\",\"name\":\"M\u00e9diateur de la consommation - Auto-\u00e9cole Villebon Conduite (91)\",\"isPartOf\":{\"@id\":\"https:\\\/\\\/de-vv.com\\\/villebon\\\/#website\"},\"primaryImageOfPage\":{\"@id\":\"https:\\\/\\\/de-vv.com\\\/villebon\\\/mediateur\\\/#primaryimage\"},\"image\":{\"@id\":\"https:\\\/\\\/de-vv.com\\\/villebon\\\/mediateur\\\/#primaryimage\"},\"thumbnailUrl\":\"https:\\\/\\\/de-vv.com\\\/villebon\\\/wp-content\\\/uploads\\\/2025\\\/03\\\/Auto-ecole-Villebon-Conduite.png\",\"datePublished\":\"2025-03-29T09:38:32+00:00\",\"dateModified\":\"2025-03-30T11:58:14+00:00\",\"description\":\"En cas de litige, vous saisissez le m\u00e9diateur de la consommation de l'Auto-\u00e9cole Villebon Conduite (91). Retrouvez ses coordonn\u00e9es.\",\"breadcrumb\":{\"@id\":\"https:\\\/\\\/de-vv.com\\\/villebon\\\/mediateur\\\/#breadcrumb\"},\"inLanguage\":\"fr-FR\",\"potentialAction\":[{\"@type\":\"ReadAction\",\"target\":[\"https:\\\/\\\/de-vv.com\\\/villebon\\\/mediateur\\\/\"]}]},{\"@type\":\"ImageObject\",\"inLanguage\":\"fr-FR\",\"@id\":\"https:\\\/\\\/de-vv.com\\\/villebon\\\/mediateur\\\/#primaryimage\",\"url\":\"https:\\\/\\\/de-vv.com\\\/villebon\\\/wp-content\\\/uploads\\\/2025\\\/03\\\/Auto-ecole-Villebon-Conduite.png\",\"contentUrl\":\"https:\\\/\\\/de-vv.com\\\/villebon\\\/wp-content\\\/uploads\\\/2025\\\/03\\\/Auto-ecole-Villebon-Conduite.png\",\"width\":512,\"height\":512,\"caption\":\"Auto-\u00e9cole Villebon Conduite\"},{\"@type\":\"BreadcrumbList\",\"@id\":\"https:\\\/\\\/de-vv.com\\\/villebon\\\/mediateur\\\/#breadcrumb\",\"itemListElement\":[{\"@type\":\"ListItem\",\"position\":1,\"name\":\"Accueil\",\"item\":\"https:\\\/\\\/de-vv.com\\\/villebon\\\/\"},{\"@type\":\"ListItem\",\"position\":2,\"name\":\"M\u00e9diateur\"}]},{\"@type\":\"WebSite\",\"@id\":\"https:\\\/\\\/de-vv.com\\\/villebon\\\/#website\",\"url\":\"https:\\\/\\\/de-vv.com\\\/villebon\\\/\",\"name\":\"Villebon Conduite\",\"description\":\"Auto-\u00e9cole \u00e0 Villebon-sur-Yvette (91140)\",\"potentialAction\":[{\"@type\":\"SearchAction\",\"target\":{\"@type\":\"EntryPoint\",\"urlTemplate\":\"https:\\\/\\\/de-vv.com\\\/villebon\\\/?s={search_term_string}\"},\"query-input\":{\"@type\":\"PropertyValueSpecification\",\"valueRequired\":true,\"valueName\":\"search_term_string\"}}],\"inLanguage\":\"fr-FR\"}]}<\/script>\n<!-- \/ Yoast SEO plugin. -->","yoast_head_json":{"title":"M\u00e9diateur de la consommation - Auto-\u00e9cole Villebon Conduite (91)","description":"En cas de litige, vous saisissez le m\u00e9diateur de la consommation de l'Auto-\u00e9cole Villebon Conduite (91). Retrouvez ses coordonn\u00e9es.","robots":{"index":"noindex","follow":"follow","max-snippet":"max-snippet:-1","max-image-preview":"max-image-preview:large","max-video-preview":"max-video-preview:-1"},"og_locale":"fr_FR","og_type":"article","og_title":"M\u00e9diateur de la consommation - Auto-\u00e9cole Villebon Conduite (91)","og_description":"En cas de litige, vous saisissez le m\u00e9diateur de la consommation de l'Auto-\u00e9cole Villebon Conduite (91). Retrouvez ses coordonn\u00e9es.","og_url":"https:\/\/de-vv.com\/villebon\/mediateur\/","og_site_name":"Villebon Conduite","article_modified_time":"2025-03-30T11:58:14+00:00","og_image":[{"width":512,"height":512,"url":"https:\/\/de-vv.com\/villebon\/wp-content\/uploads\/2025\/03\/Auto-ecole-Villebon-Conduite.png","type":"image\/png"}],"twitter_card":"summary_large_image","twitter_misc":{"Dur\u00e9e de lecture estim\u00e9e":"1 minute"},"schema":{"@context":"https:\/\/schema.org","@graph":[{"@type":"WebPage","@id":"https:\/\/de-vv.com\/villebon\/mediateur\/","url":"https:\/\/de-vv.com\/villebon\/mediateur\/","name":"M\u00e9diateur de la consommation - Auto-\u00e9cole Villebon Conduite (91)","isPartOf":{"@id":"https:\/\/de-vv.com\/villebon\/#website"},"primaryImageOfPage":{"@id":"https:\/\/de-vv.com\/villebon\/mediateur\/#primaryimage"},"image":{"@id":"https:\/\/de-vv.com\/villebon\/mediateur\/#primaryimage"},"thumbnailUrl":"https:\/\/de-vv.com\/villebon\/wp-content\/uploads\/2025\/03\/Auto-ecole-Villebon-Conduite.png","datePublished":"2025-03-29T09:38:32+00:00","dateModified":"2025-03-30T11:58:14+00:00","description":"En cas de litige, vous saisissez le m\u00e9diateur de la consommation de l'Auto-\u00e9cole Villebon Conduite (91). Retrouvez ses coordonn\u00e9es.","breadcrumb":{"@id":"https:\/\/de-vv.com\/villebon\/mediateur\/#breadcrumb"},"inLanguage":"fr-FR","potentialAction":[{"@type":"ReadAction","target":["https:\/\/de-vv.com\/villebon\/mediateur\/"]}]},{"@type":"ImageObject","inLanguage":"fr-FR","@id":"https:\/\/de-vv.com\/villebon\/mediateur\/#primaryimage","url":"https:\/\/de-vv.com\/villebon\/wp-content\/uploads\/2025\/03\/Auto-ecole-Villebon-Conduite.png","contentUrl":"https:\/\/de-vv.com\/villebon\/wp-content\/uploads\/2025\/03\/Auto-ecole-Villebon-Conduite.png","width":512,"height":512,"caption":"Auto-\u00e9cole Villebon Conduite"},{"@type":"BreadcrumbList","@id":"https:\/\/de-vv.com\/villebon\/mediateur\/#breadcrumb","itemListElement":[{"@type":"ListItem","position":1,"name":"Accueil","item":"https:\/\/de-vv.com\/villebon\/"},{"@type":"ListItem","position":2,"name":"M\u00e9diateur"}]},{"@type":"WebSite","@id":"https:\/\/de-vv.com\/villebon\/#website","url":"https:\/\/de-vv.com\/villebon\/","name":"Villebon Conduite","description":"Auto-\u00e9cole \u00e0 Villebon-sur-Yvette (91140)","potentialAction":[{"@type":"SearchAction","target":{"@type":"EntryPoint","urlTemplate":"https:\/\/de-vv.com\/villebon\/?s={search_term_string}"},"query-input":{"@type":"PropertyValueSpecification","valueRequired":true,"valueName":"search_term_string"}}],"inLanguage":"fr-FR"}]}},"_links":{"self":[{"href":"https:\/\/de-vv.com\/villebon\/wp-json\/wp\/v2\/pages\/26","targetHints":{"allow":["GET"]}}],"collection":[{"href":"https:\/\/de-vv.com\/villebon\/wp-json\/wp\/v2\/pages"}],"about":[{"href":"https:\/\/de-vv.com\/villebon\/wp-json\/wp\/v2\/types\/page"}],"author":[{"embeddable":true,"href":"https:\/\/de-vv.com\/villebon\/wp-json\/wp\/v2\/users\/1"}],"replies":[{"embeddable":true,"href":"https:\/\/de-vv.com\/villebon\/wp-json\/wp\/v2\/comments?post=26"}],"version-history":[{"count":3,"href":"https:\/\/de-vv.com\/villebon\/wp-json\/wp\/v2\/pages\/26\/revisions"}],"predecessor-version":[{"id":31,"href":"https:\/\/de-vv.com\/villebon\/wp-json\/wp\/v2\/pages\/26\/revisions\/31"}],"wp:featuredmedia":[{"embeddable":true,"href":"https:\/\/de-vv.com\/villebon\/wp-json\/wp\/v2\/media\/149"}],"wp:attachment":[{"href":"https:\/\/de-vv.com\/villebon\/wp-json\/wp\/v2\/media?parent=26"}],"curies":[{"name":"wp","href":"https:\/\/api.w.org\/{rel}","templated":true}]}}